{"id":15113,"date":"2025-12-09T17:49:58","date_gmt":"2025-12-09T17:49:58","guid":{"rendered":"https:\/\/test.fitnessworldgym27.com\/?post_type=product&#038;p=15113"},"modified":"2026-03-30T19:24:46","modified_gmt":"2026-03-30T19:24:46","slug":"arvea-roll-on-stick-50ml-agrumes","status":"publish","type":"product","link":"https:\/\/cosmeticstoredz.com\/ar\/product\/arvea-roll-on-stick-50ml-agrumes\/","title":{"rendered":"ARVEA ROLL-ON STICK  50ML AGRUMES"},"content":{"rendered":"<p data-start=\"73\" data-end=\"376\">Un roll-on aux huiles essentielles d\u2019agrumes qui apporte fra\u00eecheur, relaxation et vitalit\u00e9. \u00c0 appliquer sur les points de pulsation, il soulage les tensions, parfume d\u00e9licatement la peau et procure un bien-\u00eatre instantan\u00e9. Id\u00e9al pour une utilisation quotidienne.<\/p>\n<p data-start=\"378\" data-end=\"494\">","protected":false},"excerpt":{"rendered":"<p>Un roll-on aux huiles essentielles d\u2019agrumes qui apporte fra\u00eecheur, relaxation et vitalit\u00e9. \u00c0 appliquer sur les points de pulsation, il<\/p>","protected":false},"featured_media":23344,"comment_status":"closed","ping_status":"closed","template":"","meta":[],"product_brand":[],"product_cat":[390,75,78,178],"product_tag":[],"class_list":{"0":"post-15113","1":"product","2":"type-product","3":"status-publish","4":"has-post-thumbnail","6":"product_cat-arvea","7":"product_cat-femme","8":"product_cat-parfum-f","9":"product_cat-stick","11":"first","12":"instock","13":"shipping-taxable","14":"purchasable","15":"product-type-simple"},"_links":{"self":[{"href":"https:\/\/cosmeticstoredz.com\/ar\/wp-json\/wp\/v2\/product\/15113","targetHints":{"allow":["GET"]}}],"collection":[{"href":"https:\/\/cosmeticstoredz.com\/ar\/wp-json\/wp\/v2\/product"}],"about":[{"href":"https:\/\/cosmeticstoredz.com\/ar\/wp-json\/wp\/v2\/types\/product"}],"replies":[{"embeddable":true,"href":"https:\/\/cosmeticstoredz.com\/ar\/wp-json\/wp\/v2\/comments?post=15113"}],"version-history":[{"count":1,"href":"https:\/\/cosmeticstoredz.com\/ar\/wp-json\/wp\/v2\/product\/15113\/revisions"}],"predecessor-version":[{"id":23345,"href":"https:\/\/cosmeticstoredz.com\/ar\/wp-json\/wp\/v2\/product\/15113\/revisions\/23345"}],"wp:featuredmedia":[{"embeddable":true,"href":"https:\/\/cosmeticstoredz.com\/ar\/wp-json\/wp\/v2\/media\/23344"}],"wp:attachment":[{"href":"https:\/\/cosmeticstoredz.com\/ar\/wp-json\/wp\/v2\/media?parent=15113"}],"wp:term":[{"taxonomy":"product_brand","embeddable":true,"href":"https:\/\/cosmeticstoredz.com\/ar\/wp-json\/wp\/v2\/product_brand?post=15113"},{"taxonomy":"product_cat","embeddable":true,"href":"https:\/\/cosmeticstoredz.com\/ar\/wp-json\/wp\/v2\/product_cat?post=15113"},{"taxonomy":"product_tag","embeddable":true,"href":"https:\/\/cosmeticstoredz.com\/ar\/wp-json\/wp\/v2\/product_tag?post=15113"}],"curies":[{"name":"wp","href":"https:\/\/api.w.org\/{rel}","templated":true}]}}