{"id":15112,"date":"2025-12-09T17:49:58","date_gmt":"2025-12-09T17:49:58","guid":{"rendered":"https:\/\/test.fitnessworldgym27.com\/?post_type=product&#038;p=15112"},"modified":"2026-03-30T19:24:46","modified_gmt":"2026-03-30T19:24:46","slug":"arvea-recharge-roll-on-stick-50ml-miracle","status":"publish","type":"product","link":"https:\/\/cosmeticstoredz.com\/ar\/product\/arvea-recharge-roll-on-stick-50ml-miracle\/","title":{"rendered":"ARVEA RECHARGE ROLL-ON STICK  50ML MIRACLE"},"content":{"rendered":"<p data-start=\"81\" data-end=\"538\">Cette recharge \u00e9cologique permet de r\u00e9utiliser facilement le Roll-On tout en r\u00e9duisant le plastique. Elle offre une protection jusqu\u2019\u00e0 48\u202fh contre les mauvaises odeurs gr\u00e2ce \u00e0 sa formule \u00e0 base de pierre d\u2019Alun naturelle et d\u2019Aloe vera, enrichie en actifs antibact\u00e9riens et anti-humidit\u00e9. Douce pour la peau, elle laisse un fini lisse sans traces sur les v\u00eatements et convient aux peaux sensibles.<\/p>\n<p data-start=\"540\" data-end=\"658\">","protected":false},"excerpt":{"rendered":"<p>Cette recharge \u00e9cologique permet de r\u00e9utiliser facilement le Roll-On tout en r\u00e9duisant le plastique. Elle offre une protection jusqu\u2019\u00e0 48\u202fh<\/p>","protected":false},"featured_media":23342,"comment_status":"closed","ping_status":"closed","template":"","meta":[],"product_brand":[],"product_cat":[390,75,78,178],"product_tag":[],"class_list":{"0":"post-15112","1":"product","2":"type-product","3":"status-publish","4":"has-post-thumbnail","6":"product_cat-arvea","7":"product_cat-femme","8":"product_cat-parfum-f","9":"product_cat-stick","11":"first","12":"instock","13":"shipping-taxable","14":"purchasable","15":"product-type-simple"},"_links":{"self":[{"href":"https:\/\/cosmeticstoredz.com\/ar\/wp-json\/wp\/v2\/product\/15112","targetHints":{"allow":["GET"]}}],"collection":[{"href":"https:\/\/cosmeticstoredz.com\/ar\/wp-json\/wp\/v2\/product"}],"about":[{"href":"https:\/\/cosmeticstoredz.com\/ar\/wp-json\/wp\/v2\/types\/product"}],"replies":[{"embeddable":true,"href":"https:\/\/cosmeticstoredz.com\/ar\/wp-json\/wp\/v2\/comments?post=15112"}],"version-history":[{"count":1,"href":"https:\/\/cosmeticstoredz.com\/ar\/wp-json\/wp\/v2\/product\/15112\/revisions"}],"predecessor-version":[{"id":23343,"href":"https:\/\/cosmeticstoredz.com\/ar\/wp-json\/wp\/v2\/product\/15112\/revisions\/23343"}],"wp:featuredmedia":[{"embeddable":true,"href":"https:\/\/cosmeticstoredz.com\/ar\/wp-json\/wp\/v2\/media\/23342"}],"wp:attachment":[{"href":"https:\/\/cosmeticstoredz.com\/ar\/wp-json\/wp\/v2\/media?parent=15112"}],"wp:term":[{"taxonomy":"product_brand","embeddable":true,"href":"https:\/\/cosmeticstoredz.com\/ar\/wp-json\/wp\/v2\/product_brand?post=15112"},{"taxonomy":"product_cat","embeddable":true,"href":"https:\/\/cosmeticstoredz.com\/ar\/wp-json\/wp\/v2\/product_cat?post=15112"},{"taxonomy":"product_tag","embeddable":true,"href":"https:\/\/cosmeticstoredz.com\/ar\/wp-json\/wp\/v2\/product_tag?post=15112"}],"curies":[{"name":"wp","href":"https:\/\/api.w.org\/{rel}","templated":true}]}}