{"id":15111,"date":"2025-12-09T17:49:57","date_gmt":"2025-12-09T17:49:57","guid":{"rendered":"https:\/\/test.fitnessworldgym27.com\/?post_type=product&#038;p=15111"},"modified":"2026-03-30T19:24:46","modified_gmt":"2026-03-30T19:24:46","slug":"arvea-recharge-roll-on-stick-50ml-agrumes","status":"publish","type":"product","link":"https:\/\/cosmeticstoredz.com\/ar\/product\/arvea-recharge-roll-on-stick-50ml-agrumes\/","title":{"rendered":"ARVEA RECHARGE ROLL-ON STICK  50ML AGRUMES"},"content":{"rendered":"<p>Le produit\u00a0<strong class=\"Yjhzub\" data-complete=\"true\" data-processed=\"true\">ARVEA Recharge Roll-On Stick 50ml Agrumes<\/strong>\u00a0est une\u00a0<mark class=\"HxTRcb\" data-complete=\"true\" data-sae=\"\">recharge \u00e9conomique pour d\u00e9odorant, con\u00e7ue pour \u00eatre r\u00e9utilis\u00e9e avec le m\u00e9canisme de l&rsquo;applicateur d&rsquo;origine, contribuant ainsi \u00e0 r\u00e9duire la consommation de plastique<\/mark>.<span class=\"uJ19be notranslate\" data-wiz-uids=\"tESM6e_e,tESM6e_f,tESM6e_g\" data-complete=\"true\" data-processed=\"true\"><span class=\"vKEkVd\" data-animation-atomic=\"\" data-sae=\"\">\u00a0<\/span><\/span><\/p>","protected":false},"excerpt":{"rendered":"<p>Le produit\u00a0ARVEA Recharge Roll-On Stick 50ml Agrumes\u00a0est une\u00a0recharge \u00e9conomique pour d\u00e9odorant, con\u00e7ue pour \u00eatre r\u00e9utilis\u00e9e avec le m\u00e9canisme de l&rsquo;applicateur<\/p>","protected":false},"featured_media":23340,"comment_status":"closed","ping_status":"closed","template":"","meta":[],"product_brand":[],"product_cat":[390,75,178],"product_tag":[],"class_list":{"0":"post-15111","1":"product","2":"type-product","3":"status-publish","4":"has-post-thumbnail","6":"product_cat-arvea","7":"product_cat-femme","8":"product_cat-stick","10":"first","11":"instock","12":"shipping-taxable","13":"purchasable","14":"product-type-simple"},"_links":{"self":[{"href":"https:\/\/cosmeticstoredz.com\/ar\/wp-json\/wp\/v2\/product\/15111","targetHints":{"allow":["GET"]}}],"collection":[{"href":"https:\/\/cosmeticstoredz.com\/ar\/wp-json\/wp\/v2\/product"}],"about":[{"href":"https:\/\/cosmeticstoredz.com\/ar\/wp-json\/wp\/v2\/types\/product"}],"replies":[{"embeddable":true,"href":"https:\/\/cosmeticstoredz.com\/ar\/wp-json\/wp\/v2\/comments?post=15111"}],"version-history":[{"count":1,"href":"https:\/\/cosmeticstoredz.com\/ar\/wp-json\/wp\/v2\/product\/15111\/revisions"}],"predecessor-version":[{"id":23341,"href":"https:\/\/cosmeticstoredz.com\/ar\/wp-json\/wp\/v2\/product\/15111\/revisions\/23341"}],"wp:featuredmedia":[{"embeddable":true,"href":"https:\/\/cosmeticstoredz.com\/ar\/wp-json\/wp\/v2\/media\/23340"}],"wp:attachment":[{"href":"https:\/\/cosmeticstoredz.com\/ar\/wp-json\/wp\/v2\/media?parent=15111"}],"wp:term":[{"taxonomy":"product_brand","embeddable":true,"href":"https:\/\/cosmeticstoredz.com\/ar\/wp-json\/wp\/v2\/product_brand?post=15111"},{"taxonomy":"product_cat","embeddable":true,"href":"https:\/\/cosmeticstoredz.com\/ar\/wp-json\/wp\/v2\/product_cat?post=15111"},{"taxonomy":"product_tag","embeddable":true,"href":"https:\/\/cosmeticstoredz.com\/ar\/wp-json\/wp\/v2\/product_tag?post=15111"}],"curies":[{"name":"wp","href":"https:\/\/api.w.org\/{rel}","templated":true}]}}