{"id":15099,"date":"2025-12-09T17:49:56","date_gmt":"2025-12-09T17:49:56","guid":{"rendered":"https:\/\/test.fitnessworldgym27.com\/?post_type=product&#038;p=15099"},"modified":"2026-03-30T19:24:45","modified_gmt":"2026-03-30T19:24:45","slug":"arvea-gel-douche-400ml-tropical-cocktail-mangue-et-papaye","status":"publish","type":"product","link":"https:\/\/cosmeticstoredz.com\/ar\/product\/arvea-gel-douche-400ml-tropical-cocktail-mangue-et-papaye\/","title":{"rendered":"ARVEA GEL DOUCHE 400ML TROPICAL COCKTAIL MANGUE ET PAPAYE"},"content":{"rendered":"<p>Le\u00a0<strong class=\"Yjhzub\" data-complete=\"true\" data-processed=\"true\">Gel Douche ARVEA Tropical Cocktail Mangue et Papaye 400ml<\/strong>\u00a0<mark class=\"HxTRcb\" data-complete=\"true\" data-sae=\"\">est un produit d&rsquo;hygi\u00e8ne corporelle enrichi en\u00a0<strong class=\"Yjhzub\" data-complete=\"true\">Aloe vera<\/strong>,\u00a0<strong class=\"Yjhzub\" data-complete=\"true\">huile d&rsquo;argan<\/strong>\u00a0et\u00a0<strong class=\"Yjhzub\" data-complete=\"true\">glyc\u00e9rine<\/strong>\u00a0qui nettoie et rafra\u00eechit la peau tout en respectant sa barri\u00e8re cutan\u00e9e<\/mark>.<span class=\"uJ19be notranslate\" data-wiz-uids=\"YnDv3c_h,YnDv3c_i,YnDv3c_j\" data-complete=\"true\" data-processed=\"true\"><span class=\"vKEkVd\" data-animation-atomic=\"\" data-sae=\"\">\u00a0<\/span><\/span><\/p>","protected":false},"excerpt":{"rendered":"<p>Le\u00a0Gel Douche ARVEA Tropical Cocktail Mangue et Papaye 400ml\u00a0est un produit d&rsquo;hygi\u00e8ne corporelle enrichi en\u00a0Aloe vera,\u00a0huile d&rsquo;argan\u00a0et\u00a0glyc\u00e9rine\u00a0qui nettoie et rafra\u00eechit<\/p>","protected":false},"featured_media":23316,"comment_status":"closed","ping_status":"closed","template":"","meta":[],"product_brand":[],"product_cat":[390,75,169,74,72,81,73],"product_tag":[],"class_list":{"0":"post-15099","1":"product","2":"type-product","3":"status-publish","4":"has-post-thumbnail","6":"product_cat-arvea","7":"product_cat-femme","8":"product_cat-gel-douche-f","9":"product_cat-gel-douche-h","10":"product_cat-homme","11":"product_cat-soin-corps-f","12":"product_cat-soin-corps-h","14":"first","15":"instock","16":"shipping-taxable","17":"purchasable","18":"product-type-simple"},"_links":{"self":[{"href":"https:\/\/cosmeticstoredz.com\/ar\/wp-json\/wp\/v2\/product\/15099","targetHints":{"allow":["GET"]}}],"collection":[{"href":"https:\/\/cosmeticstoredz.com\/ar\/wp-json\/wp\/v2\/product"}],"about":[{"href":"https:\/\/cosmeticstoredz.com\/ar\/wp-json\/wp\/v2\/types\/product"}],"replies":[{"embeddable":true,"href":"https:\/\/cosmeticstoredz.com\/ar\/wp-json\/wp\/v2\/comments?post=15099"}],"version-history":[{"count":1,"href":"https:\/\/cosmeticstoredz.com\/ar\/wp-json\/wp\/v2\/product\/15099\/revisions"}],"predecessor-version":[{"id":23317,"href":"https:\/\/cosmeticstoredz.com\/ar\/wp-json\/wp\/v2\/product\/15099\/revisions\/23317"}],"wp:featuredmedia":[{"embeddable":true,"href":"https:\/\/cosmeticstoredz.com\/ar\/wp-json\/wp\/v2\/media\/23316"}],"wp:attachment":[{"href":"https:\/\/cosmeticstoredz.com\/ar\/wp-json\/wp\/v2\/media?parent=15099"}],"wp:term":[{"taxonomy":"product_brand","embeddable":true,"href":"https:\/\/cosmeticstoredz.com\/ar\/wp-json\/wp\/v2\/product_brand?post=15099"},{"taxonomy":"product_cat","embeddable":true,"href":"https:\/\/cosmeticstoredz.com\/ar\/wp-json\/wp\/v2\/product_cat?post=15099"},{"taxonomy":"product_tag","embeddable":true,"href":"https:\/\/cosmeticstoredz.com\/ar\/wp-json\/wp\/v2\/product_tag?post=15099"}],"curies":[{"name":"wp","href":"https:\/\/api.w.org\/{rel}","templated":true}]}}