{"id":15097,"date":"2025-12-09T17:49:55","date_gmt":"2025-12-09T17:49:55","guid":{"rendered":"https:\/\/test.fitnessworldgym27.com\/?post_type=product&#038;p=15097"},"modified":"2026-03-30T19:24:45","modified_gmt":"2026-03-30T19:24:45","slug":"arvea-gel-douche-400ml-oriental","status":"publish","type":"product","link":"https:\/\/cosmeticstoredz.com\/ar\/product\/arvea-gel-douche-400ml-oriental\/","title":{"rendered":"ARVEA GEL DOUCHE 400ML ORIENTAL"},"content":{"rendered":"<p>Le\u00a0<strong class=\"Yjhzub\" data-complete=\"true\" data-processed=\"true\">Gel Douche Oriental 400ml<\/strong>\u00a0de la marque\u00a0<strong class=\"Yjhzub\" data-complete=\"true\" data-processed=\"true\">ARVEA NATURE<\/strong>\u00a0<mark class=\"HxTRcb\" data-complete=\"true\" data-sae=\"\">est un produit con\u00e7u pour nettoyer et rafra\u00eechir la peau tout en respectant sa barri\u00e8re cutan\u00e9e, gr\u00e2ce \u00e0 sa formule enrichie en ingr\u00e9dients nourrissants<\/mark>.<\/p>","protected":false},"excerpt":{"rendered":"<p>Le\u00a0Gel Douche Oriental 400ml\u00a0de la marque\u00a0ARVEA NATURE\u00a0est un produit con\u00e7u pour nettoyer et rafra\u00eechir la peau tout en respectant sa<\/p>","protected":false},"featured_media":23312,"comment_status":"closed","ping_status":"closed","template":"","meta":[],"product_brand":[],"product_cat":[390,75,169,74,72,81,73],"product_tag":[],"class_list":{"0":"post-15097","1":"product","2":"type-product","3":"status-publish","4":"has-post-thumbnail","6":"product_cat-arvea","7":"product_cat-femme","8":"product_cat-gel-douche-f","9":"product_cat-gel-douche-h","10":"product_cat-homme","11":"product_cat-soin-corps-f","12":"product_cat-soin-corps-h","14":"first","15":"instock","16":"shipping-taxable","17":"purchasable","18":"product-type-simple"},"_links":{"self":[{"href":"https:\/\/cosmeticstoredz.com\/ar\/wp-json\/wp\/v2\/product\/15097","targetHints":{"allow":["GET"]}}],"collection":[{"href":"https:\/\/cosmeticstoredz.com\/ar\/wp-json\/wp\/v2\/product"}],"about":[{"href":"https:\/\/cosmeticstoredz.com\/ar\/wp-json\/wp\/v2\/types\/product"}],"replies":[{"embeddable":true,"href":"https:\/\/cosmeticstoredz.com\/ar\/wp-json\/wp\/v2\/comments?post=15097"}],"version-history":[{"count":1,"href":"https:\/\/cosmeticstoredz.com\/ar\/wp-json\/wp\/v2\/product\/15097\/revisions"}],"predecessor-version":[{"id":23313,"href":"https:\/\/cosmeticstoredz.com\/ar\/wp-json\/wp\/v2\/product\/15097\/revisions\/23313"}],"wp:featuredmedia":[{"embeddable":true,"href":"https:\/\/cosmeticstoredz.com\/ar\/wp-json\/wp\/v2\/media\/23312"}],"wp:attachment":[{"href":"https:\/\/cosmeticstoredz.com\/ar\/wp-json\/wp\/v2\/media?parent=15097"}],"wp:term":[{"taxonomy":"product_brand","embeddable":true,"href":"https:\/\/cosmeticstoredz.com\/ar\/wp-json\/wp\/v2\/product_brand?post=15097"},{"taxonomy":"product_cat","embeddable":true,"href":"https:\/\/cosmeticstoredz.com\/ar\/wp-json\/wp\/v2\/product_cat?post=15097"},{"taxonomy":"product_tag","embeddable":true,"href":"https:\/\/cosmeticstoredz.com\/ar\/wp-json\/wp\/v2\/product_tag?post=15097"}],"curies":[{"name":"wp","href":"https:\/\/api.w.org\/{rel}","templated":true}]}}