{"id":15095,"date":"2025-12-09T17:49:54","date_gmt":"2025-12-09T17:49:54","guid":{"rendered":"https:\/\/test.fitnessworldgym27.com\/?post_type=product&#038;p=15095"},"modified":"2026-03-30T19:24:45","modified_gmt":"2026-03-30T19:24:45","slug":"arvea-gel-douche-400ml-mojito","status":"publish","type":"product","link":"https:\/\/cosmeticstoredz.com\/ar\/product\/arvea-gel-douche-400ml-mojito\/","title":{"rendered":"ARVEA GEL DOUCHE 400ML MOJITO"},"content":{"rendered":"<div class=\"Y3BBE\" data-sfc-cp=\"\" data-hveid=\"CAIQAA\" data-complete=\"true\" data-processed=\"true\">Le\u00a0<strong class=\"Yjhzub\" data-complete=\"true\" data-processed=\"true\">Gel Douche ARVEA 400ml Mojito<\/strong>\u00a0<mark class=\"HxTRcb\" data-complete=\"true\" data-sae=\"\">est un produit d&rsquo;hygi\u00e8ne corporelle \u00e0 base d&rsquo;ingr\u00e9dients naturels, enrichi en\u00a0<strong class=\"Yjhzub\" data-complete=\"true\">Aloe vera, huile d&rsquo;argan et glyc\u00e9rine<\/strong><\/mark>. Il est con\u00e7u pour nettoyer, rafra\u00eechir et hydrater la peau, et est disponible \u00e0 l&rsquo;achat aupr\u00e8s de plusieurs d\u00e9taillants en ligne.<span class=\"uJ19be notranslate\" data-wiz-uids=\"AQljke_f,AQljke_g,AQljke_h\" data-complete=\"true\" data-processed=\"true\"><span class=\"vKEkVd\" data-animation-atomic=\"\" data-sae=\"\">\u00a0<button class=\"rBl3me\" data-amic=\"true\" data-icl-uuid=\"f3b10f0f-1f36-4e81-834d-3270156189d8\" aria-label=\"Afficher les liens associ\u00e9s\" data-wiz-attrbind=\"disabled=AQljke_f\/C5gNJc;class=AQljke_f\/UpSNec;\" data-ved=\"2ahUKEwifiYD2mLWRAxUbdqQEHRXBI8MQye0OegQIAhAC\"><\/button><\/span><\/span><\/div>\n<div class=\"Fsg96\" data-sfc-cp=\"\" data-complete=\"true\" data-processed=\"true\"><\/div>\n<div class=\"otQkpb\" role=\"heading\" data-animation-nesting=\"\" data-sfc-cp=\"\" data-processed=\"true\" data-sae=\"\" data-complete=\"true\">Caract\u00e9ristiques du produit<button class=\"rBl3me\" data-amic=\"true\" data-icl-uuid=\"3a5e5a9c-c084-4cc0-8dbb-b2d4cb935802\" aria-label=\"Afficher les liens associ\u00e9s\" data-wiz-attrbind=\"disabled=AQljke_m\/C5gNJc;class=AQljke_m\/UpSNec;\" data-ved=\"2ahUKEwifiYD2mLWRAxUbdqQEHRXBI8MQye0OegQIAxAA\"><\/button><\/div>\n<ul class=\"KsbFXc U6u95\" data-complete=\"true\" data-processed=\"true\">\n<li data-hveid=\"CAQQAA\" data-complete=\"true\" data-sae=\"\"><span class=\"T286Pc\" data-sfc-cp=\"\" data-complete=\"true\"><strong class=\"Yjhzub\" data-complete=\"true\">Formule et ingr\u00e9dients<\/strong>\u00a0: Ce gel douche est formul\u00e9 pour \u00eatre doux pour la peau, avec un pH neutre,\u00a0<strong class=\"Yjhzub\" data-complete=\"true\">sans parab\u00e8ne et sans colorant<\/strong>. Il est enrichi en beurre de karit\u00e9, en Aloe vera, en huile d&rsquo;argan et en glyc\u00e9rine, connus pour leurs propri\u00e9t\u00e9s hydratantes et nourrissantes.<\/span><\/li>\n<li data-hveid=\"CAQQAQ\" data-complete=\"true\" data-sae=\"\"><span class=\"T286Pc\" data-sfc-cp=\"\" data-complete=\"true\"><strong class=\"Yjhzub\" data-complete=\"true\">Parfum et texture<\/strong>\u00a0: Il poss\u00e8de un\u00a0<strong class=\"Yjhzub\" data-complete=\"true\">parfum frais et \u00e9nergisant<\/strong>\u00a0de citron vert et de menthe qui transforme la douche en un moment de plaisir. Sa texture velout\u00e9e se transforme en mousse g\u00e9n\u00e9reuse au contact de l&rsquo;eau<\/span><\/li>\n<\/ul>","protected":false},"excerpt":{"rendered":"<p>Le\u00a0Gel Douche ARVEA 400ml Mojito\u00a0est un produit d&rsquo;hygi\u00e8ne corporelle \u00e0 base d&rsquo;ingr\u00e9dients naturels, enrichi en\u00a0Aloe vera, huile d&rsquo;argan et glyc\u00e9rine.<\/p>","protected":false},"featured_media":23308,"comment_status":"closed","ping_status":"closed","template":"","meta":[],"product_brand":[],"product_cat":[390,75,169,74,72,81,73],"product_tag":[],"class_list":{"0":"post-15095","1":"product","2":"type-product","3":"status-publish","4":"has-post-thumbnail","6":"product_cat-arvea","7":"product_cat-femme","8":"product_cat-gel-douche-f","9":"product_cat-gel-douche-h","10":"product_cat-homme","11":"product_cat-soin-corps-f","12":"product_cat-soin-corps-h","14":"first","15":"instock","16":"shipping-taxable","17":"purchasable","18":"product-type-simple"},"_links":{"self":[{"href":"https:\/\/cosmeticstoredz.com\/ar\/wp-json\/wp\/v2\/product\/15095","targetHints":{"allow":["GET"]}}],"collection":[{"href":"https:\/\/cosmeticstoredz.com\/ar\/wp-json\/wp\/v2\/product"}],"about":[{"href":"https:\/\/cosmeticstoredz.com\/ar\/wp-json\/wp\/v2\/types\/product"}],"replies":[{"embeddable":true,"href":"https:\/\/cosmeticstoredz.com\/ar\/wp-json\/wp\/v2\/comments?post=15095"}],"version-history":[{"count":1,"href":"https:\/\/cosmeticstoredz.com\/ar\/wp-json\/wp\/v2\/product\/15095\/revisions"}],"predecessor-version":[{"id":23309,"href":"https:\/\/cosmeticstoredz.com\/ar\/wp-json\/wp\/v2\/product\/15095\/revisions\/23309"}],"wp:featuredmedia":[{"embeddable":true,"href":"https:\/\/cosmeticstoredz.com\/ar\/wp-json\/wp\/v2\/media\/23308"}],"wp:attachment":[{"href":"https:\/\/cosmeticstoredz.com\/ar\/wp-json\/wp\/v2\/media?parent=15095"}],"wp:term":[{"taxonomy":"product_brand","embeddable":true,"href":"https:\/\/cosmeticstoredz.com\/ar\/wp-json\/wp\/v2\/product_brand?post=15095"},{"taxonomy":"product_cat","embeddable":true,"href":"https:\/\/cosmeticstoredz.com\/ar\/wp-json\/wp\/v2\/product_cat?post=15095"},{"taxonomy":"product_tag","embeddable":true,"href":"https:\/\/cosmeticstoredz.com\/ar\/wp-json\/wp\/v2\/product_tag?post=15095"}],"curies":[{"name":"wp","href":"https:\/\/api.w.org\/{rel}","templated":true}]}}