{"id":15076,"date":"2025-12-09T17:49:51","date_gmt":"2025-12-09T17:49:51","guid":{"rendered":"https:\/\/test.fitnessworldgym27.com\/?post_type=product&#038;p=15076"},"modified":"2026-03-30T19:24:44","modified_gmt":"2026-03-30T19:24:44","slug":"arvea-creme-apres-rasage-a-laloe-vera-100ml","status":"publish","type":"product","link":"https:\/\/cosmeticstoredz.com\/ar\/product\/arvea-creme-apres-rasage-a-laloe-vera-100ml\/","title":{"rendered":"ARVEA CREME APRES RASAGE A L&rsquo;ALOE VERA 100ML"},"content":{"rendered":"<p>La\u00a0<strong class=\"Yjhzub\" data-complete=\"true\" data-processed=\"true\">Cr\u00e8me Apr\u00e8s Rasage ARVEA \u00e0 l&rsquo;Aloe Vera 100ml<\/strong>\u00a0<mark class=\"HxTRcb\" data-sae=\"\" data-complete=\"true\">est un produit de soin con\u00e7u pour apaiser et hydrater la peau apr\u00e8s le rasage, enrichi en ingr\u00e9dients naturels comme l&rsquo;<strong class=\"Yjhzub\" data-complete=\"true\">aloe vera<\/strong>, l&rsquo;<strong class=\"Yjhzub\" data-complete=\"true\">huile d&rsquo;argan<\/strong>\u00a0et le\u00a0<strong class=\"Yjhzub\" data-complete=\"true\">beurre de karit\u00e9<\/strong><\/mark>.<span class=\"uJ19be notranslate\" data-wiz-uids=\"o2FAm_h,o2FAm_i,o2FAm_j\" data-complete=\"true\" data-processed=\"true\"><span class=\"vKEkVd\" data-animation-atomic=\"\" data-sae=\"\">\u00a0<\/span><\/span><\/p>","protected":false},"excerpt":{"rendered":"<p>La\u00a0Cr\u00e8me Apr\u00e8s Rasage ARVEA \u00e0 l&rsquo;Aloe Vera 100ml\u00a0est un produit de soin con\u00e7u pour apaiser et hydrater la peau apr\u00e8s<\/p>","protected":false},"featured_media":23270,"comment_status":"closed","ping_status":"closed","template":"","meta":[],"product_brand":[],"product_cat":[390,72,144,130],"product_tag":[],"class_list":{"0":"post-15076","1":"product","2":"type-product","3":"status-publish","4":"has-post-thumbnail","6":"product_cat-arvea","7":"product_cat-homme","8":"product_cat-rasage-et-apres-rasage","9":"product_cat-soin-visage-h","11":"first","12":"instock","13":"shipping-taxable","14":"purchasable","15":"product-type-simple"},"_links":{"self":[{"href":"https:\/\/cosmeticstoredz.com\/ar\/wp-json\/wp\/v2\/product\/15076","targetHints":{"allow":["GET"]}}],"collection":[{"href":"https:\/\/cosmeticstoredz.com\/ar\/wp-json\/wp\/v2\/product"}],"about":[{"href":"https:\/\/cosmeticstoredz.com\/ar\/wp-json\/wp\/v2\/types\/product"}],"replies":[{"embeddable":true,"href":"https:\/\/cosmeticstoredz.com\/ar\/wp-json\/wp\/v2\/comments?post=15076"}],"version-history":[{"count":1,"href":"https:\/\/cosmeticstoredz.com\/ar\/wp-json\/wp\/v2\/product\/15076\/revisions"}],"predecessor-version":[{"id":23271,"href":"https:\/\/cosmeticstoredz.com\/ar\/wp-json\/wp\/v2\/product\/15076\/revisions\/23271"}],"wp:featuredmedia":[{"embeddable":true,"href":"https:\/\/cosmeticstoredz.com\/ar\/wp-json\/wp\/v2\/media\/23270"}],"wp:attachment":[{"href":"https:\/\/cosmeticstoredz.com\/ar\/wp-json\/wp\/v2\/media?parent=15076"}],"wp:term":[{"taxonomy":"product_brand","embeddable":true,"href":"https:\/\/cosmeticstoredz.com\/ar\/wp-json\/wp\/v2\/product_brand?post=15076"},{"taxonomy":"product_cat","embeddable":true,"href":"https:\/\/cosmeticstoredz.com\/ar\/wp-json\/wp\/v2\/product_cat?post=15076"},{"taxonomy":"product_tag","embeddable":true,"href":"https:\/\/cosmeticstoredz.com\/ar\/wp-json\/wp\/v2\/product_tag?post=15076"}],"curies":[{"name":"wp","href":"https:\/\/api.w.org\/{rel}","templated":true}]}}