{"id":15072,"date":"2025-12-09T17:49:51","date_gmt":"2025-12-09T17:49:51","guid":{"rendered":"https:\/\/test.fitnessworldgym27.com\/?post_type=product&#038;p=15072"},"modified":"2026-03-30T19:24:44","modified_gmt":"2026-03-30T19:24:44","slug":"arvea-coloration-sans-amoniaque-9-0-blond-tres-clair","status":"publish","type":"product","link":"https:\/\/cosmeticstoredz.com\/ar\/product\/arvea-coloration-sans-amoniaque-9-0-blond-tres-clair\/","title":{"rendered":"ARVEA COLORATION SANS AMONIAQUE 9.0 BLOND TRES CLAIR"},"content":{"rendered":"<p>La coloration\u00a0<strong class=\"Yjhzub\" data-complete=\"true\" data-processed=\"true\">ARVEA COLORATION SANS AMMONIAQUE 9.0 BLOND TRES CLAIR<\/strong>\u00a0est\u00a0<mark class=\"HxTRcb\" data-complete=\"true\" data-sae=\"\">disponible \u00e0 l&rsquo;achat en ligne aupr\u00e8s de plusieurs d\u00e9taillants, principalement en Alg\u00e9rie et en Tunisie<\/mark>. Elle est pris\u00e9e pour sa formule nourrissante et sa haute couvrance des cheveux blancs.<span class=\"uJ19be notranslate\" data-wiz-uids=\"XqUkOb_e,XqUkOb_f,XqUkOb_g\" data-complete=\"true\" data-processed=\"true\"><span class=\"vKEkVd\" data-animation-atomic=\"\" data-sae=\"\">\u00a0<\/span><\/span><\/p>","protected":false},"excerpt":{"rendered":"<p>La coloration\u00a0ARVEA COLORATION SANS AMMONIAQUE 9.0 BLOND TRES CLAIR\u00a0est\u00a0disponible \u00e0 l&rsquo;achat en ligne aupr\u00e8s de plusieurs d\u00e9taillants, principalement en Alg\u00e9rie<\/p>","protected":false},"featured_media":23262,"comment_status":"closed","ping_status":"closed","template":"","meta":[],"product_brand":[],"product_cat":[390,75,95,115],"product_tag":[],"class_list":{"0":"post-15072","1":"product","2":"type-product","3":"status-publish","4":"has-post-thumbnail","6":"product_cat-arvea","7":"product_cat-femme","8":"product_cat-soin-cheveux-f","9":"product_cat-teinte-cheveux","11":"first","12":"instock","13":"shipping-taxable","14":"purchasable","15":"product-type-simple"},"_links":{"self":[{"href":"https:\/\/cosmeticstoredz.com\/ar\/wp-json\/wp\/v2\/product\/15072","targetHints":{"allow":["GET"]}}],"collection":[{"href":"https:\/\/cosmeticstoredz.com\/ar\/wp-json\/wp\/v2\/product"}],"about":[{"href":"https:\/\/cosmeticstoredz.com\/ar\/wp-json\/wp\/v2\/types\/product"}],"replies":[{"embeddable":true,"href":"https:\/\/cosmeticstoredz.com\/ar\/wp-json\/wp\/v2\/comments?post=15072"}],"version-history":[{"count":1,"href":"https:\/\/cosmeticstoredz.com\/ar\/wp-json\/wp\/v2\/product\/15072\/revisions"}],"predecessor-version":[{"id":23263,"href":"https:\/\/cosmeticstoredz.com\/ar\/wp-json\/wp\/v2\/product\/15072\/revisions\/23263"}],"wp:featuredmedia":[{"embeddable":true,"href":"https:\/\/cosmeticstoredz.com\/ar\/wp-json\/wp\/v2\/media\/23262"}],"wp:attachment":[{"href":"https:\/\/cosmeticstoredz.com\/ar\/wp-json\/wp\/v2\/media?parent=15072"}],"wp:term":[{"taxonomy":"product_brand","embeddable":true,"href":"https:\/\/cosmeticstoredz.com\/ar\/wp-json\/wp\/v2\/product_brand?post=15072"},{"taxonomy":"product_cat","embeddable":true,"href":"https:\/\/cosmeticstoredz.com\/ar\/wp-json\/wp\/v2\/product_cat?post=15072"},{"taxonomy":"product_tag","embeddable":true,"href":"https:\/\/cosmeticstoredz.com\/ar\/wp-json\/wp\/v2\/product_tag?post=15072"}],"curies":[{"name":"wp","href":"https:\/\/api.w.org\/{rel}","templated":true}]}}