{"id":15057,"date":"2025-12-09T17:49:47","date_gmt":"2025-12-09T17:49:47","guid":{"rendered":"https:\/\/test.fitnessworldgym27.com\/?post_type=product&#038;p=15057"},"modified":"2026-03-30T19:24:42","modified_gmt":"2026-03-30T19:24:42","slug":"arvea-body-splash-150ml-sweet-carambola","status":"publish","type":"product","link":"https:\/\/cosmeticstoredz.com\/ar\/product\/arvea-body-splash-150ml-sweet-carambola\/","title":{"rendered":"ARVEA BODY SPLASH 150ML SWEET CARAMBOLA"},"content":{"rendered":"<p>L&rsquo;<strong class=\"Yjhzub\" data-complete=\"true\" data-processed=\"true\">ARVEA Body Splash 150ml Sweet Carambola<\/strong>\u00a0est une\u00a0<mark class=\"HxTRcb\" data-complete=\"true\" data-sae=\"\">brume parfum\u00e9e hydratante pour le corps, offrant une senteur suave et sucr\u00e9e de carambole<\/mark>. Elle est disponible \u00e0 l&rsquo;achat aupr\u00e8s de divers d\u00e9taillants en Tunisie et en Alg\u00e9rie, notamment via les sites officiels d&rsquo;ARVEA Nature et d&rsquo;autres plateformes de commerce \u00e9lectronique.<\/p>","protected":false},"excerpt":{"rendered":"<p>L&rsquo;ARVEA Body Splash 150ml Sweet Carambola\u00a0est une\u00a0brume parfum\u00e9e hydratante pour le corps, offrant une senteur suave et sucr\u00e9e de carambole.<\/p>","protected":false},"featured_media":23232,"comment_status":"closed","ping_status":"closed","template":"","meta":[],"product_brand":[],"product_cat":[390,101,75,78],"product_tag":[],"class_list":{"0":"post-15057","1":"product","2":"type-product","3":"status-publish","4":"has-post-thumbnail","6":"product_cat-arvea","7":"product_cat-brume","8":"product_cat-femme","9":"product_cat-parfum-f","11":"first","12":"instock","13":"shipping-taxable","14":"purchasable","15":"product-type-simple"},"_links":{"self":[{"href":"https:\/\/cosmeticstoredz.com\/ar\/wp-json\/wp\/v2\/product\/15057","targetHints":{"allow":["GET"]}}],"collection":[{"href":"https:\/\/cosmeticstoredz.com\/ar\/wp-json\/wp\/v2\/product"}],"about":[{"href":"https:\/\/cosmeticstoredz.com\/ar\/wp-json\/wp\/v2\/types\/product"}],"replies":[{"embeddable":true,"href":"https:\/\/cosmeticstoredz.com\/ar\/wp-json\/wp\/v2\/comments?post=15057"}],"version-history":[{"count":1,"href":"https:\/\/cosmeticstoredz.com\/ar\/wp-json\/wp\/v2\/product\/15057\/revisions"}],"predecessor-version":[{"id":23233,"href":"https:\/\/cosmeticstoredz.com\/ar\/wp-json\/wp\/v2\/product\/15057\/revisions\/23233"}],"wp:featuredmedia":[{"embeddable":true,"href":"https:\/\/cosmeticstoredz.com\/ar\/wp-json\/wp\/v2\/media\/23232"}],"wp:attachment":[{"href":"https:\/\/cosmeticstoredz.com\/ar\/wp-json\/wp\/v2\/media?parent=15057"}],"wp:term":[{"taxonomy":"product_brand","embeddable":true,"href":"https:\/\/cosmeticstoredz.com\/ar\/wp-json\/wp\/v2\/product_brand?post=15057"},{"taxonomy":"product_cat","embeddable":true,"href":"https:\/\/cosmeticstoredz.com\/ar\/wp-json\/wp\/v2\/product_cat?post=15057"},{"taxonomy":"product_tag","embeddable":true,"href":"https:\/\/cosmeticstoredz.com\/ar\/wp-json\/wp\/v2\/product_tag?post=15057"}],"curies":[{"name":"wp","href":"https:\/\/api.w.org\/{rel}","templated":true}]}}