{"id":15056,"date":"2025-12-09T17:49:47","date_gmt":"2025-12-09T17:49:47","guid":{"rendered":"https:\/\/test.fitnessworldgym27.com\/?post_type=product&#038;p=15056"},"modified":"2026-03-30T19:24:42","modified_gmt":"2026-03-30T19:24:42","slug":"arvea-body-splash-150ml-queen-flower","status":"publish","type":"product","link":"https:\/\/cosmeticstoredz.com\/ar\/product\/arvea-body-splash-150ml-queen-flower\/","title":{"rendered":"ARVEA BODY SPLASH 150ML QUEEN FLOWER"},"content":{"rendered":"<p>Ce\u00a0<em class=\"eujQNb\" data-complete=\"true\" data-processed=\"true\">body splash<\/em>\u00a0est une brume parfum\u00e9e hydratante, con\u00e7ue pour rafra\u00eechir le corps tout en laissant un sillage floral et fruit\u00e9 opulent.<\/p>","protected":false},"excerpt":{"rendered":"<p>Ce\u00a0body splash\u00a0est une brume parfum\u00e9e hydratante, con\u00e7ue pour rafra\u00eechir le corps tout en laissant un sillage floral et fruit\u00e9 opulent.<\/p>","protected":false},"featured_media":23230,"comment_status":"closed","ping_status":"closed","template":"","meta":[],"product_brand":[],"product_cat":[390,101,75,78],"product_tag":[],"class_list":{"0":"post-15056","1":"product","2":"type-product","3":"status-publish","4":"has-post-thumbnail","6":"product_cat-arvea","7":"product_cat-brume","8":"product_cat-femme","9":"product_cat-parfum-f","11":"first","12":"instock","13":"shipping-taxable","14":"purchasable","15":"product-type-simple"},"_links":{"self":[{"href":"https:\/\/cosmeticstoredz.com\/ar\/wp-json\/wp\/v2\/product\/15056","targetHints":{"allow":["GET"]}}],"collection":[{"href":"https:\/\/cosmeticstoredz.com\/ar\/wp-json\/wp\/v2\/product"}],"about":[{"href":"https:\/\/cosmeticstoredz.com\/ar\/wp-json\/wp\/v2\/types\/product"}],"replies":[{"embeddable":true,"href":"https:\/\/cosmeticstoredz.com\/ar\/wp-json\/wp\/v2\/comments?post=15056"}],"version-history":[{"count":1,"href":"https:\/\/cosmeticstoredz.com\/ar\/wp-json\/wp\/v2\/product\/15056\/revisions"}],"predecessor-version":[{"id":23231,"href":"https:\/\/cosmeticstoredz.com\/ar\/wp-json\/wp\/v2\/product\/15056\/revisions\/23231"}],"wp:featuredmedia":[{"embeddable":true,"href":"https:\/\/cosmeticstoredz.com\/ar\/wp-json\/wp\/v2\/media\/23230"}],"wp:attachment":[{"href":"https:\/\/cosmeticstoredz.com\/ar\/wp-json\/wp\/v2\/media?parent=15056"}],"wp:term":[{"taxonomy":"product_brand","embeddable":true,"href":"https:\/\/cosmeticstoredz.com\/ar\/wp-json\/wp\/v2\/product_brand?post=15056"},{"taxonomy":"product_cat","embeddable":true,"href":"https:\/\/cosmeticstoredz.com\/ar\/wp-json\/wp\/v2\/product_cat?post=15056"},{"taxonomy":"product_tag","embeddable":true,"href":"https:\/\/cosmeticstoredz.com\/ar\/wp-json\/wp\/v2\/product_tag?post=15056"}],"curies":[{"name":"wp","href":"https:\/\/api.w.org\/{rel}","templated":true}]}}