{"id":15054,"date":"2025-12-09T17:49:46","date_gmt":"2025-12-09T17:49:46","guid":{"rendered":"https:\/\/test.fitnessworldgym27.com\/?post_type=product&#038;p=15054"},"modified":"2026-04-18T19:19:08","modified_gmt":"2026-04-18T19:19:08","slug":"arvea-body-butter-pour-une-peaux-souple-et-douce-50ml","status":"publish","type":"product","link":"https:\/\/cosmeticstoredz.com\/ar\/product\/arvea-body-butter-pour-une-peaux-souple-et-douce-50ml\/","title":{"rendered":"ARVEA BODY BUTTER POUR UNE PEAUX SOUPLE ET DOUCE 50ML"},"content":{"rendered":"<div>Ce beurre corporel \u00ab\u00a0Body Butter\u00a0\u00bb offre une texture super onctueuse et un parfum fruit\u00e9, id\u00e9al pour des moments de relaxation. Il s&rsquo;\u00e9tale\u00a0facilement sur la peau, laissant un voile de douceur r\u00e9confortant et non collant. Sa formule ultra-riche \u00e0 base de beurre de karit\u00e9 et renforc\u00e9e par\u00a0l\u2019huile d\u2019argan, l\u2019Aloe vera, l\u2019extrait de romarin et de propolis nourrit intens\u00e9ment et hydrate durablement pour restaurer la barri\u00e8re cutan\u00e9e et\u00a0assouplir la peau.<\/div>\n<div>Con\u00e7u pour tous les types de peaux corporelles, il est particuli\u00e8rement efficace sur les zones s\u00e8ches.<\/div>","protected":false},"excerpt":{"rendered":"<p>Ce beurre corporel \u00ab\u00a0Body Butter\u00a0\u00bb offre une texture super onctueuse et un parfum fruit\u00e9, id\u00e9al pour des moments de relaxation.<\/p>","protected":false},"featured_media":23226,"comment_status":"closed","ping_status":"closed","template":"","meta":[],"product_brand":[391],"product_cat":[390,82,75,139,81],"product_tag":[],"class_list":{"0":"post-15054","1":"product","2":"type-product","3":"status-publish","4":"has-post-thumbnail","6":"product_brand-arvea","7":"product_cat-arvea","8":"product_cat-creme-hydratante-fc","9":"product_cat-femme","10":"product_cat-lait-de-corps-soin-corps-f","11":"product_cat-soin-corps-f","13":"first","14":"instock","15":"shipping-taxable","16":"purchasable","17":"product-type-simple"},"yoast_head":"<!-- This site is optimized with the Yoast SEO plugin v27.3 - https:\/\/yoast.com\/product\/yoast-seo-wordpress\/ -->\n<title>ARVEA BODY BUTTER POUR UNE PEAUX SOUPLE ET DOUCE 50ML - Cosmetic Store<\/title>\n<meta name=\"robots\" content=\"index, follow, max-snippet:-1, max-image-preview:large, max-video-preview:-1\" \/>\n<link rel=\"canonical\" href=\"https:\/\/cosmeticstoredz.com\/ar\/product\/arvea-body-butter-pour-une-peaux-souple-et-douce-50ml\/\" \/>\n<meta property=\"og:locale\" content=\"ar_AR\" \/>\n<meta property=\"og:type\" content=\"article\" \/>\n<meta property=\"og:title\" content=\"ARVEA BODY BUTTER POUR UNE PEAUX SOUPLE ET DOUCE 50ML - Cosmetic Store\" \/>\n<meta property=\"og:description\" content=\"Ce beurre corporel \u00ab\u00a0Body Butter\u00a0\u00bb offre une texture super onctueuse et un parfum fruit\u00e9, id\u00e9al pour des moments de relaxation.\" \/>\n<meta property=\"og:url\" content=\"https:\/\/cosmeticstoredz.com\/ar\/product\/arvea-body-butter-pour-une-peaux-souple-et-douce-50ml\/\" \/>\n<meta property=\"og:site_name\" content=\"Cosmetic Store\" \/>\n<meta property=\"article:publisher\" content=\"https:\/\/www.facebook.com\/profile.php?id=61564954260683\" \/>\n<meta property=\"article:modified_time\" content=\"2026-04-18T19:19:08+00:00\" \/>\n<meta property=\"og:image\" content=\"https:\/\/cosmeticstoredz.com\/wp-content\/uploads\/2026\/02\/SPLENDID-SERUM-CHVX-BOUCLES-17-1.png\" \/>\n\t<meta property=\"og:image:width\" content=\"1563\" \/>\n\t<meta property=\"og:image:height\" content=\"1563\" \/>\n\t<meta property=\"og:image:type\" content=\"image\/png\" \/>\n<meta name=\"twitter:card\" content=\"summary_large_image\" \/>\n<meta name=\"twitter:label1\" content=\"\u0648\u0642\u062a \u0627\u0644\u0642\u0631\u0627\u0621\u0629 \u0627\u0644\u0645\u064f\u0642\u062f\u0651\u0631\" \/>\n\t<meta name=\"twitter:data1\" content=\"\u062f\u0642\u064a\u0642\u0629 \u0648\u0627\u062d\u062f\u0629\" \/>\n<script type=\"application\/ld+json\" class=\"yoast-schema-graph\">{\"@context\":\"https:\\\/\\\/schema.org\",\"@graph\":[{\"@type\":\"WebPage\",\"@id\":\"https:\\\/\\\/cosmeticstoredz.com\\\/produit\\\/arvea-body-butter-pour-une-peaux-souple-et-douce-50ml\\\/\",\"url\":\"https:\\\/\\\/cosmeticstoredz.com\\\/produit\\\/arvea-body-butter-pour-une-peaux-souple-et-douce-50ml\\\/\",\"name\":\"ARVEA BODY BUTTER POUR UNE PEAUX SOUPLE ET DOUCE 50ML - Cosmetic Store\",\"isPartOf\":{\"@id\":\"https:\\\/\\\/cosmeticstoredz.com\\\/#website\"},\"primaryImageOfPage\":{\"@id\":\"https:\\\/\\\/cosmeticstoredz.com\\\/produit\\\/arvea-body-butter-pour-une-peaux-souple-et-douce-50ml\\\/#primaryimage\"},\"image\":{\"@id\":\"https:\\\/\\\/cosmeticstoredz.com\\\/produit\\\/arvea-body-butter-pour-une-peaux-souple-et-douce-50ml\\\/#primaryimage\"},\"thumbnailUrl\":\"https:\\\/\\\/cosmeticstoredz.com\\\/wp-content\\\/uploads\\\/2026\\\/02\\\/SPLENDID-SERUM-CHVX-BOUCLES-17-1.png\",\"datePublished\":\"2025-12-09T17:49:46+00:00\",\"dateModified\":\"2026-04-18T19:19:08+00:00\",\"breadcrumb\":{\"@id\":\"https:\\\/\\\/cosmeticstoredz.com\\\/produit\\\/arvea-body-butter-pour-une-peaux-souple-et-douce-50ml\\\/#breadcrumb\"},\"inLanguage\":\"ar\",\"potentialAction\":[{\"@type\":\"ReadAction\",\"target\":[\"https:\\\/\\\/cosmeticstoredz.com\\\/produit\\\/arvea-body-butter-pour-une-peaux-souple-et-douce-50ml\\\/\"]}]},{\"@type\":\"ImageObject\",\"inLanguage\":\"ar\",\"@id\":\"https:\\\/\\\/cosmeticstoredz.com\\\/produit\\\/arvea-body-butter-pour-une-peaux-souple-et-douce-50ml\\\/#primaryimage\",\"url\":\"https:\\\/\\\/cosmeticstoredz.com\\\/wp-content\\\/uploads\\\/2026\\\/02\\\/SPLENDID-SERUM-CHVX-BOUCLES-17-1.png\",\"contentUrl\":\"https:\\\/\\\/cosmeticstoredz.com\\\/wp-content\\\/uploads\\\/2026\\\/02\\\/SPLENDID-SERUM-CHVX-BOUCLES-17-1.png\",\"width\":1563,\"height\":1563},{\"@type\":\"BreadcrumbList\",\"@id\":\"https:\\\/\\\/cosmeticstoredz.com\\\/produit\\\/arvea-body-butter-pour-une-peaux-souple-et-douce-50ml\\\/#breadcrumb\",\"itemListElement\":[{\"@type\":\"ListItem\",\"position\":1,\"name\":\"Accueil\",\"item\":\"https:\\\/\\\/cosmeticstoredz.com\\\/\"},{\"@type\":\"ListItem\",\"position\":2,\"name\":\"Boutique\",\"item\":\"https:\\\/\\\/cosmeticstoredz.com\\\/boutique\\\/\"},{\"@type\":\"ListItem\",\"position\":3,\"name\":\"ARVEA BODY BUTTER POUR UNE PEAUX SOUPLE ET DOUCE 50ML\"}]},{\"@type\":\"WebSite\",\"@id\":\"https:\\\/\\\/cosmeticstoredz.com\\\/#website\",\"url\":\"https:\\\/\\\/cosmeticstoredz.com\\\/\",\"name\":\"Cosmetic Store\",\"description\":\"\",\"publisher\":{\"@id\":\"https:\\\/\\\/cosmeticstoredz.com\\\/#organization\"},\"potentialAction\":[{\"@type\":\"SearchAction\",\"target\":{\"@type\":\"EntryPoint\",\"urlTemplate\":\"https:\\\/\\\/cosmeticstoredz.com\\\/?s={search_term_string}\"},\"query-input\":{\"@type\":\"PropertyValueSpecification\",\"valueRequired\":true,\"valueName\":\"search_term_string\"}}],\"inLanguage\":\"ar\"},{\"@type\":\"Organization\",\"@id\":\"https:\\\/\\\/cosmeticstoredz.com\\\/#organization\",\"name\":\"Cosmetic Store\",\"url\":\"https:\\\/\\\/cosmeticstoredz.com\\\/\",\"logo\":{\"@type\":\"ImageObject\",\"inLanguage\":\"ar\",\"@id\":\"https:\\\/\\\/cosmeticstoredz.com\\\/#\\\/schema\\\/logo\\\/image\\\/\",\"url\":\"https:\\\/\\\/cosmeticstoredz.com\\\/wp-content\\\/uploads\\\/2026\\\/02\\\/cropped-LOGO_CS-512x512-1-1-e1771275285345.webp\",\"contentUrl\":\"https:\\\/\\\/cosmeticstoredz.com\\\/wp-content\\\/uploads\\\/2026\\\/02\\\/cropped-LOGO_CS-512x512-1-1-e1771275285345.webp\",\"width\":265,\"height\":319,\"caption\":\"Cosmetic Store\"},\"image\":{\"@id\":\"https:\\\/\\\/cosmeticstoredz.com\\\/#\\\/schema\\\/logo\\\/image\\\/\"},\"sameAs\":[\"https:\\\/\\\/www.facebook.com\\\/profile.php?id=61564954260683\",\"https:\\\/\\\/www.instagram.com\\\/cosmetic.storedz\\\/\"]}]}<\/script>\n<!-- \/ Yoast SEO plugin. -->","yoast_head_json":{"title":"ARVEA BODY BUTTER POUR UNE PEAUX SOUPLE ET DOUCE 50ML - Cosmetic Store","robots":{"index":"index","follow":"follow","max-snippet":"max-snippet:-1","max-image-preview":"max-image-preview:large","max-video-preview":"max-video-preview:-1"},"canonical":"https:\/\/cosmeticstoredz.com\/ar\/product\/arvea-body-butter-pour-une-peaux-souple-et-douce-50ml\/","og_locale":"ar_AR","og_type":"article","og_title":"ARVEA BODY BUTTER POUR UNE PEAUX SOUPLE ET DOUCE 50ML - Cosmetic Store","og_description":"Ce beurre corporel \u00ab\u00a0Body Butter\u00a0\u00bb offre une texture super onctueuse et un parfum fruit\u00e9, id\u00e9al pour des moments de relaxation.","og_url":"https:\/\/cosmeticstoredz.com\/ar\/product\/arvea-body-butter-pour-une-peaux-souple-et-douce-50ml\/","og_site_name":"Cosmetic Store","article_publisher":"https:\/\/www.facebook.com\/profile.php?id=61564954260683","article_modified_time":"2026-04-18T19:19:08+00:00","og_image":[{"width":1563,"height":1563,"url":"https:\/\/cosmeticstoredz.com\/wp-content\/uploads\/2026\/02\/SPLENDID-SERUM-CHVX-BOUCLES-17-1.png","type":"image\/png"}],"twitter_card":"summary_large_image","twitter_misc":{"\u0648\u0642\u062a \u0627\u0644\u0642\u0631\u0627\u0621\u0629 \u0627\u0644\u0645\u064f\u0642\u062f\u0651\u0631":"\u062f\u0642\u064a\u0642\u0629 \u0648\u0627\u062d\u062f\u0629"},"schema":{"@context":"https:\/\/schema.org","@graph":[{"@type":"WebPage","@id":"https:\/\/cosmeticstoredz.com\/produit\/arvea-body-butter-pour-une-peaux-souple-et-douce-50ml\/","url":"https:\/\/cosmeticstoredz.com\/produit\/arvea-body-butter-pour-une-peaux-souple-et-douce-50ml\/","name":"ARVEA BODY BUTTER POUR UNE PEAUX SOUPLE ET DOUCE 50ML - Cosmetic Store","isPartOf":{"@id":"https:\/\/cosmeticstoredz.com\/#website"},"primaryImageOfPage":{"@id":"https:\/\/cosmeticstoredz.com\/produit\/arvea-body-butter-pour-une-peaux-souple-et-douce-50ml\/#primaryimage"},"image":{"@id":"https:\/\/cosmeticstoredz.com\/produit\/arvea-body-butter-pour-une-peaux-souple-et-douce-50ml\/#primaryimage"},"thumbnailUrl":"https:\/\/cosmeticstoredz.com\/wp-content\/uploads\/2026\/02\/SPLENDID-SERUM-CHVX-BOUCLES-17-1.png","datePublished":"2025-12-09T17:49:46+00:00","dateModified":"2026-04-18T19:19:08+00:00","breadcrumb":{"@id":"https:\/\/cosmeticstoredz.com\/produit\/arvea-body-butter-pour-une-peaux-souple-et-douce-50ml\/#breadcrumb"},"inLanguage":"ar","potentialAction":[{"@type":"ReadAction","target":["https:\/\/cosmeticstoredz.com\/produit\/arvea-body-butter-pour-une-peaux-souple-et-douce-50ml\/"]}]},{"@type":"ImageObject","inLanguage":"ar","@id":"https:\/\/cosmeticstoredz.com\/produit\/arvea-body-butter-pour-une-peaux-souple-et-douce-50ml\/#primaryimage","url":"https:\/\/cosmeticstoredz.com\/wp-content\/uploads\/2026\/02\/SPLENDID-SERUM-CHVX-BOUCLES-17-1.png","contentUrl":"https:\/\/cosmeticstoredz.com\/wp-content\/uploads\/2026\/02\/SPLENDID-SERUM-CHVX-BOUCLES-17-1.png","width":1563,"height":1563},{"@type":"BreadcrumbList","@id":"https:\/\/cosmeticstoredz.com\/produit\/arvea-body-butter-pour-une-peaux-souple-et-douce-50ml\/#breadcrumb","itemListElement":[{"@type":"ListItem","position":1,"name":"Accueil","item":"https:\/\/cosmeticstoredz.com\/"},{"@type":"ListItem","position":2,"name":"Boutique","item":"https:\/\/cosmeticstoredz.com\/boutique\/"},{"@type":"ListItem","position":3,"name":"ARVEA BODY BUTTER POUR UNE PEAUX SOUPLE ET DOUCE 50ML"}]},{"@type":"WebSite","@id":"https:\/\/cosmeticstoredz.com\/#website","url":"https:\/\/cosmeticstoredz.com\/","name":"Cosmetic Store","description":"","publisher":{"@id":"https:\/\/cosmeticstoredz.com\/#organization"},"potentialAction":[{"@type":"SearchAction","target":{"@type":"EntryPoint","urlTemplate":"https:\/\/cosmeticstoredz.com\/?s={search_term_string}"},"query-input":{"@type":"PropertyValueSpecification","valueRequired":true,"valueName":"search_term_string"}}],"inLanguage":"ar"},{"@type":"Organization","@id":"https:\/\/cosmeticstoredz.com\/#organization","name":"Cosmetic Store","url":"https:\/\/cosmeticstoredz.com\/","logo":{"@type":"ImageObject","inLanguage":"ar","@id":"https:\/\/cosmeticstoredz.com\/#\/schema\/logo\/image\/","url":"https:\/\/cosmeticstoredz.com\/wp-content\/uploads\/2026\/02\/cropped-LOGO_CS-512x512-1-1-e1771275285345.webp","contentUrl":"https:\/\/cosmeticstoredz.com\/wp-content\/uploads\/2026\/02\/cropped-LOGO_CS-512x512-1-1-e1771275285345.webp","width":265,"height":319,"caption":"Cosmetic Store"},"image":{"@id":"https:\/\/cosmeticstoredz.com\/#\/schema\/logo\/image\/"},"sameAs":["https:\/\/www.facebook.com\/profile.php?id=61564954260683","https:\/\/www.instagram.com\/cosmetic.storedz\/"]}]}},"_links":{"self":[{"href":"https:\/\/cosmeticstoredz.com\/ar\/wp-json\/wp\/v2\/product\/15054","targetHints":{"allow":["GET"]}}],"collection":[{"href":"https:\/\/cosmeticstoredz.com\/ar\/wp-json\/wp\/v2\/product"}],"about":[{"href":"https:\/\/cosmeticstoredz.com\/ar\/wp-json\/wp\/v2\/types\/product"}],"replies":[{"embeddable":true,"href":"https:\/\/cosmeticstoredz.com\/ar\/wp-json\/wp\/v2\/comments?post=15054"}],"version-history":[{"count":1,"href":"https:\/\/cosmeticstoredz.com\/ar\/wp-json\/wp\/v2\/product\/15054\/revisions"}],"predecessor-version":[{"id":23227,"href":"https:\/\/cosmeticstoredz.com\/ar\/wp-json\/wp\/v2\/product\/15054\/revisions\/23227"}],"wp:featuredmedia":[{"embeddable":true,"href":"https:\/\/cosmeticstoredz.com\/ar\/wp-json\/wp\/v2\/media\/23226"}],"wp:attachment":[{"href":"https:\/\/cosmeticstoredz.com\/ar\/wp-json\/wp\/v2\/media?parent=15054"}],"wp:term":[{"taxonomy":"product_brand","embeddable":true,"href":"https:\/\/cosmeticstoredz.com\/ar\/wp-json\/wp\/v2\/product_brand?post=15054"},{"taxonomy":"product_cat","embeddable":true,"href":"https:\/\/cosmeticstoredz.com\/ar\/wp-json\/wp\/v2\/product_cat?post=15054"},{"taxonomy":"product_tag","embeddable":true,"href":"https:\/\/cosmeticstoredz.com\/ar\/wp-json\/wp\/v2\/product_tag?post=15054"}],"curies":[{"name":"wp","href":"https:\/\/api.w.org\/{rel}","templated":true}]}}