{"id":1414,"date":"2026-02-16T08:48:28","date_gmt":"2026-02-16T08:48:28","guid":{"rendered":"https:\/\/test.fitnessworldgym27.com\/?post_type=product&#038;p=1414"},"modified":"2026-04-18T19:21:48","modified_gmt":"2026-04-18T19:21:48","slug":"evoria-blond-d-or-silver","status":"publish","type":"product","link":"https:\/\/cosmeticstoredz.com\/ar\/product\/evoria-blond-d-or-silver\/","title":{"rendered":"EVORIA BLOND D OR SILVER"},"content":{"rendered":"<p>D\u00e9couvrez la nouvelle poudre d\u00e9colorante<strong> Silver<\/strong> de la gamme <strong>EVORIA Professional<\/strong>, une solution de d\u00e9coloration haute d\u00e9finition pour un r\u00e9sultat ultra blond qui vous laissera sans voix !<\/p>\n<p>Gr\u00e2ce \u00e0 son action rapide et ses 10 niveaux d&rsquo;\u00e9claircissement, cette poudre d\u00e9colorante convient \u00e0 tout type de cheveux et respecte parfaitement la structure capillaire.<br \/>\nEn plus de garantir un \u00e9claircissement maximal, la<strong> poudre d\u00e9colorante Silver<\/strong> de la d\u2019EVORIA Professional procure brillance, \u00e9lasticit\u00e9 et hydratation aux cheveux.<\/p>","protected":false},"excerpt":{"rendered":"<p>D\u00e9couvrez la nouvelle poudre d\u00e9colorante<strong> Silver<\/strong> de la gamme <strong>EVORIA Professional<\/strong>, une solution de d\u00e9coloration haute d\u00e9finition pour un r\u00e9sultat ultra blond qui vous laissera sans voix !<\/p>\n<p>Gr\u00e2ce \u00e0 son action rapide et ses 10 niveaux d&rsquo;\u00e9claircissement, cette poudre d\u00e9colorante convient \u00e0 tout type de cheveux et respecte parfaitement la structure capillaire.<br \/>\nEn plus de garantir un \u00e9claircissement maximal, la <strong>poudre d\u00e9colorante Silver<\/strong> de la d\u2019EVORIA Professional procure brillance, \u00e9lasticit\u00e9 et hydratation aux cheveux.<\/p>","protected":false},"featured_media":1500,"comment_status":"open","ping_status":"closed","template":"","meta":[],"product_brand":[407],"product_cat":[189,75,95,115],"product_tag":[90],"class_list":{"0":"post-1414","1":"product","2":"type-product","3":"status-publish","4":"has-post-thumbnail","6":"product_brand-evoria","7":"product_cat-evoria","8":"product_cat-femme","9":"product_cat-soin-cheveux-f","10":"product_cat-teinte-cheveux","11":"product_tag-made-in-algeria","13":"first","14":"outofstock","15":"shipping-taxable","16":"purchasable","17":"product-type-simple"},"yoast_head":"<!-- This site is optimized with the Yoast SEO plugin v27.3 - https:\/\/yoast.com\/product\/yoast-seo-wordpress\/ -->\n<title>EVORIA BLOND D OR SILVER - Cosmetic Store<\/title>\n<meta name=\"robots\" content=\"index, follow, max-snippet:-1, max-image-preview:large, max-video-preview:-1\" \/>\n<link rel=\"canonical\" href=\"https:\/\/cosmeticstoredz.com\/ar\/product\/evoria-blond-d-or-silver\/\" \/>\n<meta property=\"og:locale\" content=\"ar_AR\" \/>\n<meta property=\"og:type\" content=\"article\" \/>\n<meta property=\"og:title\" content=\"EVORIA BLOND D OR SILVER - Cosmetic Store\" \/>\n<meta property=\"og:description\" content=\"D\u00e9couvrez la nouvelle poudre d\u00e9colorante Silver de la gamme EVORIA Professional, une solution de d\u00e9coloration haute d\u00e9finition pour un r\u00e9sultat ultra blond qui vous laissera sans voix !  Gr\u00e2ce \u00e0 son action rapide et ses 10 niveaux d&#039;\u00e9claircissement, cette poudre d\u00e9colorante convient \u00e0 tout type de cheveux et respecte parfaitement la structure capillaire. En plus de garantir un \u00e9claircissement maximal, la poudre d\u00e9colorante Silver de la d\u2019EVORIA Professional procure brillance, \u00e9lasticit\u00e9 et hydratation aux cheveux.\" \/>\n<meta property=\"og:url\" content=\"https:\/\/cosmeticstoredz.com\/ar\/product\/evoria-blond-d-or-silver\/\" \/>\n<meta property=\"og:site_name\" content=\"Cosmetic Store\" \/>\n<meta property=\"article:publisher\" content=\"https:\/\/www.facebook.com\/profile.php?id=61564954260683\" \/>\n<meta property=\"article:modified_time\" content=\"2026-04-18T19:21:48+00:00\" \/>\n<meta property=\"og:image\" content=\"https:\/\/cosmeticstoredz.com\/wp-content\/uploads\/2026\/02\/CC-286.png\" \/>\n\t<meta property=\"og:image:width\" content=\"1563\" \/>\n\t<meta property=\"og:image:height\" content=\"1563\" \/>\n\t<meta property=\"og:image:type\" content=\"image\/png\" \/>\n<meta name=\"twitter:card\" content=\"summary_large_image\" \/>\n<script type=\"application\/ld+json\" class=\"yoast-schema-graph\">{\"@context\":\"https:\\\/\\\/schema.org\",\"@graph\":[{\"@type\":\"WebPage\",\"@id\":\"https:\\\/\\\/cosmeticstoredz.com\\\/produit\\\/evoria-blond-d-or-silver\\\/\",\"url\":\"https:\\\/\\\/cosmeticstoredz.com\\\/produit\\\/evoria-blond-d-or-silver\\\/\",\"name\":\"EVORIA BLOND D OR SILVER - Cosmetic Store\",\"isPartOf\":{\"@id\":\"https:\\\/\\\/cosmeticstoredz.com\\\/#website\"},\"primaryImageOfPage\":{\"@id\":\"https:\\\/\\\/cosmeticstoredz.com\\\/produit\\\/evoria-blond-d-or-silver\\\/#primaryimage\"},\"image\":{\"@id\":\"https:\\\/\\\/cosmeticstoredz.com\\\/produit\\\/evoria-blond-d-or-silver\\\/#primaryimage\"},\"thumbnailUrl\":\"https:\\\/\\\/cosmeticstoredz.com\\\/wp-content\\\/uploads\\\/2026\\\/02\\\/CC-286.png\",\"datePublished\":\"2026-02-16T08:48:28+00:00\",\"dateModified\":\"2026-04-18T19:21:48+00:00\",\"breadcrumb\":{\"@id\":\"https:\\\/\\\/cosmeticstoredz.com\\\/produit\\\/evoria-blond-d-or-silver\\\/#breadcrumb\"},\"inLanguage\":\"ar\",\"potentialAction\":[{\"@type\":\"ReadAction\",\"target\":[\"https:\\\/\\\/cosmeticstoredz.com\\\/produit\\\/evoria-blond-d-or-silver\\\/\"]}]},{\"@type\":\"ImageObject\",\"inLanguage\":\"ar\",\"@id\":\"https:\\\/\\\/cosmeticstoredz.com\\\/produit\\\/evoria-blond-d-or-silver\\\/#primaryimage\",\"url\":\"https:\\\/\\\/cosmeticstoredz.com\\\/wp-content\\\/uploads\\\/2026\\\/02\\\/CC-286.png\",\"contentUrl\":\"https:\\\/\\\/cosmeticstoredz.com\\\/wp-content\\\/uploads\\\/2026\\\/02\\\/CC-286.png\",\"width\":1563,\"height\":1563},{\"@type\":\"BreadcrumbList\",\"@id\":\"https:\\\/\\\/cosmeticstoredz.com\\\/produit\\\/evoria-blond-d-or-silver\\\/#breadcrumb\",\"itemListElement\":[{\"@type\":\"ListItem\",\"position\":1,\"name\":\"Accueil\",\"item\":\"https:\\\/\\\/cosmeticstoredz.com\\\/\"},{\"@type\":\"ListItem\",\"position\":2,\"name\":\"Boutique\",\"item\":\"https:\\\/\\\/cosmeticstoredz.com\\\/boutique\\\/\"},{\"@type\":\"ListItem\",\"position\":3,\"name\":\"EVORIA BLOND D OR SILVER\"}]},{\"@type\":\"WebSite\",\"@id\":\"https:\\\/\\\/cosmeticstoredz.com\\\/#website\",\"url\":\"https:\\\/\\\/cosmeticstoredz.com\\\/\",\"name\":\"Cosmetic Store\",\"description\":\"\",\"publisher\":{\"@id\":\"https:\\\/\\\/cosmeticstoredz.com\\\/#organization\"},\"potentialAction\":[{\"@type\":\"SearchAction\",\"target\":{\"@type\":\"EntryPoint\",\"urlTemplate\":\"https:\\\/\\\/cosmeticstoredz.com\\\/?s={search_term_string}\"},\"query-input\":{\"@type\":\"PropertyValueSpecification\",\"valueRequired\":true,\"valueName\":\"search_term_string\"}}],\"inLanguage\":\"ar\"},{\"@type\":\"Organization\",\"@id\":\"https:\\\/\\\/cosmeticstoredz.com\\\/#organization\",\"name\":\"Cosmetic Store\",\"url\":\"https:\\\/\\\/cosmeticstoredz.com\\\/\",\"logo\":{\"@type\":\"ImageObject\",\"inLanguage\":\"ar\",\"@id\":\"https:\\\/\\\/cosmeticstoredz.com\\\/#\\\/schema\\\/logo\\\/image\\\/\",\"url\":\"https:\\\/\\\/cosmeticstoredz.com\\\/wp-content\\\/uploads\\\/2026\\\/02\\\/cropped-LOGO_CS-512x512-1-1-e1771275285345.webp\",\"contentUrl\":\"https:\\\/\\\/cosmeticstoredz.com\\\/wp-content\\\/uploads\\\/2026\\\/02\\\/cropped-LOGO_CS-512x512-1-1-e1771275285345.webp\",\"width\":265,\"height\":319,\"caption\":\"Cosmetic Store\"},\"image\":{\"@id\":\"https:\\\/\\\/cosmeticstoredz.com\\\/#\\\/schema\\\/logo\\\/image\\\/\"},\"sameAs\":[\"https:\\\/\\\/www.facebook.com\\\/profile.php?id=61564954260683\",\"https:\\\/\\\/www.instagram.com\\\/cosmetic.storedz\\\/\"]}]}<\/script>\n<!-- \/ Yoast SEO plugin. -->","yoast_head_json":{"title":"EVORIA BLOND D OR SILVER - Cosmetic Store","robots":{"index":"index","follow":"follow","max-snippet":"max-snippet:-1","max-image-preview":"max-image-preview:large","max-video-preview":"max-video-preview:-1"},"canonical":"https:\/\/cosmeticstoredz.com\/ar\/product\/evoria-blond-d-or-silver\/","og_locale":"ar_AR","og_type":"article","og_title":"EVORIA BLOND D OR SILVER - Cosmetic Store","og_description":"D\u00e9couvrez la nouvelle poudre d\u00e9colorante Silver de la gamme EVORIA Professional, une solution de d\u00e9coloration haute d\u00e9finition pour un r\u00e9sultat ultra blond qui vous laissera sans voix !  Gr\u00e2ce \u00e0 son action rapide et ses 10 niveaux d'\u00e9claircissement, cette poudre d\u00e9colorante convient \u00e0 tout type de cheveux et respecte parfaitement la structure capillaire. En plus de garantir un \u00e9claircissement maximal, la poudre d\u00e9colorante Silver de la d\u2019EVORIA Professional procure brillance, \u00e9lasticit\u00e9 et hydratation aux cheveux.","og_url":"https:\/\/cosmeticstoredz.com\/ar\/product\/evoria-blond-d-or-silver\/","og_site_name":"Cosmetic Store","article_publisher":"https:\/\/www.facebook.com\/profile.php?id=61564954260683","article_modified_time":"2026-04-18T19:21:48+00:00","og_image":[{"width":1563,"height":1563,"url":"https:\/\/cosmeticstoredz.com\/wp-content\/uploads\/2026\/02\/CC-286.png","type":"image\/png"}],"twitter_card":"summary_large_image","schema":{"@context":"https:\/\/schema.org","@graph":[{"@type":"WebPage","@id":"https:\/\/cosmeticstoredz.com\/produit\/evoria-blond-d-or-silver\/","url":"https:\/\/cosmeticstoredz.com\/produit\/evoria-blond-d-or-silver\/","name":"EVORIA BLOND D OR SILVER - Cosmetic Store","isPartOf":{"@id":"https:\/\/cosmeticstoredz.com\/#website"},"primaryImageOfPage":{"@id":"https:\/\/cosmeticstoredz.com\/produit\/evoria-blond-d-or-silver\/#primaryimage"},"image":{"@id":"https:\/\/cosmeticstoredz.com\/produit\/evoria-blond-d-or-silver\/#primaryimage"},"thumbnailUrl":"https:\/\/cosmeticstoredz.com\/wp-content\/uploads\/2026\/02\/CC-286.png","datePublished":"2026-02-16T08:48:28+00:00","dateModified":"2026-04-18T19:21:48+00:00","breadcrumb":{"@id":"https:\/\/cosmeticstoredz.com\/produit\/evoria-blond-d-or-silver\/#breadcrumb"},"inLanguage":"ar","potentialAction":[{"@type":"ReadAction","target":["https:\/\/cosmeticstoredz.com\/produit\/evoria-blond-d-or-silver\/"]}]},{"@type":"ImageObject","inLanguage":"ar","@id":"https:\/\/cosmeticstoredz.com\/produit\/evoria-blond-d-or-silver\/#primaryimage","url":"https:\/\/cosmeticstoredz.com\/wp-content\/uploads\/2026\/02\/CC-286.png","contentUrl":"https:\/\/cosmeticstoredz.com\/wp-content\/uploads\/2026\/02\/CC-286.png","width":1563,"height":1563},{"@type":"BreadcrumbList","@id":"https:\/\/cosmeticstoredz.com\/produit\/evoria-blond-d-or-silver\/#breadcrumb","itemListElement":[{"@type":"ListItem","position":1,"name":"Accueil","item":"https:\/\/cosmeticstoredz.com\/"},{"@type":"ListItem","position":2,"name":"Boutique","item":"https:\/\/cosmeticstoredz.com\/boutique\/"},{"@type":"ListItem","position":3,"name":"EVORIA BLOND D OR SILVER"}]},{"@type":"WebSite","@id":"https:\/\/cosmeticstoredz.com\/#website","url":"https:\/\/cosmeticstoredz.com\/","name":"Cosmetic Store","description":"","publisher":{"@id":"https:\/\/cosmeticstoredz.com\/#organization"},"potentialAction":[{"@type":"SearchAction","target":{"@type":"EntryPoint","urlTemplate":"https:\/\/cosmeticstoredz.com\/?s={search_term_string}"},"query-input":{"@type":"PropertyValueSpecification","valueRequired":true,"valueName":"search_term_string"}}],"inLanguage":"ar"},{"@type":"Organization","@id":"https:\/\/cosmeticstoredz.com\/#organization","name":"Cosmetic Store","url":"https:\/\/cosmeticstoredz.com\/","logo":{"@type":"ImageObject","inLanguage":"ar","@id":"https:\/\/cosmeticstoredz.com\/#\/schema\/logo\/image\/","url":"https:\/\/cosmeticstoredz.com\/wp-content\/uploads\/2026\/02\/cropped-LOGO_CS-512x512-1-1-e1771275285345.webp","contentUrl":"https:\/\/cosmeticstoredz.com\/wp-content\/uploads\/2026\/02\/cropped-LOGO_CS-512x512-1-1-e1771275285345.webp","width":265,"height":319,"caption":"Cosmetic Store"},"image":{"@id":"https:\/\/cosmeticstoredz.com\/#\/schema\/logo\/image\/"},"sameAs":["https:\/\/www.facebook.com\/profile.php?id=61564954260683","https:\/\/www.instagram.com\/cosmetic.storedz\/"]}]}},"_links":{"self":[{"href":"https:\/\/cosmeticstoredz.com\/ar\/wp-json\/wp\/v2\/product\/1414","targetHints":{"allow":["GET"]}}],"collection":[{"href":"https:\/\/cosmeticstoredz.com\/ar\/wp-json\/wp\/v2\/product"}],"about":[{"href":"https:\/\/cosmeticstoredz.com\/ar\/wp-json\/wp\/v2\/types\/product"}],"replies":[{"embeddable":true,"href":"https:\/\/cosmeticstoredz.com\/ar\/wp-json\/wp\/v2\/comments?post=1414"}],"version-history":[{"count":1,"href":"https:\/\/cosmeticstoredz.com\/ar\/wp-json\/wp\/v2\/product\/1414\/revisions"}],"predecessor-version":[{"id":1501,"href":"https:\/\/cosmeticstoredz.com\/ar\/wp-json\/wp\/v2\/product\/1414\/revisions\/1501"}],"wp:featuredmedia":[{"embeddable":true,"href":"https:\/\/cosmeticstoredz.com\/ar\/wp-json\/wp\/v2\/media\/1500"}],"wp:attachment":[{"href":"https:\/\/cosmeticstoredz.com\/ar\/wp-json\/wp\/v2\/media?parent=1414"}],"wp:term":[{"taxonomy":"product_brand","embeddable":true,"href":"https:\/\/cosmeticstoredz.com\/ar\/wp-json\/wp\/v2\/product_brand?post=1414"},{"taxonomy":"product_cat","embeddable":true,"href":"https:\/\/cosmeticstoredz.com\/ar\/wp-json\/wp\/v2\/product_cat?post=1414"},{"taxonomy":"product_tag","embeddable":true,"href":"https:\/\/cosmeticstoredz.com\/ar\/wp-json\/wp\/v2\/product_tag?post=1414"}],"curies":[{"name":"wp","href":"https:\/\/api.w.org\/{rel}","templated":true}]}}