{"id":1413,"date":"2026-02-16T08:48:28","date_gmt":"2026-02-16T08:48:28","guid":{"rendered":"https:\/\/test.fitnessworldgym27.com\/?post_type=product&#038;p=1413"},"modified":"2026-05-02T19:00:35","modified_gmt":"2026-05-02T19:00:35","slug":"evoria-blond-d-or-platinium","status":"publish","type":"product","link":"https:\/\/cosmeticstoredz.com\/ar\/product\/evoria-blond-d-or-platinium\/","title":{"rendered":"EVORIA BLOND D OR PLATINIUM"},"content":{"rendered":"<p>Obtenez un blond platine \u00e9clatant et des cheveux doux et soyeux avec la poudre d\u00e9colorante <strong>EVORIA Professional<\/strong>. Gr\u00e2ce \u00e0 notre poudre d\u00e9colorante bleu gagnez jusqu&rsquo;\u00e0 8 tons d&rsquo;\u00e9claircissement.<br \/>\nOptez pour une qualit\u00e9 sup\u00e9rieure pour des cheveux blonds lumineux, doux et soyeux, et un r\u00e9sultat bluffant.<br \/>\nFaites confiance \u00e0 notre solution pour un \u00e9claircissement maximal en une seule \u00e9tape !<br \/>\nR\u00e9v\u00e9lez votre c\u00f4t\u00e9 blond platine \u00e9blouissant.<\/p>","protected":false},"excerpt":{"rendered":"<p>Obtenez un blond platine \u00e9clatant et des cheveux doux et soyeux avec la poudre d\u00e9colorante <strong>EVORIA Professional<\/strong>. Gr\u00e2ce \u00e0 notre poudre d\u00e9colorante bleu gagnez jusqu&rsquo;\u00e0 8 tons d&rsquo;\u00e9claircissement.<br \/>\nOptez pour une qualit\u00e9 sup\u00e9rieure pour des cheveux blonds lumineux, doux et soyeux, et un r\u00e9sultat bluffant.<br \/>\nFaites confiance \u00e0 notre solution pour un \u00e9claircissement maximal en une seule \u00e9tape !<br \/>\nR\u00e9v\u00e9lez votre c\u00f4t\u00e9 blond platine \u00e9blouissant.<\/p>","protected":false},"featured_media":1498,"comment_status":"open","ping_status":"closed","template":"","meta":[],"product_brand":[407],"product_cat":[189,75,95,115],"product_tag":[90],"class_list":{"0":"post-1413","1":"product","2":"type-product","3":"status-publish","4":"has-post-thumbnail","6":"product_brand-evoria","7":"product_cat-evoria","8":"product_cat-femme","9":"product_cat-soin-cheveux-f","10":"product_cat-teinte-cheveux","11":"product_tag-made-in-algeria","13":"first","14":"outofstock","15":"shipping-taxable","16":"purchasable","17":"product-type-simple"},"yoast_head":"<!-- This site is optimized with the Yoast SEO plugin v27.3 - https:\/\/yoast.com\/product\/yoast-seo-wordpress\/ -->\n<title>EVORIA BLOND D OR PLATINIUM - Cosmetic Store<\/title>\n<meta name=\"robots\" content=\"index, follow, max-snippet:-1, max-image-preview:large, max-video-preview:-1\" \/>\n<link rel=\"canonical\" href=\"https:\/\/cosmeticstoredz.com\/ar\/product\/evoria-blond-d-or-platinium\/\" \/>\n<meta property=\"og:locale\" content=\"ar_AR\" \/>\n<meta property=\"og:type\" content=\"article\" \/>\n<meta property=\"og:title\" content=\"EVORIA BLOND D OR PLATINIUM - Cosmetic Store\" \/>\n<meta property=\"og:description\" content=\"Obtenez un blond platine \u00e9clatant et des cheveux doux et soyeux avec la poudre d\u00e9colorante EVORIA Professional. Gr\u00e2ce \u00e0 notre poudre d\u00e9colorante bleu gagnez jusqu&#039;\u00e0 8 tons d&#039;\u00e9claircissement. Optez pour une qualit\u00e9 sup\u00e9rieure pour des cheveux blonds lumineux, doux et soyeux, et un r\u00e9sultat bluffant. Faites confiance \u00e0 notre solution pour un \u00e9claircissement maximal en une seule \u00e9tape ! R\u00e9v\u00e9lez votre c\u00f4t\u00e9 blond platine \u00e9blouissant.\" \/>\n<meta property=\"og:url\" content=\"https:\/\/cosmeticstoredz.com\/ar\/product\/evoria-blond-d-or-platinium\/\" \/>\n<meta property=\"og:site_name\" content=\"Cosmetic Store\" \/>\n<meta property=\"article:publisher\" content=\"https:\/\/www.facebook.com\/profile.php?id=61564954260683\" \/>\n<meta property=\"article:modified_time\" content=\"2026-05-02T19:00:35+00:00\" \/>\n<meta property=\"og:image\" content=\"https:\/\/cosmeticstoredz.com\/wp-content\/uploads\/2026\/02\/CC-287.png\" \/>\n\t<meta property=\"og:image:width\" content=\"1563\" \/>\n\t<meta property=\"og:image:height\" content=\"1563\" \/>\n\t<meta property=\"og:image:type\" content=\"image\/png\" \/>\n<meta name=\"twitter:card\" content=\"summary_large_image\" \/>\n<script type=\"application\/ld+json\" class=\"yoast-schema-graph\">{\"@context\":\"https:\\\/\\\/schema.org\",\"@graph\":[{\"@type\":\"WebPage\",\"@id\":\"https:\\\/\\\/cosmeticstoredz.com\\\/produit\\\/evoria-blond-d-or-platinium\\\/\",\"url\":\"https:\\\/\\\/cosmeticstoredz.com\\\/produit\\\/evoria-blond-d-or-platinium\\\/\",\"name\":\"EVORIA BLOND D OR PLATINIUM - Cosmetic Store\",\"isPartOf\":{\"@id\":\"https:\\\/\\\/cosmeticstoredz.com\\\/#website\"},\"primaryImageOfPage\":{\"@id\":\"https:\\\/\\\/cosmeticstoredz.com\\\/produit\\\/evoria-blond-d-or-platinium\\\/#primaryimage\"},\"image\":{\"@id\":\"https:\\\/\\\/cosmeticstoredz.com\\\/produit\\\/evoria-blond-d-or-platinium\\\/#primaryimage\"},\"thumbnailUrl\":\"https:\\\/\\\/cosmeticstoredz.com\\\/wp-content\\\/uploads\\\/2026\\\/02\\\/CC-287.png\",\"datePublished\":\"2026-02-16T08:48:28+00:00\",\"dateModified\":\"2026-05-02T19:00:35+00:00\",\"breadcrumb\":{\"@id\":\"https:\\\/\\\/cosmeticstoredz.com\\\/produit\\\/evoria-blond-d-or-platinium\\\/#breadcrumb\"},\"inLanguage\":\"ar\",\"potentialAction\":[{\"@type\":\"ReadAction\",\"target\":[\"https:\\\/\\\/cosmeticstoredz.com\\\/produit\\\/evoria-blond-d-or-platinium\\\/\"]}]},{\"@type\":\"ImageObject\",\"inLanguage\":\"ar\",\"@id\":\"https:\\\/\\\/cosmeticstoredz.com\\\/produit\\\/evoria-blond-d-or-platinium\\\/#primaryimage\",\"url\":\"https:\\\/\\\/cosmeticstoredz.com\\\/wp-content\\\/uploads\\\/2026\\\/02\\\/CC-287.png\",\"contentUrl\":\"https:\\\/\\\/cosmeticstoredz.com\\\/wp-content\\\/uploads\\\/2026\\\/02\\\/CC-287.png\",\"width\":1563,\"height\":1563},{\"@type\":\"BreadcrumbList\",\"@id\":\"https:\\\/\\\/cosmeticstoredz.com\\\/produit\\\/evoria-blond-d-or-platinium\\\/#breadcrumb\",\"itemListElement\":[{\"@type\":\"ListItem\",\"position\":1,\"name\":\"Accueil\",\"item\":\"https:\\\/\\\/cosmeticstoredz.com\\\/\"},{\"@type\":\"ListItem\",\"position\":2,\"name\":\"Boutique\",\"item\":\"https:\\\/\\\/cosmeticstoredz.com\\\/boutique\\\/\"},{\"@type\":\"ListItem\",\"position\":3,\"name\":\"EVORIA BLOND D OR PLATINIUM\"}]},{\"@type\":\"WebSite\",\"@id\":\"https:\\\/\\\/cosmeticstoredz.com\\\/#website\",\"url\":\"https:\\\/\\\/cosmeticstoredz.com\\\/\",\"name\":\"Cosmetic Store\",\"description\":\"\",\"publisher\":{\"@id\":\"https:\\\/\\\/cosmeticstoredz.com\\\/#organization\"},\"potentialAction\":[{\"@type\":\"SearchAction\",\"target\":{\"@type\":\"EntryPoint\",\"urlTemplate\":\"https:\\\/\\\/cosmeticstoredz.com\\\/?s={search_term_string}\"},\"query-input\":{\"@type\":\"PropertyValueSpecification\",\"valueRequired\":true,\"valueName\":\"search_term_string\"}}],\"inLanguage\":\"ar\"},{\"@type\":\"Organization\",\"@id\":\"https:\\\/\\\/cosmeticstoredz.com\\\/#organization\",\"name\":\"Cosmetic Store\",\"url\":\"https:\\\/\\\/cosmeticstoredz.com\\\/\",\"logo\":{\"@type\":\"ImageObject\",\"inLanguage\":\"ar\",\"@id\":\"https:\\\/\\\/cosmeticstoredz.com\\\/#\\\/schema\\\/logo\\\/image\\\/\",\"url\":\"https:\\\/\\\/cosmeticstoredz.com\\\/wp-content\\\/uploads\\\/2026\\\/02\\\/cropped-LOGO_CS-512x512-1-1-e1771275285345.webp\",\"contentUrl\":\"https:\\\/\\\/cosmeticstoredz.com\\\/wp-content\\\/uploads\\\/2026\\\/02\\\/cropped-LOGO_CS-512x512-1-1-e1771275285345.webp\",\"width\":265,\"height\":319,\"caption\":\"Cosmetic Store\"},\"image\":{\"@id\":\"https:\\\/\\\/cosmeticstoredz.com\\\/#\\\/schema\\\/logo\\\/image\\\/\"},\"sameAs\":[\"https:\\\/\\\/www.facebook.com\\\/profile.php?id=61564954260683\",\"https:\\\/\\\/www.instagram.com\\\/cosmetic.storedz\\\/\"]}]}<\/script>\n<!-- \/ Yoast SEO plugin. -->","yoast_head_json":{"title":"EVORIA BLOND D OR PLATINIUM - Cosmetic Store","robots":{"index":"index","follow":"follow","max-snippet":"max-snippet:-1","max-image-preview":"max-image-preview:large","max-video-preview":"max-video-preview:-1"},"canonical":"https:\/\/cosmeticstoredz.com\/ar\/product\/evoria-blond-d-or-platinium\/","og_locale":"ar_AR","og_type":"article","og_title":"EVORIA BLOND D OR PLATINIUM - Cosmetic Store","og_description":"Obtenez un blond platine \u00e9clatant et des cheveux doux et soyeux avec la poudre d\u00e9colorante EVORIA Professional. Gr\u00e2ce \u00e0 notre poudre d\u00e9colorante bleu gagnez jusqu'\u00e0 8 tons d'\u00e9claircissement. Optez pour une qualit\u00e9 sup\u00e9rieure pour des cheveux blonds lumineux, doux et soyeux, et un r\u00e9sultat bluffant. Faites confiance \u00e0 notre solution pour un \u00e9claircissement maximal en une seule \u00e9tape ! R\u00e9v\u00e9lez votre c\u00f4t\u00e9 blond platine \u00e9blouissant.","og_url":"https:\/\/cosmeticstoredz.com\/ar\/product\/evoria-blond-d-or-platinium\/","og_site_name":"Cosmetic Store","article_publisher":"https:\/\/www.facebook.com\/profile.php?id=61564954260683","article_modified_time":"2026-05-02T19:00:35+00:00","og_image":[{"width":1563,"height":1563,"url":"https:\/\/cosmeticstoredz.com\/wp-content\/uploads\/2026\/02\/CC-287.png","type":"image\/png"}],"twitter_card":"summary_large_image","schema":{"@context":"https:\/\/schema.org","@graph":[{"@type":"WebPage","@id":"https:\/\/cosmeticstoredz.com\/produit\/evoria-blond-d-or-platinium\/","url":"https:\/\/cosmeticstoredz.com\/produit\/evoria-blond-d-or-platinium\/","name":"EVORIA BLOND D OR PLATINIUM - Cosmetic Store","isPartOf":{"@id":"https:\/\/cosmeticstoredz.com\/#website"},"primaryImageOfPage":{"@id":"https:\/\/cosmeticstoredz.com\/produit\/evoria-blond-d-or-platinium\/#primaryimage"},"image":{"@id":"https:\/\/cosmeticstoredz.com\/produit\/evoria-blond-d-or-platinium\/#primaryimage"},"thumbnailUrl":"https:\/\/cosmeticstoredz.com\/wp-content\/uploads\/2026\/02\/CC-287.png","datePublished":"2026-02-16T08:48:28+00:00","dateModified":"2026-05-02T19:00:35+00:00","breadcrumb":{"@id":"https:\/\/cosmeticstoredz.com\/produit\/evoria-blond-d-or-platinium\/#breadcrumb"},"inLanguage":"ar","potentialAction":[{"@type":"ReadAction","target":["https:\/\/cosmeticstoredz.com\/produit\/evoria-blond-d-or-platinium\/"]}]},{"@type":"ImageObject","inLanguage":"ar","@id":"https:\/\/cosmeticstoredz.com\/produit\/evoria-blond-d-or-platinium\/#primaryimage","url":"https:\/\/cosmeticstoredz.com\/wp-content\/uploads\/2026\/02\/CC-287.png","contentUrl":"https:\/\/cosmeticstoredz.com\/wp-content\/uploads\/2026\/02\/CC-287.png","width":1563,"height":1563},{"@type":"BreadcrumbList","@id":"https:\/\/cosmeticstoredz.com\/produit\/evoria-blond-d-or-platinium\/#breadcrumb","itemListElement":[{"@type":"ListItem","position":1,"name":"Accueil","item":"https:\/\/cosmeticstoredz.com\/"},{"@type":"ListItem","position":2,"name":"Boutique","item":"https:\/\/cosmeticstoredz.com\/boutique\/"},{"@type":"ListItem","position":3,"name":"EVORIA BLOND D OR PLATINIUM"}]},{"@type":"WebSite","@id":"https:\/\/cosmeticstoredz.com\/#website","url":"https:\/\/cosmeticstoredz.com\/","name":"Cosmetic Store","description":"","publisher":{"@id":"https:\/\/cosmeticstoredz.com\/#organization"},"potentialAction":[{"@type":"SearchAction","target":{"@type":"EntryPoint","urlTemplate":"https:\/\/cosmeticstoredz.com\/?s={search_term_string}"},"query-input":{"@type":"PropertyValueSpecification","valueRequired":true,"valueName":"search_term_string"}}],"inLanguage":"ar"},{"@type":"Organization","@id":"https:\/\/cosmeticstoredz.com\/#organization","name":"Cosmetic Store","url":"https:\/\/cosmeticstoredz.com\/","logo":{"@type":"ImageObject","inLanguage":"ar","@id":"https:\/\/cosmeticstoredz.com\/#\/schema\/logo\/image\/","url":"https:\/\/cosmeticstoredz.com\/wp-content\/uploads\/2026\/02\/cropped-LOGO_CS-512x512-1-1-e1771275285345.webp","contentUrl":"https:\/\/cosmeticstoredz.com\/wp-content\/uploads\/2026\/02\/cropped-LOGO_CS-512x512-1-1-e1771275285345.webp","width":265,"height":319,"caption":"Cosmetic Store"},"image":{"@id":"https:\/\/cosmeticstoredz.com\/#\/schema\/logo\/image\/"},"sameAs":["https:\/\/www.facebook.com\/profile.php?id=61564954260683","https:\/\/www.instagram.com\/cosmetic.storedz\/"]}]}},"_links":{"self":[{"href":"https:\/\/cosmeticstoredz.com\/ar\/wp-json\/wp\/v2\/product\/1413","targetHints":{"allow":["GET"]}}],"collection":[{"href":"https:\/\/cosmeticstoredz.com\/ar\/wp-json\/wp\/v2\/product"}],"about":[{"href":"https:\/\/cosmeticstoredz.com\/ar\/wp-json\/wp\/v2\/types\/product"}],"replies":[{"embeddable":true,"href":"https:\/\/cosmeticstoredz.com\/ar\/wp-json\/wp\/v2\/comments?post=1413"}],"version-history":[{"count":1,"href":"https:\/\/cosmeticstoredz.com\/ar\/wp-json\/wp\/v2\/product\/1413\/revisions"}],"predecessor-version":[{"id":1499,"href":"https:\/\/cosmeticstoredz.com\/ar\/wp-json\/wp\/v2\/product\/1413\/revisions\/1499"}],"wp:featuredmedia":[{"embeddable":true,"href":"https:\/\/cosmeticstoredz.com\/ar\/wp-json\/wp\/v2\/media\/1498"}],"wp:attachment":[{"href":"https:\/\/cosmeticstoredz.com\/ar\/wp-json\/wp\/v2\/media?parent=1413"}],"wp:term":[{"taxonomy":"product_brand","embeddable":true,"href":"https:\/\/cosmeticstoredz.com\/ar\/wp-json\/wp\/v2\/product_brand?post=1413"},{"taxonomy":"product_cat","embeddable":true,"href":"https:\/\/cosmeticstoredz.com\/ar\/wp-json\/wp\/v2\/product_cat?post=1413"},{"taxonomy":"product_tag","embeddable":true,"href":"https:\/\/cosmeticstoredz.com\/ar\/wp-json\/wp\/v2\/product_tag?post=1413"}],"curies":[{"name":"wp","href":"https:\/\/api.w.org\/{rel}","templated":true}]}}