{"id":1406,"date":"2026-02-16T08:48:28","date_gmt":"2026-02-16T08:48:28","guid":{"rendered":"https:\/\/test.fitnessworldgym27.com\/?post_type=product&#038;p=1406"},"modified":"2026-03-30T19:25:07","modified_gmt":"2026-03-30T19:25:07","slug":"essence-mousse","status":"publish","type":"product","link":"https:\/\/cosmeticstoredz.com\/ar\/product\/essence-mousse\/","title":{"rendered":"ESSENCE MOUSSE"},"content":{"rendered":"<p>Cette gamme de fond de teint \u00e0 la texture mousse ultra-d\u00e9licate offre \u00e0 votre visage un teint naturel, lisse et mat, tout en laissant la peau respirer librement.<\/p>\n<ul>\n<li>Texture mousse d\u00e9licate, offrant un teint lisse et un fini mat naturel<\/li>\n<li>Laisse une sensation de l\u00e9g\u00e8ret\u00e9, n\u2019obstrue pas les pores et laisse la peau respirer<\/li>\n<li>Test\u00e9 dermatologiquement et compatibilit\u00e9 confirm\u00e9e<\/li>\n<\/ul>\n<p>&nbsp;<\/p>","protected":false},"excerpt":{"rendered":"<p>Cette gamme de fond de teint \u00e0 la texture mousse ultra-d\u00e9licate offre \u00e0 votre visage un teint naturel, lisse et mat, tout en laissant la peau respirer librement.<\/p>\n<ul>\n<li>Texture mousse d\u00e9licate, offrant un teint lisse et un fini mat naturel<\/li>\n<li>Laisse une sensation de l\u00e9g\u00e8ret\u00e9, n\u2019obstrue pas les pores et laisse la peau respirer<\/li>\n<li>Test\u00e9 dermatologiquement et compatibilit\u00e9 confirm\u00e9e<\/li>\n<\/ul>","protected":false},"featured_media":1473,"comment_status":"closed","ping_status":"closed","template":"","meta":[],"product_brand":[],"product_cat":[185,75,187,122,123],"product_tag":[175],"class_list":{"0":"post-1406","1":"product","2":"type-product","3":"status-publish","4":"has-post-thumbnail","6":"product_cat-essence","7":"product_cat-femme","8":"product_cat-fond-de-teint","9":"product_cat-make-up","10":"product_cat-teint","11":"product_tag-made-in-allemagne","13":"first","14":"outofstock","15":"shipping-taxable","16":"purchasable","17":"product-type-simple"},"_links":{"self":[{"href":"https:\/\/cosmeticstoredz.com\/ar\/wp-json\/wp\/v2\/product\/1406","targetHints":{"allow":["GET"]}}],"collection":[{"href":"https:\/\/cosmeticstoredz.com\/ar\/wp-json\/wp\/v2\/product"}],"about":[{"href":"https:\/\/cosmeticstoredz.com\/ar\/wp-json\/wp\/v2\/types\/product"}],"replies":[{"embeddable":true,"href":"https:\/\/cosmeticstoredz.com\/ar\/wp-json\/wp\/v2\/comments?post=1406"}],"version-history":[{"count":1,"href":"https:\/\/cosmeticstoredz.com\/ar\/wp-json\/wp\/v2\/product\/1406\/revisions"}],"predecessor-version":[{"id":1474,"href":"https:\/\/cosmeticstoredz.com\/ar\/wp-json\/wp\/v2\/product\/1406\/revisions\/1474"}],"wp:featuredmedia":[{"embeddable":true,"href":"https:\/\/cosmeticstoredz.com\/ar\/wp-json\/wp\/v2\/media\/1473"}],"wp:attachment":[{"href":"https:\/\/cosmeticstoredz.com\/ar\/wp-json\/wp\/v2\/media?parent=1406"}],"wp:term":[{"taxonomy":"product_brand","embeddable":true,"href":"https:\/\/cosmeticstoredz.com\/ar\/wp-json\/wp\/v2\/product_brand?post=1406"},{"taxonomy":"product_cat","embeddable":true,"href":"https:\/\/cosmeticstoredz.com\/ar\/wp-json\/wp\/v2\/product_cat?post=1406"},{"taxonomy":"product_tag","embeddable":true,"href":"https:\/\/cosmeticstoredz.com\/ar\/wp-json\/wp\/v2\/product_tag?post=1406"}],"curies":[{"name":"wp","href":"https:\/\/api.w.org\/{rel}","templated":true}]}}