{"id":1404,"date":"2026-02-16T08:48:27","date_gmt":"2026-02-16T08:48:27","guid":{"rendered":"https:\/\/test.fitnessworldgym27.com\/?post_type=product&#038;p=1404"},"modified":"2026-03-30T19:25:07","modified_gmt":"2026-03-30T19:25:07","slug":"essence-mascara-transparant","status":"publish","type":"product","link":"https:\/\/cosmeticstoredz.com\/ar\/product\/essence-mascara-transparant\/","title":{"rendered":"ESSENCE MASCARA TRANSPARANT"},"content":{"rendered":"<p>Dites stop aux sourcils indisciplin\u00e9s ! Le <strong>lash brow gel mascara<\/strong> prend soin de vos cils et sourcils, et les dessine \u00e0 la perfection. Test\u00e9 sous contr\u00f4le ophtalmologique.<\/p>\n<ul>\n<li>La formule transparente hydrate et fixe cils et sourcils.<\/li>\n<li>Offre aux cils un galbe naturel. Fixe les sourcils. Longue tenue.<\/li>\n<li>Test\u00e9 sous contr\u00f4le ophtalmologique.<\/li>\n<\/ul>\n<p><strong>INGREDIENTS <\/strong>: AQUA (WATER), GLYCERIN, PROPYLENE GLYCOL, PANTHENOL, CARBOMER, ACRYLATES COPOLYMER, ETHYLHEXYLGLYCERIN, SODIUM HYDROXIDE, PHENOXYETHANOL.<\/p>","protected":false},"excerpt":{"rendered":"<p>Dites stop aux sourcils indisciplin\u00e9s ! Le <strong>lash brow gel mascara<\/strong> prend soin de vos cils et sourcils, et les dessine \u00e0 la perfection. Test\u00e9 sous contr\u00f4le ophtalmologique.<\/p>\n<ul>\n<li>La formule transparente hydrate et fixe cils et sourcils.<\/li>\n<li>Offre aux cils un galbe naturel. Fixe les sourcils. Longue tenue.<\/li>\n<li>Test\u00e9 sous contr\u00f4le ophtalmologique.<\/li>\n<\/ul>","protected":false},"featured_media":1468,"comment_status":"open","ping_status":"closed","template":"","meta":[],"product_brand":[],"product_cat":[185,75,122,186,126],"product_tag":[175],"class_list":{"0":"post-1404","1":"product","2":"type-product","3":"status-publish","4":"has-post-thumbnail","6":"product_cat-essence","7":"product_cat-femme","8":"product_cat-make-up","9":"product_cat-mascara","10":"product_cat-yeux","11":"product_tag-made-in-allemagne","13":"first","14":"outofstock","15":"shipping-taxable","16":"purchasable","17":"product-type-simple"},"_links":{"self":[{"href":"https:\/\/cosmeticstoredz.com\/ar\/wp-json\/wp\/v2\/product\/1404","targetHints":{"allow":["GET"]}}],"collection":[{"href":"https:\/\/cosmeticstoredz.com\/ar\/wp-json\/wp\/v2\/product"}],"about":[{"href":"https:\/\/cosmeticstoredz.com\/ar\/wp-json\/wp\/v2\/types\/product"}],"replies":[{"embeddable":true,"href":"https:\/\/cosmeticstoredz.com\/ar\/wp-json\/wp\/v2\/comments?post=1404"}],"version-history":[{"count":1,"href":"https:\/\/cosmeticstoredz.com\/ar\/wp-json\/wp\/v2\/product\/1404\/revisions"}],"predecessor-version":[{"id":1469,"href":"https:\/\/cosmeticstoredz.com\/ar\/wp-json\/wp\/v2\/product\/1404\/revisions\/1469"}],"wp:featuredmedia":[{"embeddable":true,"href":"https:\/\/cosmeticstoredz.com\/ar\/wp-json\/wp\/v2\/media\/1468"}],"wp:attachment":[{"href":"https:\/\/cosmeticstoredz.com\/ar\/wp-json\/wp\/v2\/media?parent=1404"}],"wp:term":[{"taxonomy":"product_brand","embeddable":true,"href":"https:\/\/cosmeticstoredz.com\/ar\/wp-json\/wp\/v2\/product_brand?post=1404"},{"taxonomy":"product_cat","embeddable":true,"href":"https:\/\/cosmeticstoredz.com\/ar\/wp-json\/wp\/v2\/product_cat?post=1404"},{"taxonomy":"product_tag","embeddable":true,"href":"https:\/\/cosmeticstoredz.com\/ar\/wp-json\/wp\/v2\/product_tag?post=1404"}],"curies":[{"name":"wp","href":"https:\/\/api.w.org\/{rel}","templated":true}]}}