{"id":1401,"date":"2026-02-16T08:48:27","date_gmt":"2026-02-16T08:48:27","guid":{"rendered":"https:\/\/test.fitnessworldgym27.com\/?post_type=product&#038;p=1401"},"modified":"2026-04-08T12:11:47","modified_gmt":"2026-04-08T12:11:47","slug":"essence-lash-princess-orange-volume","status":"publish","type":"product","link":"https:\/\/cosmeticstoredz.com\/ar\/product\/essence-lash-princess-orange-volume\/","title":{"rendered":"ESSENCE LASH PRINCESS ORANGE VOLUME"},"content":{"rendered":"<p>Le <strong>Lash Princess Volume Mascara d&rsquo;Essence<\/strong> est un mascara effet volume. Sa micro brosse sculpte les cils individuels pour des cils d\u00e9finis et un volume spectaculaire et sculpt\u00e9. Royal ! Gr\u00e2ce \u00e0 sa brosse concave, le Lash Princess Mascara recouvre les cils un par un pour cr\u00e9er un volume spectaculaire et un regard sublime. Pour un regard intense et des cils sublimes. Comme toutes les princesses, ce mascara ne sort jamais sans son habit de soir\u00e9e.<\/p>\n<div class=\"rich-text\">\n<ul>\n<li>Gr\u00e2ce \u00e0 sa forme innovante, la brosse concave atteint chaque cil et le recouvre d\u2019un noir profond<\/li>\n<li>Regard intense, volume \u00e9poustouflant et courbure spectaculaire<\/li>\n<li>Formule liquide, sans parab\u00e8nes, parfum, alcool, ni huile<\/li>\n<\/ul>\n<\/div>","protected":false},"excerpt":{"rendered":"<p>Le <strong>Lash Princess Volume Mascara d&rsquo;Essence<\/strong> est un mascara effet volume. Sa micro brosse sculpte les cils individuels pour des cils d\u00e9finis et un volume spectaculaire et sculpt\u00e9. Royal ! Gr\u00e2ce \u00e0 sa brosse concave, le Lash Princess Mascara recouvre les cils un par un pour cr\u00e9er un volume spectaculaire et un regard sublime. Pour un regard intense et des cils sublimes. Comme toutes les princesses, ce mascara ne sort jamais sans son habit de soir\u00e9e.<\/p>","protected":false},"featured_media":1461,"comment_status":"closed","ping_status":"closed","template":"","meta":[],"product_brand":[],"product_cat":[185,75,122,186,126],"product_tag":[175],"class_list":{"0":"post-1401","1":"product","2":"type-product","3":"status-publish","4":"has-post-thumbnail","6":"product_cat-essence","7":"product_cat-femme","8":"product_cat-make-up","9":"product_cat-mascara","10":"product_cat-yeux","11":"product_tag-made-in-allemagne","13":"first","14":"instock","15":"shipping-taxable","16":"purchasable","17":"product-type-simple"},"_links":{"self":[{"href":"https:\/\/cosmeticstoredz.com\/ar\/wp-json\/wp\/v2\/product\/1401","targetHints":{"allow":["GET"]}}],"collection":[{"href":"https:\/\/cosmeticstoredz.com\/ar\/wp-json\/wp\/v2\/product"}],"about":[{"href":"https:\/\/cosmeticstoredz.com\/ar\/wp-json\/wp\/v2\/types\/product"}],"replies":[{"embeddable":true,"href":"https:\/\/cosmeticstoredz.com\/ar\/wp-json\/wp\/v2\/comments?post=1401"}],"version-history":[{"count":1,"href":"https:\/\/cosmeticstoredz.com\/ar\/wp-json\/wp\/v2\/product\/1401\/revisions"}],"predecessor-version":[{"id":1462,"href":"https:\/\/cosmeticstoredz.com\/ar\/wp-json\/wp\/v2\/product\/1401\/revisions\/1462"}],"wp:featuredmedia":[{"embeddable":true,"href":"https:\/\/cosmeticstoredz.com\/ar\/wp-json\/wp\/v2\/media\/1461"}],"wp:attachment":[{"href":"https:\/\/cosmeticstoredz.com\/ar\/wp-json\/wp\/v2\/media?parent=1401"}],"wp:term":[{"taxonomy":"product_brand","embeddable":true,"href":"https:\/\/cosmeticstoredz.com\/ar\/wp-json\/wp\/v2\/product_brand?post=1401"},{"taxonomy":"product_cat","embeddable":true,"href":"https:\/\/cosmeticstoredz.com\/ar\/wp-json\/wp\/v2\/product_cat?post=1401"},{"taxonomy":"product_tag","embeddable":true,"href":"https:\/\/cosmeticstoredz.com\/ar\/wp-json\/wp\/v2\/product_tag?post=1401"}],"curies":[{"name":"wp","href":"https:\/\/api.w.org\/{rel}","templated":true}]}}