{"id":1371,"date":"2026-02-16T08:48:06","date_gmt":"2026-02-16T08:48:06","guid":{"rendered":"https:\/\/test.fitnessworldgym27.com\/?post_type=product&#038;p=1371"},"modified":"2026-03-30T19:26:22","modified_gmt":"2026-03-30T19:26:22","slug":"essence-lash-princess-wtp","status":"publish","type":"product","link":"https:\/\/cosmeticstoredz.com\/ar\/product\/essence-lash-princess-wtp\/","title":{"rendered":"ESSENCE LASH PRINCESS WTP"},"content":{"rendered":"<p>Des yeux toujours parfaitement maquill\u00e9s et une vie active peuvent aller de pair. Le mascara waterproof effet faux-cils Essence Lash Princess r\u00e9siste aussi bien aux activit\u00e9s sportives et \u00e0 la relaxation sur le bord de la piscine qu\u2019\u00e0 une s\u00e9ance cin\u00e9 devant un film romantique. Quelles que soient les activit\u00e9s que vous avez pr\u00e9vues pour votre journ\u00e9e, n\u2019h\u00e9sitez pas \u00e0 bien souligner votre regard.<\/p>\n<p><strong>Caract\u00e9ristiques\u00a0:<\/strong><\/p>\n<ul>\n<li>apporte longueur et volume \u00e0 vos cils<\/li>\n<li>accentue votre regard en lui apportant de la profondeur<\/li>\n<li>colore et courbe vos cils<\/li>\n<\/ul>\n<p><strong>Application\u00a0:<\/strong><br \/>\nAppliquez le mascara waterproof sur les cils en faisant de petits mouvements depuis les racines vers les extr\u00e9mit\u00e9s. Utilisez en plusieurs couches pour un effet plus intense.<\/p>","protected":false},"excerpt":{"rendered":"<p>Des yeux toujours parfaitement maquill\u00e9s et une vie active peuvent aller de pair. Le mascara waterproof effet faux-cils Essence Lash Princess r\u00e9siste aussi bien aux activit\u00e9s sportives et \u00e0 la relaxation sur le bord de la piscine qu\u2019\u00e0 une s\u00e9ance cin\u00e9 devant un film romantique. Quelles que soient les activit\u00e9s que vous avez pr\u00e9vues pour votre journ\u00e9e, n\u2019h\u00e9sitez pas \u00e0 bien souligner votre regard.<\/p>\n<p><strong>Caract\u00e9ristiques\u00a0:<\/strong><\/p>\n<ul>\n<li>apporte longueur et volume \u00e0 vos cils<\/li>\n<li>accentue votre regard en lui apportant de la profondeur<\/li>\n<li>colore et courbe vos cils<\/li>\n<\/ul>","protected":false},"featured_media":1457,"comment_status":"closed","ping_status":"closed","template":"","meta":[],"product_brand":[],"product_cat":[185,75,122,186,126],"product_tag":[175],"class_list":{"0":"post-1371","1":"product","2":"type-product","3":"status-publish","4":"has-post-thumbnail","6":"product_cat-essence","7":"product_cat-femme","8":"product_cat-make-up","9":"product_cat-mascara","10":"product_cat-yeux","11":"product_tag-made-in-allemagne","13":"first","14":"instock","15":"shipping-taxable","16":"purchasable","17":"product-type-simple"},"_links":{"self":[{"href":"https:\/\/cosmeticstoredz.com\/ar\/wp-json\/wp\/v2\/product\/1371","targetHints":{"allow":["GET"]}}],"collection":[{"href":"https:\/\/cosmeticstoredz.com\/ar\/wp-json\/wp\/v2\/product"}],"about":[{"href":"https:\/\/cosmeticstoredz.com\/ar\/wp-json\/wp\/v2\/types\/product"}],"replies":[{"embeddable":true,"href":"https:\/\/cosmeticstoredz.com\/ar\/wp-json\/wp\/v2\/comments?post=1371"}],"version-history":[{"count":1,"href":"https:\/\/cosmeticstoredz.com\/ar\/wp-json\/wp\/v2\/product\/1371\/revisions"}],"predecessor-version":[{"id":1458,"href":"https:\/\/cosmeticstoredz.com\/ar\/wp-json\/wp\/v2\/product\/1371\/revisions\/1458"}],"wp:featuredmedia":[{"embeddable":true,"href":"https:\/\/cosmeticstoredz.com\/ar\/wp-json\/wp\/v2\/media\/1457"}],"wp:attachment":[{"href":"https:\/\/cosmeticstoredz.com\/ar\/wp-json\/wp\/v2\/media?parent=1371"}],"wp:term":[{"taxonomy":"product_brand","embeddable":true,"href":"https:\/\/cosmeticstoredz.com\/ar\/wp-json\/wp\/v2\/product_brand?post=1371"},{"taxonomy":"product_cat","embeddable":true,"href":"https:\/\/cosmeticstoredz.com\/ar\/wp-json\/wp\/v2\/product_cat?post=1371"},{"taxonomy":"product_tag","embeddable":true,"href":"https:\/\/cosmeticstoredz.com\/ar\/wp-json\/wp\/v2\/product_tag?post=1371"}],"curies":[{"name":"wp","href":"https:\/\/api.w.org\/{rel}","templated":true}]}}