{"id":1368,"date":"2026-02-16T08:48:06","date_gmt":"2026-02-16T08:48:06","guid":{"rendered":"https:\/\/test.fitnessworldgym27.com\/?post_type=product&#038;p=1368"},"modified":"2026-04-06T13:15:57","modified_gmt":"2026-04-06T13:15:57","slug":"essence-mascara-i-love-extreme-crazy-volume","status":"publish","type":"product","link":"https:\/\/cosmeticstoredz.com\/ar\/product\/essence-mascara-i-love-extreme-crazy-volume\/","title":{"rendered":"ESSENCE MASCARA I LOVE EXTREME CRAZY VOLUME"},"content":{"rendered":"<p>Version d\u00e9mesur\u00e9e du I love extreme mascara \u2013 pour un volume encore plus extr\u00eame ! La formule cr\u00e9meuse recouvre chaque cil d\u2019un noir profond et la brosse extra-large en \u00e9lastom\u00e8re offre un r\u00e9sultat \u00e9poustouflant d\u00e8s la premi\u00e8re application. Packaging reconnaissable : lettre noire fonc\u00e9 sur fond rose<\/p>\n<ul>\n<li>Brosse en plastique XL. Pour un volume spectaculaire.<\/li>\n<li>Recouvre chaque cil d\u2019une texture cr\u00e9meuse au noir intense.<\/li>\n<li>Test\u00e9 sous contr\u00f4le ophtalmologique.<\/li>\n<\/ul>\n<p>&nbsp;<\/p>","protected":false},"excerpt":{"rendered":"<p>Version d\u00e9mesur\u00e9e du I love extreme mascara \u2013 pour un volume encore plus extr\u00eame ! La formule cr\u00e9meuse recouvre chaque cil d\u2019un noir profond et la brosse extra-large en \u00e9lastom\u00e8re offre un r\u00e9sultat \u00e9poustouflant d\u00e8s la premi\u00e8re application. Packaging reconnaissable : lettre noire fonc\u00e9 sur fond rose<\/p>\n<ul>\n<li>Brosse en plastique XL. Pour un volume spectaculaire.<\/li>\n<li>Recouvre chaque cil d\u2019une texture cr\u00e9meuse au noir intense.<\/li>\n<li>Test\u00e9 sous contr\u00f4le ophtalmologique.<\/li>\n<\/ul>","protected":false},"featured_media":1437,"comment_status":"open","ping_status":"closed","template":"","meta":[],"product_brand":[],"product_cat":[185,75,122,186,126],"product_tag":[175],"class_list":{"0":"post-1368","1":"product","2":"type-product","3":"status-publish","4":"has-post-thumbnail","6":"product_cat-essence","7":"product_cat-femme","8":"product_cat-make-up","9":"product_cat-mascara","10":"product_cat-yeux","11":"product_tag-made-in-allemagne","13":"first","14":"instock","15":"shipping-taxable","16":"purchasable","17":"product-type-simple"},"yoast_head":"<!-- This site is optimized with the Yoast SEO plugin v27.3 - https:\/\/yoast.com\/product\/yoast-seo-wordpress\/ -->\n<title>ESSENCE MASCARA I LOVE EXTREME CRAZY VOLUME - Cosmetic Store<\/title>\n<meta name=\"robots\" content=\"index, follow, max-snippet:-1, max-image-preview:large, max-video-preview:-1\" \/>\n<link rel=\"canonical\" href=\"https:\/\/cosmeticstoredz.com\/ar\/product\/essence-mascara-i-love-extreme-crazy-volume\/\" \/>\n<meta property=\"og:locale\" content=\"ar_AR\" \/>\n<meta property=\"og:type\" content=\"article\" \/>\n<meta property=\"og:title\" content=\"ESSENCE MASCARA I LOVE EXTREME CRAZY VOLUME - Cosmetic Store\" \/>\n<meta property=\"og:description\" content=\"Version d\u00e9mesur\u00e9e du I love extreme mascara \u2013 pour un volume encore plus extr\u00eame ! La formule cr\u00e9meuse recouvre chaque cil d\u2019un noir profond et la brosse extra-large en \u00e9lastom\u00e8re offre un r\u00e9sultat \u00e9poustouflant d\u00e8s la premi\u00e8re application. Packaging reconnaissable : lettre noire fonc\u00e9 sur fond rose   Brosse en plastique XL. Pour un volume spectaculaire.  Recouvre chaque cil d\u2019une texture cr\u00e9meuse au noir intense.  Test\u00e9 sous contr\u00f4le ophtalmologique.\" \/>\n<meta property=\"og:url\" content=\"https:\/\/cosmeticstoredz.com\/ar\/product\/essence-mascara-i-love-extreme-crazy-volume\/\" \/>\n<meta property=\"og:site_name\" content=\"Cosmetic Store\" \/>\n<meta property=\"article:publisher\" content=\"https:\/\/www.facebook.com\/profile.php?id=61564954260683\" \/>\n<meta property=\"article:modified_time\" content=\"2026-04-06T13:15:57+00:00\" \/>\n<meta property=\"og:image\" content=\"https:\/\/cosmeticstoredz.com\/wp-content\/uploads\/2026\/02\/Ajouter-un-titre-2024-08-08T162748.041.png\" \/>\n\t<meta property=\"og:image:width\" content=\"1563\" \/>\n\t<meta property=\"og:image:height\" content=\"1563\" \/>\n\t<meta property=\"og:image:type\" content=\"image\/png\" \/>\n<meta name=\"twitter:card\" content=\"summary_large_image\" \/>\n<script type=\"application\/ld+json\" class=\"yoast-schema-graph\">{\"@context\":\"https:\\\/\\\/schema.org\",\"@graph\":[{\"@type\":\"WebPage\",\"@id\":\"https:\\\/\\\/cosmeticstoredz.com\\\/produit\\\/essence-mascara-i-love-extreme-crazy-volume\\\/\",\"url\":\"https:\\\/\\\/cosmeticstoredz.com\\\/produit\\\/essence-mascara-i-love-extreme-crazy-volume\\\/\",\"name\":\"ESSENCE MASCARA I LOVE EXTREME CRAZY VOLUME - Cosmetic Store\",\"isPartOf\":{\"@id\":\"https:\\\/\\\/cosmeticstoredz.com\\\/#website\"},\"primaryImageOfPage\":{\"@id\":\"https:\\\/\\\/cosmeticstoredz.com\\\/produit\\\/essence-mascara-i-love-extreme-crazy-volume\\\/#primaryimage\"},\"image\":{\"@id\":\"https:\\\/\\\/cosmeticstoredz.com\\\/produit\\\/essence-mascara-i-love-extreme-crazy-volume\\\/#primaryimage\"},\"thumbnailUrl\":\"https:\\\/\\\/cosmeticstoredz.com\\\/wp-content\\\/uploads\\\/2026\\\/02\\\/Ajouter-un-titre-2024-08-08T162748.041.png\",\"datePublished\":\"2026-02-16T08:48:06+00:00\",\"dateModified\":\"2026-04-06T13:15:57+00:00\",\"breadcrumb\":{\"@id\":\"https:\\\/\\\/cosmeticstoredz.com\\\/produit\\\/essence-mascara-i-love-extreme-crazy-volume\\\/#breadcrumb\"},\"inLanguage\":\"ar\",\"potentialAction\":[{\"@type\":\"ReadAction\",\"target\":[\"https:\\\/\\\/cosmeticstoredz.com\\\/produit\\\/essence-mascara-i-love-extreme-crazy-volume\\\/\"]}]},{\"@type\":\"ImageObject\",\"inLanguage\":\"ar\",\"@id\":\"https:\\\/\\\/cosmeticstoredz.com\\\/produit\\\/essence-mascara-i-love-extreme-crazy-volume\\\/#primaryimage\",\"url\":\"https:\\\/\\\/cosmeticstoredz.com\\\/wp-content\\\/uploads\\\/2026\\\/02\\\/Ajouter-un-titre-2024-08-08T162748.041.png\",\"contentUrl\":\"https:\\\/\\\/cosmeticstoredz.com\\\/wp-content\\\/uploads\\\/2026\\\/02\\\/Ajouter-un-titre-2024-08-08T162748.041.png\",\"width\":1563,\"height\":1563},{\"@type\":\"BreadcrumbList\",\"@id\":\"https:\\\/\\\/cosmeticstoredz.com\\\/produit\\\/essence-mascara-i-love-extreme-crazy-volume\\\/#breadcrumb\",\"itemListElement\":[{\"@type\":\"ListItem\",\"position\":1,\"name\":\"Accueil\",\"item\":\"https:\\\/\\\/cosmeticstoredz.com\\\/\"},{\"@type\":\"ListItem\",\"position\":2,\"name\":\"Boutique\",\"item\":\"https:\\\/\\\/cosmeticstoredz.com\\\/boutique\\\/\"},{\"@type\":\"ListItem\",\"position\":3,\"name\":\"ESSENCE MASCARA I LOVE EXTREME CRAZY VOLUME\"}]},{\"@type\":\"WebSite\",\"@id\":\"https:\\\/\\\/cosmeticstoredz.com\\\/#website\",\"url\":\"https:\\\/\\\/cosmeticstoredz.com\\\/\",\"name\":\"Cosmetic Store\",\"description\":\"\",\"publisher\":{\"@id\":\"https:\\\/\\\/cosmeticstoredz.com\\\/#organization\"},\"potentialAction\":[{\"@type\":\"SearchAction\",\"target\":{\"@type\":\"EntryPoint\",\"urlTemplate\":\"https:\\\/\\\/cosmeticstoredz.com\\\/?s={search_term_string}\"},\"query-input\":{\"@type\":\"PropertyValueSpecification\",\"valueRequired\":true,\"valueName\":\"search_term_string\"}}],\"inLanguage\":\"ar\"},{\"@type\":\"Organization\",\"@id\":\"https:\\\/\\\/cosmeticstoredz.com\\\/#organization\",\"name\":\"Cosmetic Store\",\"url\":\"https:\\\/\\\/cosmeticstoredz.com\\\/\",\"logo\":{\"@type\":\"ImageObject\",\"inLanguage\":\"ar\",\"@id\":\"https:\\\/\\\/cosmeticstoredz.com\\\/#\\\/schema\\\/logo\\\/image\\\/\",\"url\":\"https:\\\/\\\/cosmeticstoredz.com\\\/wp-content\\\/uploads\\\/2026\\\/02\\\/cropped-LOGO_CS-512x512-1-1-e1771275285345.webp\",\"contentUrl\":\"https:\\\/\\\/cosmeticstoredz.com\\\/wp-content\\\/uploads\\\/2026\\\/02\\\/cropped-LOGO_CS-512x512-1-1-e1771275285345.webp\",\"width\":265,\"height\":319,\"caption\":\"Cosmetic Store\"},\"image\":{\"@id\":\"https:\\\/\\\/cosmeticstoredz.com\\\/#\\\/schema\\\/logo\\\/image\\\/\"},\"sameAs\":[\"https:\\\/\\\/www.facebook.com\\\/profile.php?id=61564954260683\",\"https:\\\/\\\/www.instagram.com\\\/cosmetic.storedz\\\/\"]}]}<\/script>\n<!-- \/ Yoast SEO plugin. -->","yoast_head_json":{"title":"ESSENCE MASCARA I LOVE EXTREME CRAZY VOLUME - Cosmetic Store","robots":{"index":"index","follow":"follow","max-snippet":"max-snippet:-1","max-image-preview":"max-image-preview:large","max-video-preview":"max-video-preview:-1"},"canonical":"https:\/\/cosmeticstoredz.com\/ar\/product\/essence-mascara-i-love-extreme-crazy-volume\/","og_locale":"ar_AR","og_type":"article","og_title":"ESSENCE MASCARA I LOVE EXTREME CRAZY VOLUME - Cosmetic Store","og_description":"Version d\u00e9mesur\u00e9e du I love extreme mascara \u2013 pour un volume encore plus extr\u00eame ! La formule cr\u00e9meuse recouvre chaque cil d\u2019un noir profond et la brosse extra-large en \u00e9lastom\u00e8re offre un r\u00e9sultat \u00e9poustouflant d\u00e8s la premi\u00e8re application. Packaging reconnaissable : lettre noire fonc\u00e9 sur fond rose   Brosse en plastique XL. Pour un volume spectaculaire.  Recouvre chaque cil d\u2019une texture cr\u00e9meuse au noir intense.  Test\u00e9 sous contr\u00f4le ophtalmologique.","og_url":"https:\/\/cosmeticstoredz.com\/ar\/product\/essence-mascara-i-love-extreme-crazy-volume\/","og_site_name":"Cosmetic Store","article_publisher":"https:\/\/www.facebook.com\/profile.php?id=61564954260683","article_modified_time":"2026-04-06T13:15:57+00:00","og_image":[{"width":1563,"height":1563,"url":"https:\/\/cosmeticstoredz.com\/wp-content\/uploads\/2026\/02\/Ajouter-un-titre-2024-08-08T162748.041.png","type":"image\/png"}],"twitter_card":"summary_large_image","schema":{"@context":"https:\/\/schema.org","@graph":[{"@type":"WebPage","@id":"https:\/\/cosmeticstoredz.com\/produit\/essence-mascara-i-love-extreme-crazy-volume\/","url":"https:\/\/cosmeticstoredz.com\/produit\/essence-mascara-i-love-extreme-crazy-volume\/","name":"ESSENCE MASCARA I LOVE EXTREME CRAZY VOLUME - Cosmetic Store","isPartOf":{"@id":"https:\/\/cosmeticstoredz.com\/#website"},"primaryImageOfPage":{"@id":"https:\/\/cosmeticstoredz.com\/produit\/essence-mascara-i-love-extreme-crazy-volume\/#primaryimage"},"image":{"@id":"https:\/\/cosmeticstoredz.com\/produit\/essence-mascara-i-love-extreme-crazy-volume\/#primaryimage"},"thumbnailUrl":"https:\/\/cosmeticstoredz.com\/wp-content\/uploads\/2026\/02\/Ajouter-un-titre-2024-08-08T162748.041.png","datePublished":"2026-02-16T08:48:06+00:00","dateModified":"2026-04-06T13:15:57+00:00","breadcrumb":{"@id":"https:\/\/cosmeticstoredz.com\/produit\/essence-mascara-i-love-extreme-crazy-volume\/#breadcrumb"},"inLanguage":"ar","potentialAction":[{"@type":"ReadAction","target":["https:\/\/cosmeticstoredz.com\/produit\/essence-mascara-i-love-extreme-crazy-volume\/"]}]},{"@type":"ImageObject","inLanguage":"ar","@id":"https:\/\/cosmeticstoredz.com\/produit\/essence-mascara-i-love-extreme-crazy-volume\/#primaryimage","url":"https:\/\/cosmeticstoredz.com\/wp-content\/uploads\/2026\/02\/Ajouter-un-titre-2024-08-08T162748.041.png","contentUrl":"https:\/\/cosmeticstoredz.com\/wp-content\/uploads\/2026\/02\/Ajouter-un-titre-2024-08-08T162748.041.png","width":1563,"height":1563},{"@type":"BreadcrumbList","@id":"https:\/\/cosmeticstoredz.com\/produit\/essence-mascara-i-love-extreme-crazy-volume\/#breadcrumb","itemListElement":[{"@type":"ListItem","position":1,"name":"Accueil","item":"https:\/\/cosmeticstoredz.com\/"},{"@type":"ListItem","position":2,"name":"Boutique","item":"https:\/\/cosmeticstoredz.com\/boutique\/"},{"@type":"ListItem","position":3,"name":"ESSENCE MASCARA I LOVE EXTREME CRAZY VOLUME"}]},{"@type":"WebSite","@id":"https:\/\/cosmeticstoredz.com\/#website","url":"https:\/\/cosmeticstoredz.com\/","name":"Cosmetic Store","description":"","publisher":{"@id":"https:\/\/cosmeticstoredz.com\/#organization"},"potentialAction":[{"@type":"SearchAction","target":{"@type":"EntryPoint","urlTemplate":"https:\/\/cosmeticstoredz.com\/?s={search_term_string}"},"query-input":{"@type":"PropertyValueSpecification","valueRequired":true,"valueName":"search_term_string"}}],"inLanguage":"ar"},{"@type":"Organization","@id":"https:\/\/cosmeticstoredz.com\/#organization","name":"Cosmetic Store","url":"https:\/\/cosmeticstoredz.com\/","logo":{"@type":"ImageObject","inLanguage":"ar","@id":"https:\/\/cosmeticstoredz.com\/#\/schema\/logo\/image\/","url":"https:\/\/cosmeticstoredz.com\/wp-content\/uploads\/2026\/02\/cropped-LOGO_CS-512x512-1-1-e1771275285345.webp","contentUrl":"https:\/\/cosmeticstoredz.com\/wp-content\/uploads\/2026\/02\/cropped-LOGO_CS-512x512-1-1-e1771275285345.webp","width":265,"height":319,"caption":"Cosmetic Store"},"image":{"@id":"https:\/\/cosmeticstoredz.com\/#\/schema\/logo\/image\/"},"sameAs":["https:\/\/www.facebook.com\/profile.php?id=61564954260683","https:\/\/www.instagram.com\/cosmetic.storedz\/"]}]}},"_links":{"self":[{"href":"https:\/\/cosmeticstoredz.com\/ar\/wp-json\/wp\/v2\/product\/1368","targetHints":{"allow":["GET"]}}],"collection":[{"href":"https:\/\/cosmeticstoredz.com\/ar\/wp-json\/wp\/v2\/product"}],"about":[{"href":"https:\/\/cosmeticstoredz.com\/ar\/wp-json\/wp\/v2\/types\/product"}],"replies":[{"embeddable":true,"href":"https:\/\/cosmeticstoredz.com\/ar\/wp-json\/wp\/v2\/comments?post=1368"}],"version-history":[{"count":1,"href":"https:\/\/cosmeticstoredz.com\/ar\/wp-json\/wp\/v2\/product\/1368\/revisions"}],"predecessor-version":[{"id":1438,"href":"https:\/\/cosmeticstoredz.com\/ar\/wp-json\/wp\/v2\/product\/1368\/revisions\/1438"}],"wp:featuredmedia":[{"embeddable":true,"href":"https:\/\/cosmeticstoredz.com\/ar\/wp-json\/wp\/v2\/media\/1437"}],"wp:attachment":[{"href":"https:\/\/cosmeticstoredz.com\/ar\/wp-json\/wp\/v2\/media?parent=1368"}],"wp:term":[{"taxonomy":"product_brand","embeddable":true,"href":"https:\/\/cosmeticstoredz.com\/ar\/wp-json\/wp\/v2\/product_brand?post=1368"},{"taxonomy":"product_cat","embeddable":true,"href":"https:\/\/cosmeticstoredz.com\/ar\/wp-json\/wp\/v2\/product_cat?post=1368"},{"taxonomy":"product_tag","embeddable":true,"href":"https:\/\/cosmeticstoredz.com\/ar\/wp-json\/wp\/v2\/product_tag?post=1368"}],"curies":[{"name":"wp","href":"https:\/\/api.w.org\/{rel}","templated":true}]}}