{"id":1365,"date":"2026-02-16T08:48:06","date_gmt":"2026-02-16T08:48:06","guid":{"rendered":"https:\/\/test.fitnessworldgym27.com\/?post_type=product&#038;p=1365"},"modified":"2026-03-30T19:25:06","modified_gmt":"2026-03-30T19:25:06","slug":"energy-fruit-soin-intim","status":"publish","type":"product","link":"https:\/\/cosmeticstoredz.com\/ar\/product\/energy-fruit-soin-intim\/","title":{"rendered":"ENERGY FRUIT SOIN INTIM"},"content":{"rendered":"<p><strong>Energie Fruit Soin Lavant Intime Doux Bio 150 ml<\/strong> est un soin sp\u00e9cialement con\u00e7u pour prendre soin de l&rsquo;hygi\u00e8ne intime des femmes au quotidien.<br \/>\nEnrichi en alo\u00e9 vera Bio et en glyc\u00e9rine v\u00e9g\u00e9tale, il nettoie en douceur et apporte une vraie sensation de confort et de bien-\u00eatre.<\/p>\n<p>Test\u00e9 gyn\u00e9cologiquement.<br \/>\nSans colorant, silicone ni parab\u00e8ne. Sans sulfate.<br \/>\nVegan.<\/p>\n<p>98% des ingr\u00e9dients sont d&rsquo;origine naturelle.<br \/>\n10% du total des ingr\u00e9dients sont issus de l&rsquo;Agriculture Biologique.<br \/>\nCosmos Organic certifi\u00e9 par Ecocert Greenlife selon le r\u00e9f\u00e9rentiel Cosmos.<\/p>\n<p>Fabriqu\u00e9 en France.<\/p>","protected":false},"excerpt":{"rendered":"<p style=\"font-weight: 500;\">Ce soin Intime Lavant Doux a \u00e9t\u00e9 sp\u00e9cialement con\u00e7u pour prendre soin de l\u2019hygi\u00e8ne intime des femmes au quotidien.<\/p>\n<p style=\"font-weight: 500;\">\u00a0Formul\u00e9 \u00e0 98% d\u2019ingr\u00e9dients d\u2019origine naturelle et enrichi en alo\u00e9 Vera bio et en glyc\u00e9rine v\u00e9g\u00e9tale, il nettoie en douceur et apporte une vraie sensation de confort et de bien-\u00eatre.<\/p>","protected":false},"featured_media":1431,"comment_status":"open","ping_status":"closed","template":"","meta":[],"product_brand":[],"product_cat":[183,75,140,81],"product_tag":[125],"class_list":{"0":"post-1365","1":"product","2":"type-product","3":"status-publish","4":"has-post-thumbnail","6":"product_cat-energie-fruit","7":"product_cat-femme","8":"product_cat-gel-intime","9":"product_cat-soin-corps-f","10":"product_tag-made-in-france","12":"first","13":"outofstock","14":"shipping-taxable","15":"purchasable","16":"product-type-simple"},"_links":{"self":[{"href":"https:\/\/cosmeticstoredz.com\/ar\/wp-json\/wp\/v2\/product\/1365","targetHints":{"allow":["GET"]}}],"collection":[{"href":"https:\/\/cosmeticstoredz.com\/ar\/wp-json\/wp\/v2\/product"}],"about":[{"href":"https:\/\/cosmeticstoredz.com\/ar\/wp-json\/wp\/v2\/types\/product"}],"replies":[{"embeddable":true,"href":"https:\/\/cosmeticstoredz.com\/ar\/wp-json\/wp\/v2\/comments?post=1365"}],"version-history":[{"count":1,"href":"https:\/\/cosmeticstoredz.com\/ar\/wp-json\/wp\/v2\/product\/1365\/revisions"}],"predecessor-version":[{"id":1432,"href":"https:\/\/cosmeticstoredz.com\/ar\/wp-json\/wp\/v2\/product\/1365\/revisions\/1432"}],"wp:featuredmedia":[{"embeddable":true,"href":"https:\/\/cosmeticstoredz.com\/ar\/wp-json\/wp\/v2\/media\/1431"}],"wp:attachment":[{"href":"https:\/\/cosmeticstoredz.com\/ar\/wp-json\/wp\/v2\/media?parent=1365"}],"wp:term":[{"taxonomy":"product_brand","embeddable":true,"href":"https:\/\/cosmeticstoredz.com\/ar\/wp-json\/wp\/v2\/product_brand?post=1365"},{"taxonomy":"product_cat","embeddable":true,"href":"https:\/\/cosmeticstoredz.com\/ar\/wp-json\/wp\/v2\/product_cat?post=1365"},{"taxonomy":"product_tag","embeddable":true,"href":"https:\/\/cosmeticstoredz.com\/ar\/wp-json\/wp\/v2\/product_tag?post=1365"}],"curies":[{"name":"wp","href":"https:\/\/api.w.org\/{rel}","templated":true}]}}