{"id":1364,"date":"2026-02-16T08:48:06","date_gmt":"2026-02-16T08:48:06","guid":{"rendered":"https:\/\/test.fitnessworldgym27.com\/?post_type=product&#038;p=1364"},"modified":"2026-03-30T19:26:21","modified_gmt":"2026-03-30T19:26:21","slug":"energie-fruit-shp-sec","status":"publish","type":"product","link":"https:\/\/cosmeticstoredz.com\/ar\/product\/energie-fruit-shp-sec\/","title":{"rendered":"ENERGIE FRUIT SHP SEC"},"content":{"rendered":"<p>Pour une retouche express sur tes cheveux, utilise le <strong>shampooing sec mono\u00ef Energie Fruit<\/strong>. Ses poudres min\u00e9rales absorbent l&rsquo;exc\u00e8s de s\u00e9bum pour\u00a0<strong>un coup d&rsquo;\u00e9clat instantan\u00e9\u00a0<\/strong>! Quelques coups de brosse suffisent pour \u00e9liminer les poudres blanches et laisser place \u00e0 une chevelure souple, rafraichie et d\u00e9licieusement parfum\u00e9e au mono\u00ef.<\/p>\n<p><strong>Conseil d&rsquo;utilisation<\/strong><\/p>\n<p>1. Agiter le produit avant utilisation.<br \/>\n2. Vaporiser \u00e0 20cm des racines.<br \/>\n3. Laisser agir 30 secondes<br \/>\n4. Masser et brosser pour enlever l&rsquo;exc\u00e9dent de poudres blanches<\/p>\n<p><strong>Composition<\/strong><\/p>\n<p>Butane, Propane, Alcohol Denat, Oryza Sativa Starch, Cetrimonium Chloride, Simmondsia Chinensis Seed Oil, Parfum<\/p>","protected":false},"excerpt":{"rendered":"<p>Oups, pas le temps de laver tes cheveux qui en auraient bien besoin&#8230;Pas de panique, ce shampooing sec va leur donner un bol d&rsquo;air frais en un pschitt, gr\u00e2ce \u00e0 ses poudres min\u00e9rales qui absorbent l&rsquo;exc\u00e9s de sebum en douceur. Vaporise, brosse, coiffe : en 2 minutes tu viens de gagner un jour de lavage. Ouf !<\/p>","protected":false},"featured_media":1429,"comment_status":"open","ping_status":"closed","template":"","meta":[],"product_brand":[],"product_cat":[184,75,111,95],"product_tag":[125],"class_list":{"0":"post-1364","1":"product","2":"type-product","3":"status-publish","4":"has-post-thumbnail","6":"product_cat-energie-fruit-energie-fruit","7":"product_cat-femme","8":"product_cat-shampoing-f","9":"product_cat-soin-cheveux-f","10":"product_tag-made-in-france","12":"first","13":"outofstock","14":"shipping-taxable","15":"purchasable","16":"product-type-simple"},"_links":{"self":[{"href":"https:\/\/cosmeticstoredz.com\/ar\/wp-json\/wp\/v2\/product\/1364","targetHints":{"allow":["GET"]}}],"collection":[{"href":"https:\/\/cosmeticstoredz.com\/ar\/wp-json\/wp\/v2\/product"}],"about":[{"href":"https:\/\/cosmeticstoredz.com\/ar\/wp-json\/wp\/v2\/types\/product"}],"replies":[{"embeddable":true,"href":"https:\/\/cosmeticstoredz.com\/ar\/wp-json\/wp\/v2\/comments?post=1364"}],"version-history":[{"count":1,"href":"https:\/\/cosmeticstoredz.com\/ar\/wp-json\/wp\/v2\/product\/1364\/revisions"}],"predecessor-version":[{"id":1430,"href":"https:\/\/cosmeticstoredz.com\/ar\/wp-json\/wp\/v2\/product\/1364\/revisions\/1430"}],"wp:featuredmedia":[{"embeddable":true,"href":"https:\/\/cosmeticstoredz.com\/ar\/wp-json\/wp\/v2\/media\/1429"}],"wp:attachment":[{"href":"https:\/\/cosmeticstoredz.com\/ar\/wp-json\/wp\/v2\/media?parent=1364"}],"wp:term":[{"taxonomy":"product_brand","embeddable":true,"href":"https:\/\/cosmeticstoredz.com\/ar\/wp-json\/wp\/v2\/product_brand?post=1364"},{"taxonomy":"product_cat","embeddable":true,"href":"https:\/\/cosmeticstoredz.com\/ar\/wp-json\/wp\/v2\/product_cat?post=1364"},{"taxonomy":"product_tag","embeddable":true,"href":"https:\/\/cosmeticstoredz.com\/ar\/wp-json\/wp\/v2\/product_tag?post=1364"}],"curies":[{"name":"wp","href":"https:\/\/api.w.org\/{rel}","templated":true}]}}