{"id":1363,"date":"2026-02-16T08:48:06","date_gmt":"2026-02-16T08:48:06","guid":{"rendered":"https:\/\/test.fitnessworldgym27.com\/?post_type=product&#038;p=1363"},"modified":"2026-03-30T19:25:06","modified_gmt":"2026-03-30T19:25:06","slug":"energie-fruit-lait-de-corps","status":"publish","type":"product","link":"https:\/\/cosmeticstoredz.com\/ar\/product\/energie-fruit-lait-de-corps\/","title":{"rendered":"ENERGIE FRUIT LAIT DE CORPS"},"content":{"rendered":"<p>Accordez-vous une petite pause de tendresse avec <strong>Energie Fruit Lait Hydratant Corps Monoi et Huile d&rsquo;Argan Bio 300ml<\/strong> aussi enivrant que gourmand.<br \/>\nCet \u00e9lixir a pour mission de rafra\u00eechir votre peau en \u00e9t\u00e9, de la r\u00e9conforter en hiver et de l\u2019hydrater tout au long de l\u2019ann\u00e9e.<br \/>\nCompos\u00e9e de 97% d\u2019ingr\u00e9dients d\u2019origine naturelle et fabriqu\u00e9e en Provence, elle est enrichie en huile de mono\u00ef, beurre de Karit\u00e9 et Huile d\u2019Argan Bio, il apportera la juste dose de plaisir et de douceur pour les peaux les plus s\u00e8ches.<\/p>\n<p><strong>Conseils d&rsquo;utilisation :<\/strong><br \/>\n\u00c9talez sur l\u2019ensemble de votre corps, la fragrance tropicale du lait hydratant Mono\u00ef et Huile d\u2019Argan Bio puis massez jusqu\u2019\u00e0 p\u00e9n\u00e9tration.<\/p>\n<p><strong>Composition :<\/strong><br \/>\nAqua (water), helianthus annuus (sunflower) seed oil, glycerin, cetearyl alcohol, butyrospermum parkii (shea) butter, ceteareth-20, polyglyceryl-3 methylglucose distearate, ethylhexyl stearate, carbomer, parfum (fragrance), potassium sorbate, sodium benzoate, cocos nucifera (coconut) oil, sodium hydroxide, tocopherol, argania spinosa kernel oil*, gardenia taitensis flower<\/p>","protected":false},"excerpt":{"rendered":"<p>Accordez-vous une petite pause de tendresse avec <strong>Energie Fruit Lait Hydratant Corps Monoi et Huile d&rsquo;Argan Bio 300ml<\/strong> aussi enivrant que gourmand.<br \/>\nCet \u00e9lixir a pour mission de rafra\u00eechir votre peau en \u00e9t\u00e9, de la r\u00e9conforter en hiver et de l\u2019hydrater tout au long de l\u2019ann\u00e9e.<br \/>\nCompos\u00e9e de 97% d\u2019ingr\u00e9dients d\u2019origine naturelle et fabriqu\u00e9e en Provence, elle est enrichie en huile de mono\u00ef, beurre de Karit\u00e9 et Huile d\u2019Argan Bio, il apportera la juste dose de plaisir et de douceur pour les peaux les plus s\u00e8ches.<\/p>","protected":false},"featured_media":1427,"comment_status":"closed","ping_status":"closed","template":"","meta":[],"product_brand":[],"product_cat":[183,75,139,81],"product_tag":[125],"class_list":{"0":"post-1363","1":"product","2":"type-product","3":"status-publish","4":"has-post-thumbnail","6":"product_cat-energie-fruit","7":"product_cat-femme","8":"product_cat-lait-de-corps-soin-corps-f","9":"product_cat-soin-corps-f","10":"product_tag-made-in-france","12":"first","13":"instock","14":"shipping-taxable","15":"purchasable","16":"product-type-simple"},"_links":{"self":[{"href":"https:\/\/cosmeticstoredz.com\/ar\/wp-json\/wp\/v2\/product\/1363","targetHints":{"allow":["GET"]}}],"collection":[{"href":"https:\/\/cosmeticstoredz.com\/ar\/wp-json\/wp\/v2\/product"}],"about":[{"href":"https:\/\/cosmeticstoredz.com\/ar\/wp-json\/wp\/v2\/types\/product"}],"replies":[{"embeddable":true,"href":"https:\/\/cosmeticstoredz.com\/ar\/wp-json\/wp\/v2\/comments?post=1363"}],"version-history":[{"count":1,"href":"https:\/\/cosmeticstoredz.com\/ar\/wp-json\/wp\/v2\/product\/1363\/revisions"}],"predecessor-version":[{"id":1428,"href":"https:\/\/cosmeticstoredz.com\/ar\/wp-json\/wp\/v2\/product\/1363\/revisions\/1428"}],"wp:featuredmedia":[{"embeddable":true,"href":"https:\/\/cosmeticstoredz.com\/ar\/wp-json\/wp\/v2\/media\/1427"}],"wp:attachment":[{"href":"https:\/\/cosmeticstoredz.com\/ar\/wp-json\/wp\/v2\/media?parent=1363"}],"wp:term":[{"taxonomy":"product_brand","embeddable":true,"href":"https:\/\/cosmeticstoredz.com\/ar\/wp-json\/wp\/v2\/product_brand?post=1363"},{"taxonomy":"product_cat","embeddable":true,"href":"https:\/\/cosmeticstoredz.com\/ar\/wp-json\/wp\/v2\/product_cat?post=1363"},{"taxonomy":"product_tag","embeddable":true,"href":"https:\/\/cosmeticstoredz.com\/ar\/wp-json\/wp\/v2\/product_tag?post=1363"}],"curies":[{"name":"wp","href":"https:\/\/api.w.org\/{rel}","templated":true}]}}