{"id":1335,"date":"2026-02-16T08:47:44","date_gmt":"2026-02-16T08:47:44","guid":{"rendered":"https:\/\/test.fitnessworldgym27.com\/?post_type=product&#038;p=1335"},"modified":"2026-04-18T19:19:46","modified_gmt":"2026-04-18T19:19:46","slug":"elvive-shp-400ml-multivitamine-fresh","status":"publish","type":"product","link":"https:\/\/cosmeticstoredz.com\/ar\/product\/elvive-shp-400ml-multivitamine-fresh\/","title":{"rendered":"ELVIVE SHP 400ML MULTIVITAMINE FRESH"},"content":{"rendered":"<p><strong>L&rsquo;Or\u00e9al Paris Elvive Multivitamin Fresh Shampoo<\/strong>\u00a0nettoie et purifie en profondeur les cheveux \u00e0 tendance grasse.<\/p>\n<p>Pour cela, sa formule est enrichie en Citrus CR et en multivitamines comme E + PP + B5 qui garantiront des cheveux propres et frais.<\/p>\n<p>De plus, cette formule a un effet purifiant longue dur\u00e9e qui \u00e9vite aux cheveux de graisser trop rapidement et contient des \u00e9l\u00e9ments hydratants comme le Panth\u00e9nol, qui vont hydrater et lisser toute la longueur des cheveux.<\/p>\n<p>Dans l\u2019ensemble, ce shampooing est parfait pour ceux qui souhaitent des soins suppl\u00e9mentaires et laisser leurs cheveux frais et sains pendant longtemps.<\/p>\n<p><strong>Mode d&#8217;emploi :<\/strong> Appliquer sur cheveux mouill\u00e9s, masser le cuir chevelu et rincer \u00e0 l&rsquo;eau.\u00a0En cas de contact avec les yeux, rincer imm\u00e9diatement et abondamment \u00e0 l&rsquo;eau.<\/p>\n<p><strong>Ingr\u00e9dients :<\/strong> Aqua \/ Eau ,\u00a0<span data-iopelement=\"Laureth Sulfate de Sodium\">Laureth Sulfate de Sodium<\/span>\u00a0,\u00a0<span data-iopelement=\"Acide Citrique\">Acide Citrique<\/span>\u00a0, Cocamidopropyl B\u00e9ta\u00efne ,\u00a0<span data-iopelement=\"Hydroxyde de Sodium\">Hydroxyde de Sodium<\/span>\u00a0,\u00a0<span data-iopelement=\"Chlorure de Sodium\">Chlorure de Sodium<\/span>\u00a0,\u00a0<span data-iopelement=\"Niacinamide\">Niacinamide<\/span>\u00a0,\u00a0<span data-iopelement=\"Cocamide Mipa\">Cocamide Mipa<\/span>\u00a0,\u00a0<span data-iopelement=\"Ac\u00e9tate de Tocoph\u00e9ryle\">Ac\u00e9tate de Tocoph\u00e9ryle<\/span>\u00a0,\u00a0<span data-iopelement=\"Benzoate de Sodium\">Benzoate de Sodium<\/span>\u00a0, Ac\u00e9tate de Sodium ,\u00a0<span data-iopelement=\"Acide Salicylique\">Acide Salicylique<\/span>\u00a0,\u00a0<span data-iopelement=\"Polyquaternium-10\">Polyquaternium-10<\/span>\u00a0,\u00a0<span data-iopelement=\"Limon\u00e8ne\">Limon\u00e8ne<\/span>\u00a0,\u00a0<span data-iopelement=\"Panth\u00e9nol\">Panth\u00e9nol<\/span>\u00a0,\u00a0<span data-iopelement=\"Linalol\">Linalol<\/span>\u00a0, 2-Oleamido -1,3-Octad\u00e9canediol ,\u00a0<span data-iopelement=\"Alcool isopropylique\">Alcool isopropylique<\/span>\u00a0,\u00a0<span data-iopelement=\"Hexyl\u00e8ne Glycol\">Hexyl\u00e8ne Glycol<\/span>\u00a0,\u00a0<span data-iopelement=\"Hexyl Cinnamal\">Hexyl Cinnamal<\/span>\u00a0, Parfum\/Parfum<\/p>","protected":false},"excerpt":{"rendered":"<p>Cheveux normaux \u00e0 gras ?\u00a0Le Shampooing Soin Quotidien a une formule enrichie en Agrumes CR et Multivitamines* E + PP + B5 qui garantit aux cheveux un toucher propre et frais longue dur\u00e9e : &#8211; Purifie les cheveux.\u00a0&#8211; Emp\u00eache les cheveux de devenir gras trop rapidement.<\/p>","protected":false},"featured_media":1421,"comment_status":"open","ping_status":"closed","template":"","meta":[],"product_brand":[409],"product_cat":[75,72,153,111,159,95,92],"product_tag":[125],"class_list":{"0":"post-1335","1":"product","2":"type-product","3":"status-publish","4":"has-post-thumbnail","6":"product_brand-loreal","7":"product_cat-femme","8":"product_cat-homme","9":"product_cat-loreal","10":"product_cat-shampoing-f","11":"product_cat-shampoing-h","12":"product_cat-soin-cheveux-f","13":"product_cat-soin-cheveux-h","14":"product_tag-made-in-france","16":"first","17":"outofstock","18":"shipping-taxable","19":"purchasable","20":"product-type-simple"},"yoast_head":"<!-- This site is optimized with the Yoast SEO plugin v27.3 - https:\/\/yoast.com\/product\/yoast-seo-wordpress\/ -->\n<title>ELVIVE SHP 400ML MULTIVITAMINE FRESH - Cosmetic Store<\/title>\n<meta name=\"robots\" content=\"index, follow, max-snippet:-1, max-image-preview:large, max-video-preview:-1\" \/>\n<link rel=\"canonical\" href=\"https:\/\/cosmeticstoredz.com\/ar\/product\/elvive-shp-400ml-multivitamine-fresh\/\" \/>\n<meta property=\"og:locale\" content=\"ar_AR\" \/>\n<meta property=\"og:type\" content=\"article\" \/>\n<meta property=\"og:title\" content=\"ELVIVE SHP 400ML MULTIVITAMINE FRESH - Cosmetic Store\" \/>\n<meta property=\"og:description\" content=\"Cheveux normaux \u00e0 gras ?\u00a0Le Shampooing Soin Quotidien a une formule enrichie en Agrumes CR et Multivitamines* E + PP + B5 qui garantit aux cheveux un toucher propre et frais longue dur\u00e9e : - Purifie les cheveux.\u00a0- Emp\u00eache les cheveux de devenir gras trop rapidement.\" \/>\n<meta property=\"og:url\" content=\"https:\/\/cosmeticstoredz.com\/ar\/product\/elvive-shp-400ml-multivitamine-fresh\/\" \/>\n<meta property=\"og:site_name\" content=\"Cosmetic Store\" \/>\n<meta property=\"article:publisher\" content=\"https:\/\/www.facebook.com\/profile.php?id=61564954260683\" \/>\n<meta property=\"article:modified_time\" content=\"2026-04-18T19:19:46+00:00\" \/>\n<meta property=\"og:image\" content=\"https:\/\/cosmeticstoredz.com\/wp-content\/uploads\/2026\/02\/Ajouter-un-titre-2024-08-08T142207.410.png\" \/>\n\t<meta property=\"og:image:width\" content=\"1563\" \/>\n\t<meta property=\"og:image:height\" content=\"1563\" \/>\n\t<meta property=\"og:image:type\" content=\"image\/png\" \/>\n<meta name=\"twitter:card\" content=\"summary_large_image\" \/>\n<meta name=\"twitter:label1\" content=\"\u0648\u0642\u062a \u0627\u0644\u0642\u0631\u0627\u0621\u0629 \u0627\u0644\u0645\u064f\u0642\u062f\u0651\u0631\" \/>\n\t<meta name=\"twitter:data1\" content=\"\u062f\u0642\u064a\u0642\u0629 \u0648\u0627\u062d\u062f\u0629\" \/>\n<script type=\"application\/ld+json\" class=\"yoast-schema-graph\">{\"@context\":\"https:\\\/\\\/schema.org\",\"@graph\":[{\"@type\":\"WebPage\",\"@id\":\"https:\\\/\\\/cosmeticstoredz.com\\\/produit\\\/elvive-shp-400ml-multivitamine-fresh\\\/\",\"url\":\"https:\\\/\\\/cosmeticstoredz.com\\\/produit\\\/elvive-shp-400ml-multivitamine-fresh\\\/\",\"name\":\"ELVIVE SHP 400ML MULTIVITAMINE FRESH - Cosmetic Store\",\"isPartOf\":{\"@id\":\"https:\\\/\\\/cosmeticstoredz.com\\\/#website\"},\"primaryImageOfPage\":{\"@id\":\"https:\\\/\\\/cosmeticstoredz.com\\\/produit\\\/elvive-shp-400ml-multivitamine-fresh\\\/#primaryimage\"},\"image\":{\"@id\":\"https:\\\/\\\/cosmeticstoredz.com\\\/produit\\\/elvive-shp-400ml-multivitamine-fresh\\\/#primaryimage\"},\"thumbnailUrl\":\"https:\\\/\\\/cosmeticstoredz.com\\\/wp-content\\\/uploads\\\/2026\\\/02\\\/Ajouter-un-titre-2024-08-08T142207.410.png\",\"datePublished\":\"2026-02-16T08:47:44+00:00\",\"dateModified\":\"2026-04-18T19:19:46+00:00\",\"breadcrumb\":{\"@id\":\"https:\\\/\\\/cosmeticstoredz.com\\\/produit\\\/elvive-shp-400ml-multivitamine-fresh\\\/#breadcrumb\"},\"inLanguage\":\"ar\",\"potentialAction\":[{\"@type\":\"ReadAction\",\"target\":[\"https:\\\/\\\/cosmeticstoredz.com\\\/produit\\\/elvive-shp-400ml-multivitamine-fresh\\\/\"]}]},{\"@type\":\"ImageObject\",\"inLanguage\":\"ar\",\"@id\":\"https:\\\/\\\/cosmeticstoredz.com\\\/produit\\\/elvive-shp-400ml-multivitamine-fresh\\\/#primaryimage\",\"url\":\"https:\\\/\\\/cosmeticstoredz.com\\\/wp-content\\\/uploads\\\/2026\\\/02\\\/Ajouter-un-titre-2024-08-08T142207.410.png\",\"contentUrl\":\"https:\\\/\\\/cosmeticstoredz.com\\\/wp-content\\\/uploads\\\/2026\\\/02\\\/Ajouter-un-titre-2024-08-08T142207.410.png\",\"width\":1563,\"height\":1563},{\"@type\":\"BreadcrumbList\",\"@id\":\"https:\\\/\\\/cosmeticstoredz.com\\\/produit\\\/elvive-shp-400ml-multivitamine-fresh\\\/#breadcrumb\",\"itemListElement\":[{\"@type\":\"ListItem\",\"position\":1,\"name\":\"Accueil\",\"item\":\"https:\\\/\\\/cosmeticstoredz.com\\\/\"},{\"@type\":\"ListItem\",\"position\":2,\"name\":\"Boutique\",\"item\":\"https:\\\/\\\/cosmeticstoredz.com\\\/boutique\\\/\"},{\"@type\":\"ListItem\",\"position\":3,\"name\":\"ELVIVE SHP 400ML MULTIVITAMINE FRESH\"}]},{\"@type\":\"WebSite\",\"@id\":\"https:\\\/\\\/cosmeticstoredz.com\\\/#website\",\"url\":\"https:\\\/\\\/cosmeticstoredz.com\\\/\",\"name\":\"Cosmetic Store\",\"description\":\"\",\"publisher\":{\"@id\":\"https:\\\/\\\/cosmeticstoredz.com\\\/#organization\"},\"potentialAction\":[{\"@type\":\"SearchAction\",\"target\":{\"@type\":\"EntryPoint\",\"urlTemplate\":\"https:\\\/\\\/cosmeticstoredz.com\\\/?s={search_term_string}\"},\"query-input\":{\"@type\":\"PropertyValueSpecification\",\"valueRequired\":true,\"valueName\":\"search_term_string\"}}],\"inLanguage\":\"ar\"},{\"@type\":\"Organization\",\"@id\":\"https:\\\/\\\/cosmeticstoredz.com\\\/#organization\",\"name\":\"Cosmetic Store\",\"url\":\"https:\\\/\\\/cosmeticstoredz.com\\\/\",\"logo\":{\"@type\":\"ImageObject\",\"inLanguage\":\"ar\",\"@id\":\"https:\\\/\\\/cosmeticstoredz.com\\\/#\\\/schema\\\/logo\\\/image\\\/\",\"url\":\"https:\\\/\\\/cosmeticstoredz.com\\\/wp-content\\\/uploads\\\/2026\\\/02\\\/cropped-LOGO_CS-512x512-1-1-e1771275285345.webp\",\"contentUrl\":\"https:\\\/\\\/cosmeticstoredz.com\\\/wp-content\\\/uploads\\\/2026\\\/02\\\/cropped-LOGO_CS-512x512-1-1-e1771275285345.webp\",\"width\":265,\"height\":319,\"caption\":\"Cosmetic Store\"},\"image\":{\"@id\":\"https:\\\/\\\/cosmeticstoredz.com\\\/#\\\/schema\\\/logo\\\/image\\\/\"},\"sameAs\":[\"https:\\\/\\\/www.facebook.com\\\/profile.php?id=61564954260683\",\"https:\\\/\\\/www.instagram.com\\\/cosmetic.storedz\\\/\"]}]}<\/script>\n<!-- \/ Yoast SEO plugin. -->","yoast_head_json":{"title":"ELVIVE SHP 400ML MULTIVITAMINE FRESH - Cosmetic Store","robots":{"index":"index","follow":"follow","max-snippet":"max-snippet:-1","max-image-preview":"max-image-preview:large","max-video-preview":"max-video-preview:-1"},"canonical":"https:\/\/cosmeticstoredz.com\/ar\/product\/elvive-shp-400ml-multivitamine-fresh\/","og_locale":"ar_AR","og_type":"article","og_title":"ELVIVE SHP 400ML MULTIVITAMINE FRESH - Cosmetic Store","og_description":"Cheveux normaux \u00e0 gras ?\u00a0Le Shampooing Soin Quotidien a une formule enrichie en Agrumes CR et Multivitamines* E + PP + B5 qui garantit aux cheveux un toucher propre et frais longue dur\u00e9e : - Purifie les cheveux.\u00a0- Emp\u00eache les cheveux de devenir gras trop rapidement.","og_url":"https:\/\/cosmeticstoredz.com\/ar\/product\/elvive-shp-400ml-multivitamine-fresh\/","og_site_name":"Cosmetic Store","article_publisher":"https:\/\/www.facebook.com\/profile.php?id=61564954260683","article_modified_time":"2026-04-18T19:19:46+00:00","og_image":[{"width":1563,"height":1563,"url":"https:\/\/cosmeticstoredz.com\/wp-content\/uploads\/2026\/02\/Ajouter-un-titre-2024-08-08T142207.410.png","type":"image\/png"}],"twitter_card":"summary_large_image","twitter_misc":{"\u0648\u0642\u062a \u0627\u0644\u0642\u0631\u0627\u0621\u0629 \u0627\u0644\u0645\u064f\u0642\u062f\u0651\u0631":"\u062f\u0642\u064a\u0642\u0629 \u0648\u0627\u062d\u062f\u0629"},"schema":{"@context":"https:\/\/schema.org","@graph":[{"@type":"WebPage","@id":"https:\/\/cosmeticstoredz.com\/produit\/elvive-shp-400ml-multivitamine-fresh\/","url":"https:\/\/cosmeticstoredz.com\/produit\/elvive-shp-400ml-multivitamine-fresh\/","name":"ELVIVE SHP 400ML MULTIVITAMINE FRESH - Cosmetic Store","isPartOf":{"@id":"https:\/\/cosmeticstoredz.com\/#website"},"primaryImageOfPage":{"@id":"https:\/\/cosmeticstoredz.com\/produit\/elvive-shp-400ml-multivitamine-fresh\/#primaryimage"},"image":{"@id":"https:\/\/cosmeticstoredz.com\/produit\/elvive-shp-400ml-multivitamine-fresh\/#primaryimage"},"thumbnailUrl":"https:\/\/cosmeticstoredz.com\/wp-content\/uploads\/2026\/02\/Ajouter-un-titre-2024-08-08T142207.410.png","datePublished":"2026-02-16T08:47:44+00:00","dateModified":"2026-04-18T19:19:46+00:00","breadcrumb":{"@id":"https:\/\/cosmeticstoredz.com\/produit\/elvive-shp-400ml-multivitamine-fresh\/#breadcrumb"},"inLanguage":"ar","potentialAction":[{"@type":"ReadAction","target":["https:\/\/cosmeticstoredz.com\/produit\/elvive-shp-400ml-multivitamine-fresh\/"]}]},{"@type":"ImageObject","inLanguage":"ar","@id":"https:\/\/cosmeticstoredz.com\/produit\/elvive-shp-400ml-multivitamine-fresh\/#primaryimage","url":"https:\/\/cosmeticstoredz.com\/wp-content\/uploads\/2026\/02\/Ajouter-un-titre-2024-08-08T142207.410.png","contentUrl":"https:\/\/cosmeticstoredz.com\/wp-content\/uploads\/2026\/02\/Ajouter-un-titre-2024-08-08T142207.410.png","width":1563,"height":1563},{"@type":"BreadcrumbList","@id":"https:\/\/cosmeticstoredz.com\/produit\/elvive-shp-400ml-multivitamine-fresh\/#breadcrumb","itemListElement":[{"@type":"ListItem","position":1,"name":"Accueil","item":"https:\/\/cosmeticstoredz.com\/"},{"@type":"ListItem","position":2,"name":"Boutique","item":"https:\/\/cosmeticstoredz.com\/boutique\/"},{"@type":"ListItem","position":3,"name":"ELVIVE SHP 400ML MULTIVITAMINE FRESH"}]},{"@type":"WebSite","@id":"https:\/\/cosmeticstoredz.com\/#website","url":"https:\/\/cosmeticstoredz.com\/","name":"Cosmetic Store","description":"","publisher":{"@id":"https:\/\/cosmeticstoredz.com\/#organization"},"potentialAction":[{"@type":"SearchAction","target":{"@type":"EntryPoint","urlTemplate":"https:\/\/cosmeticstoredz.com\/?s={search_term_string}"},"query-input":{"@type":"PropertyValueSpecification","valueRequired":true,"valueName":"search_term_string"}}],"inLanguage":"ar"},{"@type":"Organization","@id":"https:\/\/cosmeticstoredz.com\/#organization","name":"Cosmetic Store","url":"https:\/\/cosmeticstoredz.com\/","logo":{"@type":"ImageObject","inLanguage":"ar","@id":"https:\/\/cosmeticstoredz.com\/#\/schema\/logo\/image\/","url":"https:\/\/cosmeticstoredz.com\/wp-content\/uploads\/2026\/02\/cropped-LOGO_CS-512x512-1-1-e1771275285345.webp","contentUrl":"https:\/\/cosmeticstoredz.com\/wp-content\/uploads\/2026\/02\/cropped-LOGO_CS-512x512-1-1-e1771275285345.webp","width":265,"height":319,"caption":"Cosmetic Store"},"image":{"@id":"https:\/\/cosmeticstoredz.com\/#\/schema\/logo\/image\/"},"sameAs":["https:\/\/www.facebook.com\/profile.php?id=61564954260683","https:\/\/www.instagram.com\/cosmetic.storedz\/"]}]}},"_links":{"self":[{"href":"https:\/\/cosmeticstoredz.com\/ar\/wp-json\/wp\/v2\/product\/1335","targetHints":{"allow":["GET"]}}],"collection":[{"href":"https:\/\/cosmeticstoredz.com\/ar\/wp-json\/wp\/v2\/product"}],"about":[{"href":"https:\/\/cosmeticstoredz.com\/ar\/wp-json\/wp\/v2\/types\/product"}],"replies":[{"embeddable":true,"href":"https:\/\/cosmeticstoredz.com\/ar\/wp-json\/wp\/v2\/comments?post=1335"}],"version-history":[{"count":1,"href":"https:\/\/cosmeticstoredz.com\/ar\/wp-json\/wp\/v2\/product\/1335\/revisions"}],"predecessor-version":[{"id":1422,"href":"https:\/\/cosmeticstoredz.com\/ar\/wp-json\/wp\/v2\/product\/1335\/revisions\/1422"}],"wp:featuredmedia":[{"embeddable":true,"href":"https:\/\/cosmeticstoredz.com\/ar\/wp-json\/wp\/v2\/media\/1421"}],"wp:attachment":[{"href":"https:\/\/cosmeticstoredz.com\/ar\/wp-json\/wp\/v2\/media?parent=1335"}],"wp:term":[{"taxonomy":"product_brand","embeddable":true,"href":"https:\/\/cosmeticstoredz.com\/ar\/wp-json\/wp\/v2\/product_brand?post=1335"},{"taxonomy":"product_cat","embeddable":true,"href":"https:\/\/cosmeticstoredz.com\/ar\/wp-json\/wp\/v2\/product_cat?post=1335"},{"taxonomy":"product_tag","embeddable":true,"href":"https:\/\/cosmeticstoredz.com\/ar\/wp-json\/wp\/v2\/product_tag?post=1335"}],"curies":[{"name":"wp","href":"https:\/\/api.w.org\/{rel}","templated":true}]}}