{"id":1330,"date":"2026-02-16T08:47:44","date_gmt":"2026-02-16T08:47:44","guid":{"rendered":"https:\/\/test.fitnessworldgym27.com\/?post_type=product&#038;p=1330"},"modified":"2026-04-18T19:19:46","modified_gmt":"2026-04-18T19:19:46","slug":"elvive-color-vive","status":"publish","type":"product","link":"https:\/\/cosmeticstoredz.com\/ar\/product\/elvive-color-vive\/","title":{"rendered":"ELVIVE COLOR VIVE"},"content":{"rendered":"<p><strong>L&rsquo;huile violette Elvive Color Vive<\/strong> a \u00e9t\u00e9 sp\u00e9cialement d\u00e9velopp\u00e9e pour les femmes aux cheveux blonds, gris ou avec des reflets.\u00a0Le soleil illumine vos cheveux, laissant des pigments chauds dans vos cheveux.\u00a0Les cheveux peuvent donc souffrir d&rsquo;un \u00e9clat jaune ou orang\u00e9.\u00a0Le violet est la couleur oppos\u00e9e du jaune et les couleurs oppos\u00e9es se neutralisent.\u00a0C&rsquo;est pourquoi la formule de l&rsquo;huile violette Elvive Color Vive contient des pigments violets pour r\u00e9duire les nuances jaunes ind\u00e9sirables de vos cheveux.\u00a0Cela signifie que vous pouvez conserver une couleur de cheveux fra\u00eeche plus longtemps.Cette bouteille est compos\u00e9e \u00e0 100 % de plastique recycl\u00e9 et est 100 % recyclable.<\/p>\n<p><b>Le r\u00e9sultat<\/b> : Des cheveux magnifiquement nourris, sans tons jaunes ou orang\u00e9s, plus faciles \u00e0 coiffer.<\/p>\n<p><b>Comment utiliser?<\/b> \u00a0Vous pouvez utiliser l&rsquo;huile capillaire Elvive Color Vive Purple de diff\u00e9rentes mani\u00e8res :<br \/>\nAvant le lavage : comme nourriture pour cheveux secs<br \/>\nAvant le brushing : comme protection et pour d\u00e9m\u00ealer<br \/>\nEn touche finale de journ\u00e9e : pour un r\u00e9sultat brillant et soyeux .<\/p>\n<p>Appliquez 2 ou 3 gouttes, d\u00e9terminez la quantit\u00e9 en fonction de la longueur de vos cheveux et lavez-vous les mains apr\u00e8s utilisation.\u00a0Utiliser tous les 2 ou 3 jours.\u00a0Ne pas utiliser \u00e0 d\u2019autres fins que les cheveux color\u00e9s.<\/p>\n<p>&nbsp;<\/p>","protected":false},"excerpt":{"rendered":"<p><strong>L&rsquo;huile violette Elvive Color Vive<\/strong> a \u00e9t\u00e9 sp\u00e9cialement d\u00e9velopp\u00e9e pour les femmes aux cheveux blonds, gris ou avec des reflets.\u00a0Le soleil illumine vos cheveux, laissant des pigments chauds dans vos cheveux.\u00a0Les cheveux peuvent donc souffrir d&rsquo;un \u00e9clat jaune ou orang\u00e9.\u00a0Le violet est la couleur oppos\u00e9e du jaune et les couleurs oppos\u00e9es se neutralisent.\u00a0C&rsquo;est pourquoi la formule de l&rsquo;huile violette Elvive Color Vive contient des pigments violets pour r\u00e9duire les nuances jaunes ind\u00e9sirables de vos cheveux.\u00a0Cela signifie que vous pouvez conserver une couleur de cheveux fra\u00eeche plus longtemps.Cette bouteille est compos\u00e9e \u00e0 100 % de plastique recycl\u00e9 et est 100 % recyclable.<\/p>","protected":false},"featured_media":1397,"comment_status":"open","ping_status":"closed","template":"","meta":[],"product_brand":[],"product_cat":[75,96,153,95],"product_tag":[125],"class_list":{"0":"post-1330","1":"product","2":"type-product","3":"status-publish","4":"has-post-thumbnail","6":"product_cat-femme","7":"product_cat-huile","8":"product_cat-loreal","9":"product_cat-soin-cheveux-f","10":"product_tag-made-in-france","12":"first","13":"outofstock","14":"shipping-taxable","15":"purchasable","16":"product-type-simple"},"yoast_head":"<!-- This site is optimized with the Yoast SEO plugin v27.3 - https:\/\/yoast.com\/product\/yoast-seo-wordpress\/ -->\n<title>ELVIVE COLOR VIVE - Cosmetic Store<\/title>\n<meta name=\"robots\" content=\"index, follow, max-snippet:-1, max-image-preview:large, max-video-preview:-1\" \/>\n<link rel=\"canonical\" href=\"https:\/\/cosmeticstoredz.com\/ar\/product\/elvive-color-vive\/\" \/>\n<meta property=\"og:locale\" content=\"ar_AR\" \/>\n<meta property=\"og:type\" content=\"article\" \/>\n<meta property=\"og:title\" content=\"ELVIVE COLOR VIVE - Cosmetic Store\" \/>\n<meta property=\"og:description\" content=\"L&#039;huile violette Elvive Color Vive a \u00e9t\u00e9 sp\u00e9cialement d\u00e9velopp\u00e9e pour les femmes aux cheveux blonds, gris ou avec des reflets.\u00a0Le soleil illumine vos cheveux, laissant des pigments chauds dans vos cheveux.\u00a0Les cheveux peuvent donc souffrir d&#039;un \u00e9clat jaune ou orang\u00e9.\u00a0Le violet est la couleur oppos\u00e9e du jaune et les couleurs oppos\u00e9es se neutralisent.\u00a0C&#039;est pourquoi la formule de l&#039;huile violette Elvive Color Vive contient des pigments violets pour r\u00e9duire les nuances jaunes ind\u00e9sirables de vos cheveux.\u00a0Cela signifie que vous pouvez conserver une couleur de cheveux fra\u00eeche plus longtemps.Cette bouteille est compos\u00e9e \u00e0 100 % de plastique recycl\u00e9 et est 100 % recyclable.\" \/>\n<meta property=\"og:url\" content=\"https:\/\/cosmeticstoredz.com\/ar\/product\/elvive-color-vive\/\" \/>\n<meta property=\"og:site_name\" content=\"Cosmetic Store\" \/>\n<meta property=\"article:publisher\" content=\"https:\/\/www.facebook.com\/profile.php?id=61564954260683\" \/>\n<meta property=\"article:modified_time\" content=\"2026-04-18T19:19:46+00:00\" \/>\n<meta property=\"og:image\" content=\"https:\/\/cosmeticstoredz.com\/wp-content\/uploads\/2026\/02\/Ajouter-un-titre-2024-08-08T143152.000.png\" \/>\n\t<meta property=\"og:image:width\" content=\"1563\" \/>\n\t<meta property=\"og:image:height\" content=\"1563\" \/>\n\t<meta property=\"og:image:type\" content=\"image\/png\" \/>\n<meta name=\"twitter:card\" content=\"summary_large_image\" \/>\n<meta name=\"twitter:label1\" content=\"\u0648\u0642\u062a \u0627\u0644\u0642\u0631\u0627\u0621\u0629 \u0627\u0644\u0645\u064f\u0642\u062f\u0651\u0631\" \/>\n\t<meta name=\"twitter:data1\" content=\"\u062f\u0642\u064a\u0642\u0629 \u0648\u0627\u062d\u062f\u0629\" \/>\n<script type=\"application\/ld+json\" class=\"yoast-schema-graph\">{\"@context\":\"https:\\\/\\\/schema.org\",\"@graph\":[{\"@type\":\"WebPage\",\"@id\":\"https:\\\/\\\/cosmeticstoredz.com\\\/produit\\\/elvive-color-vive\\\/\",\"url\":\"https:\\\/\\\/cosmeticstoredz.com\\\/produit\\\/elvive-color-vive\\\/\",\"name\":\"ELVIVE COLOR VIVE - Cosmetic Store\",\"isPartOf\":{\"@id\":\"https:\\\/\\\/cosmeticstoredz.com\\\/#website\"},\"primaryImageOfPage\":{\"@id\":\"https:\\\/\\\/cosmeticstoredz.com\\\/produit\\\/elvive-color-vive\\\/#primaryimage\"},\"image\":{\"@id\":\"https:\\\/\\\/cosmeticstoredz.com\\\/produit\\\/elvive-color-vive\\\/#primaryimage\"},\"thumbnailUrl\":\"https:\\\/\\\/cosmeticstoredz.com\\\/wp-content\\\/uploads\\\/2026\\\/02\\\/Ajouter-un-titre-2024-08-08T143152.000.png\",\"datePublished\":\"2026-02-16T08:47:44+00:00\",\"dateModified\":\"2026-04-18T19:19:46+00:00\",\"breadcrumb\":{\"@id\":\"https:\\\/\\\/cosmeticstoredz.com\\\/produit\\\/elvive-color-vive\\\/#breadcrumb\"},\"inLanguage\":\"ar\",\"potentialAction\":[{\"@type\":\"ReadAction\",\"target\":[\"https:\\\/\\\/cosmeticstoredz.com\\\/produit\\\/elvive-color-vive\\\/\"]}]},{\"@type\":\"ImageObject\",\"inLanguage\":\"ar\",\"@id\":\"https:\\\/\\\/cosmeticstoredz.com\\\/produit\\\/elvive-color-vive\\\/#primaryimage\",\"url\":\"https:\\\/\\\/cosmeticstoredz.com\\\/wp-content\\\/uploads\\\/2026\\\/02\\\/Ajouter-un-titre-2024-08-08T143152.000.png\",\"contentUrl\":\"https:\\\/\\\/cosmeticstoredz.com\\\/wp-content\\\/uploads\\\/2026\\\/02\\\/Ajouter-un-titre-2024-08-08T143152.000.png\",\"width\":1563,\"height\":1563},{\"@type\":\"BreadcrumbList\",\"@id\":\"https:\\\/\\\/cosmeticstoredz.com\\\/produit\\\/elvive-color-vive\\\/#breadcrumb\",\"itemListElement\":[{\"@type\":\"ListItem\",\"position\":1,\"name\":\"Accueil\",\"item\":\"https:\\\/\\\/cosmeticstoredz.com\\\/\"},{\"@type\":\"ListItem\",\"position\":2,\"name\":\"Boutique\",\"item\":\"https:\\\/\\\/cosmeticstoredz.com\\\/boutique\\\/\"},{\"@type\":\"ListItem\",\"position\":3,\"name\":\"ELVIVE COLOR VIVE\"}]},{\"@type\":\"WebSite\",\"@id\":\"https:\\\/\\\/cosmeticstoredz.com\\\/#website\",\"url\":\"https:\\\/\\\/cosmeticstoredz.com\\\/\",\"name\":\"Cosmetic Store\",\"description\":\"\",\"publisher\":{\"@id\":\"https:\\\/\\\/cosmeticstoredz.com\\\/#organization\"},\"potentialAction\":[{\"@type\":\"SearchAction\",\"target\":{\"@type\":\"EntryPoint\",\"urlTemplate\":\"https:\\\/\\\/cosmeticstoredz.com\\\/?s={search_term_string}\"},\"query-input\":{\"@type\":\"PropertyValueSpecification\",\"valueRequired\":true,\"valueName\":\"search_term_string\"}}],\"inLanguage\":\"ar\"},{\"@type\":\"Organization\",\"@id\":\"https:\\\/\\\/cosmeticstoredz.com\\\/#organization\",\"name\":\"Cosmetic Store\",\"url\":\"https:\\\/\\\/cosmeticstoredz.com\\\/\",\"logo\":{\"@type\":\"ImageObject\",\"inLanguage\":\"ar\",\"@id\":\"https:\\\/\\\/cosmeticstoredz.com\\\/#\\\/schema\\\/logo\\\/image\\\/\",\"url\":\"https:\\\/\\\/cosmeticstoredz.com\\\/wp-content\\\/uploads\\\/2026\\\/02\\\/cropped-LOGO_CS-512x512-1-1-e1771275285345.webp\",\"contentUrl\":\"https:\\\/\\\/cosmeticstoredz.com\\\/wp-content\\\/uploads\\\/2026\\\/02\\\/cropped-LOGO_CS-512x512-1-1-e1771275285345.webp\",\"width\":265,\"height\":319,\"caption\":\"Cosmetic Store\"},\"image\":{\"@id\":\"https:\\\/\\\/cosmeticstoredz.com\\\/#\\\/schema\\\/logo\\\/image\\\/\"},\"sameAs\":[\"https:\\\/\\\/www.facebook.com\\\/profile.php?id=61564954260683\",\"https:\\\/\\\/www.instagram.com\\\/cosmetic.storedz\\\/\"]}]}<\/script>\n<!-- \/ Yoast SEO plugin. -->","yoast_head_json":{"title":"ELVIVE COLOR VIVE - Cosmetic Store","robots":{"index":"index","follow":"follow","max-snippet":"max-snippet:-1","max-image-preview":"max-image-preview:large","max-video-preview":"max-video-preview:-1"},"canonical":"https:\/\/cosmeticstoredz.com\/ar\/product\/elvive-color-vive\/","og_locale":"ar_AR","og_type":"article","og_title":"ELVIVE COLOR VIVE - Cosmetic Store","og_description":"L'huile violette Elvive Color Vive a \u00e9t\u00e9 sp\u00e9cialement d\u00e9velopp\u00e9e pour les femmes aux cheveux blonds, gris ou avec des reflets.\u00a0Le soleil illumine vos cheveux, laissant des pigments chauds dans vos cheveux.\u00a0Les cheveux peuvent donc souffrir d'un \u00e9clat jaune ou orang\u00e9.\u00a0Le violet est la couleur oppos\u00e9e du jaune et les couleurs oppos\u00e9es se neutralisent.\u00a0C'est pourquoi la formule de l'huile violette Elvive Color Vive contient des pigments violets pour r\u00e9duire les nuances jaunes ind\u00e9sirables de vos cheveux.\u00a0Cela signifie que vous pouvez conserver une couleur de cheveux fra\u00eeche plus longtemps.Cette bouteille est compos\u00e9e \u00e0 100 % de plastique recycl\u00e9 et est 100 % recyclable.","og_url":"https:\/\/cosmeticstoredz.com\/ar\/product\/elvive-color-vive\/","og_site_name":"Cosmetic Store","article_publisher":"https:\/\/www.facebook.com\/profile.php?id=61564954260683","article_modified_time":"2026-04-18T19:19:46+00:00","og_image":[{"width":1563,"height":1563,"url":"https:\/\/cosmeticstoredz.com\/wp-content\/uploads\/2026\/02\/Ajouter-un-titre-2024-08-08T143152.000.png","type":"image\/png"}],"twitter_card":"summary_large_image","twitter_misc":{"\u0648\u0642\u062a \u0627\u0644\u0642\u0631\u0627\u0621\u0629 \u0627\u0644\u0645\u064f\u0642\u062f\u0651\u0631":"\u062f\u0642\u064a\u0642\u0629 \u0648\u0627\u062d\u062f\u0629"},"schema":{"@context":"https:\/\/schema.org","@graph":[{"@type":"WebPage","@id":"https:\/\/cosmeticstoredz.com\/produit\/elvive-color-vive\/","url":"https:\/\/cosmeticstoredz.com\/produit\/elvive-color-vive\/","name":"ELVIVE COLOR VIVE - Cosmetic Store","isPartOf":{"@id":"https:\/\/cosmeticstoredz.com\/#website"},"primaryImageOfPage":{"@id":"https:\/\/cosmeticstoredz.com\/produit\/elvive-color-vive\/#primaryimage"},"image":{"@id":"https:\/\/cosmeticstoredz.com\/produit\/elvive-color-vive\/#primaryimage"},"thumbnailUrl":"https:\/\/cosmeticstoredz.com\/wp-content\/uploads\/2026\/02\/Ajouter-un-titre-2024-08-08T143152.000.png","datePublished":"2026-02-16T08:47:44+00:00","dateModified":"2026-04-18T19:19:46+00:00","breadcrumb":{"@id":"https:\/\/cosmeticstoredz.com\/produit\/elvive-color-vive\/#breadcrumb"},"inLanguage":"ar","potentialAction":[{"@type":"ReadAction","target":["https:\/\/cosmeticstoredz.com\/produit\/elvive-color-vive\/"]}]},{"@type":"ImageObject","inLanguage":"ar","@id":"https:\/\/cosmeticstoredz.com\/produit\/elvive-color-vive\/#primaryimage","url":"https:\/\/cosmeticstoredz.com\/wp-content\/uploads\/2026\/02\/Ajouter-un-titre-2024-08-08T143152.000.png","contentUrl":"https:\/\/cosmeticstoredz.com\/wp-content\/uploads\/2026\/02\/Ajouter-un-titre-2024-08-08T143152.000.png","width":1563,"height":1563},{"@type":"BreadcrumbList","@id":"https:\/\/cosmeticstoredz.com\/produit\/elvive-color-vive\/#breadcrumb","itemListElement":[{"@type":"ListItem","position":1,"name":"Accueil","item":"https:\/\/cosmeticstoredz.com\/"},{"@type":"ListItem","position":2,"name":"Boutique","item":"https:\/\/cosmeticstoredz.com\/boutique\/"},{"@type":"ListItem","position":3,"name":"ELVIVE COLOR VIVE"}]},{"@type":"WebSite","@id":"https:\/\/cosmeticstoredz.com\/#website","url":"https:\/\/cosmeticstoredz.com\/","name":"Cosmetic Store","description":"","publisher":{"@id":"https:\/\/cosmeticstoredz.com\/#organization"},"potentialAction":[{"@type":"SearchAction","target":{"@type":"EntryPoint","urlTemplate":"https:\/\/cosmeticstoredz.com\/?s={search_term_string}"},"query-input":{"@type":"PropertyValueSpecification","valueRequired":true,"valueName":"search_term_string"}}],"inLanguage":"ar"},{"@type":"Organization","@id":"https:\/\/cosmeticstoredz.com\/#organization","name":"Cosmetic Store","url":"https:\/\/cosmeticstoredz.com\/","logo":{"@type":"ImageObject","inLanguage":"ar","@id":"https:\/\/cosmeticstoredz.com\/#\/schema\/logo\/image\/","url":"https:\/\/cosmeticstoredz.com\/wp-content\/uploads\/2026\/02\/cropped-LOGO_CS-512x512-1-1-e1771275285345.webp","contentUrl":"https:\/\/cosmeticstoredz.com\/wp-content\/uploads\/2026\/02\/cropped-LOGO_CS-512x512-1-1-e1771275285345.webp","width":265,"height":319,"caption":"Cosmetic Store"},"image":{"@id":"https:\/\/cosmeticstoredz.com\/#\/schema\/logo\/image\/"},"sameAs":["https:\/\/www.facebook.com\/profile.php?id=61564954260683","https:\/\/www.instagram.com\/cosmetic.storedz\/"]}]}},"_links":{"self":[{"href":"https:\/\/cosmeticstoredz.com\/ar\/wp-json\/wp\/v2\/product\/1330","targetHints":{"allow":["GET"]}}],"collection":[{"href":"https:\/\/cosmeticstoredz.com\/ar\/wp-json\/wp\/v2\/product"}],"about":[{"href":"https:\/\/cosmeticstoredz.com\/ar\/wp-json\/wp\/v2\/types\/product"}],"replies":[{"embeddable":true,"href":"https:\/\/cosmeticstoredz.com\/ar\/wp-json\/wp\/v2\/comments?post=1330"}],"version-history":[{"count":1,"href":"https:\/\/cosmeticstoredz.com\/ar\/wp-json\/wp\/v2\/product\/1330\/revisions"}],"predecessor-version":[{"id":1398,"href":"https:\/\/cosmeticstoredz.com\/ar\/wp-json\/wp\/v2\/product\/1330\/revisions\/1398"}],"wp:featuredmedia":[{"embeddable":true,"href":"https:\/\/cosmeticstoredz.com\/ar\/wp-json\/wp\/v2\/media\/1397"}],"wp:attachment":[{"href":"https:\/\/cosmeticstoredz.com\/ar\/wp-json\/wp\/v2\/media?parent=1330"}],"wp:term":[{"taxonomy":"product_brand","embeddable":true,"href":"https:\/\/cosmeticstoredz.com\/ar\/wp-json\/wp\/v2\/product_brand?post=1330"},{"taxonomy":"product_cat","embeddable":true,"href":"https:\/\/cosmeticstoredz.com\/ar\/wp-json\/wp\/v2\/product_cat?post=1330"},{"taxonomy":"product_tag","embeddable":true,"href":"https:\/\/cosmeticstoredz.com\/ar\/wp-json\/wp\/v2\/product_tag?post=1330"}],"curies":[{"name":"wp","href":"https:\/\/api.w.org\/{rel}","templated":true}]}}