{"id":1328,"date":"2026-02-16T08:47:43","date_gmt":"2026-02-16T08:47:43","guid":{"rendered":"https:\/\/test.fitnessworldgym27.com\/?post_type=product&#038;p=1328"},"modified":"2026-04-18T19:19:46","modified_gmt":"2026-04-18T19:19:46","slug":"elvital-huile-chvx","status":"publish","type":"product","link":"https:\/\/cosmeticstoredz.com\/ar\/product\/elvital-huile-chvx\/","title":{"rendered":"ELVITAL HUILE CHVX"},"content":{"rendered":"<p>L&rsquo;huile essentielle de soin capillaire\u00a0<b>L&rsquo;Or\u00e9al Elvital OiL Magique<\/b> aide les cheveux ab\u00eem\u00e9s \u00e0 devenir brillants, sains et lisses.\u00a0Il ne provoque notamment pas de cheveux collants ou gras.<\/p>\n<p><span class=\"text_exposed_show\">Particuli\u00e8rement adapt\u00e9 aux besoins des cheveux secs\/tr\u00e8s secs.\u00a0Aide \u00e0 restaurer tr\u00e8s efficacement les cheveux cass\u00e9s, les cheveux gravement endommag\u00e9s et les cheveux secs et emm\u00eal\u00e9s caus\u00e9s par l&rsquo;utilisation de produits chimiques.<\/span><\/p>\n<ul>\n<li>Fournit d&rsquo;excellents nutriments pour les cheveux, les rendant doux, forts, lisses et brillants.<\/li>\n<li>Prot\u00e8ge les cheveux contre les temp\u00e9ratures \u00e9lev\u00e9es.<\/li>\n<li>Texture ultra l\u00e9g\u00e8re qui p\u00e9n\u00e8tre rapidement dans les cheveux<\/li>\n<li>Nourrir, soigner et prot\u00e9ger les cheveux.<\/li>\n<li>Pas gras, pas collant.<\/li>\n<li>L&rsquo;huile essentielle de soin capillaire Loreal a un parfum tr\u00e8s agr\u00e9able.<\/li>\n<li><span class=\"text_exposed_show\">Particuli\u00e8rement adapt\u00e9 aux besoins des cheveux secs\/tr\u00e8s secs<\/span><\/li>\n<\/ul>\n<p><strong>Mode d&#8217;emploi\u00a0<\/strong><\/p>\n<ul>\n<li>Prenez une quantit\u00e9 suffisante d\u2019huile essentielle de soin capillaire dans votre main.\u00a0Appliquer uniform\u00e9ment sur les cheveux sur toute la longueur des cheveux.<\/li>\n<li>Utiliser avant le shampooing : pour des soins intensifs<\/li>\n<li>Utiliser avant de s\u00e9cher les cheveux : rend les cheveux lisses et faciles \u00e0 brosser.\u00a0Aide les cheveux \u00e0 briller et les prot\u00e8ge du dess\u00e8chement.<\/li>\n<li>Utiliser apr\u00e8s s\u00e9chage, lorsque les cheveux sont secs : nourrit et prot\u00e8ge les cheveux.\u00a0Aide les cheveux \u00e0 briller et \u00e0 maintenir leur style.<\/li>\n<\/ul>\n<p><strong>Ingr\u00e9dient<\/strong><\/p>\n<ul>\n<li>ISODOD\u00c9CANE \u2022 DIM\u00c9THICONE \u2022 DIM\u00c9THICONOL \u2022 HUILE DE COCOS NUCIFERA \/ HUILE DE COCO \u2022 HUILE DE JOJOBA HYDROG\u00c9N\u00c9E \u2022 ALCOOL D&rsquo;ANIS \u2022 LIMON\u00c8NE \u2022 HUILE DE GRAINES DE SIMMONDSIA CHINENSIS \/ HUILE DE GRAINES DE JOJOBA \u2022 LINALOOL \u2022 COUMARINE \u2022 HEXYL CINNAMAL \u2022 PARFUM \/ PARFUM (FIL Z296931\/1).<\/li>\n<\/ul>","protected":false},"excerpt":{"rendered":"<p>L&rsquo;huile essentielle de soin capillaire\u00a0<b>L&rsquo;Or\u00e9al Elvital OiL Magique<\/b> aide les cheveux ab\u00eem\u00e9s \u00e0 devenir brillants, sains et lisses.\u00a0Il ne provoque notamment pas de cheveux collants ou gras.<\/p>\n<p><span class=\"text_exposed_show\">Particuli\u00e8rement adapt\u00e9 aux besoins des cheveux secs\/tr\u00e8s secs.\u00a0Aide \u00e0 restaurer tr\u00e8s efficacement les cheveux cass\u00e9s, les cheveux gravement endommag\u00e9s et les cheveux secs et emm\u00eal\u00e9s caus\u00e9s par l&rsquo;utilisation de produits chimiques.<\/span><\/p>","protected":false},"featured_media":1393,"comment_status":"open","ping_status":"closed","template":"","meta":[],"product_brand":[409],"product_cat":[75,96,153,95],"product_tag":[125],"class_list":{"0":"post-1328","1":"product","2":"type-product","3":"status-publish","4":"has-post-thumbnail","6":"product_brand-loreal","7":"product_cat-femme","8":"product_cat-huile","9":"product_cat-loreal","10":"product_cat-soin-cheveux-f","11":"product_tag-made-in-france","13":"first","14":"outofstock","15":"shipping-taxable","16":"purchasable","17":"product-type-simple"},"yoast_head":"<!-- This site is optimized with the Yoast SEO plugin v27.3 - https:\/\/yoast.com\/product\/yoast-seo-wordpress\/ -->\n<title>ELVITAL HUILE CHVX - Cosmetic Store<\/title>\n<meta name=\"robots\" content=\"index, follow, max-snippet:-1, max-image-preview:large, max-video-preview:-1\" \/>\n<link rel=\"canonical\" href=\"https:\/\/cosmeticstoredz.com\/ar\/product\/elvital-huile-chvx\/\" \/>\n<meta property=\"og:locale\" content=\"ar_AR\" \/>\n<meta property=\"og:type\" content=\"article\" \/>\n<meta property=\"og:title\" content=\"ELVITAL HUILE CHVX - Cosmetic Store\" \/>\n<meta property=\"og:description\" content=\"L&#039;huile essentielle de soin capillaire\u00a0L&#039;Or\u00e9al Elvital OiL Magique aide les cheveux ab\u00eem\u00e9s \u00e0 devenir brillants, sains et lisses.\u00a0Il ne provoque notamment pas de cheveux collants ou gras.  Particuli\u00e8rement adapt\u00e9 aux besoins des cheveux secs\/tr\u00e8s secs.\u00a0Aide \u00e0 restaurer tr\u00e8s efficacement les cheveux cass\u00e9s, les cheveux gravement endommag\u00e9s et les cheveux secs et emm\u00eal\u00e9s caus\u00e9s par l&#039;utilisation de produits chimiques.\" \/>\n<meta property=\"og:url\" content=\"https:\/\/cosmeticstoredz.com\/ar\/product\/elvital-huile-chvx\/\" \/>\n<meta property=\"og:site_name\" content=\"Cosmetic Store\" \/>\n<meta property=\"article:publisher\" content=\"https:\/\/www.facebook.com\/profile.php?id=61564954260683\" \/>\n<meta property=\"article:modified_time\" content=\"2026-04-18T19:19:46+00:00\" \/>\n<meta property=\"og:image\" content=\"https:\/\/cosmeticstoredz.com\/wp-content\/uploads\/2026\/02\/Ajouter-un-titre-2024-08-08T142745.010.png\" \/>\n\t<meta property=\"og:image:width\" content=\"1563\" \/>\n\t<meta property=\"og:image:height\" content=\"1563\" \/>\n\t<meta property=\"og:image:type\" content=\"image\/png\" \/>\n<meta name=\"twitter:card\" content=\"summary_large_image\" \/>\n<meta name=\"twitter:label1\" content=\"\u0648\u0642\u062a \u0627\u0644\u0642\u0631\u0627\u0621\u0629 \u0627\u0644\u0645\u064f\u0642\u062f\u0651\u0631\" \/>\n\t<meta name=\"twitter:data1\" content=\"\u062f\u0642\u064a\u0642\u0629 \u0648\u0627\u062d\u062f\u0629\" \/>\n<script type=\"application\/ld+json\" class=\"yoast-schema-graph\">{\"@context\":\"https:\\\/\\\/schema.org\",\"@graph\":[{\"@type\":\"WebPage\",\"@id\":\"https:\\\/\\\/cosmeticstoredz.com\\\/produit\\\/elvital-huile-chvx\\\/\",\"url\":\"https:\\\/\\\/cosmeticstoredz.com\\\/produit\\\/elvital-huile-chvx\\\/\",\"name\":\"ELVITAL HUILE CHVX - Cosmetic Store\",\"isPartOf\":{\"@id\":\"https:\\\/\\\/cosmeticstoredz.com\\\/#website\"},\"primaryImageOfPage\":{\"@id\":\"https:\\\/\\\/cosmeticstoredz.com\\\/produit\\\/elvital-huile-chvx\\\/#primaryimage\"},\"image\":{\"@id\":\"https:\\\/\\\/cosmeticstoredz.com\\\/produit\\\/elvital-huile-chvx\\\/#primaryimage\"},\"thumbnailUrl\":\"https:\\\/\\\/cosmeticstoredz.com\\\/wp-content\\\/uploads\\\/2026\\\/02\\\/Ajouter-un-titre-2024-08-08T142745.010.png\",\"datePublished\":\"2026-02-16T08:47:43+00:00\",\"dateModified\":\"2026-04-18T19:19:46+00:00\",\"breadcrumb\":{\"@id\":\"https:\\\/\\\/cosmeticstoredz.com\\\/produit\\\/elvital-huile-chvx\\\/#breadcrumb\"},\"inLanguage\":\"ar\",\"potentialAction\":[{\"@type\":\"ReadAction\",\"target\":[\"https:\\\/\\\/cosmeticstoredz.com\\\/produit\\\/elvital-huile-chvx\\\/\"]}]},{\"@type\":\"ImageObject\",\"inLanguage\":\"ar\",\"@id\":\"https:\\\/\\\/cosmeticstoredz.com\\\/produit\\\/elvital-huile-chvx\\\/#primaryimage\",\"url\":\"https:\\\/\\\/cosmeticstoredz.com\\\/wp-content\\\/uploads\\\/2026\\\/02\\\/Ajouter-un-titre-2024-08-08T142745.010.png\",\"contentUrl\":\"https:\\\/\\\/cosmeticstoredz.com\\\/wp-content\\\/uploads\\\/2026\\\/02\\\/Ajouter-un-titre-2024-08-08T142745.010.png\",\"width\":1563,\"height\":1563},{\"@type\":\"BreadcrumbList\",\"@id\":\"https:\\\/\\\/cosmeticstoredz.com\\\/produit\\\/elvital-huile-chvx\\\/#breadcrumb\",\"itemListElement\":[{\"@type\":\"ListItem\",\"position\":1,\"name\":\"Accueil\",\"item\":\"https:\\\/\\\/cosmeticstoredz.com\\\/\"},{\"@type\":\"ListItem\",\"position\":2,\"name\":\"Boutique\",\"item\":\"https:\\\/\\\/cosmeticstoredz.com\\\/boutique\\\/\"},{\"@type\":\"ListItem\",\"position\":3,\"name\":\"ELVITAL HUILE CHVX\"}]},{\"@type\":\"WebSite\",\"@id\":\"https:\\\/\\\/cosmeticstoredz.com\\\/#website\",\"url\":\"https:\\\/\\\/cosmeticstoredz.com\\\/\",\"name\":\"Cosmetic Store\",\"description\":\"\",\"publisher\":{\"@id\":\"https:\\\/\\\/cosmeticstoredz.com\\\/#organization\"},\"potentialAction\":[{\"@type\":\"SearchAction\",\"target\":{\"@type\":\"EntryPoint\",\"urlTemplate\":\"https:\\\/\\\/cosmeticstoredz.com\\\/?s={search_term_string}\"},\"query-input\":{\"@type\":\"PropertyValueSpecification\",\"valueRequired\":true,\"valueName\":\"search_term_string\"}}],\"inLanguage\":\"ar\"},{\"@type\":\"Organization\",\"@id\":\"https:\\\/\\\/cosmeticstoredz.com\\\/#organization\",\"name\":\"Cosmetic Store\",\"url\":\"https:\\\/\\\/cosmeticstoredz.com\\\/\",\"logo\":{\"@type\":\"ImageObject\",\"inLanguage\":\"ar\",\"@id\":\"https:\\\/\\\/cosmeticstoredz.com\\\/#\\\/schema\\\/logo\\\/image\\\/\",\"url\":\"https:\\\/\\\/cosmeticstoredz.com\\\/wp-content\\\/uploads\\\/2026\\\/02\\\/cropped-LOGO_CS-512x512-1-1-e1771275285345.webp\",\"contentUrl\":\"https:\\\/\\\/cosmeticstoredz.com\\\/wp-content\\\/uploads\\\/2026\\\/02\\\/cropped-LOGO_CS-512x512-1-1-e1771275285345.webp\",\"width\":265,\"height\":319,\"caption\":\"Cosmetic Store\"},\"image\":{\"@id\":\"https:\\\/\\\/cosmeticstoredz.com\\\/#\\\/schema\\\/logo\\\/image\\\/\"},\"sameAs\":[\"https:\\\/\\\/www.facebook.com\\\/profile.php?id=61564954260683\",\"https:\\\/\\\/www.instagram.com\\\/cosmetic.storedz\\\/\"]}]}<\/script>\n<!-- \/ Yoast SEO plugin. -->","yoast_head_json":{"title":"ELVITAL HUILE CHVX - Cosmetic Store","robots":{"index":"index","follow":"follow","max-snippet":"max-snippet:-1","max-image-preview":"max-image-preview:large","max-video-preview":"max-video-preview:-1"},"canonical":"https:\/\/cosmeticstoredz.com\/ar\/product\/elvital-huile-chvx\/","og_locale":"ar_AR","og_type":"article","og_title":"ELVITAL HUILE CHVX - Cosmetic Store","og_description":"L'huile essentielle de soin capillaire\u00a0L'Or\u00e9al Elvital OiL Magique aide les cheveux ab\u00eem\u00e9s \u00e0 devenir brillants, sains et lisses.\u00a0Il ne provoque notamment pas de cheveux collants ou gras.  Particuli\u00e8rement adapt\u00e9 aux besoins des cheveux secs\/tr\u00e8s secs.\u00a0Aide \u00e0 restaurer tr\u00e8s efficacement les cheveux cass\u00e9s, les cheveux gravement endommag\u00e9s et les cheveux secs et emm\u00eal\u00e9s caus\u00e9s par l'utilisation de produits chimiques.","og_url":"https:\/\/cosmeticstoredz.com\/ar\/product\/elvital-huile-chvx\/","og_site_name":"Cosmetic Store","article_publisher":"https:\/\/www.facebook.com\/profile.php?id=61564954260683","article_modified_time":"2026-04-18T19:19:46+00:00","og_image":[{"width":1563,"height":1563,"url":"https:\/\/cosmeticstoredz.com\/wp-content\/uploads\/2026\/02\/Ajouter-un-titre-2024-08-08T142745.010.png","type":"image\/png"}],"twitter_card":"summary_large_image","twitter_misc":{"\u0648\u0642\u062a \u0627\u0644\u0642\u0631\u0627\u0621\u0629 \u0627\u0644\u0645\u064f\u0642\u062f\u0651\u0631":"\u062f\u0642\u064a\u0642\u0629 \u0648\u0627\u062d\u062f\u0629"},"schema":{"@context":"https:\/\/schema.org","@graph":[{"@type":"WebPage","@id":"https:\/\/cosmeticstoredz.com\/produit\/elvital-huile-chvx\/","url":"https:\/\/cosmeticstoredz.com\/produit\/elvital-huile-chvx\/","name":"ELVITAL HUILE CHVX - Cosmetic Store","isPartOf":{"@id":"https:\/\/cosmeticstoredz.com\/#website"},"primaryImageOfPage":{"@id":"https:\/\/cosmeticstoredz.com\/produit\/elvital-huile-chvx\/#primaryimage"},"image":{"@id":"https:\/\/cosmeticstoredz.com\/produit\/elvital-huile-chvx\/#primaryimage"},"thumbnailUrl":"https:\/\/cosmeticstoredz.com\/wp-content\/uploads\/2026\/02\/Ajouter-un-titre-2024-08-08T142745.010.png","datePublished":"2026-02-16T08:47:43+00:00","dateModified":"2026-04-18T19:19:46+00:00","breadcrumb":{"@id":"https:\/\/cosmeticstoredz.com\/produit\/elvital-huile-chvx\/#breadcrumb"},"inLanguage":"ar","potentialAction":[{"@type":"ReadAction","target":["https:\/\/cosmeticstoredz.com\/produit\/elvital-huile-chvx\/"]}]},{"@type":"ImageObject","inLanguage":"ar","@id":"https:\/\/cosmeticstoredz.com\/produit\/elvital-huile-chvx\/#primaryimage","url":"https:\/\/cosmeticstoredz.com\/wp-content\/uploads\/2026\/02\/Ajouter-un-titre-2024-08-08T142745.010.png","contentUrl":"https:\/\/cosmeticstoredz.com\/wp-content\/uploads\/2026\/02\/Ajouter-un-titre-2024-08-08T142745.010.png","width":1563,"height":1563},{"@type":"BreadcrumbList","@id":"https:\/\/cosmeticstoredz.com\/produit\/elvital-huile-chvx\/#breadcrumb","itemListElement":[{"@type":"ListItem","position":1,"name":"Accueil","item":"https:\/\/cosmeticstoredz.com\/"},{"@type":"ListItem","position":2,"name":"Boutique","item":"https:\/\/cosmeticstoredz.com\/boutique\/"},{"@type":"ListItem","position":3,"name":"ELVITAL HUILE CHVX"}]},{"@type":"WebSite","@id":"https:\/\/cosmeticstoredz.com\/#website","url":"https:\/\/cosmeticstoredz.com\/","name":"Cosmetic Store","description":"","publisher":{"@id":"https:\/\/cosmeticstoredz.com\/#organization"},"potentialAction":[{"@type":"SearchAction","target":{"@type":"EntryPoint","urlTemplate":"https:\/\/cosmeticstoredz.com\/?s={search_term_string}"},"query-input":{"@type":"PropertyValueSpecification","valueRequired":true,"valueName":"search_term_string"}}],"inLanguage":"ar"},{"@type":"Organization","@id":"https:\/\/cosmeticstoredz.com\/#organization","name":"Cosmetic Store","url":"https:\/\/cosmeticstoredz.com\/","logo":{"@type":"ImageObject","inLanguage":"ar","@id":"https:\/\/cosmeticstoredz.com\/#\/schema\/logo\/image\/","url":"https:\/\/cosmeticstoredz.com\/wp-content\/uploads\/2026\/02\/cropped-LOGO_CS-512x512-1-1-e1771275285345.webp","contentUrl":"https:\/\/cosmeticstoredz.com\/wp-content\/uploads\/2026\/02\/cropped-LOGO_CS-512x512-1-1-e1771275285345.webp","width":265,"height":319,"caption":"Cosmetic Store"},"image":{"@id":"https:\/\/cosmeticstoredz.com\/#\/schema\/logo\/image\/"},"sameAs":["https:\/\/www.facebook.com\/profile.php?id=61564954260683","https:\/\/www.instagram.com\/cosmetic.storedz\/"]}]}},"_links":{"self":[{"href":"https:\/\/cosmeticstoredz.com\/ar\/wp-json\/wp\/v2\/product\/1328","targetHints":{"allow":["GET"]}}],"collection":[{"href":"https:\/\/cosmeticstoredz.com\/ar\/wp-json\/wp\/v2\/product"}],"about":[{"href":"https:\/\/cosmeticstoredz.com\/ar\/wp-json\/wp\/v2\/types\/product"}],"replies":[{"embeddable":true,"href":"https:\/\/cosmeticstoredz.com\/ar\/wp-json\/wp\/v2\/comments?post=1328"}],"version-history":[{"count":1,"href":"https:\/\/cosmeticstoredz.com\/ar\/wp-json\/wp\/v2\/product\/1328\/revisions"}],"predecessor-version":[{"id":1394,"href":"https:\/\/cosmeticstoredz.com\/ar\/wp-json\/wp\/v2\/product\/1328\/revisions\/1394"}],"wp:featuredmedia":[{"embeddable":true,"href":"https:\/\/cosmeticstoredz.com\/ar\/wp-json\/wp\/v2\/media\/1393"}],"wp:attachment":[{"href":"https:\/\/cosmeticstoredz.com\/ar\/wp-json\/wp\/v2\/media?parent=1328"}],"wp:term":[{"taxonomy":"product_brand","embeddable":true,"href":"https:\/\/cosmeticstoredz.com\/ar\/wp-json\/wp\/v2\/product_brand?post=1328"},{"taxonomy":"product_cat","embeddable":true,"href":"https:\/\/cosmeticstoredz.com\/ar\/wp-json\/wp\/v2\/product_cat?post=1328"},{"taxonomy":"product_tag","embeddable":true,"href":"https:\/\/cosmeticstoredz.com\/ar\/wp-json\/wp\/v2\/product_tag?post=1328"}],"curies":[{"name":"wp","href":"https:\/\/api.w.org\/{rel}","templated":true}]}}