{"id":1325,"date":"2026-02-16T08:47:43","date_gmt":"2026-02-16T08:47:43","guid":{"rendered":"https:\/\/test.fitnessworldgym27.com\/?post_type=product&#038;p=1325"},"modified":"2026-03-30T19:26:21","modified_gmt":"2026-03-30T19:26:21","slug":"elseve-shp-300ml-shampooing-total-repair-5","status":"publish","type":"product","link":"https:\/\/cosmeticstoredz.com\/ar\/product\/elseve-shp-300ml-shampooing-total-repair-5\/","title":{"rendered":"ELSEVE SHP 300ML SHAMPOOING TOTAL REPAIR 5"},"content":{"rendered":"<p class=\"product-title__title c-text c-text--size-m c-text--style-h3\"><strong>Shampoing Recostituant Cheveux Ab\u00eem\u00e9s Total Repair 5 ELSEVE<\/strong><\/p>\n<p>Shampoing Reconstituant pour Cheveux Ab\u00eem\u00e9s, enrichi avec 2% de concentr\u00e9 r\u00e9parateur \u00e0 la K\u00c9RATINExs, pour combattre les 5 sympt\u00f4mes des cheveux ab\u00eem\u00e9s :<\/p>\n<ul>\n<li>1. Effet paille<\/li>\n<li>2. Casse<\/li>\n<li>3. S\u00e9cheresse<\/li>\n<li>4. Manque de souplesse<\/li>\n<li>5. Fourches<\/li>\n<\/ul>\n<p>\u2022 Flacon en plastique 100% recycl\u00e9* et recyclable|\u2022 Fabriqu\u00e9 en France|*hors colorants et bouchon. La fibre des cheveux ab\u00eem\u00e9s est intens\u00e9ment reconstitu\u00e9e et renforc\u00e9e*. *test instrumental apr\u00e8s application du shampoing et d\u00e9m\u00ealant de la gamme.<\/p>\n<div><\/div>","protected":false},"excerpt":{"rendered":"<p class=\"product-title__title c-text c-text--size-m c-text--style-h3\"><strong>Shampoing Recostituant Cheveux Ab\u00eem\u00e9s Total Repair 5 ELSEVE<\/strong><\/p>\n<p>Shampoing Reconstituant pour Cheveux Ab\u00eem\u00e9s, enrichi avec 2% de concentr\u00e9 r\u00e9parateur \u00e0 la K\u00c9RATINExs, pour combattre les 5 sympt\u00f4mes des cheveux ab\u00eem\u00e9s :<\/p>\n<ul>\n<li>1. Effet paille<\/li>\n<li>2. Casse<\/li>\n<li>3. S\u00e9cheresse<\/li>\n<li>4. Manque de souplesse<\/li>\n<li>5. Fourches<\/li>\n<\/ul>","protected":false},"featured_media":1387,"comment_status":"open","ping_status":"closed","template":"","meta":[],"product_brand":[],"product_cat":[75,72,153,111,159,95,92],"product_tag":[125],"class_list":{"0":"post-1325","1":"product","2":"type-product","3":"status-publish","4":"has-post-thumbnail","6":"product_cat-femme","7":"product_cat-homme","8":"product_cat-loreal","9":"product_cat-shampoing-f","10":"product_cat-shampoing-h","11":"product_cat-soin-cheveux-f","12":"product_cat-soin-cheveux-h","13":"product_tag-made-in-france","15":"first","16":"outofstock","17":"shipping-taxable","18":"purchasable","19":"product-type-simple"},"_links":{"self":[{"href":"https:\/\/cosmeticstoredz.com\/ar\/wp-json\/wp\/v2\/product\/1325","targetHints":{"allow":["GET"]}}],"collection":[{"href":"https:\/\/cosmeticstoredz.com\/ar\/wp-json\/wp\/v2\/product"}],"about":[{"href":"https:\/\/cosmeticstoredz.com\/ar\/wp-json\/wp\/v2\/types\/product"}],"replies":[{"embeddable":true,"href":"https:\/\/cosmeticstoredz.com\/ar\/wp-json\/wp\/v2\/comments?post=1325"}],"version-history":[{"count":1,"href":"https:\/\/cosmeticstoredz.com\/ar\/wp-json\/wp\/v2\/product\/1325\/revisions"}],"predecessor-version":[{"id":1388,"href":"https:\/\/cosmeticstoredz.com\/ar\/wp-json\/wp\/v2\/product\/1325\/revisions\/1388"}],"wp:featuredmedia":[{"embeddable":true,"href":"https:\/\/cosmeticstoredz.com\/ar\/wp-json\/wp\/v2\/media\/1387"}],"wp:attachment":[{"href":"https:\/\/cosmeticstoredz.com\/ar\/wp-json\/wp\/v2\/media?parent=1325"}],"wp:term":[{"taxonomy":"product_brand","embeddable":true,"href":"https:\/\/cosmeticstoredz.com\/ar\/wp-json\/wp\/v2\/product_brand?post=1325"},{"taxonomy":"product_cat","embeddable":true,"href":"https:\/\/cosmeticstoredz.com\/ar\/wp-json\/wp\/v2\/product_cat?post=1325"},{"taxonomy":"product_tag","embeddable":true,"href":"https:\/\/cosmeticstoredz.com\/ar\/wp-json\/wp\/v2\/product_tag?post=1325"}],"curies":[{"name":"wp","href":"https:\/\/api.w.org\/{rel}","templated":true}]}}