{"id":1291,"date":"2026-02-16T08:47:22","date_gmt":"2026-02-16T08:47:22","guid":{"rendered":"https:\/\/test.fitnessworldgym27.com\/?post_type=product&#038;p=1291"},"modified":"2026-03-30T19:26:20","modified_gmt":"2026-03-30T19:26:20","slug":"elseve-shp-250ml-full-resist-aminexil-full-resis","status":"publish","type":"product","link":"https:\/\/cosmeticstoredz.com\/ar\/product\/elseve-shp-250ml-full-resist-aminexil-full-resis\/","title":{"rendered":"ELSEVE SHP 250ML FULL RESIST AMINEXIL &#038; FULL RESIS"},"content":{"rendered":"<p>Entra\u00eenez vos cheveux \u00e0 \u00eatre plus r\u00e9sistants avec le Shampooing Booster de Force et sa formule enrichie en compl\u00e9ments capillaires (Biotine + Vitamine B5 + Arginine) :<br \/>\n\u2013 Nourrit le cuir chevelu<br \/>\n\u2013 Renforce les longueurs<br \/>\n\u2013 Apporte 2x plus de r\u00e9sistance*<br \/>\nVos cheveux r\u00e9sistent \u00e0 toutes les \u00e9preuves !<\/p>\n<p>*test instrumental<\/p>\n<p>Formule enrichie en compl\u00e9ments capillaires (Biotine + Vitamine B5 + Arginine) :<br \/>\n\u2013 Nourrit le cuir chevelu<br \/>\n\u2013 Renforce les longueurs<br \/>\n\u2013 Apporte 2x plus de r\u00e9sistance*<\/p>\n<p>*test instrumental<\/p>\n<p>Des cheveux 2x plus forts* qui r\u00e9sistent \u00e0 toutes les \u00e9preuves<\/p>","protected":false},"excerpt":{"rendered":"<p>Full Resist L&rsquo;Or\u00e9al Paris Elseve Full Resist : Shampooing Booster de Force, 250 ml<\/p>","protected":false},"featured_media":1377,"comment_status":"open","ping_status":"closed","template":"","meta":[],"product_brand":[409],"product_cat":[75,153,111,95],"product_tag":[],"class_list":{"0":"post-1291","1":"product","2":"type-product","3":"status-publish","4":"has-post-thumbnail","6":"product_brand-loreal","7":"product_cat-femme","8":"product_cat-loreal","9":"product_cat-shampoing-f","10":"product_cat-soin-cheveux-f","12":"first","13":"instock","14":"shipping-taxable","15":"purchasable","16":"product-type-simple"},"_links":{"self":[{"href":"https:\/\/cosmeticstoredz.com\/ar\/wp-json\/wp\/v2\/product\/1291","targetHints":{"allow":["GET"]}}],"collection":[{"href":"https:\/\/cosmeticstoredz.com\/ar\/wp-json\/wp\/v2\/product"}],"about":[{"href":"https:\/\/cosmeticstoredz.com\/ar\/wp-json\/wp\/v2\/types\/product"}],"replies":[{"embeddable":true,"href":"https:\/\/cosmeticstoredz.com\/ar\/wp-json\/wp\/v2\/comments?post=1291"}],"version-history":[{"count":1,"href":"https:\/\/cosmeticstoredz.com\/ar\/wp-json\/wp\/v2\/product\/1291\/revisions"}],"predecessor-version":[{"id":1378,"href":"https:\/\/cosmeticstoredz.com\/ar\/wp-json\/wp\/v2\/product\/1291\/revisions\/1378"}],"wp:featuredmedia":[{"embeddable":true,"href":"https:\/\/cosmeticstoredz.com\/ar\/wp-json\/wp\/v2\/media\/1377"}],"wp:attachment":[{"href":"https:\/\/cosmeticstoredz.com\/ar\/wp-json\/wp\/v2\/media?parent=1291"}],"wp:term":[{"taxonomy":"product_brand","embeddable":true,"href":"https:\/\/cosmeticstoredz.com\/ar\/wp-json\/wp\/v2\/product_brand?post=1291"},{"taxonomy":"product_cat","embeddable":true,"href":"https:\/\/cosmeticstoredz.com\/ar\/wp-json\/wp\/v2\/product_cat?post=1291"},{"taxonomy":"product_tag","embeddable":true,"href":"https:\/\/cosmeticstoredz.com\/ar\/wp-json\/wp\/v2\/product_tag?post=1291"}],"curies":[{"name":"wp","href":"https:\/\/api.w.org\/{rel}","templated":true}]}}