{"id":1287,"date":"2026-02-16T08:47:22","date_gmt":"2026-02-16T08:47:22","guid":{"rendered":"https:\/\/test.fitnessworldgym27.com\/?post_type=product&#038;p=1287"},"modified":"2026-04-18T19:21:41","modified_gmt":"2026-04-18T19:21:41","slug":"elseve-apres-shampooing-demelant-250ml-total-repair","status":"publish","type":"product","link":"https:\/\/cosmeticstoredz.com\/ar\/product\/elseve-apres-shampooing-demelant-250ml-total-repair\/","title":{"rendered":"ELSEVE APRES SHAMPOOING  DEMELANT 250ML TOTAL REPAIR"},"content":{"rendered":"<h1 class=\"product_title entry-title wd-entities-title\"><span style=\"color: #333333; font-size: 16px;\">Cheveux ab\u00eem\u00e9s ?<\/span><\/h1>\n<div class=\"woocommerce-product-details__short-description\">\n<p>Le D\u00e9m\u00ealant Reconstituant Total Repair 5 enrichi en acides amin\u00e9s et c\u00e9ramide, nourrit, reconstitue et renforce* la fibre des cheveux ab\u00eem\u00e9s.<\/p>\n<p>5 R\u00e9sulats en 1 seul geste :<br \/>\n1. R\u00e9paration 2. R\u00e9sistance 3. Vitalit\u00e9 4. Brillance 5. Douceur<\/p>\n<p>Elseve s\u2019engage pour un monde plus durable :<br \/>\n\u2013 Ce flacon est fabriqu\u00e9 \u00e0 100 % avec du plastique recycl\u00e9**<br \/>\n\u2013 Ce flacon est 100 % recyclable \u2013 Pensez au tri !<br \/>\n\u2013 Produit en France dans une usine neutre en carbone<\/p>\n<\/div>","protected":false},"excerpt":{"rendered":"<p class=\"product_title entry-title wd-entities-title\">L\u2019Or\u00e9al Elseve Total Repair 5 D\u00e9m\u00ealant Reconstituant Apr\u00e9s Shampoo 240ML<\/p>","protected":false},"featured_media":1357,"comment_status":"open","ping_status":"closed","template":"","meta":[],"product_brand":[409],"product_cat":[160,75,153,95],"product_tag":[125],"class_list":{"0":"post-1287","1":"product","2":"type-product","3":"status-publish","4":"has-post-thumbnail","6":"product_brand-loreal","7":"product_cat-apres-shampoing-f","8":"product_cat-femme","9":"product_cat-loreal","10":"product_cat-soin-cheveux-f","11":"product_tag-made-in-france","13":"first","14":"instock","15":"shipping-taxable","16":"purchasable","17":"product-type-simple"},"yoast_head":"<!-- This site is optimized with the Yoast SEO plugin v27.3 - https:\/\/yoast.com\/product\/yoast-seo-wordpress\/ -->\n<title>ELSEVE APRES SHAMPOOING DEMELANT 250ML TOTAL REPAIR - Cosmetic Store<\/title>\n<meta name=\"robots\" content=\"index, follow, max-snippet:-1, max-image-preview:large, max-video-preview:-1\" \/>\n<link rel=\"canonical\" href=\"https:\/\/cosmeticstoredz.com\/ar\/product\/elseve-apres-shampooing-demelant-250ml-total-repair\/\" \/>\n<meta property=\"og:locale\" content=\"ar_AR\" \/>\n<meta property=\"og:type\" content=\"article\" \/>\n<meta property=\"og:title\" content=\"ELSEVE APRES SHAMPOOING DEMELANT 250ML TOTAL REPAIR - Cosmetic Store\" \/>\n<meta property=\"og:description\" content=\"L\u2019Or\u00e9al Elseve Total Repair 5 D\u00e9m\u00ealant Reconstituant Apr\u00e9s Shampoo 240ML\" \/>\n<meta property=\"og:url\" content=\"https:\/\/cosmeticstoredz.com\/ar\/product\/elseve-apres-shampooing-demelant-250ml-total-repair\/\" \/>\n<meta property=\"og:site_name\" content=\"Cosmetic Store\" \/>\n<meta property=\"article:publisher\" content=\"https:\/\/www.facebook.com\/profile.php?id=61564954260683\" \/>\n<meta property=\"article:modified_time\" content=\"2026-04-18T19:21:41+00:00\" \/>\n<meta property=\"og:image\" content=\"https:\/\/cosmeticstoredz.com\/wp-content\/uploads\/2026\/02\/EEEEEEEEEEEEE.jpg\" \/>\n\t<meta property=\"og:image:width\" content=\"350\" \/>\n\t<meta property=\"og:image:height\" content=\"350\" \/>\n\t<meta property=\"og:image:type\" content=\"image\/jpeg\" \/>\n<meta name=\"twitter:card\" content=\"summary_large_image\" \/>\n<script type=\"application\/ld+json\" class=\"yoast-schema-graph\">{\"@context\":\"https:\\\/\\\/schema.org\",\"@graph\":[{\"@type\":\"WebPage\",\"@id\":\"https:\\\/\\\/cosmeticstoredz.com\\\/produit\\\/elseve-apres-shampooing-demelant-250ml-total-repair\\\/\",\"url\":\"https:\\\/\\\/cosmeticstoredz.com\\\/produit\\\/elseve-apres-shampooing-demelant-250ml-total-repair\\\/\",\"name\":\"ELSEVE APRES SHAMPOOING DEMELANT 250ML TOTAL REPAIR - Cosmetic Store\",\"isPartOf\":{\"@id\":\"https:\\\/\\\/cosmeticstoredz.com\\\/#website\"},\"primaryImageOfPage\":{\"@id\":\"https:\\\/\\\/cosmeticstoredz.com\\\/produit\\\/elseve-apres-shampooing-demelant-250ml-total-repair\\\/#primaryimage\"},\"image\":{\"@id\":\"https:\\\/\\\/cosmeticstoredz.com\\\/produit\\\/elseve-apres-shampooing-demelant-250ml-total-repair\\\/#primaryimage\"},\"thumbnailUrl\":\"https:\\\/\\\/cosmeticstoredz.com\\\/wp-content\\\/uploads\\\/2026\\\/02\\\/EEEEEEEEEEEEE.jpg\",\"datePublished\":\"2026-02-16T08:47:22+00:00\",\"dateModified\":\"2026-04-18T19:21:41+00:00\",\"breadcrumb\":{\"@id\":\"https:\\\/\\\/cosmeticstoredz.com\\\/produit\\\/elseve-apres-shampooing-demelant-250ml-total-repair\\\/#breadcrumb\"},\"inLanguage\":\"ar\",\"potentialAction\":[{\"@type\":\"ReadAction\",\"target\":[\"https:\\\/\\\/cosmeticstoredz.com\\\/produit\\\/elseve-apres-shampooing-demelant-250ml-total-repair\\\/\"]}]},{\"@type\":\"ImageObject\",\"inLanguage\":\"ar\",\"@id\":\"https:\\\/\\\/cosmeticstoredz.com\\\/produit\\\/elseve-apres-shampooing-demelant-250ml-total-repair\\\/#primaryimage\",\"url\":\"https:\\\/\\\/cosmeticstoredz.com\\\/wp-content\\\/uploads\\\/2026\\\/02\\\/EEEEEEEEEEEEE.jpg\",\"contentUrl\":\"https:\\\/\\\/cosmeticstoredz.com\\\/wp-content\\\/uploads\\\/2026\\\/02\\\/EEEEEEEEEEEEE.jpg\",\"width\":350,\"height\":350},{\"@type\":\"BreadcrumbList\",\"@id\":\"https:\\\/\\\/cosmeticstoredz.com\\\/produit\\\/elseve-apres-shampooing-demelant-250ml-total-repair\\\/#breadcrumb\",\"itemListElement\":[{\"@type\":\"ListItem\",\"position\":1,\"name\":\"Accueil\",\"item\":\"https:\\\/\\\/cosmeticstoredz.com\\\/\"},{\"@type\":\"ListItem\",\"position\":2,\"name\":\"Boutique\",\"item\":\"https:\\\/\\\/cosmeticstoredz.com\\\/boutique\\\/\"},{\"@type\":\"ListItem\",\"position\":3,\"name\":\"ELSEVE APRES SHAMPOOING DEMELANT 250ML TOTAL REPAIR\"}]},{\"@type\":\"WebSite\",\"@id\":\"https:\\\/\\\/cosmeticstoredz.com\\\/#website\",\"url\":\"https:\\\/\\\/cosmeticstoredz.com\\\/\",\"name\":\"Cosmetic Store\",\"description\":\"\",\"publisher\":{\"@id\":\"https:\\\/\\\/cosmeticstoredz.com\\\/#organization\"},\"potentialAction\":[{\"@type\":\"SearchAction\",\"target\":{\"@type\":\"EntryPoint\",\"urlTemplate\":\"https:\\\/\\\/cosmeticstoredz.com\\\/?s={search_term_string}\"},\"query-input\":{\"@type\":\"PropertyValueSpecification\",\"valueRequired\":true,\"valueName\":\"search_term_string\"}}],\"inLanguage\":\"ar\"},{\"@type\":\"Organization\",\"@id\":\"https:\\\/\\\/cosmeticstoredz.com\\\/#organization\",\"name\":\"Cosmetic Store\",\"url\":\"https:\\\/\\\/cosmeticstoredz.com\\\/\",\"logo\":{\"@type\":\"ImageObject\",\"inLanguage\":\"ar\",\"@id\":\"https:\\\/\\\/cosmeticstoredz.com\\\/#\\\/schema\\\/logo\\\/image\\\/\",\"url\":\"https:\\\/\\\/cosmeticstoredz.com\\\/wp-content\\\/uploads\\\/2026\\\/02\\\/cropped-LOGO_CS-512x512-1-1-e1771275285345.webp\",\"contentUrl\":\"https:\\\/\\\/cosmeticstoredz.com\\\/wp-content\\\/uploads\\\/2026\\\/02\\\/cropped-LOGO_CS-512x512-1-1-e1771275285345.webp\",\"width\":265,\"height\":319,\"caption\":\"Cosmetic Store\"},\"image\":{\"@id\":\"https:\\\/\\\/cosmeticstoredz.com\\\/#\\\/schema\\\/logo\\\/image\\\/\"},\"sameAs\":[\"https:\\\/\\\/www.facebook.com\\\/profile.php?id=61564954260683\",\"https:\\\/\\\/www.instagram.com\\\/cosmetic.storedz\\\/\"]}]}<\/script>\n<!-- \/ Yoast SEO plugin. -->","yoast_head_json":{"title":"ELSEVE APRES SHAMPOOING DEMELANT 250ML TOTAL REPAIR - Cosmetic Store","robots":{"index":"index","follow":"follow","max-snippet":"max-snippet:-1","max-image-preview":"max-image-preview:large","max-video-preview":"max-video-preview:-1"},"canonical":"https:\/\/cosmeticstoredz.com\/ar\/product\/elseve-apres-shampooing-demelant-250ml-total-repair\/","og_locale":"ar_AR","og_type":"article","og_title":"ELSEVE APRES SHAMPOOING DEMELANT 250ML TOTAL REPAIR - Cosmetic Store","og_description":"L\u2019Or\u00e9al Elseve Total Repair 5 D\u00e9m\u00ealant Reconstituant Apr\u00e9s Shampoo 240ML","og_url":"https:\/\/cosmeticstoredz.com\/ar\/product\/elseve-apres-shampooing-demelant-250ml-total-repair\/","og_site_name":"Cosmetic Store","article_publisher":"https:\/\/www.facebook.com\/profile.php?id=61564954260683","article_modified_time":"2026-04-18T19:21:41+00:00","og_image":[{"width":350,"height":350,"url":"https:\/\/cosmeticstoredz.com\/wp-content\/uploads\/2026\/02\/EEEEEEEEEEEEE.jpg","type":"image\/jpeg"}],"twitter_card":"summary_large_image","schema":{"@context":"https:\/\/schema.org","@graph":[{"@type":"WebPage","@id":"https:\/\/cosmeticstoredz.com\/produit\/elseve-apres-shampooing-demelant-250ml-total-repair\/","url":"https:\/\/cosmeticstoredz.com\/produit\/elseve-apres-shampooing-demelant-250ml-total-repair\/","name":"ELSEVE APRES SHAMPOOING DEMELANT 250ML TOTAL REPAIR - Cosmetic Store","isPartOf":{"@id":"https:\/\/cosmeticstoredz.com\/#website"},"primaryImageOfPage":{"@id":"https:\/\/cosmeticstoredz.com\/produit\/elseve-apres-shampooing-demelant-250ml-total-repair\/#primaryimage"},"image":{"@id":"https:\/\/cosmeticstoredz.com\/produit\/elseve-apres-shampooing-demelant-250ml-total-repair\/#primaryimage"},"thumbnailUrl":"https:\/\/cosmeticstoredz.com\/wp-content\/uploads\/2026\/02\/EEEEEEEEEEEEE.jpg","datePublished":"2026-02-16T08:47:22+00:00","dateModified":"2026-04-18T19:21:41+00:00","breadcrumb":{"@id":"https:\/\/cosmeticstoredz.com\/produit\/elseve-apres-shampooing-demelant-250ml-total-repair\/#breadcrumb"},"inLanguage":"ar","potentialAction":[{"@type":"ReadAction","target":["https:\/\/cosmeticstoredz.com\/produit\/elseve-apres-shampooing-demelant-250ml-total-repair\/"]}]},{"@type":"ImageObject","inLanguage":"ar","@id":"https:\/\/cosmeticstoredz.com\/produit\/elseve-apres-shampooing-demelant-250ml-total-repair\/#primaryimage","url":"https:\/\/cosmeticstoredz.com\/wp-content\/uploads\/2026\/02\/EEEEEEEEEEEEE.jpg","contentUrl":"https:\/\/cosmeticstoredz.com\/wp-content\/uploads\/2026\/02\/EEEEEEEEEEEEE.jpg","width":350,"height":350},{"@type":"BreadcrumbList","@id":"https:\/\/cosmeticstoredz.com\/produit\/elseve-apres-shampooing-demelant-250ml-total-repair\/#breadcrumb","itemListElement":[{"@type":"ListItem","position":1,"name":"Accueil","item":"https:\/\/cosmeticstoredz.com\/"},{"@type":"ListItem","position":2,"name":"Boutique","item":"https:\/\/cosmeticstoredz.com\/boutique\/"},{"@type":"ListItem","position":3,"name":"ELSEVE APRES SHAMPOOING DEMELANT 250ML TOTAL REPAIR"}]},{"@type":"WebSite","@id":"https:\/\/cosmeticstoredz.com\/#website","url":"https:\/\/cosmeticstoredz.com\/","name":"Cosmetic Store","description":"","publisher":{"@id":"https:\/\/cosmeticstoredz.com\/#organization"},"potentialAction":[{"@type":"SearchAction","target":{"@type":"EntryPoint","urlTemplate":"https:\/\/cosmeticstoredz.com\/?s={search_term_string}"},"query-input":{"@type":"PropertyValueSpecification","valueRequired":true,"valueName":"search_term_string"}}],"inLanguage":"ar"},{"@type":"Organization","@id":"https:\/\/cosmeticstoredz.com\/#organization","name":"Cosmetic Store","url":"https:\/\/cosmeticstoredz.com\/","logo":{"@type":"ImageObject","inLanguage":"ar","@id":"https:\/\/cosmeticstoredz.com\/#\/schema\/logo\/image\/","url":"https:\/\/cosmeticstoredz.com\/wp-content\/uploads\/2026\/02\/cropped-LOGO_CS-512x512-1-1-e1771275285345.webp","contentUrl":"https:\/\/cosmeticstoredz.com\/wp-content\/uploads\/2026\/02\/cropped-LOGO_CS-512x512-1-1-e1771275285345.webp","width":265,"height":319,"caption":"Cosmetic Store"},"image":{"@id":"https:\/\/cosmeticstoredz.com\/#\/schema\/logo\/image\/"},"sameAs":["https:\/\/www.facebook.com\/profile.php?id=61564954260683","https:\/\/www.instagram.com\/cosmetic.storedz\/"]}]}},"_links":{"self":[{"href":"https:\/\/cosmeticstoredz.com\/ar\/wp-json\/wp\/v2\/product\/1287","targetHints":{"allow":["GET"]}}],"collection":[{"href":"https:\/\/cosmeticstoredz.com\/ar\/wp-json\/wp\/v2\/product"}],"about":[{"href":"https:\/\/cosmeticstoredz.com\/ar\/wp-json\/wp\/v2\/types\/product"}],"replies":[{"embeddable":true,"href":"https:\/\/cosmeticstoredz.com\/ar\/wp-json\/wp\/v2\/comments?post=1287"}],"version-history":[{"count":1,"href":"https:\/\/cosmeticstoredz.com\/ar\/wp-json\/wp\/v2\/product\/1287\/revisions"}],"predecessor-version":[{"id":1358,"href":"https:\/\/cosmeticstoredz.com\/ar\/wp-json\/wp\/v2\/product\/1287\/revisions\/1358"}],"wp:featuredmedia":[{"embeddable":true,"href":"https:\/\/cosmeticstoredz.com\/ar\/wp-json\/wp\/v2\/media\/1357"}],"wp:attachment":[{"href":"https:\/\/cosmeticstoredz.com\/ar\/wp-json\/wp\/v2\/media?parent=1287"}],"wp:term":[{"taxonomy":"product_brand","embeddable":true,"href":"https:\/\/cosmeticstoredz.com\/ar\/wp-json\/wp\/v2\/product_brand?post=1287"},{"taxonomy":"product_cat","embeddable":true,"href":"https:\/\/cosmeticstoredz.com\/ar\/wp-json\/wp\/v2\/product_cat?post=1287"},{"taxonomy":"product_tag","embeddable":true,"href":"https:\/\/cosmeticstoredz.com\/ar\/wp-json\/wp\/v2\/product_tag?post=1287"}],"curies":[{"name":"wp","href":"https:\/\/api.w.org\/{rel}","templated":true}]}}