{"id":1260,"date":"2026-02-16T08:47:00","date_gmt":"2026-02-16T08:47:00","guid":{"rendered":"https:\/\/test.fitnessworldgym27.com\/?post_type=product&#038;p=1260"},"modified":"2026-03-30T19:26:17","modified_gmt":"2026-03-30T19:26:17","slug":"dove-trousse-4-pieces","status":"publish","type":"product","link":"https:\/\/cosmeticstoredz.com\/ar\/product\/dove-trousse-4-pieces\/","title":{"rendered":"DOVE TROUSSE 4 PIECES"},"content":{"rendered":"<p>Coffret cadeau Dove temps pour vous avec douche de soin 250 ml , lait pour le corps 400 ml , cr\u00e8me pour les mains 75 ml , spray d\u00e9odorant 150 ml et trousse de toilette .<\/p>\n<p>Le coffret cadeau Dove Du temps pour toi contient la cr\u00e8me de douche Soin enrichi, le lait corporel Soin enrichi, la cr\u00e8me pour les mains Soin enrichi, le spray d\u00e9odorant anti-transpirant Original et une trousse \u00e0 maquillage. Le coffret cadeau Dove est particuli\u00e8rement adapt\u00e9 aux soins quotidiens pour une peau douce et souple. Le coffret de soin Dove est un cadeau id\u00e9al qui convient \u00e0 toutes les occasions.<\/p>","protected":false},"excerpt":{"rendered":"<p>Coffret cadeau DOVE contient :<\/p>\n<ul>\n<li>Douche de soin 250 ml<\/li>\n<li>Lait pour le corps 400 ml<\/li>\n<li>Cr\u00e8me pour les mains 75 ml<\/li>\n<li>Spray d\u00e9odorant 150 ml<\/li>\n<li>Trousse de toilette .<\/li>\n<\/ul>","protected":false},"featured_media":1342,"comment_status":"open","ping_status":"closed","template":"","meta":[],"product_brand":[],"product_cat":[82,79,86,75,169,139,78,81],"product_tag":[],"class_list":{"0":"post-1260","1":"product","2":"type-product","3":"status-publish","4":"has-post-thumbnail","6":"product_cat-creme-hydratante-fc","7":"product_cat-deodorant-f","8":"product_cat-dove","9":"product_cat-femme","10":"product_cat-gel-douche-f","11":"product_cat-lait-de-corps-soin-corps-f","12":"product_cat-parfum-f","13":"product_cat-soin-corps-f","15":"first","16":"outofstock","17":"shipping-taxable","18":"purchasable","19":"product-type-simple"},"_links":{"self":[{"href":"https:\/\/cosmeticstoredz.com\/ar\/wp-json\/wp\/v2\/product\/1260","targetHints":{"allow":["GET"]}}],"collection":[{"href":"https:\/\/cosmeticstoredz.com\/ar\/wp-json\/wp\/v2\/product"}],"about":[{"href":"https:\/\/cosmeticstoredz.com\/ar\/wp-json\/wp\/v2\/types\/product"}],"replies":[{"embeddable":true,"href":"https:\/\/cosmeticstoredz.com\/ar\/wp-json\/wp\/v2\/comments?post=1260"}],"version-history":[{"count":1,"href":"https:\/\/cosmeticstoredz.com\/ar\/wp-json\/wp\/v2\/product\/1260\/revisions"}],"predecessor-version":[{"id":1343,"href":"https:\/\/cosmeticstoredz.com\/ar\/wp-json\/wp\/v2\/product\/1260\/revisions\/1343"}],"wp:featuredmedia":[{"embeddable":true,"href":"https:\/\/cosmeticstoredz.com\/ar\/wp-json\/wp\/v2\/media\/1342"}],"wp:attachment":[{"href":"https:\/\/cosmeticstoredz.com\/ar\/wp-json\/wp\/v2\/media?parent=1260"}],"wp:term":[{"taxonomy":"product_brand","embeddable":true,"href":"https:\/\/cosmeticstoredz.com\/ar\/wp-json\/wp\/v2\/product_brand?post=1260"},{"taxonomy":"product_cat","embeddable":true,"href":"https:\/\/cosmeticstoredz.com\/ar\/wp-json\/wp\/v2\/product_cat?post=1260"},{"taxonomy":"product_tag","embeddable":true,"href":"https:\/\/cosmeticstoredz.com\/ar\/wp-json\/wp\/v2\/product_tag?post=1260"}],"curies":[{"name":"wp","href":"https:\/\/api.w.org\/{rel}","templated":true}]}}