{"id":12240,"date":"2025-09-09T18:52:45","date_gmt":"2025-09-09T18:52:45","guid":{"rendered":"https:\/\/test.fitnessworldgym27.com\/?post_type=product&#038;p=12240"},"modified":"2026-03-30T19:24:39","modified_gmt":"2026-03-30T19:24:39","slug":"abusaad-gel-aloe-vera-250ml","status":"publish","type":"product","link":"https:\/\/cosmeticstoredz.com\/ar\/product\/abusaad-gel-aloe-vera-250ml\/","title":{"rendered":"ABUSAAD GEL ALOE VERA HAIR AND BODY 250ML"},"content":{"rendered":"","protected":false},"excerpt":{"rendered":"<p>un soin hydratant et apaisant \u00e0 base d\u2019aloe vera naturel. Sa texture l\u00e9g\u00e8re p\u00e9n\u00e8tre rapidement pour nourrir et rafra\u00eechir la peau sans laisser de film gras. Id\u00e9al pour hydrater le visage, le corps et m\u00eame les cheveux, il apaise les irritations, les rougeurs et les coups de soleil tout en laissant une sensation de douceur et de confort.<\/p>","protected":false},"featured_media":22699,"comment_status":"closed","ping_status":"closed","template":"","meta":[],"product_brand":[413],"product_cat":[87,75,323,88,95,81,76],"product_tag":[],"class_list":{"0":"post-12240","1":"product","2":"type-product","3":"status-publish","4":"has-post-thumbnail","6":"product_brand-abusaad","7":"product_cat-abusaad","8":"product_cat-femme","9":"product_cat-gel-cheveux-f","10":"product_cat-gel-nettoyant-f","11":"product_cat-soin-cheveux-f","12":"product_cat-soin-corps-f","13":"product_cat-soin-visage-f","15":"first","16":"instock","17":"shipping-taxable","18":"purchasable","19":"product-type-simple"},"_links":{"self":[{"href":"https:\/\/cosmeticstoredz.com\/ar\/wp-json\/wp\/v2\/product\/12240","targetHints":{"allow":["GET"]}}],"collection":[{"href":"https:\/\/cosmeticstoredz.com\/ar\/wp-json\/wp\/v2\/product"}],"about":[{"href":"https:\/\/cosmeticstoredz.com\/ar\/wp-json\/wp\/v2\/types\/product"}],"replies":[{"embeddable":true,"href":"https:\/\/cosmeticstoredz.com\/ar\/wp-json\/wp\/v2\/comments?post=12240"}],"version-history":[{"count":1,"href":"https:\/\/cosmeticstoredz.com\/ar\/wp-json\/wp\/v2\/product\/12240\/revisions"}],"predecessor-version":[{"id":22700,"href":"https:\/\/cosmeticstoredz.com\/ar\/wp-json\/wp\/v2\/product\/12240\/revisions\/22700"}],"wp:featuredmedia":[{"embeddable":true,"href":"https:\/\/cosmeticstoredz.com\/ar\/wp-json\/wp\/v2\/media\/22699"}],"wp:attachment":[{"href":"https:\/\/cosmeticstoredz.com\/ar\/wp-json\/wp\/v2\/media?parent=12240"}],"wp:term":[{"taxonomy":"product_brand","embeddable":true,"href":"https:\/\/cosmeticstoredz.com\/ar\/wp-json\/wp\/v2\/product_brand?post=12240"},{"taxonomy":"product_cat","embeddable":true,"href":"https:\/\/cosmeticstoredz.com\/ar\/wp-json\/wp\/v2\/product_cat?post=12240"},{"taxonomy":"product_tag","embeddable":true,"href":"https:\/\/cosmeticstoredz.com\/ar\/wp-json\/wp\/v2\/product_tag?post=12240"}],"curies":[{"name":"wp","href":"https:\/\/api.w.org\/{rel}","templated":true}]}}