{"id":1224,"date":"2026-02-16T08:46:38","date_gmt":"2026-02-16T08:46:38","guid":{"rendered":"https:\/\/test.fitnessworldgym27.com\/?post_type=product&#038;p=1224"},"modified":"2026-03-30T19:26:12","modified_gmt":"2026-03-30T19:26:12","slug":"dove-deodorant-250-mlgo-fresh-concombre","status":"publish","type":"product","link":"https:\/\/cosmeticstoredz.com\/ar\/product\/dove-deodorant-250-mlgo-fresh-concombre\/","title":{"rendered":"DOVE DEODORANT 250 MLGO FRESH CONCOMBRE"},"content":{"rendered":"<p>Spray D\u00e9odorant longue dur\u00e9e Pour prolonger tout au long de la journ\u00e9e l\u2019agr\u00e9able sensation de fra\u00eecheur. Ce d\u00e9odorant neutralise les odeurs de transpiration \u00e0 la source, r\u00e9duit la sensation d\u2019humidit\u00e9 et vous apporte une protection durable.<strong>\u00a0<\/strong><\/p>\n<ul>\n<li>Sa formule Extra Douce pour la peau garantit une application douce et un s\u00e9chage rapide.<\/li>\n<li>Test\u00e9 sous contr\u00f4le dermatologique.<\/li>\n<\/ul>\n<p>Conseils d&rsquo;utilisation du produit :<\/p>\n<ul>\n<li>Bien agiter avant l&#8217;emploi.<\/li>\n<li>Tenir l\u2019a\u00e9rosol \u00e0 15 cm des aisselles et vaporiser en pr\u00e9sence d\u2019une vaporisation prolong\u00e9e et d\u2019une inhalation directe.<\/li>\n<\/ul>","protected":false},"excerpt":{"rendered":"<p class=\"product_title entry-title wd-entities-title\">D\u00e9odorant Dove Go Fresh Cucumber &amp; green tea 48 h 250 ml<\/p>","protected":false},"featured_media":1302,"comment_status":"open","ping_status":"closed","template":"","meta":[],"product_brand":[],"product_cat":[79,86,75,78],"product_tag":[],"class_list":{"0":"post-1224","1":"product","2":"type-product","3":"status-publish","4":"has-post-thumbnail","6":"product_cat-deodorant-f","7":"product_cat-dove","8":"product_cat-femme","9":"product_cat-parfum-f","11":"first","12":"instock","13":"shipping-taxable","14":"purchasable","15":"product-type-simple"},"_links":{"self":[{"href":"https:\/\/cosmeticstoredz.com\/ar\/wp-json\/wp\/v2\/product\/1224","targetHints":{"allow":["GET"]}}],"collection":[{"href":"https:\/\/cosmeticstoredz.com\/ar\/wp-json\/wp\/v2\/product"}],"about":[{"href":"https:\/\/cosmeticstoredz.com\/ar\/wp-json\/wp\/v2\/types\/product"}],"replies":[{"embeddable":true,"href":"https:\/\/cosmeticstoredz.com\/ar\/wp-json\/wp\/v2\/comments?post=1224"}],"version-history":[{"count":1,"href":"https:\/\/cosmeticstoredz.com\/ar\/wp-json\/wp\/v2\/product\/1224\/revisions"}],"predecessor-version":[{"id":1303,"href":"https:\/\/cosmeticstoredz.com\/ar\/wp-json\/wp\/v2\/product\/1224\/revisions\/1303"}],"wp:featuredmedia":[{"embeddable":true,"href":"https:\/\/cosmeticstoredz.com\/ar\/wp-json\/wp\/v2\/media\/1302"}],"wp:attachment":[{"href":"https:\/\/cosmeticstoredz.com\/ar\/wp-json\/wp\/v2\/media?parent=1224"}],"wp:term":[{"taxonomy":"product_brand","embeddable":true,"href":"https:\/\/cosmeticstoredz.com\/ar\/wp-json\/wp\/v2\/product_brand?post=1224"},{"taxonomy":"product_cat","embeddable":true,"href":"https:\/\/cosmeticstoredz.com\/ar\/wp-json\/wp\/v2\/product_cat?post=1224"},{"taxonomy":"product_tag","embeddable":true,"href":"https:\/\/cosmeticstoredz.com\/ar\/wp-json\/wp\/v2\/product_tag?post=1224"}],"curies":[{"name":"wp","href":"https:\/\/api.w.org\/{rel}","templated":true}]}}