{"id":12216,"date":"2025-09-09T18:52:22","date_gmt":"2025-09-09T18:52:22","guid":{"rendered":"https:\/\/test.fitnessworldgym27.com\/?post_type=product&#038;p=12216"},"modified":"2026-04-18T19:19:37","modified_gmt":"2026-04-18T19:19:37","slug":"celenes-eau-thermale-micellaire-nettoyante-peaux-grasse-a-mixte","status":"publish","type":"product","link":"https:\/\/cosmeticstoredz.com\/ar\/product\/celenes-eau-thermale-micellaire-nettoyante-peaux-grasse-a-mixte\/","title":{"rendered":"CELENES EAU THERMALE MICELLAIRE NETTOYANTE PEAUX GRASSE A MIXTE"},"content":{"rendered":"","protected":false},"excerpt":{"rendered":"<article class=\"text-token-text-primary w-full focus:outline-none scroll-mt-[calc(var(--header-height)+min(200px,max(70px,20svh)))]\" dir=\"auto\" tabindex=\"-1\" data-turn-id=\"request-WEB:375d5273-8137-4032-820d-44fd417735db-8\" data-testid=\"conversation-turn-18\" data-scroll-anchor=\"true\" data-turn=\"assistant\">\n<div class=\"text-base my-auto mx-auto pb-10 [--thread-content-margin:--spacing(4)] thread-sm:[--thread-content-margin:--spacing(6)] thread-lg:[--thread-content-margin:--spacing(16)] px-(--thread-content-margin)\">\n<div class=\"[--thread-content-max-width:40rem] thread-lg:[--thread-content-max-width:48rem] mx-auto max-w-(--thread-content-max-width) flex-1 group\/turn-messages focus-visible:outline-hidden relative flex w-full min-w-0 flex-col agent-turn\" tabindex=\"-1\">\n<div class=\"flex max-w-full flex-col grow\">\n<div class=\"min-h-8 text-message relative flex w-full flex-col items-end gap-2 text-start break-words whitespace-normal [.text-message+&amp;]:mt-5\" dir=\"auto\" data-message-author-role=\"assistant\" data-message-id=\"be7184c9-8dcc-4657-b45a-46646d1a1281\" data-message-model-slug=\"gpt-5\">\n<div class=\"flex w-full flex-col gap-1 empty:hidden first:pt-[1px]\">\n<div class=\"markdown prose dark:prose-invert w-full break-words light markdown-new-styling\">\n<p data-start=\"0\" data-end=\"368\" data-is-last-node=\"\" data-is-only-node=\"\">L\u2019Eau Thermale Micellaire Nettoyante hydrate et rafra\u00eechit la peau tout en offrant un nettoyage doux et efficace. Id\u00e9ale pour les peaux grasses et mixtes, elle \u00e9limine les impuret\u00e9s et le maquillage sans n\u00e9cessiter de rin\u00e7age, tout en respectant l\u2019\u00e9quilibre cutan\u00e9. Son format pratique de 250 ml en fait un alli\u00e9 quotidien pour une peau propre, fra\u00eeche et confortable.<\/p>\n<\/div>\n<\/div>\n<\/div>\n<\/div>\n<div class=\"z-0 flex min-h-[46px] justify-start\"><\/div>\n<div class=\"mt-3 w-full empty:hidden\">\n<div class=\"text-center\"><\/div>\n<\/div>\n<\/div>\n<\/div>\n<\/article>\n<div class=\"pointer-events-none h-px w-px\" aria-hidden=\"true\" data-edge=\"true\"><\/div>\n","protected":false},"featured_media":22656,"comment_status":"closed","ping_status":"closed","template":"","meta":[],"product_brand":[455],"product_cat":[371,136,75,76],"product_tag":[],"class_list":{"0":"post-12216","1":"product","2":"type-product","3":"status-publish","4":"has-post-thumbnail","6":"product_brand-celenes","7":"product_cat-celenes","8":"product_cat-demaquillant","9":"product_cat-femme","10":"product_cat-soin-visage-f","12":"first","13":"instock","14":"shipping-taxable","15":"purchasable","16":"product-type-simple"},"yoast_head":"<!-- This site is optimized with the Yoast SEO plugin v27.3 - https:\/\/yoast.com\/product\/yoast-seo-wordpress\/ -->\n<title>CELENES EAU THERMALE MICELLAIRE NETTOYANTE PEAUX GRASSE A MIXTE - Cosmetic Store<\/title>\n<meta name=\"robots\" content=\"index, follow, max-snippet:-1, max-image-preview:large, max-video-preview:-1\" \/>\n<link rel=\"canonical\" href=\"https:\/\/cosmeticstoredz.com\/ar\/product\/celenes-eau-thermale-micellaire-nettoyante-peaux-grasse-a-mixte\/\" \/>\n<meta property=\"og:locale\" content=\"ar_AR\" \/>\n<meta property=\"og:type\" content=\"article\" \/>\n<meta property=\"og:title\" content=\"CELENES EAU THERMALE MICELLAIRE NETTOYANTE PEAUX GRASSE A MIXTE - Cosmetic Store\" \/>\n<meta property=\"og:description\" content=\"L\u2019Eau Thermale Micellaire Nettoyante hydrate et rafra\u00eechit la peau tout en offrant un nettoyage doux et efficace. Id\u00e9ale pour les peaux grasses et mixtes, elle \u00e9limine les impuret\u00e9s et le maquillage sans n\u00e9cessiter de rin\u00e7age, tout en respectant l\u2019\u00e9quilibre cutan\u00e9. Son format pratique de 250 ml en fait un alli\u00e9 quotidien pour une peau propre, fra\u00eeche et confortable.\" \/>\n<meta property=\"og:url\" content=\"https:\/\/cosmeticstoredz.com\/ar\/product\/celenes-eau-thermale-micellaire-nettoyante-peaux-grasse-a-mixte\/\" \/>\n<meta property=\"og:site_name\" content=\"Cosmetic Store\" \/>\n<meta property=\"article:publisher\" content=\"https:\/\/www.facebook.com\/profile.php?id=61564954260683\" \/>\n<meta property=\"article:modified_time\" content=\"2026-04-18T19:19:37+00:00\" \/>\n<meta property=\"og:image\" content=\"https:\/\/cosmeticstoredz.com\/wp-content\/uploads\/2026\/02\/CC-77-1.png\" \/>\n\t<meta property=\"og:image:width\" content=\"1563\" \/>\n\t<meta property=\"og:image:height\" content=\"1563\" \/>\n\t<meta property=\"og:image:type\" content=\"image\/png\" \/>\n<meta name=\"twitter:card\" content=\"summary_large_image\" \/>\n<script type=\"application\/ld+json\" class=\"yoast-schema-graph\">{\"@context\":\"https:\\\/\\\/schema.org\",\"@graph\":[{\"@type\":\"WebPage\",\"@id\":\"https:\\\/\\\/cosmeticstoredz.com\\\/produit\\\/celenes-eau-thermale-micellaire-nettoyante-peaux-grasse-a-mixte\\\/\",\"url\":\"https:\\\/\\\/cosmeticstoredz.com\\\/produit\\\/celenes-eau-thermale-micellaire-nettoyante-peaux-grasse-a-mixte\\\/\",\"name\":\"CELENES EAU THERMALE MICELLAIRE NETTOYANTE PEAUX GRASSE A MIXTE - Cosmetic Store\",\"isPartOf\":{\"@id\":\"https:\\\/\\\/cosmeticstoredz.com\\\/#website\"},\"primaryImageOfPage\":{\"@id\":\"https:\\\/\\\/cosmeticstoredz.com\\\/produit\\\/celenes-eau-thermale-micellaire-nettoyante-peaux-grasse-a-mixte\\\/#primaryimage\"},\"image\":{\"@id\":\"https:\\\/\\\/cosmeticstoredz.com\\\/produit\\\/celenes-eau-thermale-micellaire-nettoyante-peaux-grasse-a-mixte\\\/#primaryimage\"},\"thumbnailUrl\":\"https:\\\/\\\/cosmeticstoredz.com\\\/wp-content\\\/uploads\\\/2026\\\/02\\\/CC-77-1.png\",\"datePublished\":\"2025-09-09T18:52:22+00:00\",\"dateModified\":\"2026-04-18T19:19:37+00:00\",\"breadcrumb\":{\"@id\":\"https:\\\/\\\/cosmeticstoredz.com\\\/produit\\\/celenes-eau-thermale-micellaire-nettoyante-peaux-grasse-a-mixte\\\/#breadcrumb\"},\"inLanguage\":\"ar\",\"potentialAction\":[{\"@type\":\"ReadAction\",\"target\":[\"https:\\\/\\\/cosmeticstoredz.com\\\/produit\\\/celenes-eau-thermale-micellaire-nettoyante-peaux-grasse-a-mixte\\\/\"]}]},{\"@type\":\"ImageObject\",\"inLanguage\":\"ar\",\"@id\":\"https:\\\/\\\/cosmeticstoredz.com\\\/produit\\\/celenes-eau-thermale-micellaire-nettoyante-peaux-grasse-a-mixte\\\/#primaryimage\",\"url\":\"https:\\\/\\\/cosmeticstoredz.com\\\/wp-content\\\/uploads\\\/2026\\\/02\\\/CC-77-1.png\",\"contentUrl\":\"https:\\\/\\\/cosmeticstoredz.com\\\/wp-content\\\/uploads\\\/2026\\\/02\\\/CC-77-1.png\",\"width\":1563,\"height\":1563},{\"@type\":\"BreadcrumbList\",\"@id\":\"https:\\\/\\\/cosmeticstoredz.com\\\/produit\\\/celenes-eau-thermale-micellaire-nettoyante-peaux-grasse-a-mixte\\\/#breadcrumb\",\"itemListElement\":[{\"@type\":\"ListItem\",\"position\":1,\"name\":\"Accueil\",\"item\":\"https:\\\/\\\/cosmeticstoredz.com\\\/\"},{\"@type\":\"ListItem\",\"position\":2,\"name\":\"Boutique\",\"item\":\"https:\\\/\\\/cosmeticstoredz.com\\\/boutique\\\/\"},{\"@type\":\"ListItem\",\"position\":3,\"name\":\"CELENES EAU THERMALE MICELLAIRE NETTOYANTE PEAUX GRASSE A MIXTE\"}]},{\"@type\":\"WebSite\",\"@id\":\"https:\\\/\\\/cosmeticstoredz.com\\\/#website\",\"url\":\"https:\\\/\\\/cosmeticstoredz.com\\\/\",\"name\":\"Cosmetic Store\",\"description\":\"\",\"publisher\":{\"@id\":\"https:\\\/\\\/cosmeticstoredz.com\\\/#organization\"},\"potentialAction\":[{\"@type\":\"SearchAction\",\"target\":{\"@type\":\"EntryPoint\",\"urlTemplate\":\"https:\\\/\\\/cosmeticstoredz.com\\\/?s={search_term_string}\"},\"query-input\":{\"@type\":\"PropertyValueSpecification\",\"valueRequired\":true,\"valueName\":\"search_term_string\"}}],\"inLanguage\":\"ar\"},{\"@type\":\"Organization\",\"@id\":\"https:\\\/\\\/cosmeticstoredz.com\\\/#organization\",\"name\":\"Cosmetic Store\",\"url\":\"https:\\\/\\\/cosmeticstoredz.com\\\/\",\"logo\":{\"@type\":\"ImageObject\",\"inLanguage\":\"ar\",\"@id\":\"https:\\\/\\\/cosmeticstoredz.com\\\/#\\\/schema\\\/logo\\\/image\\\/\",\"url\":\"https:\\\/\\\/cosmeticstoredz.com\\\/wp-content\\\/uploads\\\/2026\\\/02\\\/cropped-LOGO_CS-512x512-1-1-e1771275285345.webp\",\"contentUrl\":\"https:\\\/\\\/cosmeticstoredz.com\\\/wp-content\\\/uploads\\\/2026\\\/02\\\/cropped-LOGO_CS-512x512-1-1-e1771275285345.webp\",\"width\":265,\"height\":319,\"caption\":\"Cosmetic Store\"},\"image\":{\"@id\":\"https:\\\/\\\/cosmeticstoredz.com\\\/#\\\/schema\\\/logo\\\/image\\\/\"},\"sameAs\":[\"https:\\\/\\\/www.facebook.com\\\/profile.php?id=61564954260683\",\"https:\\\/\\\/www.instagram.com\\\/cosmetic.storedz\\\/\"]}]}<\/script>\n<!-- \/ Yoast SEO plugin. -->","yoast_head_json":{"title":"CELENES EAU THERMALE MICELLAIRE NETTOYANTE PEAUX GRASSE A MIXTE - Cosmetic Store","robots":{"index":"index","follow":"follow","max-snippet":"max-snippet:-1","max-image-preview":"max-image-preview:large","max-video-preview":"max-video-preview:-1"},"canonical":"https:\/\/cosmeticstoredz.com\/ar\/product\/celenes-eau-thermale-micellaire-nettoyante-peaux-grasse-a-mixte\/","og_locale":"ar_AR","og_type":"article","og_title":"CELENES EAU THERMALE MICELLAIRE NETTOYANTE PEAUX GRASSE A MIXTE - Cosmetic Store","og_description":"L\u2019Eau Thermale Micellaire Nettoyante hydrate et rafra\u00eechit la peau tout en offrant un nettoyage doux et efficace. Id\u00e9ale pour les peaux grasses et mixtes, elle \u00e9limine les impuret\u00e9s et le maquillage sans n\u00e9cessiter de rin\u00e7age, tout en respectant l\u2019\u00e9quilibre cutan\u00e9. Son format pratique de 250 ml en fait un alli\u00e9 quotidien pour une peau propre, fra\u00eeche et confortable.","og_url":"https:\/\/cosmeticstoredz.com\/ar\/product\/celenes-eau-thermale-micellaire-nettoyante-peaux-grasse-a-mixte\/","og_site_name":"Cosmetic Store","article_publisher":"https:\/\/www.facebook.com\/profile.php?id=61564954260683","article_modified_time":"2026-04-18T19:19:37+00:00","og_image":[{"width":1563,"height":1563,"url":"https:\/\/cosmeticstoredz.com\/wp-content\/uploads\/2026\/02\/CC-77-1.png","type":"image\/png"}],"twitter_card":"summary_large_image","schema":{"@context":"https:\/\/schema.org","@graph":[{"@type":"WebPage","@id":"https:\/\/cosmeticstoredz.com\/produit\/celenes-eau-thermale-micellaire-nettoyante-peaux-grasse-a-mixte\/","url":"https:\/\/cosmeticstoredz.com\/produit\/celenes-eau-thermale-micellaire-nettoyante-peaux-grasse-a-mixte\/","name":"CELENES EAU THERMALE MICELLAIRE NETTOYANTE PEAUX GRASSE A MIXTE - Cosmetic Store","isPartOf":{"@id":"https:\/\/cosmeticstoredz.com\/#website"},"primaryImageOfPage":{"@id":"https:\/\/cosmeticstoredz.com\/produit\/celenes-eau-thermale-micellaire-nettoyante-peaux-grasse-a-mixte\/#primaryimage"},"image":{"@id":"https:\/\/cosmeticstoredz.com\/produit\/celenes-eau-thermale-micellaire-nettoyante-peaux-grasse-a-mixte\/#primaryimage"},"thumbnailUrl":"https:\/\/cosmeticstoredz.com\/wp-content\/uploads\/2026\/02\/CC-77-1.png","datePublished":"2025-09-09T18:52:22+00:00","dateModified":"2026-04-18T19:19:37+00:00","breadcrumb":{"@id":"https:\/\/cosmeticstoredz.com\/produit\/celenes-eau-thermale-micellaire-nettoyante-peaux-grasse-a-mixte\/#breadcrumb"},"inLanguage":"ar","potentialAction":[{"@type":"ReadAction","target":["https:\/\/cosmeticstoredz.com\/produit\/celenes-eau-thermale-micellaire-nettoyante-peaux-grasse-a-mixte\/"]}]},{"@type":"ImageObject","inLanguage":"ar","@id":"https:\/\/cosmeticstoredz.com\/produit\/celenes-eau-thermale-micellaire-nettoyante-peaux-grasse-a-mixte\/#primaryimage","url":"https:\/\/cosmeticstoredz.com\/wp-content\/uploads\/2026\/02\/CC-77-1.png","contentUrl":"https:\/\/cosmeticstoredz.com\/wp-content\/uploads\/2026\/02\/CC-77-1.png","width":1563,"height":1563},{"@type":"BreadcrumbList","@id":"https:\/\/cosmeticstoredz.com\/produit\/celenes-eau-thermale-micellaire-nettoyante-peaux-grasse-a-mixte\/#breadcrumb","itemListElement":[{"@type":"ListItem","position":1,"name":"Accueil","item":"https:\/\/cosmeticstoredz.com\/"},{"@type":"ListItem","position":2,"name":"Boutique","item":"https:\/\/cosmeticstoredz.com\/boutique\/"},{"@type":"ListItem","position":3,"name":"CELENES EAU THERMALE MICELLAIRE NETTOYANTE PEAUX GRASSE A MIXTE"}]},{"@type":"WebSite","@id":"https:\/\/cosmeticstoredz.com\/#website","url":"https:\/\/cosmeticstoredz.com\/","name":"Cosmetic Store","description":"","publisher":{"@id":"https:\/\/cosmeticstoredz.com\/#organization"},"potentialAction":[{"@type":"SearchAction","target":{"@type":"EntryPoint","urlTemplate":"https:\/\/cosmeticstoredz.com\/?s={search_term_string}"},"query-input":{"@type":"PropertyValueSpecification","valueRequired":true,"valueName":"search_term_string"}}],"inLanguage":"ar"},{"@type":"Organization","@id":"https:\/\/cosmeticstoredz.com\/#organization","name":"Cosmetic Store","url":"https:\/\/cosmeticstoredz.com\/","logo":{"@type":"ImageObject","inLanguage":"ar","@id":"https:\/\/cosmeticstoredz.com\/#\/schema\/logo\/image\/","url":"https:\/\/cosmeticstoredz.com\/wp-content\/uploads\/2026\/02\/cropped-LOGO_CS-512x512-1-1-e1771275285345.webp","contentUrl":"https:\/\/cosmeticstoredz.com\/wp-content\/uploads\/2026\/02\/cropped-LOGO_CS-512x512-1-1-e1771275285345.webp","width":265,"height":319,"caption":"Cosmetic Store"},"image":{"@id":"https:\/\/cosmeticstoredz.com\/#\/schema\/logo\/image\/"},"sameAs":["https:\/\/www.facebook.com\/profile.php?id=61564954260683","https:\/\/www.instagram.com\/cosmetic.storedz\/"]}]}},"_links":{"self":[{"href":"https:\/\/cosmeticstoredz.com\/ar\/wp-json\/wp\/v2\/product\/12216","targetHints":{"allow":["GET"]}}],"collection":[{"href":"https:\/\/cosmeticstoredz.com\/ar\/wp-json\/wp\/v2\/product"}],"about":[{"href":"https:\/\/cosmeticstoredz.com\/ar\/wp-json\/wp\/v2\/types\/product"}],"replies":[{"embeddable":true,"href":"https:\/\/cosmeticstoredz.com\/ar\/wp-json\/wp\/v2\/comments?post=12216"}],"version-history":[{"count":1,"href":"https:\/\/cosmeticstoredz.com\/ar\/wp-json\/wp\/v2\/product\/12216\/revisions"}],"predecessor-version":[{"id":22657,"href":"https:\/\/cosmeticstoredz.com\/ar\/wp-json\/wp\/v2\/product\/12216\/revisions\/22657"}],"wp:featuredmedia":[{"embeddable":true,"href":"https:\/\/cosmeticstoredz.com\/ar\/wp-json\/wp\/v2\/media\/22656"}],"wp:attachment":[{"href":"https:\/\/cosmeticstoredz.com\/ar\/wp-json\/wp\/v2\/media?parent=12216"}],"wp:term":[{"taxonomy":"product_brand","embeddable":true,"href":"https:\/\/cosmeticstoredz.com\/ar\/wp-json\/wp\/v2\/product_brand?post=12216"},{"taxonomy":"product_cat","embeddable":true,"href":"https:\/\/cosmeticstoredz.com\/ar\/wp-json\/wp\/v2\/product_cat?post=12216"},{"taxonomy":"product_tag","embeddable":true,"href":"https:\/\/cosmeticstoredz.com\/ar\/wp-json\/wp\/v2\/product_tag?post=12216"}],"curies":[{"name":"wp","href":"https:\/\/api.w.org\/{rel}","templated":true}]}}