{"id":12203,"date":"2025-09-09T18:50:59","date_gmt":"2025-09-09T18:50:59","guid":{"rendered":"https:\/\/test.fitnessworldgym27.com\/?post_type=product&#038;p=12203"},"modified":"2026-03-30T19:24:25","modified_gmt":"2026-03-30T19:24:25","slug":"dessange-shapooing-250-ml-douce-argile","status":"publish","type":"product","link":"https:\/\/cosmeticstoredz.com\/ar\/product\/dessange-shapooing-250-ml-douce-argile\/","title":{"rendered":"DESSANGE SHAPOOING 250 ML DOUCE ARGILE"},"content":{"rendered":"","protected":false},"excerpt":{"rendered":"<p class=\"title\">Shampooing en argile douce purifiante r\u00e9gulante Dessange pour cheveux gras et extr\u00e9mit\u00e9s s\u00e8ches 250 ml<\/p>\n<div class=\"stock_text_wrp d-flex align-items-start\"><\/div>","protected":false},"featured_media":22633,"comment_status":"closed","ping_status":"closed","template":"","meta":[],"product_brand":[],"product_cat":[302,75,111,95],"product_tag":[],"class_list":{"0":"post-12203","1":"product","2":"type-product","3":"status-publish","4":"has-post-thumbnail","6":"product_cat-dessange","7":"product_cat-femme","8":"product_cat-shampoing-f","9":"product_cat-soin-cheveux-f","11":"first","12":"outofstock","13":"shipping-taxable","14":"purchasable","15":"product-type-simple"},"_links":{"self":[{"href":"https:\/\/cosmeticstoredz.com\/ar\/wp-json\/wp\/v2\/product\/12203","targetHints":{"allow":["GET"]}}],"collection":[{"href":"https:\/\/cosmeticstoredz.com\/ar\/wp-json\/wp\/v2\/product"}],"about":[{"href":"https:\/\/cosmeticstoredz.com\/ar\/wp-json\/wp\/v2\/types\/product"}],"replies":[{"embeddable":true,"href":"https:\/\/cosmeticstoredz.com\/ar\/wp-json\/wp\/v2\/comments?post=12203"}],"version-history":[{"count":1,"href":"https:\/\/cosmeticstoredz.com\/ar\/wp-json\/wp\/v2\/product\/12203\/revisions"}],"predecessor-version":[{"id":22634,"href":"https:\/\/cosmeticstoredz.com\/ar\/wp-json\/wp\/v2\/product\/12203\/revisions\/22634"}],"wp:featuredmedia":[{"embeddable":true,"href":"https:\/\/cosmeticstoredz.com\/ar\/wp-json\/wp\/v2\/media\/22633"}],"wp:attachment":[{"href":"https:\/\/cosmeticstoredz.com\/ar\/wp-json\/wp\/v2\/media?parent=12203"}],"wp:term":[{"taxonomy":"product_brand","embeddable":true,"href":"https:\/\/cosmeticstoredz.com\/ar\/wp-json\/wp\/v2\/product_brand?post=12203"},{"taxonomy":"product_cat","embeddable":true,"href":"https:\/\/cosmeticstoredz.com\/ar\/wp-json\/wp\/v2\/product_cat?post=12203"},{"taxonomy":"product_tag","embeddable":true,"href":"https:\/\/cosmeticstoredz.com\/ar\/wp-json\/wp\/v2\/product_tag?post=12203"}],"curies":[{"name":"wp","href":"https:\/\/api.w.org\/{rel}","templated":true}]}}