{"id":1214,"date":"2026-02-16T08:46:38","date_gmt":"2026-02-16T08:46:38","guid":{"rendered":"https:\/\/test.fitnessworldgym27.com\/?post_type=product&#038;p=1214"},"modified":"2026-04-18T19:19:45","modified_gmt":"2026-04-18T19:19:45","slug":"diadermine-pot-50ml-lift-sublimation-jour","status":"publish","type":"product","link":"https:\/\/cosmeticstoredz.com\/ar\/product\/diadermine-pot-50ml-lift-sublimation-jour\/","title":{"rendered":"DIADERMINE POT 50ML LIFT+ SUBLIMATION JOUR"},"content":{"rendered":"<p><b>Lift + Sublimant<\/b>\u00a0 Soin de Jour\u00a0<b>anti-rides<\/b>\u00a0Fermet\u00e9\u00a0<b>50ml<\/b><br \/>\nInnovation :La structure du collag\u00e8ne de la peau joue un r\u00f4le important dans sa fermet\u00e9. Avec l&rsquo;\u00e2ge, la production naturelle de collag\u00e8ne ralentit et sa structure s&rsquo;affaiblit. Les rides apparaissent et la peau devient moins ferme. La peau perd aussi de son \u00e9clat et para\u00eet terne<br \/>\nC&rsquo;est pour r\u00e9pondre plus efficacement \u00e0 ses besoins que les laboratoires Diadermine ont cr\u00e9\u00e9 Lift + Sublimant, un soin qui allie une double action entre retenseurs longues dur\u00e9e \u00e0 une action \u00e9clat..<br \/>\nDouble action :Retenseur longue dur\u00e9e : la formule du structurateur de collag\u00e8ne stimule la synth\u00e8se du collag\u00e8ne et redensifie sa structure pour une peau plus ferme et \u00e9lastique toute la journ\u00e9e..<br \/>\nAction embellisseur de teint:. les piments r\u00e9flecteur capte lumi\u00e8re et la refl\u00e8te embellirent votre peau de fa\u00e7on naturelle et vous donnera ainsi un teint lumineux est \u00e9clatant.La formule de LIFT+SUBLIMANT, d&rsquo;indice SPF 6, prot\u00e8ge votre peau des effets nocifs des UV, l&rsquo;une des principales causes du vieillissement cutan\u00e9.<br \/>\nR\u00e9sultats visibles : apr\u00e8s une utilisation r\u00e9guli\u00e8re, la fermet\u00e9 de votre peau est significativement am\u00e9lior\u00e9e, rides et ridules sont visiblement r\u00e9duites. vous avez bonne mine, votre peau lumineuse est \u00e9clatante de beaut\u00e9. Intens\u00e9ment hydrat\u00e9e tout au long de la journ\u00e9e, votre peau est incroyablement souple, douce et confortable.Lift + sublimant, pour une peau plus ferme, douce est \u00e9clatante de beaut\u00e9 toute la journ\u00e9e !<br \/>\nConseils beaut\u00e9:Pour un teint \u00e9clatant et lumineux, appliquer ce soin chaque matin sur votre visage est votre coup parfaitement nettoy\u00e9.Sa texture l\u00e9g\u00e8re et velout\u00e9e p\u00e9n\u00e8tre facilement, votre teint est sublim\u00e9 de fa\u00e7on tr\u00e8s naturelle.Pour un v\u00e9ritable programme anti- \u00e2ge, utilisez les autres soins de la gamme Lift+.<br \/>\nLa caution des laboratoires Diadermine :B\u00e9n\u00e9ficiant d&rsquo;une expertise acquise en 100 ans de recherches, les\u00a0 scientifiques et les dermatologues des laboratoires Diadermine d\u00e9veloppent des soins du visage innovant \u00e0 l&rsquo;efficacit\u00e9 prouv\u00e9e pour une peau toujours plus belle :<br \/>\nhypoallerg\u00e9nique : formul\u00e9 pour minimiser les risques de r\u00e9actions allergiquescompabilit\u00e9 dermatologique. compatibilit\u00e9 avec la peau test\u00e9 par trois tests dermatologiquesefficacit\u00e9 prouv\u00e9e : efficacit\u00e9 test\u00e9e scientifiquement en laboratoire.<\/p>","protected":false},"excerpt":{"rendered":"<div class=\"col6 -phs -pvxs\">\n<section class=\"-hr -pvs\">\n<p class=\"-fs14 -m -upp -pbs\"><span style=\"color: #1b1919; font-size: 28px;\">Diadermine Cr\u00e8me Hydratante &#8211; Soin De Jour &#8211; Lift+ Sublimant Anti Rides Jour &#8211; Anti \u00c2ge &#8211; 50 Ml.<\/span><\/p>\n<\/section>\n<\/div>","protected":false},"featured_media":1272,"comment_status":"open","ping_status":"closed","template":"","meta":[],"product_brand":[],"product_cat":[171,174,75,76],"product_tag":[125],"class_list":{"0":"post-1214","1":"product","2":"type-product","3":"status-publish","4":"has-post-thumbnail","6":"product_cat-creme-anti-age","7":"product_cat-diadermine","8":"product_cat-femme","9":"product_cat-soin-visage-f","10":"product_tag-made-in-france","12":"first","13":"outofstock","14":"shipping-taxable","15":"purchasable","16":"product-type-simple"},"yoast_head":"<!-- This site is optimized with the Yoast SEO plugin v27.3 - https:\/\/yoast.com\/product\/yoast-seo-wordpress\/ -->\n<title>DIADERMINE POT 50ML LIFT+ SUBLIMATION JOUR - Cosmetic Store<\/title>\n<meta name=\"robots\" content=\"index, follow, max-snippet:-1, max-image-preview:large, max-video-preview:-1\" \/>\n<link rel=\"canonical\" href=\"https:\/\/cosmeticstoredz.com\/ar\/product\/diadermine-pot-50ml-lift-sublimation-jour\/\" \/>\n<meta property=\"og:locale\" content=\"ar_AR\" \/>\n<meta property=\"og:type\" content=\"article\" \/>\n<meta property=\"og:title\" content=\"DIADERMINE POT 50ML LIFT+ SUBLIMATION JOUR - Cosmetic Store\" \/>\n<meta property=\"og:description\" content=\"Diadermine Cr\u00e8me Hydratante - Soin De Jour - Lift+ Sublimant Anti Rides Jour - Anti \u00c2ge - 50 Ml.\" \/>\n<meta property=\"og:url\" content=\"https:\/\/cosmeticstoredz.com\/ar\/product\/diadermine-pot-50ml-lift-sublimation-jour\/\" \/>\n<meta property=\"og:site_name\" content=\"Cosmetic Store\" \/>\n<meta property=\"article:publisher\" content=\"https:\/\/www.facebook.com\/profile.php?id=61564954260683\" \/>\n<meta property=\"article:modified_time\" content=\"2026-04-18T19:19:45+00:00\" \/>\n<meta property=\"og:image\" content=\"https:\/\/cosmeticstoredz.com\/wp-content\/uploads\/2026\/02\/Ajouter-un-titre-2024-08-08T110901.012.png\" \/>\n\t<meta property=\"og:image:width\" content=\"1563\" \/>\n\t<meta property=\"og:image:height\" content=\"1563\" \/>\n\t<meta property=\"og:image:type\" content=\"image\/png\" \/>\n<meta name=\"twitter:card\" content=\"summary_large_image\" \/>\n<meta name=\"twitter:label1\" content=\"\u0648\u0642\u062a \u0627\u0644\u0642\u0631\u0627\u0621\u0629 \u0627\u0644\u0645\u064f\u0642\u062f\u0651\u0631\" \/>\n\t<meta name=\"twitter:data1\" content=\"\u062f\u0642\u064a\u0642\u062a\u0627\u0646\" \/>\n<script type=\"application\/ld+json\" class=\"yoast-schema-graph\">{\"@context\":\"https:\\\/\\\/schema.org\",\"@graph\":[{\"@type\":\"WebPage\",\"@id\":\"https:\\\/\\\/cosmeticstoredz.com\\\/produit\\\/diadermine-pot-50ml-lift-sublimation-jour\\\/\",\"url\":\"https:\\\/\\\/cosmeticstoredz.com\\\/produit\\\/diadermine-pot-50ml-lift-sublimation-jour\\\/\",\"name\":\"DIADERMINE POT 50ML LIFT+ SUBLIMATION JOUR - Cosmetic Store\",\"isPartOf\":{\"@id\":\"https:\\\/\\\/cosmeticstoredz.com\\\/#website\"},\"primaryImageOfPage\":{\"@id\":\"https:\\\/\\\/cosmeticstoredz.com\\\/produit\\\/diadermine-pot-50ml-lift-sublimation-jour\\\/#primaryimage\"},\"image\":{\"@id\":\"https:\\\/\\\/cosmeticstoredz.com\\\/produit\\\/diadermine-pot-50ml-lift-sublimation-jour\\\/#primaryimage\"},\"thumbnailUrl\":\"https:\\\/\\\/cosmeticstoredz.com\\\/wp-content\\\/uploads\\\/2026\\\/02\\\/Ajouter-un-titre-2024-08-08T110901.012.png\",\"datePublished\":\"2026-02-16T08:46:38+00:00\",\"dateModified\":\"2026-04-18T19:19:45+00:00\",\"breadcrumb\":{\"@id\":\"https:\\\/\\\/cosmeticstoredz.com\\\/produit\\\/diadermine-pot-50ml-lift-sublimation-jour\\\/#breadcrumb\"},\"inLanguage\":\"ar\",\"potentialAction\":[{\"@type\":\"ReadAction\",\"target\":[\"https:\\\/\\\/cosmeticstoredz.com\\\/produit\\\/diadermine-pot-50ml-lift-sublimation-jour\\\/\"]}]},{\"@type\":\"ImageObject\",\"inLanguage\":\"ar\",\"@id\":\"https:\\\/\\\/cosmeticstoredz.com\\\/produit\\\/diadermine-pot-50ml-lift-sublimation-jour\\\/#primaryimage\",\"url\":\"https:\\\/\\\/cosmeticstoredz.com\\\/wp-content\\\/uploads\\\/2026\\\/02\\\/Ajouter-un-titre-2024-08-08T110901.012.png\",\"contentUrl\":\"https:\\\/\\\/cosmeticstoredz.com\\\/wp-content\\\/uploads\\\/2026\\\/02\\\/Ajouter-un-titre-2024-08-08T110901.012.png\",\"width\":1563,\"height\":1563},{\"@type\":\"BreadcrumbList\",\"@id\":\"https:\\\/\\\/cosmeticstoredz.com\\\/produit\\\/diadermine-pot-50ml-lift-sublimation-jour\\\/#breadcrumb\",\"itemListElement\":[{\"@type\":\"ListItem\",\"position\":1,\"name\":\"Accueil\",\"item\":\"https:\\\/\\\/cosmeticstoredz.com\\\/\"},{\"@type\":\"ListItem\",\"position\":2,\"name\":\"Boutique\",\"item\":\"https:\\\/\\\/cosmeticstoredz.com\\\/boutique\\\/\"},{\"@type\":\"ListItem\",\"position\":3,\"name\":\"DIADERMINE POT 50ML LIFT+ SUBLIMATION JOUR\"}]},{\"@type\":\"WebSite\",\"@id\":\"https:\\\/\\\/cosmeticstoredz.com\\\/#website\",\"url\":\"https:\\\/\\\/cosmeticstoredz.com\\\/\",\"name\":\"Cosmetic Store\",\"description\":\"\",\"publisher\":{\"@id\":\"https:\\\/\\\/cosmeticstoredz.com\\\/#organization\"},\"potentialAction\":[{\"@type\":\"SearchAction\",\"target\":{\"@type\":\"EntryPoint\",\"urlTemplate\":\"https:\\\/\\\/cosmeticstoredz.com\\\/?s={search_term_string}\"},\"query-input\":{\"@type\":\"PropertyValueSpecification\",\"valueRequired\":true,\"valueName\":\"search_term_string\"}}],\"inLanguage\":\"ar\"},{\"@type\":\"Organization\",\"@id\":\"https:\\\/\\\/cosmeticstoredz.com\\\/#organization\",\"name\":\"Cosmetic Store\",\"url\":\"https:\\\/\\\/cosmeticstoredz.com\\\/\",\"logo\":{\"@type\":\"ImageObject\",\"inLanguage\":\"ar\",\"@id\":\"https:\\\/\\\/cosmeticstoredz.com\\\/#\\\/schema\\\/logo\\\/image\\\/\",\"url\":\"https:\\\/\\\/cosmeticstoredz.com\\\/wp-content\\\/uploads\\\/2026\\\/02\\\/cropped-LOGO_CS-512x512-1-1-e1771275285345.webp\",\"contentUrl\":\"https:\\\/\\\/cosmeticstoredz.com\\\/wp-content\\\/uploads\\\/2026\\\/02\\\/cropped-LOGO_CS-512x512-1-1-e1771275285345.webp\",\"width\":265,\"height\":319,\"caption\":\"Cosmetic Store\"},\"image\":{\"@id\":\"https:\\\/\\\/cosmeticstoredz.com\\\/#\\\/schema\\\/logo\\\/image\\\/\"},\"sameAs\":[\"https:\\\/\\\/www.facebook.com\\\/profile.php?id=61564954260683\",\"https:\\\/\\\/www.instagram.com\\\/cosmetic.storedz\\\/\"]}]}<\/script>\n<!-- \/ Yoast SEO plugin. -->","yoast_head_json":{"title":"DIADERMINE POT 50ML LIFT+ SUBLIMATION JOUR - Cosmetic Store","robots":{"index":"index","follow":"follow","max-snippet":"max-snippet:-1","max-image-preview":"max-image-preview:large","max-video-preview":"max-video-preview:-1"},"canonical":"https:\/\/cosmeticstoredz.com\/ar\/product\/diadermine-pot-50ml-lift-sublimation-jour\/","og_locale":"ar_AR","og_type":"article","og_title":"DIADERMINE POT 50ML LIFT+ SUBLIMATION JOUR - Cosmetic Store","og_description":"Diadermine Cr\u00e8me Hydratante - Soin De Jour - Lift+ Sublimant Anti Rides Jour - Anti \u00c2ge - 50 Ml.","og_url":"https:\/\/cosmeticstoredz.com\/ar\/product\/diadermine-pot-50ml-lift-sublimation-jour\/","og_site_name":"Cosmetic Store","article_publisher":"https:\/\/www.facebook.com\/profile.php?id=61564954260683","article_modified_time":"2026-04-18T19:19:45+00:00","og_image":[{"width":1563,"height":1563,"url":"https:\/\/cosmeticstoredz.com\/wp-content\/uploads\/2026\/02\/Ajouter-un-titre-2024-08-08T110901.012.png","type":"image\/png"}],"twitter_card":"summary_large_image","twitter_misc":{"\u0648\u0642\u062a \u0627\u0644\u0642\u0631\u0627\u0621\u0629 \u0627\u0644\u0645\u064f\u0642\u062f\u0651\u0631":"\u062f\u0642\u064a\u0642\u062a\u0627\u0646"},"schema":{"@context":"https:\/\/schema.org","@graph":[{"@type":"WebPage","@id":"https:\/\/cosmeticstoredz.com\/produit\/diadermine-pot-50ml-lift-sublimation-jour\/","url":"https:\/\/cosmeticstoredz.com\/produit\/diadermine-pot-50ml-lift-sublimation-jour\/","name":"DIADERMINE POT 50ML LIFT+ SUBLIMATION JOUR - Cosmetic Store","isPartOf":{"@id":"https:\/\/cosmeticstoredz.com\/#website"},"primaryImageOfPage":{"@id":"https:\/\/cosmeticstoredz.com\/produit\/diadermine-pot-50ml-lift-sublimation-jour\/#primaryimage"},"image":{"@id":"https:\/\/cosmeticstoredz.com\/produit\/diadermine-pot-50ml-lift-sublimation-jour\/#primaryimage"},"thumbnailUrl":"https:\/\/cosmeticstoredz.com\/wp-content\/uploads\/2026\/02\/Ajouter-un-titre-2024-08-08T110901.012.png","datePublished":"2026-02-16T08:46:38+00:00","dateModified":"2026-04-18T19:19:45+00:00","breadcrumb":{"@id":"https:\/\/cosmeticstoredz.com\/produit\/diadermine-pot-50ml-lift-sublimation-jour\/#breadcrumb"},"inLanguage":"ar","potentialAction":[{"@type":"ReadAction","target":["https:\/\/cosmeticstoredz.com\/produit\/diadermine-pot-50ml-lift-sublimation-jour\/"]}]},{"@type":"ImageObject","inLanguage":"ar","@id":"https:\/\/cosmeticstoredz.com\/produit\/diadermine-pot-50ml-lift-sublimation-jour\/#primaryimage","url":"https:\/\/cosmeticstoredz.com\/wp-content\/uploads\/2026\/02\/Ajouter-un-titre-2024-08-08T110901.012.png","contentUrl":"https:\/\/cosmeticstoredz.com\/wp-content\/uploads\/2026\/02\/Ajouter-un-titre-2024-08-08T110901.012.png","width":1563,"height":1563},{"@type":"BreadcrumbList","@id":"https:\/\/cosmeticstoredz.com\/produit\/diadermine-pot-50ml-lift-sublimation-jour\/#breadcrumb","itemListElement":[{"@type":"ListItem","position":1,"name":"Accueil","item":"https:\/\/cosmeticstoredz.com\/"},{"@type":"ListItem","position":2,"name":"Boutique","item":"https:\/\/cosmeticstoredz.com\/boutique\/"},{"@type":"ListItem","position":3,"name":"DIADERMINE POT 50ML LIFT+ SUBLIMATION JOUR"}]},{"@type":"WebSite","@id":"https:\/\/cosmeticstoredz.com\/#website","url":"https:\/\/cosmeticstoredz.com\/","name":"Cosmetic Store","description":"","publisher":{"@id":"https:\/\/cosmeticstoredz.com\/#organization"},"potentialAction":[{"@type":"SearchAction","target":{"@type":"EntryPoint","urlTemplate":"https:\/\/cosmeticstoredz.com\/?s={search_term_string}"},"query-input":{"@type":"PropertyValueSpecification","valueRequired":true,"valueName":"search_term_string"}}],"inLanguage":"ar"},{"@type":"Organization","@id":"https:\/\/cosmeticstoredz.com\/#organization","name":"Cosmetic Store","url":"https:\/\/cosmeticstoredz.com\/","logo":{"@type":"ImageObject","inLanguage":"ar","@id":"https:\/\/cosmeticstoredz.com\/#\/schema\/logo\/image\/","url":"https:\/\/cosmeticstoredz.com\/wp-content\/uploads\/2026\/02\/cropped-LOGO_CS-512x512-1-1-e1771275285345.webp","contentUrl":"https:\/\/cosmeticstoredz.com\/wp-content\/uploads\/2026\/02\/cropped-LOGO_CS-512x512-1-1-e1771275285345.webp","width":265,"height":319,"caption":"Cosmetic Store"},"image":{"@id":"https:\/\/cosmeticstoredz.com\/#\/schema\/logo\/image\/"},"sameAs":["https:\/\/www.facebook.com\/profile.php?id=61564954260683","https:\/\/www.instagram.com\/cosmetic.storedz\/"]}]}},"_links":{"self":[{"href":"https:\/\/cosmeticstoredz.com\/ar\/wp-json\/wp\/v2\/product\/1214","targetHints":{"allow":["GET"]}}],"collection":[{"href":"https:\/\/cosmeticstoredz.com\/ar\/wp-json\/wp\/v2\/product"}],"about":[{"href":"https:\/\/cosmeticstoredz.com\/ar\/wp-json\/wp\/v2\/types\/product"}],"replies":[{"embeddable":true,"href":"https:\/\/cosmeticstoredz.com\/ar\/wp-json\/wp\/v2\/comments?post=1214"}],"version-history":[{"count":1,"href":"https:\/\/cosmeticstoredz.com\/ar\/wp-json\/wp\/v2\/product\/1214\/revisions"}],"predecessor-version":[{"id":1273,"href":"https:\/\/cosmeticstoredz.com\/ar\/wp-json\/wp\/v2\/product\/1214\/revisions\/1273"}],"wp:featuredmedia":[{"embeddable":true,"href":"https:\/\/cosmeticstoredz.com\/ar\/wp-json\/wp\/v2\/media\/1272"}],"wp:attachment":[{"href":"https:\/\/cosmeticstoredz.com\/ar\/wp-json\/wp\/v2\/media?parent=1214"}],"wp:term":[{"taxonomy":"product_brand","embeddable":true,"href":"https:\/\/cosmeticstoredz.com\/ar\/wp-json\/wp\/v2\/product_brand?post=1214"},{"taxonomy":"product_cat","embeddable":true,"href":"https:\/\/cosmeticstoredz.com\/ar\/wp-json\/wp\/v2\/product_cat?post=1214"},{"taxonomy":"product_tag","embeddable":true,"href":"https:\/\/cosmeticstoredz.com\/ar\/wp-json\/wp\/v2\/product_tag?post=1214"}],"curies":[{"name":"wp","href":"https:\/\/api.w.org\/{rel}","templated":true}]}}