{"id":1213,"date":"2026-02-16T08:46:38","date_gmt":"2026-02-16T08:46:38","guid":{"rendered":"https:\/\/test.fitnessworldgym27.com\/?post_type=product&#038;p=1213"},"modified":"2026-04-18T19:19:45","modified_gmt":"2026-04-18T19:19:45","slug":"diadermine-pot-50ml-lift-nourissant-nuit","status":"publish","type":"product","link":"https:\/\/cosmeticstoredz.com\/ar\/product\/diadermine-pot-50ml-lift-nourissant-nuit\/","title":{"rendered":"DIADERMINE POT 50ML LIFT+ NOURISSANT NUIT"},"content":{"rendered":"<div id=\"featurebullets_feature_div\" class=\"celwidget\" data-feature-name=\"featurebullets\" data-csa-c-type=\"widget\" data-csa-c-content-id=\"featurebullets\" data-csa-c-slot-id=\"featurebullets_feature_div\" data-csa-c-asin=\"B005LZTO2E\" data-csa-c-is-in-initial-active-row=\"false\" data-csa-c-id=\"koe5m1-jcrm0g-9bmbfh-jyk7d5\" data-cel-widget=\"featurebullets_feature_div\">\n<div id=\"feature-bullets\" class=\"a-section a-spacing-medium a-spacing-top-small\">\n<ul>\n<li><span class=\"a-list-item\">Avec l\u2019\u00e2ge, la production naturelle de collag\u00e8ne ralentit et la structure de la peau se d\u00e9grade. La peau perd de sa souplesse et s\u2019affaisse. Des rides peuvent appara\u00eetre. Notre technologie LIFT+ stimule la production naturelle de fibres de Collag\u00e8ne et les reconnecte pour reconstruire un maillage de Collag\u00e8ne dense<\/span><\/li>\n<li><span class=\"a-list-item\">Cette cr\u00e8me riche et velout\u00e9e p\u00e9n\u00e8tre instantan\u00e9ment votre peau, la laissant souple et profond\u00e9ment r\u00e9g\u00e9n\u00e9r\u00e9e<\/span><\/li>\n<li><span class=\"a-list-item\">Votre peau para\u00eet plus ferme et lis\u00e9e, les rides et ridules sont visiblement r\u00e9duites<\/span><\/li>\n<li><span class=\"a-list-item\">90% d&rsquo;ingr\u00e9dients d&rsquo;origine naturelle<\/span><\/li>\n<li><span class=\"a-list-item\">Complexe Pro-Collag\u00e8ne V\u00e9g\u00e9tal<\/span><\/li>\n<\/ul>\n<\/div>\n<\/div>\n<div id=\"provenanceCertifications_feature_div\" class=\"celwidget\" data-feature-name=\"provenanceCertifications\" data-csa-c-type=\"widget\" data-csa-c-content-id=\"provenanceCertifications\" data-csa-c-slot-id=\"provenanceCertifications_feature_div\" data-csa-c-asin=\"B005LZTO2E\" data-csa-c-is-in-initial-active-row=\"false\" data-csa-c-id=\"i0i0i-wbyfl0-ff7lh8-556d7g\" data-cel-widget=\"provenanceCertifications_feature_div\"><\/div>\n<div id=\"handmadeArtisanCard_feature_div\" class=\"celwidget\" data-feature-name=\"handmadeArtisanCard\" data-csa-c-type=\"widget\" data-csa-c-content-id=\"handmadeArtisanCard\" data-csa-c-slot-id=\"handmadeArtisanCard_feature_div\" data-csa-c-asin=\"B005LZTO2E\" data-csa-c-is-in-initial-active-row=\"false\" data-csa-c-id=\"phf5ky-46ai6m-dk6am1-a1e3w9\" data-cel-widget=\"handmadeArtisanCard_feature_div\"><\/div>\n<div id=\"globalStoreInfoBullets_feature_div\" class=\"celwidget\" data-feature-name=\"globalStoreInfoBullets\" data-csa-c-type=\"widget\" data-csa-c-content-id=\"globalStoreInfoBullets\" data-csa-c-slot-id=\"globalStoreInfoBullets_feature_div\" data-csa-c-asin=\"B005LZTO2E\" data-csa-c-is-in-initial-active-row=\"false\" data-csa-c-id=\"solnmw-fmg7b-hkff77-j5nbii\" data-cel-widget=\"globalStoreInfoBullets_feature_div\"><\/div>\n<div id=\"vendorPoweredCoupon_feature_div\" class=\"celwidget\" data-feature-name=\"vendorPoweredCoupon\" data-csa-c-type=\"widget\" data-csa-c-content-id=\"vendorPoweredCoupon\" data-csa-c-slot-id=\"vendorPoweredCoupon_feature_div\" data-csa-c-asin=\"B005LZTO2E\" data-csa-c-is-in-initial-active-row=\"false\" data-csa-c-id=\"tiuuw1-k5sbm9-gv0vgb-mqo7uc\" data-cel-widget=\"vendorPoweredCoupon_feature_div\"><\/div>\n<div id=\"addOnItem_feature_div\" class=\"celwidget\" data-feature-name=\"addOnItem\" data-csa-c-type=\"widget\" data-csa-c-content-id=\"addOnItem\" data-csa-c-slot-id=\"addOnItem_feature_div\" data-csa-c-asin=\"B005LZTO2E\" data-csa-c-is-in-initial-active-row=\"false\" data-csa-c-id=\"8dvx7-ynh9b1-aaskzx-5mme78\" data-cel-widget=\"addOnItem_feature_div\"><\/div>\n<div id=\"giftcard-holiday-availability-messaging_feature_div\" class=\"celwidget\" data-feature-name=\"giftCardHolidayAvailabilityMessaging\" data-csa-c-type=\"widget\" data-csa-c-content-id=\"giftCardHolidayAvailabilityMessaging\" data-csa-c-slot-id=\"giftcard-holiday-availability-messaging_feature_div\" data-csa-c-asin=\"B005LZTO2E\" data-csa-c-is-in-initial-active-row=\"false\" data-csa-c-id=\"xnumxd-brhab6-hnnwt4-xumfc7\" data-cel-widget=\"giftcard-holiday-availability-messaging_feature_div\"><\/div>\n<div id=\"andonCord_feature_div\" class=\"celwidget\" data-feature-name=\"andonCord\" data-csa-c-type=\"widget\" data-csa-c-content-id=\"andonCord\" data-csa-c-slot-id=\"andonCord_feature_div\" data-csa-c-asin=\"B005LZTO2E\" data-csa-c-is-in-initial-active-row=\"false\" data-csa-c-id=\"71tq66-x6fsj1-kysjm4-2d6obc\" data-cel-widget=\"andonCord_feature_div\"><\/div>\n<div id=\"olp_feature_div\" class=\"celwidget\" data-feature-name=\"olp\" data-csa-c-type=\"widget\" data-csa-c-content-id=\"olp\" data-csa-c-slot-id=\"olp_feature_div\" data-csa-c-asin=\"B005LZTO2E\" data-csa-c-is-in-initial-active-row=\"false\" data-csa-c-id=\"pe8z76-cs77qz-ur4myg-chf2e2\" data-cel-widget=\"olp_feature_div\">\n<div id=\"all-offers-display\" class=\"a-section\"><\/div>\n<\/div>\n<div id=\"newerVersion_feature_div\" class=\"celwidget\" data-feature-name=\"newerVersion\" data-csa-c-type=\"widget\" data-csa-c-content-id=\"newerVersion\" data-csa-c-slot-id=\"newerVersion_feature_div\" data-csa-c-asin=\"B005LZTO2E\" data-csa-c-is-in-initial-active-row=\"false\" data-csa-c-id=\"52aye8-yympoe-y04awd-pcrbgh\" data-cel-widget=\"newerVersion_feature_div\"><\/div>\n<div id=\"valuePick_feature_div\" class=\"celwidget\" data-feature-name=\"valuePick\" data-csa-c-type=\"widget\" data-csa-c-content-id=\"valuePick\" data-csa-c-slot-id=\"valuePick_feature_div\" data-csa-c-asin=\"B005LZTO2E\" data-csa-c-is-in-initial-active-row=\"false\" data-csa-c-id=\"e02de6-t9dpd0-3stktr-un5gx6\" data-cel-widget=\"valuePick_feature_div\">\n<div id=\"valuePick_container\" class=\"celwidget pf_rd_p-b7929d6e-6cc2-41f1-a561-c1ab8d6f1299 pf_rd_r-VZCE3T7RXF12XKD0JDQA pd_rd_wg-sTYpX pd_rd_i-B0B38GHDT9 pd_rd_w-ydC9Z content-id-amzn1.sym.b7929d6e-6cc2-41f1-a561-c1ab8d6f1299 pd_rd_r-6e9319a6-f20d-4f39-b63a-9540673fcb8d\" data-csa-c-id=\"s1slpv-c1i3zz-83zpzv-frrc9u\" data-cel-widget=\"valuePick_desktop_container\">\n<div id=\"value-pick-ac\" class=\"a-section a-spacing-small\"><\/div>\n<\/div>\n<\/div>","protected":false},"excerpt":{"rendered":"<p id=\"title\" class=\"a-size-large a-spacing-none\"><span id=\"productTitle\" class=\"a-size-large product-title-word-break\">Diadermine &#8211; Lift+ Nourrissant &#8211; Cr\u00e8me de Nuit Visage &#8211; Soin Anti-Rides Ultra Fermet\u00e9 &#8211; Pro-Collag\u00e8ne v\u00e9g\u00e9tal et actif soja &#8211; 90% d&rsquo;ingr\u00e9dients d&rsquo;origine naturelle &#8211; Pot de 50 ml<\/span><\/p>","protected":false},"featured_media":1270,"comment_status":"open","ping_status":"closed","template":"","meta":[],"product_brand":[],"product_cat":[171,173,174,75,76,130],"product_tag":[125],"class_list":{"0":"post-1213","1":"product","2":"type-product","3":"status-publish","4":"has-post-thumbnail","6":"product_cat-creme-anti-age","7":"product_cat-creme-hydratante-h","8":"product_cat-diadermine","9":"product_cat-femme","10":"product_cat-soin-visage-f","11":"product_cat-soin-visage-h","12":"product_tag-made-in-france","14":"first","15":"outofstock","16":"shipping-taxable","17":"purchasable","18":"product-type-simple"},"yoast_head":"<!-- This site is optimized with the Yoast SEO plugin v27.3 - https:\/\/yoast.com\/product\/yoast-seo-wordpress\/ -->\n<title>DIADERMINE POT 50ML LIFT+ NOURISSANT NUIT - Cosmetic Store<\/title>\n<meta name=\"robots\" content=\"index, follow, max-snippet:-1, max-image-preview:large, max-video-preview:-1\" \/>\n<link rel=\"canonical\" href=\"https:\/\/cosmeticstoredz.com\/ar\/product\/diadermine-pot-50ml-lift-nourissant-nuit\/\" \/>\n<meta property=\"og:locale\" content=\"ar_AR\" \/>\n<meta property=\"og:type\" content=\"article\" \/>\n<meta property=\"og:title\" content=\"DIADERMINE POT 50ML LIFT+ NOURISSANT NUIT - Cosmetic Store\" \/>\n<meta property=\"og:description\" content=\"Diadermine - Lift+ Nourrissant - Cr\u00e8me de Nuit Visage - Soin Anti-Rides Ultra Fermet\u00e9 - Pro-Collag\u00e8ne v\u00e9g\u00e9tal et actif soja - 90% d&#039;ingr\u00e9dients d&#039;origine naturelle - Pot de 50 ml\" \/>\n<meta property=\"og:url\" content=\"https:\/\/cosmeticstoredz.com\/ar\/product\/diadermine-pot-50ml-lift-nourissant-nuit\/\" \/>\n<meta property=\"og:site_name\" content=\"Cosmetic Store\" \/>\n<meta property=\"article:publisher\" content=\"https:\/\/www.facebook.com\/profile.php?id=61564954260683\" \/>\n<meta property=\"article:modified_time\" content=\"2026-04-18T19:19:45+00:00\" \/>\n<meta property=\"og:image\" content=\"https:\/\/cosmeticstoredz.com\/wp-content\/uploads\/2026\/02\/Ajouter-un-titre-2024-08-08T105127.688.png\" \/>\n\t<meta property=\"og:image:width\" content=\"1563\" \/>\n\t<meta property=\"og:image:height\" content=\"1563\" \/>\n\t<meta property=\"og:image:type\" content=\"image\/png\" \/>\n<meta name=\"twitter:card\" content=\"summary_large_image\" \/>\n<meta name=\"twitter:label1\" content=\"\u0648\u0642\u062a \u0627\u0644\u0642\u0631\u0627\u0621\u0629 \u0627\u0644\u0645\u064f\u0642\u062f\u0651\u0631\" \/>\n\t<meta name=\"twitter:data1\" content=\"\u062f\u0642\u064a\u0642\u0629 \u0648\u0627\u062d\u062f\u0629\" \/>\n<script type=\"application\/ld+json\" class=\"yoast-schema-graph\">{\"@context\":\"https:\\\/\\\/schema.org\",\"@graph\":[{\"@type\":\"WebPage\",\"@id\":\"https:\\\/\\\/cosmeticstoredz.com\\\/produit\\\/diadermine-pot-50ml-lift-nourissant-nuit\\\/\",\"url\":\"https:\\\/\\\/cosmeticstoredz.com\\\/produit\\\/diadermine-pot-50ml-lift-nourissant-nuit\\\/\",\"name\":\"DIADERMINE POT 50ML LIFT+ NOURISSANT NUIT - Cosmetic Store\",\"isPartOf\":{\"@id\":\"https:\\\/\\\/cosmeticstoredz.com\\\/#website\"},\"primaryImageOfPage\":{\"@id\":\"https:\\\/\\\/cosmeticstoredz.com\\\/produit\\\/diadermine-pot-50ml-lift-nourissant-nuit\\\/#primaryimage\"},\"image\":{\"@id\":\"https:\\\/\\\/cosmeticstoredz.com\\\/produit\\\/diadermine-pot-50ml-lift-nourissant-nuit\\\/#primaryimage\"},\"thumbnailUrl\":\"https:\\\/\\\/cosmeticstoredz.com\\\/wp-content\\\/uploads\\\/2026\\\/02\\\/Ajouter-un-titre-2024-08-08T105127.688.png\",\"datePublished\":\"2026-02-16T08:46:38+00:00\",\"dateModified\":\"2026-04-18T19:19:45+00:00\",\"breadcrumb\":{\"@id\":\"https:\\\/\\\/cosmeticstoredz.com\\\/produit\\\/diadermine-pot-50ml-lift-nourissant-nuit\\\/#breadcrumb\"},\"inLanguage\":\"ar\",\"potentialAction\":[{\"@type\":\"ReadAction\",\"target\":[\"https:\\\/\\\/cosmeticstoredz.com\\\/produit\\\/diadermine-pot-50ml-lift-nourissant-nuit\\\/\"]}]},{\"@type\":\"ImageObject\",\"inLanguage\":\"ar\",\"@id\":\"https:\\\/\\\/cosmeticstoredz.com\\\/produit\\\/diadermine-pot-50ml-lift-nourissant-nuit\\\/#primaryimage\",\"url\":\"https:\\\/\\\/cosmeticstoredz.com\\\/wp-content\\\/uploads\\\/2026\\\/02\\\/Ajouter-un-titre-2024-08-08T105127.688.png\",\"contentUrl\":\"https:\\\/\\\/cosmeticstoredz.com\\\/wp-content\\\/uploads\\\/2026\\\/02\\\/Ajouter-un-titre-2024-08-08T105127.688.png\",\"width\":1563,\"height\":1563},{\"@type\":\"BreadcrumbList\",\"@id\":\"https:\\\/\\\/cosmeticstoredz.com\\\/produit\\\/diadermine-pot-50ml-lift-nourissant-nuit\\\/#breadcrumb\",\"itemListElement\":[{\"@type\":\"ListItem\",\"position\":1,\"name\":\"Accueil\",\"item\":\"https:\\\/\\\/cosmeticstoredz.com\\\/\"},{\"@type\":\"ListItem\",\"position\":2,\"name\":\"Boutique\",\"item\":\"https:\\\/\\\/cosmeticstoredz.com\\\/boutique\\\/\"},{\"@type\":\"ListItem\",\"position\":3,\"name\":\"DIADERMINE POT 50ML LIFT+ NOURISSANT NUIT\"}]},{\"@type\":\"WebSite\",\"@id\":\"https:\\\/\\\/cosmeticstoredz.com\\\/#website\",\"url\":\"https:\\\/\\\/cosmeticstoredz.com\\\/\",\"name\":\"Cosmetic Store\",\"description\":\"\",\"publisher\":{\"@id\":\"https:\\\/\\\/cosmeticstoredz.com\\\/#organization\"},\"potentialAction\":[{\"@type\":\"SearchAction\",\"target\":{\"@type\":\"EntryPoint\",\"urlTemplate\":\"https:\\\/\\\/cosmeticstoredz.com\\\/?s={search_term_string}\"},\"query-input\":{\"@type\":\"PropertyValueSpecification\",\"valueRequired\":true,\"valueName\":\"search_term_string\"}}],\"inLanguage\":\"ar\"},{\"@type\":\"Organization\",\"@id\":\"https:\\\/\\\/cosmeticstoredz.com\\\/#organization\",\"name\":\"Cosmetic Store\",\"url\":\"https:\\\/\\\/cosmeticstoredz.com\\\/\",\"logo\":{\"@type\":\"ImageObject\",\"inLanguage\":\"ar\",\"@id\":\"https:\\\/\\\/cosmeticstoredz.com\\\/#\\\/schema\\\/logo\\\/image\\\/\",\"url\":\"https:\\\/\\\/cosmeticstoredz.com\\\/wp-content\\\/uploads\\\/2026\\\/02\\\/cropped-LOGO_CS-512x512-1-1-e1771275285345.webp\",\"contentUrl\":\"https:\\\/\\\/cosmeticstoredz.com\\\/wp-content\\\/uploads\\\/2026\\\/02\\\/cropped-LOGO_CS-512x512-1-1-e1771275285345.webp\",\"width\":265,\"height\":319,\"caption\":\"Cosmetic Store\"},\"image\":{\"@id\":\"https:\\\/\\\/cosmeticstoredz.com\\\/#\\\/schema\\\/logo\\\/image\\\/\"},\"sameAs\":[\"https:\\\/\\\/www.facebook.com\\\/profile.php?id=61564954260683\",\"https:\\\/\\\/www.instagram.com\\\/cosmetic.storedz\\\/\"]}]}<\/script>\n<!-- \/ Yoast SEO plugin. -->","yoast_head_json":{"title":"DIADERMINE POT 50ML LIFT+ NOURISSANT NUIT - Cosmetic Store","robots":{"index":"index","follow":"follow","max-snippet":"max-snippet:-1","max-image-preview":"max-image-preview:large","max-video-preview":"max-video-preview:-1"},"canonical":"https:\/\/cosmeticstoredz.com\/ar\/product\/diadermine-pot-50ml-lift-nourissant-nuit\/","og_locale":"ar_AR","og_type":"article","og_title":"DIADERMINE POT 50ML LIFT+ NOURISSANT NUIT - Cosmetic Store","og_description":"Diadermine - Lift+ Nourrissant - Cr\u00e8me de Nuit Visage - Soin Anti-Rides Ultra Fermet\u00e9 - Pro-Collag\u00e8ne v\u00e9g\u00e9tal et actif soja - 90% d'ingr\u00e9dients d'origine naturelle - Pot de 50 ml","og_url":"https:\/\/cosmeticstoredz.com\/ar\/product\/diadermine-pot-50ml-lift-nourissant-nuit\/","og_site_name":"Cosmetic Store","article_publisher":"https:\/\/www.facebook.com\/profile.php?id=61564954260683","article_modified_time":"2026-04-18T19:19:45+00:00","og_image":[{"width":1563,"height":1563,"url":"https:\/\/cosmeticstoredz.com\/wp-content\/uploads\/2026\/02\/Ajouter-un-titre-2024-08-08T105127.688.png","type":"image\/png"}],"twitter_card":"summary_large_image","twitter_misc":{"\u0648\u0642\u062a \u0627\u0644\u0642\u0631\u0627\u0621\u0629 \u0627\u0644\u0645\u064f\u0642\u062f\u0651\u0631":"\u062f\u0642\u064a\u0642\u0629 \u0648\u0627\u062d\u062f\u0629"},"schema":{"@context":"https:\/\/schema.org","@graph":[{"@type":"WebPage","@id":"https:\/\/cosmeticstoredz.com\/produit\/diadermine-pot-50ml-lift-nourissant-nuit\/","url":"https:\/\/cosmeticstoredz.com\/produit\/diadermine-pot-50ml-lift-nourissant-nuit\/","name":"DIADERMINE POT 50ML LIFT+ NOURISSANT NUIT - Cosmetic Store","isPartOf":{"@id":"https:\/\/cosmeticstoredz.com\/#website"},"primaryImageOfPage":{"@id":"https:\/\/cosmeticstoredz.com\/produit\/diadermine-pot-50ml-lift-nourissant-nuit\/#primaryimage"},"image":{"@id":"https:\/\/cosmeticstoredz.com\/produit\/diadermine-pot-50ml-lift-nourissant-nuit\/#primaryimage"},"thumbnailUrl":"https:\/\/cosmeticstoredz.com\/wp-content\/uploads\/2026\/02\/Ajouter-un-titre-2024-08-08T105127.688.png","datePublished":"2026-02-16T08:46:38+00:00","dateModified":"2026-04-18T19:19:45+00:00","breadcrumb":{"@id":"https:\/\/cosmeticstoredz.com\/produit\/diadermine-pot-50ml-lift-nourissant-nuit\/#breadcrumb"},"inLanguage":"ar","potentialAction":[{"@type":"ReadAction","target":["https:\/\/cosmeticstoredz.com\/produit\/diadermine-pot-50ml-lift-nourissant-nuit\/"]}]},{"@type":"ImageObject","inLanguage":"ar","@id":"https:\/\/cosmeticstoredz.com\/produit\/diadermine-pot-50ml-lift-nourissant-nuit\/#primaryimage","url":"https:\/\/cosmeticstoredz.com\/wp-content\/uploads\/2026\/02\/Ajouter-un-titre-2024-08-08T105127.688.png","contentUrl":"https:\/\/cosmeticstoredz.com\/wp-content\/uploads\/2026\/02\/Ajouter-un-titre-2024-08-08T105127.688.png","width":1563,"height":1563},{"@type":"BreadcrumbList","@id":"https:\/\/cosmeticstoredz.com\/produit\/diadermine-pot-50ml-lift-nourissant-nuit\/#breadcrumb","itemListElement":[{"@type":"ListItem","position":1,"name":"Accueil","item":"https:\/\/cosmeticstoredz.com\/"},{"@type":"ListItem","position":2,"name":"Boutique","item":"https:\/\/cosmeticstoredz.com\/boutique\/"},{"@type":"ListItem","position":3,"name":"DIADERMINE POT 50ML LIFT+ NOURISSANT NUIT"}]},{"@type":"WebSite","@id":"https:\/\/cosmeticstoredz.com\/#website","url":"https:\/\/cosmeticstoredz.com\/","name":"Cosmetic Store","description":"","publisher":{"@id":"https:\/\/cosmeticstoredz.com\/#organization"},"potentialAction":[{"@type":"SearchAction","target":{"@type":"EntryPoint","urlTemplate":"https:\/\/cosmeticstoredz.com\/?s={search_term_string}"},"query-input":{"@type":"PropertyValueSpecification","valueRequired":true,"valueName":"search_term_string"}}],"inLanguage":"ar"},{"@type":"Organization","@id":"https:\/\/cosmeticstoredz.com\/#organization","name":"Cosmetic Store","url":"https:\/\/cosmeticstoredz.com\/","logo":{"@type":"ImageObject","inLanguage":"ar","@id":"https:\/\/cosmeticstoredz.com\/#\/schema\/logo\/image\/","url":"https:\/\/cosmeticstoredz.com\/wp-content\/uploads\/2026\/02\/cropped-LOGO_CS-512x512-1-1-e1771275285345.webp","contentUrl":"https:\/\/cosmeticstoredz.com\/wp-content\/uploads\/2026\/02\/cropped-LOGO_CS-512x512-1-1-e1771275285345.webp","width":265,"height":319,"caption":"Cosmetic Store"},"image":{"@id":"https:\/\/cosmeticstoredz.com\/#\/schema\/logo\/image\/"},"sameAs":["https:\/\/www.facebook.com\/profile.php?id=61564954260683","https:\/\/www.instagram.com\/cosmetic.storedz\/"]}]}},"_links":{"self":[{"href":"https:\/\/cosmeticstoredz.com\/ar\/wp-json\/wp\/v2\/product\/1213","targetHints":{"allow":["GET"]}}],"collection":[{"href":"https:\/\/cosmeticstoredz.com\/ar\/wp-json\/wp\/v2\/product"}],"about":[{"href":"https:\/\/cosmeticstoredz.com\/ar\/wp-json\/wp\/v2\/types\/product"}],"replies":[{"embeddable":true,"href":"https:\/\/cosmeticstoredz.com\/ar\/wp-json\/wp\/v2\/comments?post=1213"}],"version-history":[{"count":1,"href":"https:\/\/cosmeticstoredz.com\/ar\/wp-json\/wp\/v2\/product\/1213\/revisions"}],"predecessor-version":[{"id":1271,"href":"https:\/\/cosmeticstoredz.com\/ar\/wp-json\/wp\/v2\/product\/1213\/revisions\/1271"}],"wp:featuredmedia":[{"embeddable":true,"href":"https:\/\/cosmeticstoredz.com\/ar\/wp-json\/wp\/v2\/media\/1270"}],"wp:attachment":[{"href":"https:\/\/cosmeticstoredz.com\/ar\/wp-json\/wp\/v2\/media?parent=1213"}],"wp:term":[{"taxonomy":"product_brand","embeddable":true,"href":"https:\/\/cosmeticstoredz.com\/ar\/wp-json\/wp\/v2\/product_brand?post=1213"},{"taxonomy":"product_cat","embeddable":true,"href":"https:\/\/cosmeticstoredz.com\/ar\/wp-json\/wp\/v2\/product_cat?post=1213"},{"taxonomy":"product_tag","embeddable":true,"href":"https:\/\/cosmeticstoredz.com\/ar\/wp-json\/wp\/v2\/product_tag?post=1213"}],"curies":[{"name":"wp","href":"https:\/\/api.w.org\/{rel}","templated":true}]}}