{"id":11910,"date":"2025-08-11T17:58:00","date_gmt":"2025-08-11T17:58:00","guid":{"rendered":"https:\/\/test.fitnessworldgym27.com\/?post_type=product&#038;p=11910"},"modified":"2026-04-18T19:19:20","modified_gmt":"2026-04-18T19:19:20","slug":"baby-powder-amk-eau-de-toilette-150ml-vert","status":"publish","type":"product","link":"https:\/\/cosmeticstoredz.com\/ar\/product\/baby-powder-amk-eau-de-toilette-150ml-vert\/","title":{"rendered":"BABY POWDER AMK EAU DE TOILETTE 150ML VERT"},"content":{"rendered":"","protected":false},"excerpt":{"rendered":"<p><strong data-start=\"97\" data-end=\"148\">BABY POWDER AMK \u2013 Eau de Toilette 150 ml (Vert)<\/strong><br data-start=\"148\" data-end=\"151\" \/>D\u00e9couvrez la <strong data-start=\"164\" data-end=\"196\">fra\u00eecheur verte et apaisante<\/strong> de l\u2019<strong data-start=\"202\" data-end=\"237\">Eau de Toilette Baby Powder AMK<\/strong>. Une fragrance l\u00e9g\u00e8re qui allie la tendresse de la poudre pour b\u00e9b\u00e9 \u00e0 une note v\u00e9g\u00e9tale et vivifiante, pour une sensation de <strong data-start=\"363\" data-end=\"387\">puret\u00e9 et de confort<\/strong> tout au long de la journ\u00e9e.<\/p>","protected":false},"featured_media":22542,"comment_status":"closed","ping_status":"closed","template":"","meta":[],"product_brand":[457],"product_cat":[138,109,75,78],"product_tag":[],"class_list":{"0":"post-11910","1":"product","2":"type-product","3":"status-publish","4":"has-post-thumbnail","6":"product_brand-baby-powder","7":"product_cat-baby-powder","8":"product_cat-eau-de-parfum-f","9":"product_cat-femme","10":"product_cat-parfum-f","12":"first","13":"outofstock","14":"shipping-taxable","15":"purchasable","16":"product-type-simple"},"yoast_head":"<!-- This site is optimized with the Yoast SEO plugin v27.3 - https:\/\/yoast.com\/product\/yoast-seo-wordpress\/ -->\n<title>BABY POWDER AMK EAU DE TOILETTE 150ML VERT - Cosmetic Store<\/title>\n<meta name=\"robots\" content=\"index, follow, max-snippet:-1, max-image-preview:large, max-video-preview:-1\" \/>\n<link rel=\"canonical\" href=\"https:\/\/cosmeticstoredz.com\/ar\/product\/baby-powder-amk-eau-de-toilette-150ml-vert\/\" \/>\n<meta property=\"og:locale\" content=\"ar_AR\" \/>\n<meta property=\"og:type\" content=\"article\" \/>\n<meta property=\"og:title\" content=\"BABY POWDER AMK EAU DE TOILETTE 150ML VERT - Cosmetic Store\" \/>\n<meta property=\"og:description\" content=\"BABY POWDER AMK \u2013 Eau de Toilette 150 ml (Vert)D\u00e9couvrez la fra\u00eecheur verte et apaisante de l\u2019Eau de Toilette Baby Powder AMK. Une fragrance l\u00e9g\u00e8re qui allie la tendresse de la poudre pour b\u00e9b\u00e9 \u00e0 une note v\u00e9g\u00e9tale et vivifiante, pour une sensation de puret\u00e9 et de confort tout au long de la journ\u00e9e.\" \/>\n<meta property=\"og:url\" content=\"https:\/\/cosmeticstoredz.com\/ar\/product\/baby-powder-amk-eau-de-toilette-150ml-vert\/\" \/>\n<meta property=\"og:site_name\" content=\"Cosmetic Store\" \/>\n<meta property=\"article:publisher\" content=\"https:\/\/www.facebook.com\/profile.php?id=61564954260683\" \/>\n<meta property=\"article:modified_time\" content=\"2026-04-18T19:19:20+00:00\" \/>\n<meta property=\"og:image\" content=\"https:\/\/cosmeticstoredz.com\/wp-content\/uploads\/2026\/02\/CC-47-6.png\" \/>\n\t<meta property=\"og:image:width\" content=\"1563\" \/>\n\t<meta property=\"og:image:height\" content=\"1563\" \/>\n\t<meta property=\"og:image:type\" content=\"image\/png\" \/>\n<meta name=\"twitter:card\" content=\"summary_large_image\" \/>\n<script type=\"application\/ld+json\" class=\"yoast-schema-graph\">{\"@context\":\"https:\\\/\\\/schema.org\",\"@graph\":[{\"@type\":\"WebPage\",\"@id\":\"https:\\\/\\\/cosmeticstoredz.com\\\/produit\\\/baby-powder-amk-eau-de-toilette-150ml-vert\\\/\",\"url\":\"https:\\\/\\\/cosmeticstoredz.com\\\/produit\\\/baby-powder-amk-eau-de-toilette-150ml-vert\\\/\",\"name\":\"BABY POWDER AMK EAU DE TOILETTE 150ML VERT - Cosmetic Store\",\"isPartOf\":{\"@id\":\"https:\\\/\\\/cosmeticstoredz.com\\\/#website\"},\"primaryImageOfPage\":{\"@id\":\"https:\\\/\\\/cosmeticstoredz.com\\\/produit\\\/baby-powder-amk-eau-de-toilette-150ml-vert\\\/#primaryimage\"},\"image\":{\"@id\":\"https:\\\/\\\/cosmeticstoredz.com\\\/produit\\\/baby-powder-amk-eau-de-toilette-150ml-vert\\\/#primaryimage\"},\"thumbnailUrl\":\"https:\\\/\\\/cosmeticstoredz.com\\\/wp-content\\\/uploads\\\/2026\\\/02\\\/CC-47-6.png\",\"datePublished\":\"2025-08-11T17:58:00+00:00\",\"dateModified\":\"2026-04-18T19:19:20+00:00\",\"breadcrumb\":{\"@id\":\"https:\\\/\\\/cosmeticstoredz.com\\\/produit\\\/baby-powder-amk-eau-de-toilette-150ml-vert\\\/#breadcrumb\"},\"inLanguage\":\"ar\",\"potentialAction\":[{\"@type\":\"ReadAction\",\"target\":[\"https:\\\/\\\/cosmeticstoredz.com\\\/produit\\\/baby-powder-amk-eau-de-toilette-150ml-vert\\\/\"]}]},{\"@type\":\"ImageObject\",\"inLanguage\":\"ar\",\"@id\":\"https:\\\/\\\/cosmeticstoredz.com\\\/produit\\\/baby-powder-amk-eau-de-toilette-150ml-vert\\\/#primaryimage\",\"url\":\"https:\\\/\\\/cosmeticstoredz.com\\\/wp-content\\\/uploads\\\/2026\\\/02\\\/CC-47-6.png\",\"contentUrl\":\"https:\\\/\\\/cosmeticstoredz.com\\\/wp-content\\\/uploads\\\/2026\\\/02\\\/CC-47-6.png\",\"width\":1563,\"height\":1563},{\"@type\":\"BreadcrumbList\",\"@id\":\"https:\\\/\\\/cosmeticstoredz.com\\\/produit\\\/baby-powder-amk-eau-de-toilette-150ml-vert\\\/#breadcrumb\",\"itemListElement\":[{\"@type\":\"ListItem\",\"position\":1,\"name\":\"Accueil\",\"item\":\"https:\\\/\\\/cosmeticstoredz.com\\\/\"},{\"@type\":\"ListItem\",\"position\":2,\"name\":\"Boutique\",\"item\":\"https:\\\/\\\/cosmeticstoredz.com\\\/boutique\\\/\"},{\"@type\":\"ListItem\",\"position\":3,\"name\":\"BABY POWDER AMK EAU DE TOILETTE 150ML VERT\"}]},{\"@type\":\"WebSite\",\"@id\":\"https:\\\/\\\/cosmeticstoredz.com\\\/#website\",\"url\":\"https:\\\/\\\/cosmeticstoredz.com\\\/\",\"name\":\"Cosmetic Store\",\"description\":\"\",\"publisher\":{\"@id\":\"https:\\\/\\\/cosmeticstoredz.com\\\/#organization\"},\"potentialAction\":[{\"@type\":\"SearchAction\",\"target\":{\"@type\":\"EntryPoint\",\"urlTemplate\":\"https:\\\/\\\/cosmeticstoredz.com\\\/?s={search_term_string}\"},\"query-input\":{\"@type\":\"PropertyValueSpecification\",\"valueRequired\":true,\"valueName\":\"search_term_string\"}}],\"inLanguage\":\"ar\"},{\"@type\":\"Organization\",\"@id\":\"https:\\\/\\\/cosmeticstoredz.com\\\/#organization\",\"name\":\"Cosmetic Store\",\"url\":\"https:\\\/\\\/cosmeticstoredz.com\\\/\",\"logo\":{\"@type\":\"ImageObject\",\"inLanguage\":\"ar\",\"@id\":\"https:\\\/\\\/cosmeticstoredz.com\\\/#\\\/schema\\\/logo\\\/image\\\/\",\"url\":\"https:\\\/\\\/cosmeticstoredz.com\\\/wp-content\\\/uploads\\\/2026\\\/02\\\/cropped-LOGO_CS-512x512-1-1-e1771275285345.webp\",\"contentUrl\":\"https:\\\/\\\/cosmeticstoredz.com\\\/wp-content\\\/uploads\\\/2026\\\/02\\\/cropped-LOGO_CS-512x512-1-1-e1771275285345.webp\",\"width\":265,\"height\":319,\"caption\":\"Cosmetic Store\"},\"image\":{\"@id\":\"https:\\\/\\\/cosmeticstoredz.com\\\/#\\\/schema\\\/logo\\\/image\\\/\"},\"sameAs\":[\"https:\\\/\\\/www.facebook.com\\\/profile.php?id=61564954260683\",\"https:\\\/\\\/www.instagram.com\\\/cosmetic.storedz\\\/\"]}]}<\/script>\n<!-- \/ Yoast SEO plugin. -->","yoast_head_json":{"title":"BABY POWDER AMK EAU DE TOILETTE 150ML VERT - Cosmetic Store","robots":{"index":"index","follow":"follow","max-snippet":"max-snippet:-1","max-image-preview":"max-image-preview:large","max-video-preview":"max-video-preview:-1"},"canonical":"https:\/\/cosmeticstoredz.com\/ar\/product\/baby-powder-amk-eau-de-toilette-150ml-vert\/","og_locale":"ar_AR","og_type":"article","og_title":"BABY POWDER AMK EAU DE TOILETTE 150ML VERT - Cosmetic Store","og_description":"BABY POWDER AMK \u2013 Eau de Toilette 150 ml (Vert)D\u00e9couvrez la fra\u00eecheur verte et apaisante de l\u2019Eau de Toilette Baby Powder AMK. Une fragrance l\u00e9g\u00e8re qui allie la tendresse de la poudre pour b\u00e9b\u00e9 \u00e0 une note v\u00e9g\u00e9tale et vivifiante, pour une sensation de puret\u00e9 et de confort tout au long de la journ\u00e9e.","og_url":"https:\/\/cosmeticstoredz.com\/ar\/product\/baby-powder-amk-eau-de-toilette-150ml-vert\/","og_site_name":"Cosmetic Store","article_publisher":"https:\/\/www.facebook.com\/profile.php?id=61564954260683","article_modified_time":"2026-04-18T19:19:20+00:00","og_image":[{"width":1563,"height":1563,"url":"https:\/\/cosmeticstoredz.com\/wp-content\/uploads\/2026\/02\/CC-47-6.png","type":"image\/png"}],"twitter_card":"summary_large_image","schema":{"@context":"https:\/\/schema.org","@graph":[{"@type":"WebPage","@id":"https:\/\/cosmeticstoredz.com\/produit\/baby-powder-amk-eau-de-toilette-150ml-vert\/","url":"https:\/\/cosmeticstoredz.com\/produit\/baby-powder-amk-eau-de-toilette-150ml-vert\/","name":"BABY POWDER AMK EAU DE TOILETTE 150ML VERT - Cosmetic Store","isPartOf":{"@id":"https:\/\/cosmeticstoredz.com\/#website"},"primaryImageOfPage":{"@id":"https:\/\/cosmeticstoredz.com\/produit\/baby-powder-amk-eau-de-toilette-150ml-vert\/#primaryimage"},"image":{"@id":"https:\/\/cosmeticstoredz.com\/produit\/baby-powder-amk-eau-de-toilette-150ml-vert\/#primaryimage"},"thumbnailUrl":"https:\/\/cosmeticstoredz.com\/wp-content\/uploads\/2026\/02\/CC-47-6.png","datePublished":"2025-08-11T17:58:00+00:00","dateModified":"2026-04-18T19:19:20+00:00","breadcrumb":{"@id":"https:\/\/cosmeticstoredz.com\/produit\/baby-powder-amk-eau-de-toilette-150ml-vert\/#breadcrumb"},"inLanguage":"ar","potentialAction":[{"@type":"ReadAction","target":["https:\/\/cosmeticstoredz.com\/produit\/baby-powder-amk-eau-de-toilette-150ml-vert\/"]}]},{"@type":"ImageObject","inLanguage":"ar","@id":"https:\/\/cosmeticstoredz.com\/produit\/baby-powder-amk-eau-de-toilette-150ml-vert\/#primaryimage","url":"https:\/\/cosmeticstoredz.com\/wp-content\/uploads\/2026\/02\/CC-47-6.png","contentUrl":"https:\/\/cosmeticstoredz.com\/wp-content\/uploads\/2026\/02\/CC-47-6.png","width":1563,"height":1563},{"@type":"BreadcrumbList","@id":"https:\/\/cosmeticstoredz.com\/produit\/baby-powder-amk-eau-de-toilette-150ml-vert\/#breadcrumb","itemListElement":[{"@type":"ListItem","position":1,"name":"Accueil","item":"https:\/\/cosmeticstoredz.com\/"},{"@type":"ListItem","position":2,"name":"Boutique","item":"https:\/\/cosmeticstoredz.com\/boutique\/"},{"@type":"ListItem","position":3,"name":"BABY POWDER AMK EAU DE TOILETTE 150ML VERT"}]},{"@type":"WebSite","@id":"https:\/\/cosmeticstoredz.com\/#website","url":"https:\/\/cosmeticstoredz.com\/","name":"Cosmetic Store","description":"","publisher":{"@id":"https:\/\/cosmeticstoredz.com\/#organization"},"potentialAction":[{"@type":"SearchAction","target":{"@type":"EntryPoint","urlTemplate":"https:\/\/cosmeticstoredz.com\/?s={search_term_string}"},"query-input":{"@type":"PropertyValueSpecification","valueRequired":true,"valueName":"search_term_string"}}],"inLanguage":"ar"},{"@type":"Organization","@id":"https:\/\/cosmeticstoredz.com\/#organization","name":"Cosmetic Store","url":"https:\/\/cosmeticstoredz.com\/","logo":{"@type":"ImageObject","inLanguage":"ar","@id":"https:\/\/cosmeticstoredz.com\/#\/schema\/logo\/image\/","url":"https:\/\/cosmeticstoredz.com\/wp-content\/uploads\/2026\/02\/cropped-LOGO_CS-512x512-1-1-e1771275285345.webp","contentUrl":"https:\/\/cosmeticstoredz.com\/wp-content\/uploads\/2026\/02\/cropped-LOGO_CS-512x512-1-1-e1771275285345.webp","width":265,"height":319,"caption":"Cosmetic Store"},"image":{"@id":"https:\/\/cosmeticstoredz.com\/#\/schema\/logo\/image\/"},"sameAs":["https:\/\/www.facebook.com\/profile.php?id=61564954260683","https:\/\/www.instagram.com\/cosmetic.storedz\/"]}]}},"_links":{"self":[{"href":"https:\/\/cosmeticstoredz.com\/ar\/wp-json\/wp\/v2\/product\/11910","targetHints":{"allow":["GET"]}}],"collection":[{"href":"https:\/\/cosmeticstoredz.com\/ar\/wp-json\/wp\/v2\/product"}],"about":[{"href":"https:\/\/cosmeticstoredz.com\/ar\/wp-json\/wp\/v2\/types\/product"}],"replies":[{"embeddable":true,"href":"https:\/\/cosmeticstoredz.com\/ar\/wp-json\/wp\/v2\/comments?post=11910"}],"version-history":[{"count":1,"href":"https:\/\/cosmeticstoredz.com\/ar\/wp-json\/wp\/v2\/product\/11910\/revisions"}],"predecessor-version":[{"id":22543,"href":"https:\/\/cosmeticstoredz.com\/ar\/wp-json\/wp\/v2\/product\/11910\/revisions\/22543"}],"wp:featuredmedia":[{"embeddable":true,"href":"https:\/\/cosmeticstoredz.com\/ar\/wp-json\/wp\/v2\/media\/22542"}],"wp:attachment":[{"href":"https:\/\/cosmeticstoredz.com\/ar\/wp-json\/wp\/v2\/media?parent=11910"}],"wp:term":[{"taxonomy":"product_brand","embeddable":true,"href":"https:\/\/cosmeticstoredz.com\/ar\/wp-json\/wp\/v2\/product_brand?post=11910"},{"taxonomy":"product_cat","embeddable":true,"href":"https:\/\/cosmeticstoredz.com\/ar\/wp-json\/wp\/v2\/product_cat?post=11910"},{"taxonomy":"product_tag","embeddable":true,"href":"https:\/\/cosmeticstoredz.com\/ar\/wp-json\/wp\/v2\/product_tag?post=11910"}],"curies":[{"name":"wp","href":"https:\/\/api.w.org\/{rel}","templated":true}]}}