{"id":11508,"date":"2025-07-08T15:16:57","date_gmt":"2025-07-08T15:16:57","guid":{"rendered":"https:\/\/test.fitnessworldgym27.com\/?post_type=product&#038;p=11508"},"modified":"2026-03-30T19:26:08","modified_gmt":"2026-03-30T19:26:08","slug":"centella-ampoule-kit","status":"publish","type":"product","link":"https:\/\/cosmeticstoredz.com\/ar\/product\/centella-ampoule-kit\/","title":{"rendered":"CENTELLA AMPOULE KIT"},"content":{"rendered":"","protected":false},"excerpt":{"rendered":"<ul>\n<li data-start=\"65\" data-end=\"182\">\n<p data-start=\"67\" data-end=\"182\"><strong data-start=\"67\" data-end=\"104\">Madagascar Centella Ampoule 30 ml<\/strong> : Apaise et hydrate intens\u00e9ment gr\u00e2ce \u00e0 l\u2019extrait pur de centella asiatica.<\/p>\n<\/li>\n<li data-start=\"183\" data-end=\"309\">\n<p data-start=\"185\" data-end=\"309\"><strong data-start=\"185\" data-end=\"247\">Madagascar Centella Tone Brightening Capsule Ampoule 30 ml<\/strong> : Illumine le teint et am\u00e9liore l\u2019\u00e9clat naturel de la peau.<\/p>\n<\/li>\n<li data-start=\"310\" data-end=\"446\">\n<p data-start=\"312\" data-end=\"446\"><strong data-start=\"312\" data-end=\"366\">Madagascar Centella Poremizing Fresh Ampoule 30 ml<\/strong> : Raffermit et resserre l\u2019apparence des pores pour une peau lisse et fra\u00eeche.<\/p>\n<\/li>\n<li data-start=\"447\" data-end=\"594\">\n<p data-start=\"449\" data-end=\"594\"><strong data-start=\"449\" data-end=\"502\">Madagascar Centella T\u00e9-Trica Ampoule Alivio 30 ml<\/strong> : Formul\u00e9e avec tea tree et centella, elle apaise les irritations et r\u00e9duit les rougeurs.<\/p>\n<\/li>\n<\/ul>","protected":false},"featured_media":22268,"comment_status":"closed","ping_status":"closed","template":"","meta":[],"product_brand":[456],"product_cat":[348,75,88,77,76],"product_tag":[],"class_list":{"0":"post-11508","1":"product","2":"type-product","3":"status-publish","4":"has-post-thumbnail","6":"product_brand-centella","7":"product_cat-centella","8":"product_cat-femme","9":"product_cat-gel-nettoyant-f","10":"product_cat-serum-fv","11":"product_cat-soin-visage-f","13":"first","14":"instock","15":"shipping-taxable","16":"purchasable","17":"product-type-simple"},"_links":{"self":[{"href":"https:\/\/cosmeticstoredz.com\/ar\/wp-json\/wp\/v2\/product\/11508","targetHints":{"allow":["GET"]}}],"collection":[{"href":"https:\/\/cosmeticstoredz.com\/ar\/wp-json\/wp\/v2\/product"}],"about":[{"href":"https:\/\/cosmeticstoredz.com\/ar\/wp-json\/wp\/v2\/types\/product"}],"replies":[{"embeddable":true,"href":"https:\/\/cosmeticstoredz.com\/ar\/wp-json\/wp\/v2\/comments?post=11508"}],"version-history":[{"count":1,"href":"https:\/\/cosmeticstoredz.com\/ar\/wp-json\/wp\/v2\/product\/11508\/revisions"}],"predecessor-version":[{"id":22270,"href":"https:\/\/cosmeticstoredz.com\/ar\/wp-json\/wp\/v2\/product\/11508\/revisions\/22270"}],"wp:featuredmedia":[{"embeddable":true,"href":"https:\/\/cosmeticstoredz.com\/ar\/wp-json\/wp\/v2\/media\/22268"}],"wp:attachment":[{"href":"https:\/\/cosmeticstoredz.com\/ar\/wp-json\/wp\/v2\/media?parent=11508"}],"wp:term":[{"taxonomy":"product_brand","embeddable":true,"href":"https:\/\/cosmeticstoredz.com\/ar\/wp-json\/wp\/v2\/product_brand?post=11508"},{"taxonomy":"product_cat","embeddable":true,"href":"https:\/\/cosmeticstoredz.com\/ar\/wp-json\/wp\/v2\/product_cat?post=11508"},{"taxonomy":"product_tag","embeddable":true,"href":"https:\/\/cosmeticstoredz.com\/ar\/wp-json\/wp\/v2\/product_tag?post=11508"}],"curies":[{"name":"wp","href":"https:\/\/api.w.org\/{rel}","templated":true}]}}