{"id":11463,"date":"2025-07-08T15:14:52","date_gmt":"2025-07-08T15:14:52","guid":{"rendered":"https:\/\/test.fitnessworldgym27.com\/?post_type=product&#038;p=11463"},"modified":"2026-04-02T17:42:58","modified_gmt":"2026-04-02T17:42:58","slug":"celenes-creme-gel-thermal-visage","status":"publish","type":"product","link":"https:\/\/cosmeticstoredz.com\/ar\/product\/celenes-creme-gel-thermal-visage\/","title":{"rendered":"CELENES CREME GEL THERMAL VISAGE"},"content":{"rendered":"","protected":false},"excerpt":{"rendered":"<ul>\n<li data-start=\"59\" data-end=\"97\">\n<p data-start=\"61\" data-end=\"97\">Convient \u00e0 tous les types de peau.<\/p>\n<\/li>\n<li data-start=\"98\" data-end=\"157\">\n<p data-start=\"100\" data-end=\"157\">Formule \u00e0 base de plantes + min\u00e9raux de l\u2019eau thermale.<\/p>\n<\/li>\n<li data-start=\"158\" data-end=\"202\">\n<p data-start=\"160\" data-end=\"202\">Hydrate intens\u00e9ment et illumine la peau.<\/p>\n<\/li>\n<li data-start=\"203\" data-end=\"274\">\n<p data-start=\"205\" data-end=\"274\">Algues rouges : prot\u00e8gent, r\u00e9duisent rides et \u00e9quilibrent le teint.<\/p>\n<\/li>\n<li data-start=\"275\" data-end=\"347\">\n<p data-start=\"277\" data-end=\"347\">Acides amin\u00e9s (micosporine) : prot\u00e8gent contre les rayons du soleil.<\/p>\n<\/li>\n<li data-start=\"348\" data-end=\"378\">\n<p data-start=\"350\" data-end=\"378\">Sans paraben, sans alcool.<\/p>\n<\/li>\n<\/ul>","protected":false},"featured_media":22172,"comment_status":"closed","ping_status":"closed","template":"","meta":[],"product_brand":[455],"product_cat":[371,129,75,88,76],"product_tag":[],"class_list":{"0":"post-11463","1":"product","2":"type-product","3":"status-publish","4":"has-post-thumbnail","6":"product_brand-celenes","7":"product_cat-celenes","8":"product_cat-creme-hydratante-fv","9":"product_cat-femme","10":"product_cat-gel-nettoyant-f","11":"product_cat-soin-visage-f","13":"first","14":"outofstock","15":"shipping-taxable","16":"purchasable","17":"product-type-simple"},"_links":{"self":[{"href":"https:\/\/cosmeticstoredz.com\/ar\/wp-json\/wp\/v2\/product\/11463","targetHints":{"allow":["GET"]}}],"collection":[{"href":"https:\/\/cosmeticstoredz.com\/ar\/wp-json\/wp\/v2\/product"}],"about":[{"href":"https:\/\/cosmeticstoredz.com\/ar\/wp-json\/wp\/v2\/types\/product"}],"replies":[{"embeddable":true,"href":"https:\/\/cosmeticstoredz.com\/ar\/wp-json\/wp\/v2\/comments?post=11463"}],"version-history":[{"count":1,"href":"https:\/\/cosmeticstoredz.com\/ar\/wp-json\/wp\/v2\/product\/11463\/revisions"}],"predecessor-version":[{"id":22174,"href":"https:\/\/cosmeticstoredz.com\/ar\/wp-json\/wp\/v2\/product\/11463\/revisions\/22174"}],"wp:featuredmedia":[{"embeddable":true,"href":"https:\/\/cosmeticstoredz.com\/ar\/wp-json\/wp\/v2\/media\/22172"}],"wp:attachment":[{"href":"https:\/\/cosmeticstoredz.com\/ar\/wp-json\/wp\/v2\/media?parent=11463"}],"wp:term":[{"taxonomy":"product_brand","embeddable":true,"href":"https:\/\/cosmeticstoredz.com\/ar\/wp-json\/wp\/v2\/product_brand?post=11463"},{"taxonomy":"product_cat","embeddable":true,"href":"https:\/\/cosmeticstoredz.com\/ar\/wp-json\/wp\/v2\/product_cat?post=11463"},{"taxonomy":"product_tag","embeddable":true,"href":"https:\/\/cosmeticstoredz.com\/ar\/wp-json\/wp\/v2\/product_tag?post=11463"}],"curies":[{"name":"wp","href":"https:\/\/api.w.org\/{rel}","templated":true}]}}