{"id":1118,"date":"2026-02-16T08:45:52","date_gmt":"2026-02-16T08:45:52","guid":{"rendered":"https:\/\/test.fitnessworldgym27.com\/?post_type=product&#038;p=1118"},"modified":"2026-03-30T19:26:10","modified_gmt":"2026-03-30T19:26:10","slug":"deo-splelndid-200ml-metalic","status":"publish","type":"product","link":"https:\/\/cosmeticstoredz.com\/ar\/product\/deo-splelndid-200ml-metalic\/","title":{"rendered":"DEO SPLELNDID 200ML METALIC"},"content":{"rendered":"<div class=\"product-info__title\"><\/div>\n<div class=\"product-info__description hidden-xs\">\n<div class=\"product-info__description__text\">\n<div class=\"woocommerce-product-details__short-description\">\n<p>Spray D\u00e9odorant longue dur\u00e9e Pour prolonger tout au long de la journ\u00e9e l\u2019agr\u00e9able sensation de fra\u00eecheur. Ce d\u00e9odorant neutralise les odeurs de transpiration \u00e0 la source, r\u00e9duit la sensation d\u2019humidit\u00e9 et vous apporte une protection durable.<strong>\u00a0<\/strong><\/p>\n<\/div>\n<\/div>\n<\/div>","protected":false},"excerpt":{"rendered":"<p>Spray D\u00e9odorant longue dur\u00e9e Pour prolonger tout au long de la journ\u00e9e l\u2019agr\u00e9able sensation de fra\u00eecheur. Ce d\u00e9odorant neutralise les<\/p>","protected":false},"featured_media":1192,"comment_status":"open","ping_status":"closed","template":"","meta":[],"product_brand":[],"product_cat":[85,72,84,167],"product_tag":[90],"class_list":{"0":"post-1118","1":"product","2":"type-product","3":"status-publish","4":"has-post-thumbnail","6":"product_cat-deodorant-h","7":"product_cat-homme","8":"product_cat-parfum-h","9":"product_cat-splendid","10":"product_tag-made-in-algeria","12":"first","13":"instock","14":"shipping-taxable","15":"purchasable","16":"product-type-simple"},"_links":{"self":[{"href":"https:\/\/cosmeticstoredz.com\/ar\/wp-json\/wp\/v2\/product\/1118","targetHints":{"allow":["GET"]}}],"collection":[{"href":"https:\/\/cosmeticstoredz.com\/ar\/wp-json\/wp\/v2\/product"}],"about":[{"href":"https:\/\/cosmeticstoredz.com\/ar\/wp-json\/wp\/v2\/types\/product"}],"replies":[{"embeddable":true,"href":"https:\/\/cosmeticstoredz.com\/ar\/wp-json\/wp\/v2\/comments?post=1118"}],"version-history":[{"count":1,"href":"https:\/\/cosmeticstoredz.com\/ar\/wp-json\/wp\/v2\/product\/1118\/revisions"}],"predecessor-version":[{"id":1193,"href":"https:\/\/cosmeticstoredz.com\/ar\/wp-json\/wp\/v2\/product\/1118\/revisions\/1193"}],"wp:featuredmedia":[{"embeddable":true,"href":"https:\/\/cosmeticstoredz.com\/ar\/wp-json\/wp\/v2\/media\/1192"}],"wp:attachment":[{"href":"https:\/\/cosmeticstoredz.com\/ar\/wp-json\/wp\/v2\/media?parent=1118"}],"wp:term":[{"taxonomy":"product_brand","embeddable":true,"href":"https:\/\/cosmeticstoredz.com\/ar\/wp-json\/wp\/v2\/product_brand?post=1118"},{"taxonomy":"product_cat","embeddable":true,"href":"https:\/\/cosmeticstoredz.com\/ar\/wp-json\/wp\/v2\/product_cat?post=1118"},{"taxonomy":"product_tag","embeddable":true,"href":"https:\/\/cosmeticstoredz.com\/ar\/wp-json\/wp\/v2\/product_tag?post=1118"}],"curies":[{"name":"wp","href":"https:\/\/api.w.org\/{rel}","templated":true}]}}