{"id":1116,"date":"2026-02-16T08:45:52","date_gmt":"2026-02-16T08:45:52","guid":{"rendered":"https:\/\/test.fitnessworldgym27.com\/?post_type=product&#038;p=1116"},"modified":"2026-02-16T08:46:22","modified_gmt":"2026-02-16T08:46:22","slug":"deo-splelndid-200ml-aqua","status":"publish","type":"product","link":"https:\/\/cosmeticstoredz.com\/ar\/product\/deo-splelndid-200ml-aqua\/","title":{"rendered":"DEO SPLELNDID 200ML AQUA"},"content":{"rendered":"<div class=\"product-info__title\">\n<h2>D\u00c9ODORANT AQUA DE SPLENDID<\/h2>\n<p class=\"genre\"><b>Hommes<\/b><\/p>\n<\/div>\n<div class=\"divider divider--xs product-info__divider hidden-xs\"><\/div>\n<div class=\"product-info__description hidden-xs\">\n<div class=\"product-info__description__text\">\n<p>Le d\u00e9odorant AQUA DE SPLENDID vous apporte une sensation agr\u00e9able de fraicheur etvous prot\u00e9ge contre les mauvaise odeur de transpiration\u00a0200 ML<\/p>\n<\/div>\n<\/div>","protected":false},"excerpt":{"rendered":"<p>D\u00c9ODORANT AQUA DE SPLENDID Hommes Le d\u00e9odorant AQUA DE SPLENDID vous apporte une sensation agr\u00e9able de fraicheur etvous prot\u00e9ge contre<\/p>","protected":false},"featured_media":1188,"comment_status":"open","ping_status":"closed","template":"","meta":[],"product_brand":[],"product_cat":[85,72,84,167],"product_tag":[90],"class_list":{"0":"post-1116","1":"product","2":"type-product","3":"status-publish","4":"has-post-thumbnail","6":"product_cat-deodorant-h","7":"product_cat-homme","8":"product_cat-parfum-h","9":"product_cat-splendid","10":"product_tag-made-in-algeria","12":"first","13":"instock","14":"shipping-taxable","15":"purchasable","16":"product-type-simple"},"_links":{"self":[{"href":"https:\/\/cosmeticstoredz.com\/ar\/wp-json\/wp\/v2\/product\/1116","targetHints":{"allow":["GET"]}}],"collection":[{"href":"https:\/\/cosmeticstoredz.com\/ar\/wp-json\/wp\/v2\/product"}],"about":[{"href":"https:\/\/cosmeticstoredz.com\/ar\/wp-json\/wp\/v2\/types\/product"}],"replies":[{"embeddable":true,"href":"https:\/\/cosmeticstoredz.com\/ar\/wp-json\/wp\/v2\/comments?post=1116"}],"version-history":[{"count":1,"href":"https:\/\/cosmeticstoredz.com\/ar\/wp-json\/wp\/v2\/product\/1116\/revisions"}],"predecessor-version":[{"id":1189,"href":"https:\/\/cosmeticstoredz.com\/ar\/wp-json\/wp\/v2\/product\/1116\/revisions\/1189"}],"wp:featuredmedia":[{"embeddable":true,"href":"https:\/\/cosmeticstoredz.com\/ar\/wp-json\/wp\/v2\/media\/1188"}],"wp:attachment":[{"href":"https:\/\/cosmeticstoredz.com\/ar\/wp-json\/wp\/v2\/media?parent=1116"}],"wp:term":[{"taxonomy":"product_brand","embeddable":true,"href":"https:\/\/cosmeticstoredz.com\/ar\/wp-json\/wp\/v2\/product_brand?post=1116"},{"taxonomy":"product_cat","embeddable":true,"href":"https:\/\/cosmeticstoredz.com\/ar\/wp-json\/wp\/v2\/product_cat?post=1116"},{"taxonomy":"product_tag","embeddable":true,"href":"https:\/\/cosmeticstoredz.com\/ar\/wp-json\/wp\/v2\/product_tag?post=1116"}],"curies":[{"name":"wp","href":"https:\/\/api.w.org\/{rel}","templated":true}]}}