{"id":11075,"date":"2025-06-21T15:07:34","date_gmt":"2025-06-21T15:07:34","guid":{"rendered":"https:\/\/test.fitnessworldgym27.com\/?post_type=product&#038;p=11075"},"modified":"2026-04-18T19:25:12","modified_gmt":"2026-04-18T19:25:12","slug":"vatika-shp-400ml-ail","status":"publish","type":"product","link":"https:\/\/cosmeticstoredz.com\/ar\/product\/vatika-shp-400ml-ail\/","title":{"rendered":"VATIKA SHP 400ML AIL"},"content":{"rendered":"<p data-start=\"435\" data-end=\"676\">VATIKA Shampooing \u00e0 l\u2019Ail 400ml est un soin capillaire inspir\u00e9 des rem\u00e8des naturels, formul\u00e9 pour revitaliser les cheveux fragiles, affaiblis ou sujets \u00e0 la chute. Il nettoie le cuir chevelu en douceur tout en fortifiant les racines.<\/p>\n<h3 data-start=\"683\" data-end=\"720\">\u00a0Ingr\u00e9dient principal : l\u2019ail<\/h3>\n<ul data-start=\"721\" data-end=\"1013\">\n<li data-start=\"721\" data-end=\"781\">\n<p data-start=\"723\" data-end=\"781\">Riche en s\u00e9l\u00e9nium, soufre, vitamines C et B6<\/p>\n<\/li>\n<li data-start=\"782\" data-end=\"849\">\n<p data-start=\"784\" data-end=\"849\">Connu pour stimuler la circulation sanguine du cuir chevelu<\/p>\n<\/li>\n<li data-start=\"850\" data-end=\"923\">\n<p data-start=\"852\" data-end=\"923\">Renforce les follicules capillaires et r\u00e9duit la chute de cheveux<\/p>\n<\/li>\n<li data-start=\"924\" data-end=\"1013\">\n<p data-start=\"926\" data-end=\"1013\">Propri\u00e9t\u00e9s antibact\u00e9riennes et purifiantes qui aident \u00e0 garder le cuir chevelu sain<\/p>\n<\/li>\n<\/ul>\n<h3 data-start=\"1020\" data-end=\"1055\">Bienfaits pour les cheveux<\/h3>\n<ul data-start=\"1056\" data-end=\"1261\">\n<li data-start=\"1056\" data-end=\"1101\">\n<p data-start=\"1058\" data-end=\"1101\">Renforce les racines et les longueurs<\/p>\n<\/li>\n<li data-start=\"1102\" data-end=\"1147\">\n<p data-start=\"1104\" data-end=\"1147\">Stimule la pousse de nouveaux cheveux<\/p>\n<\/li>\n<li data-start=\"1148\" data-end=\"1198\">\n<p data-start=\"1150\" data-end=\"1198\">Pr\u00e9vient la casse et les chutes excessives<\/p>\n<\/li>\n<li data-start=\"1199\" data-end=\"1261\">\n<p data-start=\"1201\" data-end=\"1261\">Laisse les cheveux souples, brillants et plus r\u00e9sistants<\/p>\n<\/li>\n<\/ul>","protected":false},"excerpt":{"rendered":"<p data-start=\"132\" data-end=\"338\">Shampooing fortifiant \u00e0 l\u2019ail, con\u00e7u pour renforcer les cheveux, r\u00e9duire la chute et stimuler la croissance. Nettoie en douceur tout en revitalisant le cuir chevelu. Id\u00e9al pour cheveux fragiles ou cassants.<\/p>","protected":false},"featured_media":0,"comment_status":"closed","ping_status":"closed","template":"","meta":[],"product_brand":[],"product_cat":[75,111,95,270],"product_tag":[],"class_list":{"0":"post-11075","1":"product","2":"type-product","3":"status-publish","5":"product_cat-femme","6":"product_cat-shampoing-f","7":"product_cat-soin-cheveux-f","8":"product_cat-vatika","10":"first","11":"outofstock","12":"shipping-taxable","13":"purchasable","14":"product-type-simple"},"yoast_head":"<!-- This site is optimized with the Yoast SEO plugin v27.3 - https:\/\/yoast.com\/product\/yoast-seo-wordpress\/ -->\n<title>VATIKA SHP 400ML AIL - Cosmetic Store<\/title>\n<meta name=\"robots\" content=\"index, follow, max-snippet:-1, max-image-preview:large, max-video-preview:-1\" \/>\n<link rel=\"canonical\" href=\"https:\/\/cosmeticstoredz.com\/ar\/product\/vatika-shp-400ml-ail\/\" \/>\n<meta property=\"og:locale\" content=\"ar_AR\" \/>\n<meta property=\"og:type\" content=\"article\" \/>\n<meta property=\"og:title\" content=\"VATIKA SHP 400ML AIL - Cosmetic Store\" \/>\n<meta property=\"og:description\" content=\"Shampooing fortifiant \u00e0 l\u2019ail, con\u00e7u pour renforcer les cheveux, r\u00e9duire la chute et stimuler la croissance. Nettoie en douceur tout en revitalisant le cuir chevelu. Id\u00e9al pour cheveux fragiles ou cassants.\" \/>\n<meta property=\"og:url\" content=\"https:\/\/cosmeticstoredz.com\/ar\/product\/vatika-shp-400ml-ail\/\" \/>\n<meta property=\"og:site_name\" content=\"Cosmetic Store\" \/>\n<meta property=\"article:publisher\" content=\"https:\/\/www.facebook.com\/profile.php?id=61564954260683\" \/>\n<meta property=\"article:modified_time\" content=\"2026-04-18T19:25:12+00:00\" \/>\n<meta name=\"twitter:card\" content=\"summary_large_image\" \/>\n<meta name=\"twitter:label1\" content=\"\u0648\u0642\u062a \u0627\u0644\u0642\u0631\u0627\u0621\u0629 \u0627\u0644\u0645\u064f\u0642\u062f\u0651\u0631\" \/>\n\t<meta name=\"twitter:data1\" content=\"\u062f\u0642\u064a\u0642\u0629 \u0648\u0627\u062d\u062f\u0629\" \/>\n<script type=\"application\/ld+json\" class=\"yoast-schema-graph\">{\"@context\":\"https:\\\/\\\/schema.org\",\"@graph\":[{\"@type\":\"WebPage\",\"@id\":\"https:\\\/\\\/cosmeticstoredz.com\\\/produit\\\/vatika-shp-400ml-ail\\\/\",\"url\":\"https:\\\/\\\/cosmeticstoredz.com\\\/produit\\\/vatika-shp-400ml-ail\\\/\",\"name\":\"VATIKA SHP 400ML AIL - Cosmetic Store\",\"isPartOf\":{\"@id\":\"https:\\\/\\\/cosmeticstoredz.com\\\/#website\"},\"datePublished\":\"2025-06-21T15:07:34+00:00\",\"dateModified\":\"2026-04-18T19:25:12+00:00\",\"breadcrumb\":{\"@id\":\"https:\\\/\\\/cosmeticstoredz.com\\\/produit\\\/vatika-shp-400ml-ail\\\/#breadcrumb\"},\"inLanguage\":\"ar\",\"potentialAction\":[{\"@type\":\"ReadAction\",\"target\":[\"https:\\\/\\\/cosmeticstoredz.com\\\/produit\\\/vatika-shp-400ml-ail\\\/\"]}]},{\"@type\":\"BreadcrumbList\",\"@id\":\"https:\\\/\\\/cosmeticstoredz.com\\\/produit\\\/vatika-shp-400ml-ail\\\/#breadcrumb\",\"itemListElement\":[{\"@type\":\"ListItem\",\"position\":1,\"name\":\"Accueil\",\"item\":\"https:\\\/\\\/cosmeticstoredz.com\\\/\"},{\"@type\":\"ListItem\",\"position\":2,\"name\":\"Boutique\",\"item\":\"https:\\\/\\\/cosmeticstoredz.com\\\/boutique\\\/\"},{\"@type\":\"ListItem\",\"position\":3,\"name\":\"VATIKA SHP 400ML AIL\"}]},{\"@type\":\"WebSite\",\"@id\":\"https:\\\/\\\/cosmeticstoredz.com\\\/#website\",\"url\":\"https:\\\/\\\/cosmeticstoredz.com\\\/\",\"name\":\"Cosmetic Store\",\"description\":\"\",\"publisher\":{\"@id\":\"https:\\\/\\\/cosmeticstoredz.com\\\/#organization\"},\"potentialAction\":[{\"@type\":\"SearchAction\",\"target\":{\"@type\":\"EntryPoint\",\"urlTemplate\":\"https:\\\/\\\/cosmeticstoredz.com\\\/?s={search_term_string}\"},\"query-input\":{\"@type\":\"PropertyValueSpecification\",\"valueRequired\":true,\"valueName\":\"search_term_string\"}}],\"inLanguage\":\"ar\"},{\"@type\":\"Organization\",\"@id\":\"https:\\\/\\\/cosmeticstoredz.com\\\/#organization\",\"name\":\"Cosmetic Store\",\"url\":\"https:\\\/\\\/cosmeticstoredz.com\\\/\",\"logo\":{\"@type\":\"ImageObject\",\"inLanguage\":\"ar\",\"@id\":\"https:\\\/\\\/cosmeticstoredz.com\\\/#\\\/schema\\\/logo\\\/image\\\/\",\"url\":\"https:\\\/\\\/cosmeticstoredz.com\\\/wp-content\\\/uploads\\\/2026\\\/02\\\/cropped-LOGO_CS-512x512-1-1-e1771275285345.webp\",\"contentUrl\":\"https:\\\/\\\/cosmeticstoredz.com\\\/wp-content\\\/uploads\\\/2026\\\/02\\\/cropped-LOGO_CS-512x512-1-1-e1771275285345.webp\",\"width\":265,\"height\":319,\"caption\":\"Cosmetic Store\"},\"image\":{\"@id\":\"https:\\\/\\\/cosmeticstoredz.com\\\/#\\\/schema\\\/logo\\\/image\\\/\"},\"sameAs\":[\"https:\\\/\\\/www.facebook.com\\\/profile.php?id=61564954260683\",\"https:\\\/\\\/www.instagram.com\\\/cosmetic.storedz\\\/\"]}]}<\/script>\n<!-- \/ Yoast SEO plugin. -->","yoast_head_json":{"title":"VATIKA SHP 400ML AIL - Cosmetic Store","robots":{"index":"index","follow":"follow","max-snippet":"max-snippet:-1","max-image-preview":"max-image-preview:large","max-video-preview":"max-video-preview:-1"},"canonical":"https:\/\/cosmeticstoredz.com\/ar\/product\/vatika-shp-400ml-ail\/","og_locale":"ar_AR","og_type":"article","og_title":"VATIKA SHP 400ML AIL - Cosmetic Store","og_description":"Shampooing fortifiant \u00e0 l\u2019ail, con\u00e7u pour renforcer les cheveux, r\u00e9duire la chute et stimuler la croissance. Nettoie en douceur tout en revitalisant le cuir chevelu. Id\u00e9al pour cheveux fragiles ou cassants.","og_url":"https:\/\/cosmeticstoredz.com\/ar\/product\/vatika-shp-400ml-ail\/","og_site_name":"Cosmetic Store","article_publisher":"https:\/\/www.facebook.com\/profile.php?id=61564954260683","article_modified_time":"2026-04-18T19:25:12+00:00","twitter_card":"summary_large_image","twitter_misc":{"\u0648\u0642\u062a \u0627\u0644\u0642\u0631\u0627\u0621\u0629 \u0627\u0644\u0645\u064f\u0642\u062f\u0651\u0631":"\u062f\u0642\u064a\u0642\u0629 \u0648\u0627\u062d\u062f\u0629"},"schema":{"@context":"https:\/\/schema.org","@graph":[{"@type":"WebPage","@id":"https:\/\/cosmeticstoredz.com\/produit\/vatika-shp-400ml-ail\/","url":"https:\/\/cosmeticstoredz.com\/produit\/vatika-shp-400ml-ail\/","name":"VATIKA SHP 400ML AIL - Cosmetic Store","isPartOf":{"@id":"https:\/\/cosmeticstoredz.com\/#website"},"datePublished":"2025-06-21T15:07:34+00:00","dateModified":"2026-04-18T19:25:12+00:00","breadcrumb":{"@id":"https:\/\/cosmeticstoredz.com\/produit\/vatika-shp-400ml-ail\/#breadcrumb"},"inLanguage":"ar","potentialAction":[{"@type":"ReadAction","target":["https:\/\/cosmeticstoredz.com\/produit\/vatika-shp-400ml-ail\/"]}]},{"@type":"BreadcrumbList","@id":"https:\/\/cosmeticstoredz.com\/produit\/vatika-shp-400ml-ail\/#breadcrumb","itemListElement":[{"@type":"ListItem","position":1,"name":"Accueil","item":"https:\/\/cosmeticstoredz.com\/"},{"@type":"ListItem","position":2,"name":"Boutique","item":"https:\/\/cosmeticstoredz.com\/boutique\/"},{"@type":"ListItem","position":3,"name":"VATIKA SHP 400ML AIL"}]},{"@type":"WebSite","@id":"https:\/\/cosmeticstoredz.com\/#website","url":"https:\/\/cosmeticstoredz.com\/","name":"Cosmetic Store","description":"","publisher":{"@id":"https:\/\/cosmeticstoredz.com\/#organization"},"potentialAction":[{"@type":"SearchAction","target":{"@type":"EntryPoint","urlTemplate":"https:\/\/cosmeticstoredz.com\/?s={search_term_string}"},"query-input":{"@type":"PropertyValueSpecification","valueRequired":true,"valueName":"search_term_string"}}],"inLanguage":"ar"},{"@type":"Organization","@id":"https:\/\/cosmeticstoredz.com\/#organization","name":"Cosmetic Store","url":"https:\/\/cosmeticstoredz.com\/","logo":{"@type":"ImageObject","inLanguage":"ar","@id":"https:\/\/cosmeticstoredz.com\/#\/schema\/logo\/image\/","url":"https:\/\/cosmeticstoredz.com\/wp-content\/uploads\/2026\/02\/cropped-LOGO_CS-512x512-1-1-e1771275285345.webp","contentUrl":"https:\/\/cosmeticstoredz.com\/wp-content\/uploads\/2026\/02\/cropped-LOGO_CS-512x512-1-1-e1771275285345.webp","width":265,"height":319,"caption":"Cosmetic Store"},"image":{"@id":"https:\/\/cosmeticstoredz.com\/#\/schema\/logo\/image\/"},"sameAs":["https:\/\/www.facebook.com\/profile.php?id=61564954260683","https:\/\/www.instagram.com\/cosmetic.storedz\/"]}]}},"_links":{"self":[{"href":"https:\/\/cosmeticstoredz.com\/ar\/wp-json\/wp\/v2\/product\/11075","targetHints":{"allow":["GET"]}}],"collection":[{"href":"https:\/\/cosmeticstoredz.com\/ar\/wp-json\/wp\/v2\/product"}],"about":[{"href":"https:\/\/cosmeticstoredz.com\/ar\/wp-json\/wp\/v2\/types\/product"}],"replies":[{"embeddable":true,"href":"https:\/\/cosmeticstoredz.com\/ar\/wp-json\/wp\/v2\/comments?post=11075"}],"version-history":[{"count":1,"href":"https:\/\/cosmeticstoredz.com\/ar\/wp-json\/wp\/v2\/product\/11075\/revisions"}],"predecessor-version":[{"id":22145,"href":"https:\/\/cosmeticstoredz.com\/ar\/wp-json\/wp\/v2\/product\/11075\/revisions\/22145"}],"wp:attachment":[{"href":"https:\/\/cosmeticstoredz.com\/ar\/wp-json\/wp\/v2\/media?parent=11075"}],"wp:term":[{"taxonomy":"product_brand","embeddable":true,"href":"https:\/\/cosmeticstoredz.com\/ar\/wp-json\/wp\/v2\/product_brand?post=11075"},{"taxonomy":"product_cat","embeddable":true,"href":"https:\/\/cosmeticstoredz.com\/ar\/wp-json\/wp\/v2\/product_cat?post=11075"},{"taxonomy":"product_tag","embeddable":true,"href":"https:\/\/cosmeticstoredz.com\/ar\/wp-json\/wp\/v2\/product_tag?post=11075"}],"curies":[{"name":"wp","href":"https:\/\/api.w.org\/{rel}","templated":true}]}}