{"id":11074,"date":"2025-06-21T15:07:33","date_gmt":"2025-06-21T15:07:33","guid":{"rendered":"https:\/\/test.fitnessworldgym27.com\/?post_type=product&#038;p=11074"},"modified":"2026-04-18T19:25:12","modified_gmt":"2026-04-18T19:25:12","slug":"vatika-hamam-hair-mask-hot-oil-traitement-olive-and-almond","status":"publish","type":"product","link":"https:\/\/cosmeticstoredz.com\/ar\/product\/vatika-hamam-hair-mask-hot-oil-traitement-olive-and-almond\/","title":{"rendered":"VATIKA HAMAM HAIR MASK HOT OIL TRAITEMENT OLIVE AND ALMOND"},"content":{"rendered":"<p data-start=\"56\" data-end=\"427\">Vatika Naturals Hot Oil Treatment aux extraits essentiels d\u2019amande et d\u2019olive, commun\u00e9ment appel\u00e9 Hammam Zaith, est une riche source de min\u00e9raux et de vitamines qui renforce les fibres capillaires pour contr\u00f4ler la casse, et rendre les cheveux doux et brillants. Offrez \u00e0 vos cheveux un soin en profondeur gr\u00e2ce aux ingr\u00e9dients naturels de l\u2019olive et de l\u2019amande.<\/p>\n<p data-start=\"429\" data-end=\"657\">Le soin \u00e0 l\u2019huile chaude Vatika Naturals est infus\u00e9 d\u2019ingr\u00e9dients naturels et riche en vitamines A, E et F, qui nourrissent, fortifient, \u00e9paississent et renforcent le cuir chevelu et les cheveux de la racine jusqu\u2019aux pointes.<\/p>\n<p data-start=\"659\" data-end=\"860\">L\u2019huile chaude naturelle \u00e0 l\u2019amande et \u00e0 l\u2019olive pour hommes et femmes, inspir\u00e9e des rituels arabes, favorise la croissance naturelle des cheveux, m\u00eame pour les cheveux faibles et \u00e0 croissance lente.<\/p>\n<p data-start=\"862\" data-end=\"992\">R\u00e9parez 5 jours de dommages en un seul soin 100 % naturel. Il est temps de dire adieu aux cheveux secs, ternes et sans vie !<\/p>","protected":false},"excerpt":{"rendered":"<p>Vatika Naturals Hot Oil Treatment aux extraits essentiels d\u2019amande et d\u2019olive, commun\u00e9ment appel\u00e9 Hammam Zaith, est une riche source de min\u00e9raux et de vitamines qui renforce les fibres capillaires pour contr\u00f4ler la casse, et rendre les cheveux doux et brillants.<\/p>","protected":false},"featured_media":0,"comment_status":"closed","ping_status":"closed","template":"","meta":[],"product_brand":[],"product_cat":[75,96,95,270],"product_tag":[],"class_list":{"0":"post-11074","1":"product","2":"type-product","3":"status-publish","5":"product_cat-femme","6":"product_cat-huile","7":"product_cat-soin-cheveux-f","8":"product_cat-vatika","10":"first","11":"outofstock","12":"shipping-taxable","13":"purchasable","14":"product-type-simple"},"yoast_head":"<!-- This site is optimized with the Yoast SEO plugin v27.3 - https:\/\/yoast.com\/product\/yoast-seo-wordpress\/ -->\n<title>VATIKA HAMAM HAIR MASK HOT OIL TRAITEMENT OLIVE AND ALMOND - Cosmetic Store<\/title>\n<meta name=\"robots\" content=\"index, follow, max-snippet:-1, max-image-preview:large, max-video-preview:-1\" \/>\n<link rel=\"canonical\" href=\"https:\/\/cosmeticstoredz.com\/ar\/product\/vatika-hamam-hair-mask-hot-oil-traitement-olive-and-almond\/\" \/>\n<meta property=\"og:locale\" content=\"ar_AR\" \/>\n<meta property=\"og:type\" content=\"article\" \/>\n<meta property=\"og:title\" content=\"VATIKA HAMAM HAIR MASK HOT OIL TRAITEMENT OLIVE AND ALMOND - Cosmetic Store\" \/>\n<meta property=\"og:description\" content=\"Vatika Naturals Hot Oil Treatment aux extraits essentiels d\u2019amande et d\u2019olive, commun\u00e9ment appel\u00e9 Hammam Zaith, est une riche source de min\u00e9raux et de vitamines qui renforce les fibres capillaires pour contr\u00f4ler la casse, et rendre les cheveux doux et brillants.\" \/>\n<meta property=\"og:url\" content=\"https:\/\/cosmeticstoredz.com\/ar\/product\/vatika-hamam-hair-mask-hot-oil-traitement-olive-and-almond\/\" \/>\n<meta property=\"og:site_name\" content=\"Cosmetic Store\" \/>\n<meta property=\"article:publisher\" content=\"https:\/\/www.facebook.com\/profile.php?id=61564954260683\" \/>\n<meta property=\"article:modified_time\" content=\"2026-04-18T19:25:12+00:00\" \/>\n<meta name=\"twitter:card\" content=\"summary_large_image\" \/>\n<meta name=\"twitter:label1\" content=\"\u0648\u0642\u062a \u0627\u0644\u0642\u0631\u0627\u0621\u0629 \u0627\u0644\u0645\u064f\u0642\u062f\u0651\u0631\" \/>\n\t<meta name=\"twitter:data1\" content=\"\u062f\u0642\u064a\u0642\u0629 \u0648\u0627\u062d\u062f\u0629\" \/>\n<script type=\"application\/ld+json\" class=\"yoast-schema-graph\">{\"@context\":\"https:\\\/\\\/schema.org\",\"@graph\":[{\"@type\":\"WebPage\",\"@id\":\"https:\\\/\\\/cosmeticstoredz.com\\\/produit\\\/vatika-hamam-hair-mask-hot-oil-traitement-olive-and-almond\\\/\",\"url\":\"https:\\\/\\\/cosmeticstoredz.com\\\/produit\\\/vatika-hamam-hair-mask-hot-oil-traitement-olive-and-almond\\\/\",\"name\":\"VATIKA HAMAM HAIR MASK HOT OIL TRAITEMENT OLIVE AND ALMOND - Cosmetic Store\",\"isPartOf\":{\"@id\":\"https:\\\/\\\/cosmeticstoredz.com\\\/#website\"},\"datePublished\":\"2025-06-21T15:07:33+00:00\",\"dateModified\":\"2026-04-18T19:25:12+00:00\",\"breadcrumb\":{\"@id\":\"https:\\\/\\\/cosmeticstoredz.com\\\/produit\\\/vatika-hamam-hair-mask-hot-oil-traitement-olive-and-almond\\\/#breadcrumb\"},\"inLanguage\":\"ar\",\"potentialAction\":[{\"@type\":\"ReadAction\",\"target\":[\"https:\\\/\\\/cosmeticstoredz.com\\\/produit\\\/vatika-hamam-hair-mask-hot-oil-traitement-olive-and-almond\\\/\"]}]},{\"@type\":\"BreadcrumbList\",\"@id\":\"https:\\\/\\\/cosmeticstoredz.com\\\/produit\\\/vatika-hamam-hair-mask-hot-oil-traitement-olive-and-almond\\\/#breadcrumb\",\"itemListElement\":[{\"@type\":\"ListItem\",\"position\":1,\"name\":\"Accueil\",\"item\":\"https:\\\/\\\/cosmeticstoredz.com\\\/\"},{\"@type\":\"ListItem\",\"position\":2,\"name\":\"Boutique\",\"item\":\"https:\\\/\\\/cosmeticstoredz.com\\\/boutique\\\/\"},{\"@type\":\"ListItem\",\"position\":3,\"name\":\"VATIKA HAMAM HAIR MASK HOT OIL TRAITEMENT OLIVE AND ALMOND\"}]},{\"@type\":\"WebSite\",\"@id\":\"https:\\\/\\\/cosmeticstoredz.com\\\/#website\",\"url\":\"https:\\\/\\\/cosmeticstoredz.com\\\/\",\"name\":\"Cosmetic Store\",\"description\":\"\",\"publisher\":{\"@id\":\"https:\\\/\\\/cosmeticstoredz.com\\\/#organization\"},\"potentialAction\":[{\"@type\":\"SearchAction\",\"target\":{\"@type\":\"EntryPoint\",\"urlTemplate\":\"https:\\\/\\\/cosmeticstoredz.com\\\/?s={search_term_string}\"},\"query-input\":{\"@type\":\"PropertyValueSpecification\",\"valueRequired\":true,\"valueName\":\"search_term_string\"}}],\"inLanguage\":\"ar\"},{\"@type\":\"Organization\",\"@id\":\"https:\\\/\\\/cosmeticstoredz.com\\\/#organization\",\"name\":\"Cosmetic Store\",\"url\":\"https:\\\/\\\/cosmeticstoredz.com\\\/\",\"logo\":{\"@type\":\"ImageObject\",\"inLanguage\":\"ar\",\"@id\":\"https:\\\/\\\/cosmeticstoredz.com\\\/#\\\/schema\\\/logo\\\/image\\\/\",\"url\":\"https:\\\/\\\/cosmeticstoredz.com\\\/wp-content\\\/uploads\\\/2026\\\/02\\\/cropped-LOGO_CS-512x512-1-1-e1771275285345.webp\",\"contentUrl\":\"https:\\\/\\\/cosmeticstoredz.com\\\/wp-content\\\/uploads\\\/2026\\\/02\\\/cropped-LOGO_CS-512x512-1-1-e1771275285345.webp\",\"width\":265,\"height\":319,\"caption\":\"Cosmetic Store\"},\"image\":{\"@id\":\"https:\\\/\\\/cosmeticstoredz.com\\\/#\\\/schema\\\/logo\\\/image\\\/\"},\"sameAs\":[\"https:\\\/\\\/www.facebook.com\\\/profile.php?id=61564954260683\",\"https:\\\/\\\/www.instagram.com\\\/cosmetic.storedz\\\/\"]}]}<\/script>\n<!-- \/ Yoast SEO plugin. -->","yoast_head_json":{"title":"VATIKA HAMAM HAIR MASK HOT OIL TRAITEMENT OLIVE AND ALMOND - Cosmetic Store","robots":{"index":"index","follow":"follow","max-snippet":"max-snippet:-1","max-image-preview":"max-image-preview:large","max-video-preview":"max-video-preview:-1"},"canonical":"https:\/\/cosmeticstoredz.com\/ar\/product\/vatika-hamam-hair-mask-hot-oil-traitement-olive-and-almond\/","og_locale":"ar_AR","og_type":"article","og_title":"VATIKA HAMAM HAIR MASK HOT OIL TRAITEMENT OLIVE AND ALMOND - Cosmetic Store","og_description":"Vatika Naturals Hot Oil Treatment aux extraits essentiels d\u2019amande et d\u2019olive, commun\u00e9ment appel\u00e9 Hammam Zaith, est une riche source de min\u00e9raux et de vitamines qui renforce les fibres capillaires pour contr\u00f4ler la casse, et rendre les cheveux doux et brillants.","og_url":"https:\/\/cosmeticstoredz.com\/ar\/product\/vatika-hamam-hair-mask-hot-oil-traitement-olive-and-almond\/","og_site_name":"Cosmetic Store","article_publisher":"https:\/\/www.facebook.com\/profile.php?id=61564954260683","article_modified_time":"2026-04-18T19:25:12+00:00","twitter_card":"summary_large_image","twitter_misc":{"\u0648\u0642\u062a \u0627\u0644\u0642\u0631\u0627\u0621\u0629 \u0627\u0644\u0645\u064f\u0642\u062f\u0651\u0631":"\u062f\u0642\u064a\u0642\u0629 \u0648\u0627\u062d\u062f\u0629"},"schema":{"@context":"https:\/\/schema.org","@graph":[{"@type":"WebPage","@id":"https:\/\/cosmeticstoredz.com\/produit\/vatika-hamam-hair-mask-hot-oil-traitement-olive-and-almond\/","url":"https:\/\/cosmeticstoredz.com\/produit\/vatika-hamam-hair-mask-hot-oil-traitement-olive-and-almond\/","name":"VATIKA HAMAM HAIR MASK HOT OIL TRAITEMENT OLIVE AND ALMOND - Cosmetic Store","isPartOf":{"@id":"https:\/\/cosmeticstoredz.com\/#website"},"datePublished":"2025-06-21T15:07:33+00:00","dateModified":"2026-04-18T19:25:12+00:00","breadcrumb":{"@id":"https:\/\/cosmeticstoredz.com\/produit\/vatika-hamam-hair-mask-hot-oil-traitement-olive-and-almond\/#breadcrumb"},"inLanguage":"ar","potentialAction":[{"@type":"ReadAction","target":["https:\/\/cosmeticstoredz.com\/produit\/vatika-hamam-hair-mask-hot-oil-traitement-olive-and-almond\/"]}]},{"@type":"BreadcrumbList","@id":"https:\/\/cosmeticstoredz.com\/produit\/vatika-hamam-hair-mask-hot-oil-traitement-olive-and-almond\/#breadcrumb","itemListElement":[{"@type":"ListItem","position":1,"name":"Accueil","item":"https:\/\/cosmeticstoredz.com\/"},{"@type":"ListItem","position":2,"name":"Boutique","item":"https:\/\/cosmeticstoredz.com\/boutique\/"},{"@type":"ListItem","position":3,"name":"VATIKA HAMAM HAIR MASK HOT OIL TRAITEMENT OLIVE AND ALMOND"}]},{"@type":"WebSite","@id":"https:\/\/cosmeticstoredz.com\/#website","url":"https:\/\/cosmeticstoredz.com\/","name":"Cosmetic Store","description":"","publisher":{"@id":"https:\/\/cosmeticstoredz.com\/#organization"},"potentialAction":[{"@type":"SearchAction","target":{"@type":"EntryPoint","urlTemplate":"https:\/\/cosmeticstoredz.com\/?s={search_term_string}"},"query-input":{"@type":"PropertyValueSpecification","valueRequired":true,"valueName":"search_term_string"}}],"inLanguage":"ar"},{"@type":"Organization","@id":"https:\/\/cosmeticstoredz.com\/#organization","name":"Cosmetic Store","url":"https:\/\/cosmeticstoredz.com\/","logo":{"@type":"ImageObject","inLanguage":"ar","@id":"https:\/\/cosmeticstoredz.com\/#\/schema\/logo\/image\/","url":"https:\/\/cosmeticstoredz.com\/wp-content\/uploads\/2026\/02\/cropped-LOGO_CS-512x512-1-1-e1771275285345.webp","contentUrl":"https:\/\/cosmeticstoredz.com\/wp-content\/uploads\/2026\/02\/cropped-LOGO_CS-512x512-1-1-e1771275285345.webp","width":265,"height":319,"caption":"Cosmetic Store"},"image":{"@id":"https:\/\/cosmeticstoredz.com\/#\/schema\/logo\/image\/"},"sameAs":["https:\/\/www.facebook.com\/profile.php?id=61564954260683","https:\/\/www.instagram.com\/cosmetic.storedz\/"]}]}},"_links":{"self":[{"href":"https:\/\/cosmeticstoredz.com\/ar\/wp-json\/wp\/v2\/product\/11074","targetHints":{"allow":["GET"]}}],"collection":[{"href":"https:\/\/cosmeticstoredz.com\/ar\/wp-json\/wp\/v2\/product"}],"about":[{"href":"https:\/\/cosmeticstoredz.com\/ar\/wp-json\/wp\/v2\/types\/product"}],"replies":[{"embeddable":true,"href":"https:\/\/cosmeticstoredz.com\/ar\/wp-json\/wp\/v2\/comments?post=11074"}],"version-history":[{"count":1,"href":"https:\/\/cosmeticstoredz.com\/ar\/wp-json\/wp\/v2\/product\/11074\/revisions"}],"predecessor-version":[{"id":22144,"href":"https:\/\/cosmeticstoredz.com\/ar\/wp-json\/wp\/v2\/product\/11074\/revisions\/22144"}],"wp:attachment":[{"href":"https:\/\/cosmeticstoredz.com\/ar\/wp-json\/wp\/v2\/media?parent=11074"}],"wp:term":[{"taxonomy":"product_brand","embeddable":true,"href":"https:\/\/cosmeticstoredz.com\/ar\/wp-json\/wp\/v2\/product_brand?post=11074"},{"taxonomy":"product_cat","embeddable":true,"href":"https:\/\/cosmeticstoredz.com\/ar\/wp-json\/wp\/v2\/product_cat?post=11074"},{"taxonomy":"product_tag","embeddable":true,"href":"https:\/\/cosmeticstoredz.com\/ar\/wp-json\/wp\/v2\/product_tag?post=11074"}],"curies":[{"name":"wp","href":"https:\/\/api.w.org\/{rel}","templated":true}]}}