{"id":11073,"date":"2025-06-21T15:07:33","date_gmt":"2025-06-21T15:07:33","guid":{"rendered":"https:\/\/test.fitnessworldgym27.com\/?post_type=product&#038;p=11073"},"modified":"2026-03-30T19:28:19","modified_gmt":"2026-03-30T19:28:19","slug":"vatika-hamam-hair-mask-hot-oil-traitement-honey","status":"publish","type":"product","link":"https:\/\/cosmeticstoredz.com\/ar\/product\/vatika-hamam-hair-mask-hot-oil-traitement-honey\/","title":{"rendered":"VATIKA HAMAM HAIR MASK HOT OIL TRAITEMENT HONEY"},"content":{"rendered":"<ul class=\"a-unordered-list a-vertical a-spacing-mini\">\n<li class=\"a-spacing-mini\"><span class=\"a-list-item\"><span>NOURRITURE INTENSIVE\u00a0: L&rsquo;\u0153uf contient de la biotine qui acc\u00e9l\u00e8re la pousse des cheveux et contribue au maintien d&rsquo;un cuir chevelu en bonne sant\u00e9. Le miel enrobe et revitalise les cheveux de la racine \u00e0 la pointe. Le ricin favorise la croissance naturelle des cheveux, tandis que la moelle p\u00e9n\u00e8tre dans les fibres capillaires pour les revitaliser.<\/span><\/span><\/li>\n<li class=\"a-spacing-mini\"><span class=\"a-list-item\"><span>UNE JOURN\u00c9E SPA : Le traitement \u00e0 l&rsquo;huile chaude Vatika Naturals agit comme un traitement spa pour vos cheveux, aidant \u00e0 revitaliser en profondeur vos cheveux et \u00e0 pr\u00e9venir les cheveux secs et cassants avec des pointes fourchues<\/span><\/span><\/li>\n<li class=\"a-spacing-mini\"><span class=\"a-list-item\"><span>R\u00c9PAREZ 5 JOURS DE D\u00c9G\u00c2TS\u00a0: Revitalisez et r\u00e9g\u00e9n\u00e9rez vos cheveux pr\u00e9cieux gr\u00e2ce aux bienfaits du miel et des extraits d&rsquo;\u0153uf. Id\u00e9al pour les cheveux secs et ternes, utilisez Vatika Naturals Hammam Zaith une fois par semaine pour des r\u00e9sultats visibles et durables.<\/span><\/span><\/li>\n<li class=\"a-spacing-mini\"><span class=\"a-list-item\"><span>AVANTAGES : Il aide \u00e9galement \u00e0 apaiser votre cuir chevelu et vos sens tout en hydratant et en revitalisant les cheveux des racines aux pointes, aidant \u00e0 restaurer la brillance, la force et la douceur soyeuse<\/span><\/span><\/li>\n<li class=\"a-spacing-mini\"><span class=\"a-list-item\"><span>MODE D&rsquo;EMPLOI\u00a0: 1. Apr\u00e8s le shampoing, appliquez le Hammam Zaith de Vatika Naturals sur vos cheveux. Massez d\u00e9licatement des racines jusqu&rsquo;aux pointes. 2. Laissez poser 15\u00a0minutes. Vous pouvez chauffer le produit \u00e0 l&rsquo;aide d&rsquo;un appareil \u00e0 vapeur ou d&rsquo;un s\u00e8che-cheveux. 3. Rincez \u00e0 l&rsquo;eau.<\/span><\/span><\/li>\n<\/ul>","protected":false},"excerpt":{"rendered":"<div id=\"title_feature_div\" class=\"celwidget\" data-feature-name=\"title\" data-csa-c-type=\"widget\" data-csa-c-content-id=\"title\" data-csa-c-slot-id=\"title_feature_div\" data-csa-c-asin=\"B005MZB0DY\" data-csa-c-is-in-initial-active-row=\"false\" data-csa-c-id=\"thcofw-n6x1n2-kkrml5-zaz9hq\" data-cel-widget=\"title_feature_div\">\n<div id=\"titleSection\" class=\"a-section a-spacing-none\">\n<p id=\"title\" class=\"a-size-large a-spacing-none\"><span id=\"productTitle\" class=\"a-size-large product-title-word-break\"><span>Vatika Naturals Intensive Nourishment Hammam Zaith Hot Oil Treatment 1 kg | Masque capillaire infus\u00e9 au miel et \u00e0 l&rsquo;\u0153uf | Pour une hydratation intense<\/span><\/span><\/p>\n<\/div>\n<\/div>\n<div id=\"bylineInfo_feature_div\" class=\"celwidget\" data-feature-name=\"bylineInfo\" data-csa-c-type=\"widget\" data-csa-c-content-id=\"bylineInfo\" data-csa-c-slot-id=\"bylineInfo_feature_div\" data-csa-c-asin=\"B005MZB0DY\" data-csa-c-is-in-initial-active-row=\"false\" data-csa-c-id=\"dx47im-buebea-duxei4-gw4dyq\" data-cel-widget=\"bylineInfo_feature_div\"><\/div>","protected":false},"featured_media":0,"comment_status":"closed","ping_status":"closed","template":"","meta":[],"product_brand":[],"product_cat":[75,96,155,95,270],"product_tag":[],"class_list":{"0":"post-11073","1":"product","2":"type-product","3":"status-publish","5":"product_cat-femme","6":"product_cat-huile","7":"product_cat-masque","8":"product_cat-soin-cheveux-f","9":"product_cat-vatika","11":"first","12":"outofstock","13":"shipping-taxable","14":"purchasable","15":"product-type-simple"},"_links":{"self":[{"href":"https:\/\/cosmeticstoredz.com\/ar\/wp-json\/wp\/v2\/product\/11073","targetHints":{"allow":["GET"]}}],"collection":[{"href":"https:\/\/cosmeticstoredz.com\/ar\/wp-json\/wp\/v2\/product"}],"about":[{"href":"https:\/\/cosmeticstoredz.com\/ar\/wp-json\/wp\/v2\/types\/product"}],"replies":[{"embeddable":true,"href":"https:\/\/cosmeticstoredz.com\/ar\/wp-json\/wp\/v2\/comments?post=11073"}],"version-history":[{"count":1,"href":"https:\/\/cosmeticstoredz.com\/ar\/wp-json\/wp\/v2\/product\/11073\/revisions"}],"predecessor-version":[{"id":22143,"href":"https:\/\/cosmeticstoredz.com\/ar\/wp-json\/wp\/v2\/product\/11073\/revisions\/22143"}],"wp:attachment":[{"href":"https:\/\/cosmeticstoredz.com\/ar\/wp-json\/wp\/v2\/media?parent=11073"}],"wp:term":[{"taxonomy":"product_brand","embeddable":true,"href":"https:\/\/cosmeticstoredz.com\/ar\/wp-json\/wp\/v2\/product_brand?post=11073"},{"taxonomy":"product_cat","embeddable":true,"href":"https:\/\/cosmeticstoredz.com\/ar\/wp-json\/wp\/v2\/product_cat?post=11073"},{"taxonomy":"product_tag","embeddable":true,"href":"https:\/\/cosmeticstoredz.com\/ar\/wp-json\/wp\/v2\/product_tag?post=11073"}],"curies":[{"name":"wp","href":"https:\/\/api.w.org\/{rel}","templated":true}]}}