{"id":11056,"date":"2025-06-21T15:05:08","date_gmt":"2025-06-21T15:05:08","guid":{"rendered":"https:\/\/test.fitnessworldgym27.com\/?post_type=product&#038;p=11056"},"modified":"2026-04-18T19:23:26","modified_gmt":"2026-04-18T19:23:26","slug":"marigold-lac-de-cheveux-brillant","status":"publish","type":"product","link":"https:\/\/cosmeticstoredz.com\/ar\/product\/marigold-lac-de-cheveux-brillant\/","title":{"rendered":"MARIGOLD LAC DE CHEVEUX BRILLANT"},"content":{"rendered":"","protected":false},"excerpt":{"rendered":"<div class=\"flex max-w-full flex-col grow\">\n<div class=\"min-h-8 text-message relative flex w-full flex-col items-end gap-2 text-start break-words whitespace-normal [.text-message+&amp;]:mt-5\" dir=\"auto\" data-message-author-role=\"assistant\" data-message-id=\"80b7c65d-c067-42ab-b6c5-a8446abe99d3\" data-message-model-slug=\"gpt-4o\">\n<div class=\"flex w-full flex-col gap-1 empty:hidden first:pt-[3px]\">\n<div class=\"markdown prose dark:prose-invert w-full break-words dark\">\n<p data-start=\"0\" data-end=\"360\" data-is-last-node=\"\" data-is-only-node=\"\">Cette laque offre une tenue efficace tout en apportant une brillance naturelle aux cheveux. Sa formule l\u00e9g\u00e8re fixe la coiffure sans coller, sans alourdir et sans laisser de r\u00e9sidus visibles. Id\u00e9ale pour un look soign\u00e9, elle aide \u00e0 discipliner les m\u00e8ches rebelles tout en sublimant l\u2019\u00e9clat de la chevelure.<\/p>\n<\/div>\n<\/div>\n<\/div>\n<\/div>\n","protected":false},"featured_media":22121,"comment_status":"closed","ping_status":"closed","template":"","meta":[],"product_brand":[],"product_cat":[75,218,354,95],"product_tag":[],"class_list":{"0":"post-11056","1":"product","2":"type-product","3":"status-publish","4":"has-post-thumbnail","6":"product_cat-femme","7":"product_cat-la-laque","8":"product_cat-marigold","9":"product_cat-soin-cheveux-f","11":"first","12":"instock","13":"shipping-taxable","14":"purchasable","15":"product-type-simple"},"yoast_head":"<!-- This site is optimized with the Yoast SEO plugin v27.3 - https:\/\/yoast.com\/product\/yoast-seo-wordpress\/ -->\n<title>MARIGOLD LAC DE CHEVEUX BRILLANT - Cosmetic Store<\/title>\n<meta name=\"robots\" content=\"index, follow, max-snippet:-1, max-image-preview:large, max-video-preview:-1\" \/>\n<link rel=\"canonical\" href=\"https:\/\/cosmeticstoredz.com\/ar\/product\/marigold-lac-de-cheveux-brillant\/\" \/>\n<meta property=\"og:locale\" content=\"ar_AR\" \/>\n<meta property=\"og:type\" content=\"article\" \/>\n<meta property=\"og:title\" content=\"MARIGOLD LAC DE CHEVEUX BRILLANT - Cosmetic Store\" \/>\n<meta property=\"og:description\" content=\"Cette laque offre une tenue efficace tout en apportant une brillance naturelle aux cheveux. Sa formule l\u00e9g\u00e8re fixe la coiffure sans coller, sans alourdir et sans laisser de r\u00e9sidus visibles. Id\u00e9ale pour un look soign\u00e9, elle aide \u00e0 discipliner les m\u00e8ches rebelles tout en sublimant l\u2019\u00e9clat de la chevelure.\" \/>\n<meta property=\"og:url\" content=\"https:\/\/cosmeticstoredz.com\/ar\/product\/marigold-lac-de-cheveux-brillant\/\" \/>\n<meta property=\"og:site_name\" content=\"Cosmetic Store\" \/>\n<meta property=\"article:publisher\" content=\"https:\/\/www.facebook.com\/profile.php?id=61564954260683\" \/>\n<meta property=\"article:modified_time\" content=\"2026-04-18T19:23:26+00:00\" \/>\n<meta property=\"og:image\" content=\"https:\/\/cosmeticstoredz.com\/wp-content\/uploads\/2026\/02\/SPLENDID-SERUM-CHVX-BOUCLES-4-1.png\" \/>\n\t<meta property=\"og:image:width\" content=\"1563\" \/>\n\t<meta property=\"og:image:height\" content=\"1563\" \/>\n\t<meta property=\"og:image:type\" content=\"image\/png\" \/>\n<meta name=\"twitter:card\" content=\"summary_large_image\" \/>\n<script type=\"application\/ld+json\" class=\"yoast-schema-graph\">{\"@context\":\"https:\\\/\\\/schema.org\",\"@graph\":[{\"@type\":\"WebPage\",\"@id\":\"https:\\\/\\\/cosmeticstoredz.com\\\/produit\\\/marigold-lac-de-cheveux-brillant\\\/\",\"url\":\"https:\\\/\\\/cosmeticstoredz.com\\\/produit\\\/marigold-lac-de-cheveux-brillant\\\/\",\"name\":\"MARIGOLD LAC DE CHEVEUX BRILLANT - Cosmetic Store\",\"isPartOf\":{\"@id\":\"https:\\\/\\\/cosmeticstoredz.com\\\/#website\"},\"primaryImageOfPage\":{\"@id\":\"https:\\\/\\\/cosmeticstoredz.com\\\/produit\\\/marigold-lac-de-cheveux-brillant\\\/#primaryimage\"},\"image\":{\"@id\":\"https:\\\/\\\/cosmeticstoredz.com\\\/produit\\\/marigold-lac-de-cheveux-brillant\\\/#primaryimage\"},\"thumbnailUrl\":\"https:\\\/\\\/cosmeticstoredz.com\\\/wp-content\\\/uploads\\\/2026\\\/02\\\/SPLENDID-SERUM-CHVX-BOUCLES-4-1.png\",\"datePublished\":\"2025-06-21T15:05:08+00:00\",\"dateModified\":\"2026-04-18T19:23:26+00:00\",\"breadcrumb\":{\"@id\":\"https:\\\/\\\/cosmeticstoredz.com\\\/produit\\\/marigold-lac-de-cheveux-brillant\\\/#breadcrumb\"},\"inLanguage\":\"ar\",\"potentialAction\":[{\"@type\":\"ReadAction\",\"target\":[\"https:\\\/\\\/cosmeticstoredz.com\\\/produit\\\/marigold-lac-de-cheveux-brillant\\\/\"]}]},{\"@type\":\"ImageObject\",\"inLanguage\":\"ar\",\"@id\":\"https:\\\/\\\/cosmeticstoredz.com\\\/produit\\\/marigold-lac-de-cheveux-brillant\\\/#primaryimage\",\"url\":\"https:\\\/\\\/cosmeticstoredz.com\\\/wp-content\\\/uploads\\\/2026\\\/02\\\/SPLENDID-SERUM-CHVX-BOUCLES-4-1.png\",\"contentUrl\":\"https:\\\/\\\/cosmeticstoredz.com\\\/wp-content\\\/uploads\\\/2026\\\/02\\\/SPLENDID-SERUM-CHVX-BOUCLES-4-1.png\",\"width\":1563,\"height\":1563},{\"@type\":\"BreadcrumbList\",\"@id\":\"https:\\\/\\\/cosmeticstoredz.com\\\/produit\\\/marigold-lac-de-cheveux-brillant\\\/#breadcrumb\",\"itemListElement\":[{\"@type\":\"ListItem\",\"position\":1,\"name\":\"Accueil\",\"item\":\"https:\\\/\\\/cosmeticstoredz.com\\\/\"},{\"@type\":\"ListItem\",\"position\":2,\"name\":\"Boutique\",\"item\":\"https:\\\/\\\/cosmeticstoredz.com\\\/boutique\\\/\"},{\"@type\":\"ListItem\",\"position\":3,\"name\":\"MARIGOLD LAC DE CHEVEUX BRILLANT\"}]},{\"@type\":\"WebSite\",\"@id\":\"https:\\\/\\\/cosmeticstoredz.com\\\/#website\",\"url\":\"https:\\\/\\\/cosmeticstoredz.com\\\/\",\"name\":\"Cosmetic Store\",\"description\":\"\",\"publisher\":{\"@id\":\"https:\\\/\\\/cosmeticstoredz.com\\\/#organization\"},\"potentialAction\":[{\"@type\":\"SearchAction\",\"target\":{\"@type\":\"EntryPoint\",\"urlTemplate\":\"https:\\\/\\\/cosmeticstoredz.com\\\/?s={search_term_string}\"},\"query-input\":{\"@type\":\"PropertyValueSpecification\",\"valueRequired\":true,\"valueName\":\"search_term_string\"}}],\"inLanguage\":\"ar\"},{\"@type\":\"Organization\",\"@id\":\"https:\\\/\\\/cosmeticstoredz.com\\\/#organization\",\"name\":\"Cosmetic Store\",\"url\":\"https:\\\/\\\/cosmeticstoredz.com\\\/\",\"logo\":{\"@type\":\"ImageObject\",\"inLanguage\":\"ar\",\"@id\":\"https:\\\/\\\/cosmeticstoredz.com\\\/#\\\/schema\\\/logo\\\/image\\\/\",\"url\":\"https:\\\/\\\/cosmeticstoredz.com\\\/wp-content\\\/uploads\\\/2026\\\/02\\\/cropped-LOGO_CS-512x512-1-1-e1771275285345.webp\",\"contentUrl\":\"https:\\\/\\\/cosmeticstoredz.com\\\/wp-content\\\/uploads\\\/2026\\\/02\\\/cropped-LOGO_CS-512x512-1-1-e1771275285345.webp\",\"width\":265,\"height\":319,\"caption\":\"Cosmetic Store\"},\"image\":{\"@id\":\"https:\\\/\\\/cosmeticstoredz.com\\\/#\\\/schema\\\/logo\\\/image\\\/\"},\"sameAs\":[\"https:\\\/\\\/www.facebook.com\\\/profile.php?id=61564954260683\",\"https:\\\/\\\/www.instagram.com\\\/cosmetic.storedz\\\/\"]}]}<\/script>\n<!-- \/ Yoast SEO plugin. -->","yoast_head_json":{"title":"MARIGOLD LAC DE CHEVEUX BRILLANT - Cosmetic Store","robots":{"index":"index","follow":"follow","max-snippet":"max-snippet:-1","max-image-preview":"max-image-preview:large","max-video-preview":"max-video-preview:-1"},"canonical":"https:\/\/cosmeticstoredz.com\/ar\/product\/marigold-lac-de-cheveux-brillant\/","og_locale":"ar_AR","og_type":"article","og_title":"MARIGOLD LAC DE CHEVEUX BRILLANT - Cosmetic Store","og_description":"Cette laque offre une tenue efficace tout en apportant une brillance naturelle aux cheveux. Sa formule l\u00e9g\u00e8re fixe la coiffure sans coller, sans alourdir et sans laisser de r\u00e9sidus visibles. Id\u00e9ale pour un look soign\u00e9, elle aide \u00e0 discipliner les m\u00e8ches rebelles tout en sublimant l\u2019\u00e9clat de la chevelure.","og_url":"https:\/\/cosmeticstoredz.com\/ar\/product\/marigold-lac-de-cheveux-brillant\/","og_site_name":"Cosmetic Store","article_publisher":"https:\/\/www.facebook.com\/profile.php?id=61564954260683","article_modified_time":"2026-04-18T19:23:26+00:00","og_image":[{"width":1563,"height":1563,"url":"https:\/\/cosmeticstoredz.com\/wp-content\/uploads\/2026\/02\/SPLENDID-SERUM-CHVX-BOUCLES-4-1.png","type":"image\/png"}],"twitter_card":"summary_large_image","schema":{"@context":"https:\/\/schema.org","@graph":[{"@type":"WebPage","@id":"https:\/\/cosmeticstoredz.com\/produit\/marigold-lac-de-cheveux-brillant\/","url":"https:\/\/cosmeticstoredz.com\/produit\/marigold-lac-de-cheveux-brillant\/","name":"MARIGOLD LAC DE CHEVEUX BRILLANT - Cosmetic Store","isPartOf":{"@id":"https:\/\/cosmeticstoredz.com\/#website"},"primaryImageOfPage":{"@id":"https:\/\/cosmeticstoredz.com\/produit\/marigold-lac-de-cheveux-brillant\/#primaryimage"},"image":{"@id":"https:\/\/cosmeticstoredz.com\/produit\/marigold-lac-de-cheveux-brillant\/#primaryimage"},"thumbnailUrl":"https:\/\/cosmeticstoredz.com\/wp-content\/uploads\/2026\/02\/SPLENDID-SERUM-CHVX-BOUCLES-4-1.png","datePublished":"2025-06-21T15:05:08+00:00","dateModified":"2026-04-18T19:23:26+00:00","breadcrumb":{"@id":"https:\/\/cosmeticstoredz.com\/produit\/marigold-lac-de-cheveux-brillant\/#breadcrumb"},"inLanguage":"ar","potentialAction":[{"@type":"ReadAction","target":["https:\/\/cosmeticstoredz.com\/produit\/marigold-lac-de-cheveux-brillant\/"]}]},{"@type":"ImageObject","inLanguage":"ar","@id":"https:\/\/cosmeticstoredz.com\/produit\/marigold-lac-de-cheveux-brillant\/#primaryimage","url":"https:\/\/cosmeticstoredz.com\/wp-content\/uploads\/2026\/02\/SPLENDID-SERUM-CHVX-BOUCLES-4-1.png","contentUrl":"https:\/\/cosmeticstoredz.com\/wp-content\/uploads\/2026\/02\/SPLENDID-SERUM-CHVX-BOUCLES-4-1.png","width":1563,"height":1563},{"@type":"BreadcrumbList","@id":"https:\/\/cosmeticstoredz.com\/produit\/marigold-lac-de-cheveux-brillant\/#breadcrumb","itemListElement":[{"@type":"ListItem","position":1,"name":"Accueil","item":"https:\/\/cosmeticstoredz.com\/"},{"@type":"ListItem","position":2,"name":"Boutique","item":"https:\/\/cosmeticstoredz.com\/boutique\/"},{"@type":"ListItem","position":3,"name":"MARIGOLD LAC DE CHEVEUX BRILLANT"}]},{"@type":"WebSite","@id":"https:\/\/cosmeticstoredz.com\/#website","url":"https:\/\/cosmeticstoredz.com\/","name":"Cosmetic Store","description":"","publisher":{"@id":"https:\/\/cosmeticstoredz.com\/#organization"},"potentialAction":[{"@type":"SearchAction","target":{"@type":"EntryPoint","urlTemplate":"https:\/\/cosmeticstoredz.com\/?s={search_term_string}"},"query-input":{"@type":"PropertyValueSpecification","valueRequired":true,"valueName":"search_term_string"}}],"inLanguage":"ar"},{"@type":"Organization","@id":"https:\/\/cosmeticstoredz.com\/#organization","name":"Cosmetic Store","url":"https:\/\/cosmeticstoredz.com\/","logo":{"@type":"ImageObject","inLanguage":"ar","@id":"https:\/\/cosmeticstoredz.com\/#\/schema\/logo\/image\/","url":"https:\/\/cosmeticstoredz.com\/wp-content\/uploads\/2026\/02\/cropped-LOGO_CS-512x512-1-1-e1771275285345.webp","contentUrl":"https:\/\/cosmeticstoredz.com\/wp-content\/uploads\/2026\/02\/cropped-LOGO_CS-512x512-1-1-e1771275285345.webp","width":265,"height":319,"caption":"Cosmetic Store"},"image":{"@id":"https:\/\/cosmeticstoredz.com\/#\/schema\/logo\/image\/"},"sameAs":["https:\/\/www.facebook.com\/profile.php?id=61564954260683","https:\/\/www.instagram.com\/cosmetic.storedz\/"]}]}},"_links":{"self":[{"href":"https:\/\/cosmeticstoredz.com\/ar\/wp-json\/wp\/v2\/product\/11056","targetHints":{"allow":["GET"]}}],"collection":[{"href":"https:\/\/cosmeticstoredz.com\/ar\/wp-json\/wp\/v2\/product"}],"about":[{"href":"https:\/\/cosmeticstoredz.com\/ar\/wp-json\/wp\/v2\/types\/product"}],"replies":[{"embeddable":true,"href":"https:\/\/cosmeticstoredz.com\/ar\/wp-json\/wp\/v2\/comments?post=11056"}],"version-history":[{"count":1,"href":"https:\/\/cosmeticstoredz.com\/ar\/wp-json\/wp\/v2\/product\/11056\/revisions"}],"predecessor-version":[{"id":22122,"href":"https:\/\/cosmeticstoredz.com\/ar\/wp-json\/wp\/v2\/product\/11056\/revisions\/22122"}],"wp:featuredmedia":[{"embeddable":true,"href":"https:\/\/cosmeticstoredz.com\/ar\/wp-json\/wp\/v2\/media\/22121"}],"wp:attachment":[{"href":"https:\/\/cosmeticstoredz.com\/ar\/wp-json\/wp\/v2\/media?parent=11056"}],"wp:term":[{"taxonomy":"product_brand","embeddable":true,"href":"https:\/\/cosmeticstoredz.com\/ar\/wp-json\/wp\/v2\/product_brand?post=11056"},{"taxonomy":"product_cat","embeddable":true,"href":"https:\/\/cosmeticstoredz.com\/ar\/wp-json\/wp\/v2\/product_cat?post=11056"},{"taxonomy":"product_tag","embeddable":true,"href":"https:\/\/cosmeticstoredz.com\/ar\/wp-json\/wp\/v2\/product_tag?post=11056"}],"curies":[{"name":"wp","href":"https:\/\/api.w.org\/{rel}","templated":true}]}}