{"id":11033,"date":"2025-06-21T15:03:37","date_gmt":"2025-06-21T15:03:37","guid":{"rendered":"https:\/\/test.fitnessworldgym27.com\/?post_type=product&#038;p=11033"},"modified":"2026-03-30T19:26:07","modified_gmt":"2026-03-30T19:26:07","slug":"byphasse-creme-capillaire-definition-boucles-300ml-maxi-format","status":"publish","type":"product","link":"https:\/\/cosmeticstoredz.com\/ar\/product\/byphasse-creme-capillaire-definition-boucles-300ml-maxi-format\/","title":{"rendered":"BYPHASSE CREME CAPILLAIRE DEFINITION BOUCLES 300ML MAXI FORMAT"},"content":{"rendered":"","protected":false},"excerpt":{"rendered":"<div class=\"description woocommerce-product-details__short-description\">\n<p>La cr\u00e8me rebouclante activ boucles BYPHASE renforce et red\u00e9finit les boucles. Sa formule \u00e0 l\u2019aloe vera et \u00e0 la pro-vitamine B nourrit et boucle vos cheveux .<\/p>\n<\/div>\n<div class=\"product_meta\"><\/div>","protected":false},"featured_media":22084,"comment_status":"closed","ping_status":"closed","template":"","meta":[],"product_brand":[],"product_cat":[342,176,75,95],"product_tag":[],"class_list":{"0":"post-11033","1":"product","2":"type-product","3":"status-publish","4":"has-post-thumbnail","6":"product_cat-byphase","7":"product_cat-creme-cheveux","8":"product_cat-femme","9":"product_cat-soin-cheveux-f","11":"first","12":"outofstock","13":"shipping-taxable","14":"purchasable","15":"product-type-simple"},"_links":{"self":[{"href":"https:\/\/cosmeticstoredz.com\/ar\/wp-json\/wp\/v2\/product\/11033","targetHints":{"allow":["GET"]}}],"collection":[{"href":"https:\/\/cosmeticstoredz.com\/ar\/wp-json\/wp\/v2\/product"}],"about":[{"href":"https:\/\/cosmeticstoredz.com\/ar\/wp-json\/wp\/v2\/types\/product"}],"replies":[{"embeddable":true,"href":"https:\/\/cosmeticstoredz.com\/ar\/wp-json\/wp\/v2\/comments?post=11033"}],"version-history":[{"count":1,"href":"https:\/\/cosmeticstoredz.com\/ar\/wp-json\/wp\/v2\/product\/11033\/revisions"}],"predecessor-version":[{"id":22085,"href":"https:\/\/cosmeticstoredz.com\/ar\/wp-json\/wp\/v2\/product\/11033\/revisions\/22085"}],"wp:featuredmedia":[{"embeddable":true,"href":"https:\/\/cosmeticstoredz.com\/ar\/wp-json\/wp\/v2\/media\/22084"}],"wp:attachment":[{"href":"https:\/\/cosmeticstoredz.com\/ar\/wp-json\/wp\/v2\/media?parent=11033"}],"wp:term":[{"taxonomy":"product_brand","embeddable":true,"href":"https:\/\/cosmeticstoredz.com\/ar\/wp-json\/wp\/v2\/product_brand?post=11033"},{"taxonomy":"product_cat","embeddable":true,"href":"https:\/\/cosmeticstoredz.com\/ar\/wp-json\/wp\/v2\/product_cat?post=11033"},{"taxonomy":"product_tag","embeddable":true,"href":"https:\/\/cosmeticstoredz.com\/ar\/wp-json\/wp\/v2\/product_tag?post=11033"}],"curies":[{"name":"wp","href":"https:\/\/api.w.org\/{rel}","templated":true}]}}