{"id":11029,"date":"2025-06-21T15:02:13","date_gmt":"2025-06-21T15:02:13","guid":{"rendered":"https:\/\/test.fitnessworldgym27.com\/?post_type=product&#038;p=11029"},"modified":"2026-03-30T19:25:16","modified_gmt":"2026-03-30T19:25:16","slug":"garnier-ultra-doux-le-masque-lait-250ml-lait-vegetal-bio-erable-guerisseur-cheveux-abimes","status":"publish","type":"product","link":"https:\/\/cosmeticstoredz.com\/ar\/product\/garnier-ultra-doux-le-masque-lait-250ml-lait-vegetal-bio-erable-guerisseur-cheveux-abimes\/","title":{"rendered":"GARNIER ULTRA DOUX LE MASQUE-LAIT 250ML LAIT VEGETAL BIO ERABLE GUERISSEUR CHEVEUX ABIMES"},"content":{"rendered":"","protected":false},"excerpt":{"rendered":"<p>Masque-lait garnier ultra doux au lait v\u00e9g\u00e9tal bio et \u00e0 la s\u00e8ve d\u2019\u00e9rable pour cheveux ab\u00eem\u00e9s. formule \u00e0 98% d\u2019origine naturelle<br \/>\nUne recette de soin associant le lait d\u2019amande bio d\u2019Espagne, v\u00e9ritable tr\u00e9sor pour nourrir les cheveux et la s\u00e8ve d\u2019\u00e9rable du Canada, tr\u00e9sor de vitalit\u00e9 reconnue pour ses vertus r\u00e9paratrices.<\/p>","protected":false},"featured_media":22076,"comment_status":"closed","ping_status":"closed","template":"","meta":[],"product_brand":[],"product_cat":[191,155,95],"product_tag":[],"class_list":{"0":"post-11029","1":"product","2":"type-product","3":"status-publish","4":"has-post-thumbnail","6":"product_cat-garnier","7":"product_cat-masque","8":"product_cat-soin-cheveux-f","10":"first","11":"instock","12":"shipping-taxable","13":"purchasable","14":"product-type-simple"},"_links":{"self":[{"href":"https:\/\/cosmeticstoredz.com\/ar\/wp-json\/wp\/v2\/product\/11029","targetHints":{"allow":["GET"]}}],"collection":[{"href":"https:\/\/cosmeticstoredz.com\/ar\/wp-json\/wp\/v2\/product"}],"about":[{"href":"https:\/\/cosmeticstoredz.com\/ar\/wp-json\/wp\/v2\/types\/product"}],"replies":[{"embeddable":true,"href":"https:\/\/cosmeticstoredz.com\/ar\/wp-json\/wp\/v2\/comments?post=11029"}],"version-history":[{"count":1,"href":"https:\/\/cosmeticstoredz.com\/ar\/wp-json\/wp\/v2\/product\/11029\/revisions"}],"predecessor-version":[{"id":22077,"href":"https:\/\/cosmeticstoredz.com\/ar\/wp-json\/wp\/v2\/product\/11029\/revisions\/22077"}],"wp:featuredmedia":[{"embeddable":true,"href":"https:\/\/cosmeticstoredz.com\/ar\/wp-json\/wp\/v2\/media\/22076"}],"wp:attachment":[{"href":"https:\/\/cosmeticstoredz.com\/ar\/wp-json\/wp\/v2\/media?parent=11029"}],"wp:term":[{"taxonomy":"product_brand","embeddable":true,"href":"https:\/\/cosmeticstoredz.com\/ar\/wp-json\/wp\/v2\/product_brand?post=11029"},{"taxonomy":"product_cat","embeddable":true,"href":"https:\/\/cosmeticstoredz.com\/ar\/wp-json\/wp\/v2\/product_cat?post=11029"},{"taxonomy":"product_tag","embeddable":true,"href":"https:\/\/cosmeticstoredz.com\/ar\/wp-json\/wp\/v2\/product_tag?post=11029"}],"curies":[{"name":"wp","href":"https:\/\/api.w.org\/{rel}","templated":true}]}}