{"id":11028,"date":"2025-06-21T15:02:13","date_gmt":"2025-06-21T15:02:13","guid":{"rendered":"https:\/\/test.fitnessworldgym27.com\/?post_type=product&#038;p=11028"},"modified":"2026-03-30T19:25:16","modified_gmt":"2026-03-30T19:25:16","slug":"garnier-ultra-doux-le-masque-lait-250ml-lait-damande-nourricier-cheveux-deshydrates","status":"publish","type":"product","link":"https:\/\/cosmeticstoredz.com\/ar\/product\/garnier-ultra-doux-le-masque-lait-250ml-lait-damande-nourricier-cheveux-deshydrates\/","title":{"rendered":"GARNIER ULTRA DOUX LE MASQUE-LAIT 250ML LAIT D&rsquo;AMANDE NOURRICIER CHEVEUX DESHYDRATES"},"content":{"rendered":"","protected":false},"excerpt":{"rendered":"<p>Garnier Ultra Doux Masque-Lait Amande Nourrici\u00e8re :\u00a0Masque au Lait d&rsquo;Amande bio et \u00e0 la s\u00e8ve d&rsquo;agave bio pour cheveux d\u00e9shydrat\u00e9s.<br \/>\nD\u00e9couvrez notre 1er Masque-Lait compos\u00e9 \u00e0 98 % d&rsquo;ingr\u00e9dients naturels.<\/p>","protected":false},"featured_media":22074,"comment_status":"closed","ping_status":"closed","template":"","meta":[],"product_brand":[],"product_cat":[75,191,155,95],"product_tag":[],"class_list":{"0":"post-11028","1":"product","2":"type-product","3":"status-publish","4":"has-post-thumbnail","6":"product_cat-femme","7":"product_cat-garnier","8":"product_cat-masque","9":"product_cat-soin-cheveux-f","11":"first","12":"instock","13":"shipping-taxable","14":"purchasable","15":"product-type-simple"},"yoast_head":"<!-- This site is optimized with the Yoast SEO plugin v27.3 - https:\/\/yoast.com\/product\/yoast-seo-wordpress\/ -->\n<title>GARNIER ULTRA DOUX LE MASQUE-LAIT 250ML LAIT D&#039;AMANDE NOURRICIER CHEVEUX DESHYDRATES - Cosmetic Store<\/title>\n<meta name=\"robots\" content=\"index, follow, max-snippet:-1, max-image-preview:large, max-video-preview:-1\" \/>\n<link rel=\"canonical\" href=\"https:\/\/cosmeticstoredz.com\/ar\/product\/garnier-ultra-doux-le-masque-lait-250ml-lait-damande-nourricier-cheveux-deshydrates\/\" \/>\n<meta property=\"og:locale\" content=\"ar_AR\" \/>\n<meta property=\"og:type\" content=\"article\" \/>\n<meta property=\"og:title\" content=\"GARNIER ULTRA DOUX LE MASQUE-LAIT 250ML LAIT D&#039;AMANDE NOURRICIER CHEVEUX DESHYDRATES - Cosmetic Store\" \/>\n<meta property=\"og:description\" content=\"Garnier Ultra Doux Masque-Lait Amande Nourrici\u00e8re :\u00a0Masque au Lait d&#039;Amande bio et \u00e0 la s\u00e8ve d&#039;agave bio pour cheveux d\u00e9shydrat\u00e9s. D\u00e9couvrez notre 1er Masque-Lait compos\u00e9 \u00e0 98 % d&#039;ingr\u00e9dients naturels.\" \/>\n<meta property=\"og:url\" content=\"https:\/\/cosmeticstoredz.com\/ar\/product\/garnier-ultra-doux-le-masque-lait-250ml-lait-damande-nourricier-cheveux-deshydrates\/\" \/>\n<meta property=\"og:site_name\" content=\"Cosmetic Store\" \/>\n<meta property=\"article:publisher\" content=\"https:\/\/www.facebook.com\/profile.php?id=61564954260683\" \/>\n<meta property=\"article:modified_time\" content=\"2026-03-30T19:25:16+00:00\" \/>\n<meta property=\"og:image\" content=\"https:\/\/cosmeticstoredz.com\/wp-content\/uploads\/2026\/02\/CC-975.png\" \/>\n\t<meta property=\"og:image:width\" content=\"1563\" \/>\n\t<meta property=\"og:image:height\" content=\"1563\" \/>\n\t<meta property=\"og:image:type\" content=\"image\/png\" \/>\n<meta name=\"twitter:card\" content=\"summary_large_image\" \/>\n<script type=\"application\/ld+json\" class=\"yoast-schema-graph\">{\"@context\":\"https:\\\/\\\/schema.org\",\"@graph\":[{\"@type\":\"WebPage\",\"@id\":\"https:\\\/\\\/cosmeticstoredz.com\\\/produit\\\/garnier-ultra-doux-le-masque-lait-250ml-lait-damande-nourricier-cheveux-deshydrates\\\/\",\"url\":\"https:\\\/\\\/cosmeticstoredz.com\\\/produit\\\/garnier-ultra-doux-le-masque-lait-250ml-lait-damande-nourricier-cheveux-deshydrates\\\/\",\"name\":\"GARNIER ULTRA DOUX LE MASQUE-LAIT 250ML LAIT D'AMANDE NOURRICIER CHEVEUX DESHYDRATES - Cosmetic Store\",\"isPartOf\":{\"@id\":\"https:\\\/\\\/cosmeticstoredz.com\\\/#website\"},\"primaryImageOfPage\":{\"@id\":\"https:\\\/\\\/cosmeticstoredz.com\\\/produit\\\/garnier-ultra-doux-le-masque-lait-250ml-lait-damande-nourricier-cheveux-deshydrates\\\/#primaryimage\"},\"image\":{\"@id\":\"https:\\\/\\\/cosmeticstoredz.com\\\/produit\\\/garnier-ultra-doux-le-masque-lait-250ml-lait-damande-nourricier-cheveux-deshydrates\\\/#primaryimage\"},\"thumbnailUrl\":\"https:\\\/\\\/cosmeticstoredz.com\\\/wp-content\\\/uploads\\\/2026\\\/02\\\/CC-975.png\",\"datePublished\":\"2025-06-21T15:02:13+00:00\",\"dateModified\":\"2026-03-30T19:25:16+00:00\",\"breadcrumb\":{\"@id\":\"https:\\\/\\\/cosmeticstoredz.com\\\/produit\\\/garnier-ultra-doux-le-masque-lait-250ml-lait-damande-nourricier-cheveux-deshydrates\\\/#breadcrumb\"},\"inLanguage\":\"ar\",\"potentialAction\":[{\"@type\":\"ReadAction\",\"target\":[\"https:\\\/\\\/cosmeticstoredz.com\\\/produit\\\/garnier-ultra-doux-le-masque-lait-250ml-lait-damande-nourricier-cheveux-deshydrates\\\/\"]}]},{\"@type\":\"ImageObject\",\"inLanguage\":\"ar\",\"@id\":\"https:\\\/\\\/cosmeticstoredz.com\\\/produit\\\/garnier-ultra-doux-le-masque-lait-250ml-lait-damande-nourricier-cheveux-deshydrates\\\/#primaryimage\",\"url\":\"https:\\\/\\\/cosmeticstoredz.com\\\/wp-content\\\/uploads\\\/2026\\\/02\\\/CC-975.png\",\"contentUrl\":\"https:\\\/\\\/cosmeticstoredz.com\\\/wp-content\\\/uploads\\\/2026\\\/02\\\/CC-975.png\",\"width\":1563,\"height\":1563},{\"@type\":\"BreadcrumbList\",\"@id\":\"https:\\\/\\\/cosmeticstoredz.com\\\/produit\\\/garnier-ultra-doux-le-masque-lait-250ml-lait-damande-nourricier-cheveux-deshydrates\\\/#breadcrumb\",\"itemListElement\":[{\"@type\":\"ListItem\",\"position\":1,\"name\":\"Accueil\",\"item\":\"https:\\\/\\\/cosmeticstoredz.com\\\/\"},{\"@type\":\"ListItem\",\"position\":2,\"name\":\"Boutique\",\"item\":\"https:\\\/\\\/cosmeticstoredz.com\\\/boutique\\\/\"},{\"@type\":\"ListItem\",\"position\":3,\"name\":\"GARNIER ULTRA DOUX LE MASQUE-LAIT 250ML LAIT D&rsquo;AMANDE NOURRICIER CHEVEUX DESHYDRATES\"}]},{\"@type\":\"WebSite\",\"@id\":\"https:\\\/\\\/cosmeticstoredz.com\\\/#website\",\"url\":\"https:\\\/\\\/cosmeticstoredz.com\\\/\",\"name\":\"Cosmetic Store\",\"description\":\"\",\"publisher\":{\"@id\":\"https:\\\/\\\/cosmeticstoredz.com\\\/#organization\"},\"potentialAction\":[{\"@type\":\"SearchAction\",\"target\":{\"@type\":\"EntryPoint\",\"urlTemplate\":\"https:\\\/\\\/cosmeticstoredz.com\\\/?s={search_term_string}\"},\"query-input\":{\"@type\":\"PropertyValueSpecification\",\"valueRequired\":true,\"valueName\":\"search_term_string\"}}],\"inLanguage\":\"ar\"},{\"@type\":\"Organization\",\"@id\":\"https:\\\/\\\/cosmeticstoredz.com\\\/#organization\",\"name\":\"Cosmetic Store\",\"url\":\"https:\\\/\\\/cosmeticstoredz.com\\\/\",\"logo\":{\"@type\":\"ImageObject\",\"inLanguage\":\"ar\",\"@id\":\"https:\\\/\\\/cosmeticstoredz.com\\\/#\\\/schema\\\/logo\\\/image\\\/\",\"url\":\"https:\\\/\\\/cosmeticstoredz.com\\\/wp-content\\\/uploads\\\/2026\\\/02\\\/cropped-LOGO_CS-512x512-1-1-e1771275285345.webp\",\"contentUrl\":\"https:\\\/\\\/cosmeticstoredz.com\\\/wp-content\\\/uploads\\\/2026\\\/02\\\/cropped-LOGO_CS-512x512-1-1-e1771275285345.webp\",\"width\":265,\"height\":319,\"caption\":\"Cosmetic Store\"},\"image\":{\"@id\":\"https:\\\/\\\/cosmeticstoredz.com\\\/#\\\/schema\\\/logo\\\/image\\\/\"},\"sameAs\":[\"https:\\\/\\\/www.facebook.com\\\/profile.php?id=61564954260683\",\"https:\\\/\\\/www.instagram.com\\\/cosmetic.storedz\\\/\"]}]}<\/script>\n<!-- \/ Yoast SEO plugin. -->","yoast_head_json":{"title":"GARNIER ULTRA DOUX LE MASQUE-LAIT 250ML LAIT D'AMANDE NOURRICIER CHEVEUX DESHYDRATES - Cosmetic Store","robots":{"index":"index","follow":"follow","max-snippet":"max-snippet:-1","max-image-preview":"max-image-preview:large","max-video-preview":"max-video-preview:-1"},"canonical":"https:\/\/cosmeticstoredz.com\/ar\/product\/garnier-ultra-doux-le-masque-lait-250ml-lait-damande-nourricier-cheveux-deshydrates\/","og_locale":"ar_AR","og_type":"article","og_title":"GARNIER ULTRA DOUX LE MASQUE-LAIT 250ML LAIT D'AMANDE NOURRICIER CHEVEUX DESHYDRATES - Cosmetic Store","og_description":"Garnier Ultra Doux Masque-Lait Amande Nourrici\u00e8re :\u00a0Masque au Lait d'Amande bio et \u00e0 la s\u00e8ve d'agave bio pour cheveux d\u00e9shydrat\u00e9s. D\u00e9couvrez notre 1er Masque-Lait compos\u00e9 \u00e0 98 % d'ingr\u00e9dients naturels.","og_url":"https:\/\/cosmeticstoredz.com\/ar\/product\/garnier-ultra-doux-le-masque-lait-250ml-lait-damande-nourricier-cheveux-deshydrates\/","og_site_name":"Cosmetic Store","article_publisher":"https:\/\/www.facebook.com\/profile.php?id=61564954260683","article_modified_time":"2026-03-30T19:25:16+00:00","og_image":[{"width":1563,"height":1563,"url":"https:\/\/cosmeticstoredz.com\/wp-content\/uploads\/2026\/02\/CC-975.png","type":"image\/png"}],"twitter_card":"summary_large_image","schema":{"@context":"https:\/\/schema.org","@graph":[{"@type":"WebPage","@id":"https:\/\/cosmeticstoredz.com\/produit\/garnier-ultra-doux-le-masque-lait-250ml-lait-damande-nourricier-cheveux-deshydrates\/","url":"https:\/\/cosmeticstoredz.com\/produit\/garnier-ultra-doux-le-masque-lait-250ml-lait-damande-nourricier-cheveux-deshydrates\/","name":"GARNIER ULTRA DOUX LE MASQUE-LAIT 250ML LAIT D'AMANDE NOURRICIER CHEVEUX DESHYDRATES - Cosmetic Store","isPartOf":{"@id":"https:\/\/cosmeticstoredz.com\/#website"},"primaryImageOfPage":{"@id":"https:\/\/cosmeticstoredz.com\/produit\/garnier-ultra-doux-le-masque-lait-250ml-lait-damande-nourricier-cheveux-deshydrates\/#primaryimage"},"image":{"@id":"https:\/\/cosmeticstoredz.com\/produit\/garnier-ultra-doux-le-masque-lait-250ml-lait-damande-nourricier-cheveux-deshydrates\/#primaryimage"},"thumbnailUrl":"https:\/\/cosmeticstoredz.com\/wp-content\/uploads\/2026\/02\/CC-975.png","datePublished":"2025-06-21T15:02:13+00:00","dateModified":"2026-03-30T19:25:16+00:00","breadcrumb":{"@id":"https:\/\/cosmeticstoredz.com\/produit\/garnier-ultra-doux-le-masque-lait-250ml-lait-damande-nourricier-cheveux-deshydrates\/#breadcrumb"},"inLanguage":"ar","potentialAction":[{"@type":"ReadAction","target":["https:\/\/cosmeticstoredz.com\/produit\/garnier-ultra-doux-le-masque-lait-250ml-lait-damande-nourricier-cheveux-deshydrates\/"]}]},{"@type":"ImageObject","inLanguage":"ar","@id":"https:\/\/cosmeticstoredz.com\/produit\/garnier-ultra-doux-le-masque-lait-250ml-lait-damande-nourricier-cheveux-deshydrates\/#primaryimage","url":"https:\/\/cosmeticstoredz.com\/wp-content\/uploads\/2026\/02\/CC-975.png","contentUrl":"https:\/\/cosmeticstoredz.com\/wp-content\/uploads\/2026\/02\/CC-975.png","width":1563,"height":1563},{"@type":"BreadcrumbList","@id":"https:\/\/cosmeticstoredz.com\/produit\/garnier-ultra-doux-le-masque-lait-250ml-lait-damande-nourricier-cheveux-deshydrates\/#breadcrumb","itemListElement":[{"@type":"ListItem","position":1,"name":"Accueil","item":"https:\/\/cosmeticstoredz.com\/"},{"@type":"ListItem","position":2,"name":"Boutique","item":"https:\/\/cosmeticstoredz.com\/boutique\/"},{"@type":"ListItem","position":3,"name":"GARNIER ULTRA DOUX LE MASQUE-LAIT 250ML LAIT D&rsquo;AMANDE NOURRICIER CHEVEUX DESHYDRATES"}]},{"@type":"WebSite","@id":"https:\/\/cosmeticstoredz.com\/#website","url":"https:\/\/cosmeticstoredz.com\/","name":"Cosmetic Store","description":"","publisher":{"@id":"https:\/\/cosmeticstoredz.com\/#organization"},"potentialAction":[{"@type":"SearchAction","target":{"@type":"EntryPoint","urlTemplate":"https:\/\/cosmeticstoredz.com\/?s={search_term_string}"},"query-input":{"@type":"PropertyValueSpecification","valueRequired":true,"valueName":"search_term_string"}}],"inLanguage":"ar"},{"@type":"Organization","@id":"https:\/\/cosmeticstoredz.com\/#organization","name":"Cosmetic Store","url":"https:\/\/cosmeticstoredz.com\/","logo":{"@type":"ImageObject","inLanguage":"ar","@id":"https:\/\/cosmeticstoredz.com\/#\/schema\/logo\/image\/","url":"https:\/\/cosmeticstoredz.com\/wp-content\/uploads\/2026\/02\/cropped-LOGO_CS-512x512-1-1-e1771275285345.webp","contentUrl":"https:\/\/cosmeticstoredz.com\/wp-content\/uploads\/2026\/02\/cropped-LOGO_CS-512x512-1-1-e1771275285345.webp","width":265,"height":319,"caption":"Cosmetic Store"},"image":{"@id":"https:\/\/cosmeticstoredz.com\/#\/schema\/logo\/image\/"},"sameAs":["https:\/\/www.facebook.com\/profile.php?id=61564954260683","https:\/\/www.instagram.com\/cosmetic.storedz\/"]}]}},"_links":{"self":[{"href":"https:\/\/cosmeticstoredz.com\/ar\/wp-json\/wp\/v2\/product\/11028","targetHints":{"allow":["GET"]}}],"collection":[{"href":"https:\/\/cosmeticstoredz.com\/ar\/wp-json\/wp\/v2\/product"}],"about":[{"href":"https:\/\/cosmeticstoredz.com\/ar\/wp-json\/wp\/v2\/types\/product"}],"replies":[{"embeddable":true,"href":"https:\/\/cosmeticstoredz.com\/ar\/wp-json\/wp\/v2\/comments?post=11028"}],"version-history":[{"count":1,"href":"https:\/\/cosmeticstoredz.com\/ar\/wp-json\/wp\/v2\/product\/11028\/revisions"}],"predecessor-version":[{"id":22075,"href":"https:\/\/cosmeticstoredz.com\/ar\/wp-json\/wp\/v2\/product\/11028\/revisions\/22075"}],"wp:featuredmedia":[{"embeddable":true,"href":"https:\/\/cosmeticstoredz.com\/ar\/wp-json\/wp\/v2\/media\/22074"}],"wp:attachment":[{"href":"https:\/\/cosmeticstoredz.com\/ar\/wp-json\/wp\/v2\/media?parent=11028"}],"wp:term":[{"taxonomy":"product_brand","embeddable":true,"href":"https:\/\/cosmeticstoredz.com\/ar\/wp-json\/wp\/v2\/product_brand?post=11028"},{"taxonomy":"product_cat","embeddable":true,"href":"https:\/\/cosmeticstoredz.com\/ar\/wp-json\/wp\/v2\/product_cat?post=11028"},{"taxonomy":"product_tag","embeddable":true,"href":"https:\/\/cosmeticstoredz.com\/ar\/wp-json\/wp\/v2\/product_tag?post=11028"}],"curies":[{"name":"wp","href":"https:\/\/api.w.org\/{rel}","templated":true}]}}