{"id":1070,"date":"2026-02-16T08:45:31","date_gmt":"2026-02-16T08:45:31","guid":{"rendered":"https:\/\/test.fitnessworldgym27.com\/?post_type=product&#038;p=1070"},"modified":"2026-04-18T19:21:28","modified_gmt":"2026-04-18T19:21:28","slug":"cerave-serum-retinol-anti-marques","status":"publish","type":"product","link":"https:\/\/cosmeticstoredz.com\/ar\/product\/cerave-serum-retinol-anti-marques\/","title":{"rendered":"CERAVE SERUM RETINOL ANTI MARQUES"},"content":{"rendered":"<p>Soin qui resserre les pores, lisse le grain de peau et r\u00e9duit les marques post-imperfections<\/p>\n<p>&nbsp;<\/p>\n<p>Soin qui resserre les pores, lisse le grain de peau et r\u00e9duit les marques post-imperfections Le S\u00e9rum R\u00e9tinol Anti-Marques de CeraVe aide \u00e0 r\u00e9duire l&rsquo;apparence des marques des peaux \u00e0 imperfections et \u00e0 tendance acn\u00e9ique. Ce soin resurfa\u00e7ant r\u00e9duit l&rsquo;apparence des marques persistantes post-acn\u00e9 (hyperpigmentation post-inflammatoire ou PIH) et resserre les pores. Formul\u00e9 avec du r\u00e9tinol encapsul\u00e9, il resurface, lisse, am\u00e9liore la texture de la peau et stimule le renouvellement cellulaire sans irriter. De plus, il contient de l&rsquo;extrait de racine de r\u00e9glisse pour illuminer, uniformiser le teint et att\u00e9nuer les signes d&rsquo;hyperpigmentation. Enrichis aux 3 c\u00e9ramides essentiels, \u00e0 l&rsquo;acide hyaluronique et \u00e0 la niacinamide, il hydrate en profondeur, apaise et restaure la barri\u00e8re cutan\u00e9e. Sa texture gel cr\u00e8me p\u00e9n\u00e8tre rapidement la peau pour un fini non-gras et non collant.<\/p>\n<p>&nbsp;<\/p>\n<p>D\u00e9velopp\u00e9 avec des dermatologues et selon une charte de formulation stricte, cette formule est respectueuse de la peau avec un pH physiologique, sans parfum, hypoallerg\u00e9nique et non-com\u00e9dog\u00e8ne. Il convient pour une utilisation quotidienne, le soir, chez l&rsquo;adolescent et l&rsquo;adulte.<\/p>\n<p>&nbsp;<\/p>\n<p>Format disponible : 30ml.<\/p>","protected":false},"excerpt":{"rendered":"<p>\u200bLe S\u00e9rum R\u00e9tinol Anti-Marques de CeraVe est un soin sp\u00e9cialement formul\u00e9 pour les peaux sujettes aux imperfections et \u00e0 tendance acn\u00e9ique. Il vise \u00e0 att\u00e9nuer les marques post-acn\u00e9iques, resserrer les pores et am\u00e9liorer la texture de la peau.\u200b<br \/>\nPOUR PEAUX \u00c0 IMPERFECTIONS ET \u00c0 TENDANCE ACN\u00c9IQUE<\/p>","protected":false},"featured_media":1133,"comment_status":"open","ping_status":"closed","template":"","meta":[],"product_brand":[52],"product_cat":[156,75,77,76],"product_tag":[125],"class_list":{"0":"post-1070","1":"product","2":"type-product","3":"status-publish","4":"has-post-thumbnail","6":"product_brand-cerave","7":"product_cat-cerave","8":"product_cat-femme","9":"product_cat-serum-fv","10":"product_cat-soin-visage-f","11":"product_tag-made-in-france","13":"first","14":"outofstock","15":"shipping-taxable","16":"purchasable","17":"product-type-simple"},"yoast_head":"<!-- This site is optimized with the Yoast SEO plugin v27.3 - https:\/\/yoast.com\/product\/yoast-seo-wordpress\/ -->\n<title>CERAVE SERUM RETINOL ANTI MARQUES - Cosmetic Store<\/title>\n<meta name=\"robots\" content=\"index, follow, max-snippet:-1, max-image-preview:large, max-video-preview:-1\" \/>\n<link rel=\"canonical\" href=\"https:\/\/cosmeticstoredz.com\/ar\/product\/cerave-serum-retinol-anti-marques\/\" \/>\n<meta property=\"og:locale\" content=\"ar_AR\" \/>\n<meta property=\"og:type\" content=\"article\" \/>\n<meta property=\"og:title\" content=\"CERAVE SERUM RETINOL ANTI MARQUES - Cosmetic Store\" \/>\n<meta property=\"og:description\" content=\"\u200bLe S\u00e9rum R\u00e9tinol Anti-Marques de CeraVe est un soin sp\u00e9cialement formul\u00e9 pour les peaux sujettes aux imperfections et \u00e0 tendance acn\u00e9ique. Il vise \u00e0 att\u00e9nuer les marques post-acn\u00e9iques, resserrer les pores et am\u00e9liorer la texture de la peau.\u200b POUR PEAUX \u00c0 IMPERFECTIONS ET \u00c0 TENDANCE ACN\u00c9IQUE\" \/>\n<meta property=\"og:url\" content=\"https:\/\/cosmeticstoredz.com\/ar\/product\/cerave-serum-retinol-anti-marques\/\" \/>\n<meta property=\"og:site_name\" content=\"Cosmetic Store\" \/>\n<meta property=\"article:publisher\" content=\"https:\/\/www.facebook.com\/profile.php?id=61564954260683\" \/>\n<meta property=\"article:modified_time\" content=\"2026-04-18T19:21:28+00:00\" \/>\n<meta property=\"og:image\" content=\"https:\/\/cosmeticstoredz.com\/wp-content\/uploads\/2026\/02\/Ajouter-un-titre-2024-08-07T145849.079.png\" \/>\n\t<meta property=\"og:image:width\" content=\"1563\" \/>\n\t<meta property=\"og:image:height\" content=\"1563\" \/>\n\t<meta property=\"og:image:type\" content=\"image\/png\" \/>\n<meta name=\"twitter:card\" content=\"summary_large_image\" \/>\n<meta name=\"twitter:label1\" content=\"\u0648\u0642\u062a \u0627\u0644\u0642\u0631\u0627\u0621\u0629 \u0627\u0644\u0645\u064f\u0642\u062f\u0651\u0631\" \/>\n\t<meta name=\"twitter:data1\" content=\"\u062f\u0642\u064a\u0642\u0629 \u0648\u0627\u062d\u062f\u0629\" \/>\n<script type=\"application\/ld+json\" class=\"yoast-schema-graph\">{\"@context\":\"https:\\\/\\\/schema.org\",\"@graph\":[{\"@type\":\"WebPage\",\"@id\":\"https:\\\/\\\/cosmeticstoredz.com\\\/produit\\\/cerave-serum-retinol-anti-marques\\\/\",\"url\":\"https:\\\/\\\/cosmeticstoredz.com\\\/produit\\\/cerave-serum-retinol-anti-marques\\\/\",\"name\":\"CERAVE SERUM RETINOL ANTI MARQUES - Cosmetic Store\",\"isPartOf\":{\"@id\":\"https:\\\/\\\/cosmeticstoredz.com\\\/#website\"},\"primaryImageOfPage\":{\"@id\":\"https:\\\/\\\/cosmeticstoredz.com\\\/produit\\\/cerave-serum-retinol-anti-marques\\\/#primaryimage\"},\"image\":{\"@id\":\"https:\\\/\\\/cosmeticstoredz.com\\\/produit\\\/cerave-serum-retinol-anti-marques\\\/#primaryimage\"},\"thumbnailUrl\":\"https:\\\/\\\/cosmeticstoredz.com\\\/wp-content\\\/uploads\\\/2026\\\/02\\\/Ajouter-un-titre-2024-08-07T145849.079.png\",\"datePublished\":\"2026-02-16T08:45:31+00:00\",\"dateModified\":\"2026-04-18T19:21:28+00:00\",\"breadcrumb\":{\"@id\":\"https:\\\/\\\/cosmeticstoredz.com\\\/produit\\\/cerave-serum-retinol-anti-marques\\\/#breadcrumb\"},\"inLanguage\":\"ar\",\"potentialAction\":[{\"@type\":\"ReadAction\",\"target\":[\"https:\\\/\\\/cosmeticstoredz.com\\\/produit\\\/cerave-serum-retinol-anti-marques\\\/\"]}]},{\"@type\":\"ImageObject\",\"inLanguage\":\"ar\",\"@id\":\"https:\\\/\\\/cosmeticstoredz.com\\\/produit\\\/cerave-serum-retinol-anti-marques\\\/#primaryimage\",\"url\":\"https:\\\/\\\/cosmeticstoredz.com\\\/wp-content\\\/uploads\\\/2026\\\/02\\\/Ajouter-un-titre-2024-08-07T145849.079.png\",\"contentUrl\":\"https:\\\/\\\/cosmeticstoredz.com\\\/wp-content\\\/uploads\\\/2026\\\/02\\\/Ajouter-un-titre-2024-08-07T145849.079.png\",\"width\":1563,\"height\":1563},{\"@type\":\"BreadcrumbList\",\"@id\":\"https:\\\/\\\/cosmeticstoredz.com\\\/produit\\\/cerave-serum-retinol-anti-marques\\\/#breadcrumb\",\"itemListElement\":[{\"@type\":\"ListItem\",\"position\":1,\"name\":\"Accueil\",\"item\":\"https:\\\/\\\/cosmeticstoredz.com\\\/\"},{\"@type\":\"ListItem\",\"position\":2,\"name\":\"Boutique\",\"item\":\"https:\\\/\\\/cosmeticstoredz.com\\\/boutique\\\/\"},{\"@type\":\"ListItem\",\"position\":3,\"name\":\"CERAVE SERUM RETINOL ANTI MARQUES\"}]},{\"@type\":\"WebSite\",\"@id\":\"https:\\\/\\\/cosmeticstoredz.com\\\/#website\",\"url\":\"https:\\\/\\\/cosmeticstoredz.com\\\/\",\"name\":\"Cosmetic Store\",\"description\":\"\",\"publisher\":{\"@id\":\"https:\\\/\\\/cosmeticstoredz.com\\\/#organization\"},\"potentialAction\":[{\"@type\":\"SearchAction\",\"target\":{\"@type\":\"EntryPoint\",\"urlTemplate\":\"https:\\\/\\\/cosmeticstoredz.com\\\/?s={search_term_string}\"},\"query-input\":{\"@type\":\"PropertyValueSpecification\",\"valueRequired\":true,\"valueName\":\"search_term_string\"}}],\"inLanguage\":\"ar\"},{\"@type\":\"Organization\",\"@id\":\"https:\\\/\\\/cosmeticstoredz.com\\\/#organization\",\"name\":\"Cosmetic Store\",\"url\":\"https:\\\/\\\/cosmeticstoredz.com\\\/\",\"logo\":{\"@type\":\"ImageObject\",\"inLanguage\":\"ar\",\"@id\":\"https:\\\/\\\/cosmeticstoredz.com\\\/#\\\/schema\\\/logo\\\/image\\\/\",\"url\":\"https:\\\/\\\/cosmeticstoredz.com\\\/wp-content\\\/uploads\\\/2026\\\/02\\\/cropped-LOGO_CS-512x512-1-1-e1771275285345.webp\",\"contentUrl\":\"https:\\\/\\\/cosmeticstoredz.com\\\/wp-content\\\/uploads\\\/2026\\\/02\\\/cropped-LOGO_CS-512x512-1-1-e1771275285345.webp\",\"width\":265,\"height\":319,\"caption\":\"Cosmetic Store\"},\"image\":{\"@id\":\"https:\\\/\\\/cosmeticstoredz.com\\\/#\\\/schema\\\/logo\\\/image\\\/\"},\"sameAs\":[\"https:\\\/\\\/www.facebook.com\\\/profile.php?id=61564954260683\",\"https:\\\/\\\/www.instagram.com\\\/cosmetic.storedz\\\/\"]}]}<\/script>\n<!-- \/ Yoast SEO plugin. -->","yoast_head_json":{"title":"CERAVE SERUM RETINOL ANTI MARQUES - Cosmetic Store","robots":{"index":"index","follow":"follow","max-snippet":"max-snippet:-1","max-image-preview":"max-image-preview:large","max-video-preview":"max-video-preview:-1"},"canonical":"https:\/\/cosmeticstoredz.com\/ar\/product\/cerave-serum-retinol-anti-marques\/","og_locale":"ar_AR","og_type":"article","og_title":"CERAVE SERUM RETINOL ANTI MARQUES - Cosmetic Store","og_description":"\u200bLe S\u00e9rum R\u00e9tinol Anti-Marques de CeraVe est un soin sp\u00e9cialement formul\u00e9 pour les peaux sujettes aux imperfections et \u00e0 tendance acn\u00e9ique. Il vise \u00e0 att\u00e9nuer les marques post-acn\u00e9iques, resserrer les pores et am\u00e9liorer la texture de la peau.\u200b POUR PEAUX \u00c0 IMPERFECTIONS ET \u00c0 TENDANCE ACN\u00c9IQUE","og_url":"https:\/\/cosmeticstoredz.com\/ar\/product\/cerave-serum-retinol-anti-marques\/","og_site_name":"Cosmetic Store","article_publisher":"https:\/\/www.facebook.com\/profile.php?id=61564954260683","article_modified_time":"2026-04-18T19:21:28+00:00","og_image":[{"width":1563,"height":1563,"url":"https:\/\/cosmeticstoredz.com\/wp-content\/uploads\/2026\/02\/Ajouter-un-titre-2024-08-07T145849.079.png","type":"image\/png"}],"twitter_card":"summary_large_image","twitter_misc":{"\u0648\u0642\u062a \u0627\u0644\u0642\u0631\u0627\u0621\u0629 \u0627\u0644\u0645\u064f\u0642\u062f\u0651\u0631":"\u062f\u0642\u064a\u0642\u0629 \u0648\u0627\u062d\u062f\u0629"},"schema":{"@context":"https:\/\/schema.org","@graph":[{"@type":"WebPage","@id":"https:\/\/cosmeticstoredz.com\/produit\/cerave-serum-retinol-anti-marques\/","url":"https:\/\/cosmeticstoredz.com\/produit\/cerave-serum-retinol-anti-marques\/","name":"CERAVE SERUM RETINOL ANTI MARQUES - Cosmetic Store","isPartOf":{"@id":"https:\/\/cosmeticstoredz.com\/#website"},"primaryImageOfPage":{"@id":"https:\/\/cosmeticstoredz.com\/produit\/cerave-serum-retinol-anti-marques\/#primaryimage"},"image":{"@id":"https:\/\/cosmeticstoredz.com\/produit\/cerave-serum-retinol-anti-marques\/#primaryimage"},"thumbnailUrl":"https:\/\/cosmeticstoredz.com\/wp-content\/uploads\/2026\/02\/Ajouter-un-titre-2024-08-07T145849.079.png","datePublished":"2026-02-16T08:45:31+00:00","dateModified":"2026-04-18T19:21:28+00:00","breadcrumb":{"@id":"https:\/\/cosmeticstoredz.com\/produit\/cerave-serum-retinol-anti-marques\/#breadcrumb"},"inLanguage":"ar","potentialAction":[{"@type":"ReadAction","target":["https:\/\/cosmeticstoredz.com\/produit\/cerave-serum-retinol-anti-marques\/"]}]},{"@type":"ImageObject","inLanguage":"ar","@id":"https:\/\/cosmeticstoredz.com\/produit\/cerave-serum-retinol-anti-marques\/#primaryimage","url":"https:\/\/cosmeticstoredz.com\/wp-content\/uploads\/2026\/02\/Ajouter-un-titre-2024-08-07T145849.079.png","contentUrl":"https:\/\/cosmeticstoredz.com\/wp-content\/uploads\/2026\/02\/Ajouter-un-titre-2024-08-07T145849.079.png","width":1563,"height":1563},{"@type":"BreadcrumbList","@id":"https:\/\/cosmeticstoredz.com\/produit\/cerave-serum-retinol-anti-marques\/#breadcrumb","itemListElement":[{"@type":"ListItem","position":1,"name":"Accueil","item":"https:\/\/cosmeticstoredz.com\/"},{"@type":"ListItem","position":2,"name":"Boutique","item":"https:\/\/cosmeticstoredz.com\/boutique\/"},{"@type":"ListItem","position":3,"name":"CERAVE SERUM RETINOL ANTI MARQUES"}]},{"@type":"WebSite","@id":"https:\/\/cosmeticstoredz.com\/#website","url":"https:\/\/cosmeticstoredz.com\/","name":"Cosmetic Store","description":"","publisher":{"@id":"https:\/\/cosmeticstoredz.com\/#organization"},"potentialAction":[{"@type":"SearchAction","target":{"@type":"EntryPoint","urlTemplate":"https:\/\/cosmeticstoredz.com\/?s={search_term_string}"},"query-input":{"@type":"PropertyValueSpecification","valueRequired":true,"valueName":"search_term_string"}}],"inLanguage":"ar"},{"@type":"Organization","@id":"https:\/\/cosmeticstoredz.com\/#organization","name":"Cosmetic Store","url":"https:\/\/cosmeticstoredz.com\/","logo":{"@type":"ImageObject","inLanguage":"ar","@id":"https:\/\/cosmeticstoredz.com\/#\/schema\/logo\/image\/","url":"https:\/\/cosmeticstoredz.com\/wp-content\/uploads\/2026\/02\/cropped-LOGO_CS-512x512-1-1-e1771275285345.webp","contentUrl":"https:\/\/cosmeticstoredz.com\/wp-content\/uploads\/2026\/02\/cropped-LOGO_CS-512x512-1-1-e1771275285345.webp","width":265,"height":319,"caption":"Cosmetic Store"},"image":{"@id":"https:\/\/cosmeticstoredz.com\/#\/schema\/logo\/image\/"},"sameAs":["https:\/\/www.facebook.com\/profile.php?id=61564954260683","https:\/\/www.instagram.com\/cosmetic.storedz\/"]}]}},"_links":{"self":[{"href":"https:\/\/cosmeticstoredz.com\/ar\/wp-json\/wp\/v2\/product\/1070","targetHints":{"allow":["GET"]}}],"collection":[{"href":"https:\/\/cosmeticstoredz.com\/ar\/wp-json\/wp\/v2\/product"}],"about":[{"href":"https:\/\/cosmeticstoredz.com\/ar\/wp-json\/wp\/v2\/types\/product"}],"replies":[{"embeddable":true,"href":"https:\/\/cosmeticstoredz.com\/ar\/wp-json\/wp\/v2\/comments?post=1070"}],"version-history":[{"count":1,"href":"https:\/\/cosmeticstoredz.com\/ar\/wp-json\/wp\/v2\/product\/1070\/revisions"}],"predecessor-version":[{"id":1134,"href":"https:\/\/cosmeticstoredz.com\/ar\/wp-json\/wp\/v2\/product\/1070\/revisions\/1134"}],"wp:featuredmedia":[{"embeddable":true,"href":"https:\/\/cosmeticstoredz.com\/ar\/wp-json\/wp\/v2\/media\/1133"}],"wp:attachment":[{"href":"https:\/\/cosmeticstoredz.com\/ar\/wp-json\/wp\/v2\/media?parent=1070"}],"wp:term":[{"taxonomy":"product_brand","embeddable":true,"href":"https:\/\/cosmeticstoredz.com\/ar\/wp-json\/wp\/v2\/product_brand?post=1070"},{"taxonomy":"product_cat","embeddable":true,"href":"https:\/\/cosmeticstoredz.com\/ar\/wp-json\/wp\/v2\/product_cat?post=1070"},{"taxonomy":"product_tag","embeddable":true,"href":"https:\/\/cosmeticstoredz.com\/ar\/wp-json\/wp\/v2\/product_tag?post=1070"}],"curies":[{"name":"wp","href":"https:\/\/api.w.org\/{rel}","templated":true}]}}