{"id":1067,"date":"2026-02-16T08:45:30","date_gmt":"2026-02-16T08:45:30","guid":{"rendered":"https:\/\/test.fitnessworldgym27.com\/?post_type=product&#038;p=1067"},"modified":"2026-04-18T19:21:28","modified_gmt":"2026-04-18T19:21:28","slug":"cerave-lait-hydratant","status":"publish","type":"product","link":"https:\/\/cosmeticstoredz.com\/ar\/product\/cerave-lait-hydratant\/","title":{"rendered":"CERAVE LAIT HYDRATANT"},"content":{"rendered":"<p>Soin \u00e0 la texture l\u00e9g\u00e8re qui hydrate en continu 24H<\/p>\n<p>Le Lait Hydratant de CeraVe est un soin qui hydrate les peaux s\u00e8ches \u00e0 tr\u00e8s s\u00e8ches. Ce soin hydratant s&rsquo;applique sur le visage et le corps pour hydrater la peau toute la journ\u00e9e. Sa texture est l\u00e9g\u00e8re, non grasse et ne colle pas \u00e0 la peau pour un habillage rapide.<\/p>\n<p>Enrichi aux 3 c\u00e9ramides essentiels et \u00e0 l&rsquo; acide hyaluronique, il hydrate en continu pendant 24 heures gr\u00e2ce \u00e0 la technologie MVE, qui encapsule les actifs et les diffuse tout au long de la journ\u00e9e, et restaure la barri\u00e8re cutan\u00e9e.<\/p>\n<p>D\u00e9velopp\u00e9e avec des dermatologues, sa formule haute tol\u00e9rance est test\u00e9e sous contr\u00f4le dermatologique et respecte une charte de formulation stricte pour convenir aux peaux sensibles : sans parfum, hypoallerg\u00e9nique et non-com\u00e9dog\u00e8ne.<\/p>","protected":false},"excerpt":{"rendered":"<p>Lait Hydratant<\/p>\n<p>POUR PEAUX NORMALES \u00c0 S\u00c8CHES, SANS PARFUM, NON COM\u00c9DOG\u00c8NE<\/p>","protected":false},"featured_media":1127,"comment_status":"open","ping_status":"closed","template":"","meta":[],"product_brand":[52],"product_cat":[156,75,139,81],"product_tag":[125],"class_list":{"0":"post-1067","1":"product","2":"type-product","3":"status-publish","4":"has-post-thumbnail","6":"product_brand-cerave","7":"product_cat-cerave","8":"product_cat-femme","9":"product_cat-lait-de-corps-soin-corps-f","10":"product_cat-soin-corps-f","11":"product_tag-made-in-france","13":"first","14":"outofstock","15":"shipping-taxable","16":"purchasable","17":"product-type-simple"},"yoast_head":"<!-- This site is optimized with the Yoast SEO plugin v27.3 - https:\/\/yoast.com\/product\/yoast-seo-wordpress\/ -->\n<title>CERAVE LAIT HYDRATANT - Cosmetic Store<\/title>\n<meta name=\"robots\" content=\"index, follow, max-snippet:-1, max-image-preview:large, max-video-preview:-1\" \/>\n<link rel=\"canonical\" href=\"https:\/\/cosmeticstoredz.com\/ar\/product\/cerave-lait-hydratant\/\" \/>\n<meta property=\"og:locale\" content=\"ar_AR\" \/>\n<meta property=\"og:type\" content=\"article\" \/>\n<meta property=\"og:title\" content=\"CERAVE LAIT HYDRATANT - Cosmetic Store\" \/>\n<meta property=\"og:description\" content=\"Lait Hydratant  POUR PEAUX NORMALES \u00c0 S\u00c8CHES, SANS PARFUM, NON COM\u00c9DOG\u00c8NE\" \/>\n<meta property=\"og:url\" content=\"https:\/\/cosmeticstoredz.com\/ar\/product\/cerave-lait-hydratant\/\" \/>\n<meta property=\"og:site_name\" content=\"Cosmetic Store\" \/>\n<meta property=\"article:publisher\" content=\"https:\/\/www.facebook.com\/profile.php?id=61564954260683\" \/>\n<meta property=\"article:modified_time\" content=\"2026-04-18T19:21:28+00:00\" \/>\n<meta property=\"og:image\" content=\"https:\/\/cosmeticstoredz.com\/wp-content\/uploads\/2026\/02\/Ajouter-un-titre-2024-08-07T150617.516.png\" \/>\n\t<meta property=\"og:image:width\" content=\"1563\" \/>\n\t<meta property=\"og:image:height\" content=\"1563\" \/>\n\t<meta property=\"og:image:type\" content=\"image\/png\" \/>\n<meta name=\"twitter:card\" content=\"summary_large_image\" \/>\n<meta name=\"twitter:label1\" content=\"\u0648\u0642\u062a \u0627\u0644\u0642\u0631\u0627\u0621\u0629 \u0627\u0644\u0645\u064f\u0642\u062f\u0651\u0631\" \/>\n\t<meta name=\"twitter:data1\" content=\"\u062f\u0642\u064a\u0642\u0629 \u0648\u0627\u062d\u062f\u0629\" \/>\n<script type=\"application\/ld+json\" class=\"yoast-schema-graph\">{\"@context\":\"https:\\\/\\\/schema.org\",\"@graph\":[{\"@type\":\"WebPage\",\"@id\":\"https:\\\/\\\/cosmeticstoredz.com\\\/produit\\\/cerave-lait-hydratant\\\/\",\"url\":\"https:\\\/\\\/cosmeticstoredz.com\\\/produit\\\/cerave-lait-hydratant\\\/\",\"name\":\"CERAVE LAIT HYDRATANT - Cosmetic Store\",\"isPartOf\":{\"@id\":\"https:\\\/\\\/cosmeticstoredz.com\\\/#website\"},\"primaryImageOfPage\":{\"@id\":\"https:\\\/\\\/cosmeticstoredz.com\\\/produit\\\/cerave-lait-hydratant\\\/#primaryimage\"},\"image\":{\"@id\":\"https:\\\/\\\/cosmeticstoredz.com\\\/produit\\\/cerave-lait-hydratant\\\/#primaryimage\"},\"thumbnailUrl\":\"https:\\\/\\\/cosmeticstoredz.com\\\/wp-content\\\/uploads\\\/2026\\\/02\\\/Ajouter-un-titre-2024-08-07T150617.516.png\",\"datePublished\":\"2026-02-16T08:45:30+00:00\",\"dateModified\":\"2026-04-18T19:21:28+00:00\",\"breadcrumb\":{\"@id\":\"https:\\\/\\\/cosmeticstoredz.com\\\/produit\\\/cerave-lait-hydratant\\\/#breadcrumb\"},\"inLanguage\":\"ar\",\"potentialAction\":[{\"@type\":\"ReadAction\",\"target\":[\"https:\\\/\\\/cosmeticstoredz.com\\\/produit\\\/cerave-lait-hydratant\\\/\"]}]},{\"@type\":\"ImageObject\",\"inLanguage\":\"ar\",\"@id\":\"https:\\\/\\\/cosmeticstoredz.com\\\/produit\\\/cerave-lait-hydratant\\\/#primaryimage\",\"url\":\"https:\\\/\\\/cosmeticstoredz.com\\\/wp-content\\\/uploads\\\/2026\\\/02\\\/Ajouter-un-titre-2024-08-07T150617.516.png\",\"contentUrl\":\"https:\\\/\\\/cosmeticstoredz.com\\\/wp-content\\\/uploads\\\/2026\\\/02\\\/Ajouter-un-titre-2024-08-07T150617.516.png\",\"width\":1563,\"height\":1563},{\"@type\":\"BreadcrumbList\",\"@id\":\"https:\\\/\\\/cosmeticstoredz.com\\\/produit\\\/cerave-lait-hydratant\\\/#breadcrumb\",\"itemListElement\":[{\"@type\":\"ListItem\",\"position\":1,\"name\":\"Accueil\",\"item\":\"https:\\\/\\\/cosmeticstoredz.com\\\/\"},{\"@type\":\"ListItem\",\"position\":2,\"name\":\"Boutique\",\"item\":\"https:\\\/\\\/cosmeticstoredz.com\\\/boutique\\\/\"},{\"@type\":\"ListItem\",\"position\":3,\"name\":\"CERAVE LAIT HYDRATANT\"}]},{\"@type\":\"WebSite\",\"@id\":\"https:\\\/\\\/cosmeticstoredz.com\\\/#website\",\"url\":\"https:\\\/\\\/cosmeticstoredz.com\\\/\",\"name\":\"Cosmetic Store\",\"description\":\"\",\"publisher\":{\"@id\":\"https:\\\/\\\/cosmeticstoredz.com\\\/#organization\"},\"potentialAction\":[{\"@type\":\"SearchAction\",\"target\":{\"@type\":\"EntryPoint\",\"urlTemplate\":\"https:\\\/\\\/cosmeticstoredz.com\\\/?s={search_term_string}\"},\"query-input\":{\"@type\":\"PropertyValueSpecification\",\"valueRequired\":true,\"valueName\":\"search_term_string\"}}],\"inLanguage\":\"ar\"},{\"@type\":\"Organization\",\"@id\":\"https:\\\/\\\/cosmeticstoredz.com\\\/#organization\",\"name\":\"Cosmetic Store\",\"url\":\"https:\\\/\\\/cosmeticstoredz.com\\\/\",\"logo\":{\"@type\":\"ImageObject\",\"inLanguage\":\"ar\",\"@id\":\"https:\\\/\\\/cosmeticstoredz.com\\\/#\\\/schema\\\/logo\\\/image\\\/\",\"url\":\"https:\\\/\\\/cosmeticstoredz.com\\\/wp-content\\\/uploads\\\/2026\\\/02\\\/cropped-LOGO_CS-512x512-1-1-e1771275285345.webp\",\"contentUrl\":\"https:\\\/\\\/cosmeticstoredz.com\\\/wp-content\\\/uploads\\\/2026\\\/02\\\/cropped-LOGO_CS-512x512-1-1-e1771275285345.webp\",\"width\":265,\"height\":319,\"caption\":\"Cosmetic Store\"},\"image\":{\"@id\":\"https:\\\/\\\/cosmeticstoredz.com\\\/#\\\/schema\\\/logo\\\/image\\\/\"},\"sameAs\":[\"https:\\\/\\\/www.facebook.com\\\/profile.php?id=61564954260683\",\"https:\\\/\\\/www.instagram.com\\\/cosmetic.storedz\\\/\"]}]}<\/script>\n<!-- \/ Yoast SEO plugin. -->","yoast_head_json":{"title":"CERAVE LAIT HYDRATANT - Cosmetic Store","robots":{"index":"index","follow":"follow","max-snippet":"max-snippet:-1","max-image-preview":"max-image-preview:large","max-video-preview":"max-video-preview:-1"},"canonical":"https:\/\/cosmeticstoredz.com\/ar\/product\/cerave-lait-hydratant\/","og_locale":"ar_AR","og_type":"article","og_title":"CERAVE LAIT HYDRATANT - Cosmetic Store","og_description":"Lait Hydratant  POUR PEAUX NORMALES \u00c0 S\u00c8CHES, SANS PARFUM, NON COM\u00c9DOG\u00c8NE","og_url":"https:\/\/cosmeticstoredz.com\/ar\/product\/cerave-lait-hydratant\/","og_site_name":"Cosmetic Store","article_publisher":"https:\/\/www.facebook.com\/profile.php?id=61564954260683","article_modified_time":"2026-04-18T19:21:28+00:00","og_image":[{"width":1563,"height":1563,"url":"https:\/\/cosmeticstoredz.com\/wp-content\/uploads\/2026\/02\/Ajouter-un-titre-2024-08-07T150617.516.png","type":"image\/png"}],"twitter_card":"summary_large_image","twitter_misc":{"\u0648\u0642\u062a \u0627\u0644\u0642\u0631\u0627\u0621\u0629 \u0627\u0644\u0645\u064f\u0642\u062f\u0651\u0631":"\u062f\u0642\u064a\u0642\u0629 \u0648\u0627\u062d\u062f\u0629"},"schema":{"@context":"https:\/\/schema.org","@graph":[{"@type":"WebPage","@id":"https:\/\/cosmeticstoredz.com\/produit\/cerave-lait-hydratant\/","url":"https:\/\/cosmeticstoredz.com\/produit\/cerave-lait-hydratant\/","name":"CERAVE LAIT HYDRATANT - Cosmetic Store","isPartOf":{"@id":"https:\/\/cosmeticstoredz.com\/#website"},"primaryImageOfPage":{"@id":"https:\/\/cosmeticstoredz.com\/produit\/cerave-lait-hydratant\/#primaryimage"},"image":{"@id":"https:\/\/cosmeticstoredz.com\/produit\/cerave-lait-hydratant\/#primaryimage"},"thumbnailUrl":"https:\/\/cosmeticstoredz.com\/wp-content\/uploads\/2026\/02\/Ajouter-un-titre-2024-08-07T150617.516.png","datePublished":"2026-02-16T08:45:30+00:00","dateModified":"2026-04-18T19:21:28+00:00","breadcrumb":{"@id":"https:\/\/cosmeticstoredz.com\/produit\/cerave-lait-hydratant\/#breadcrumb"},"inLanguage":"ar","potentialAction":[{"@type":"ReadAction","target":["https:\/\/cosmeticstoredz.com\/produit\/cerave-lait-hydratant\/"]}]},{"@type":"ImageObject","inLanguage":"ar","@id":"https:\/\/cosmeticstoredz.com\/produit\/cerave-lait-hydratant\/#primaryimage","url":"https:\/\/cosmeticstoredz.com\/wp-content\/uploads\/2026\/02\/Ajouter-un-titre-2024-08-07T150617.516.png","contentUrl":"https:\/\/cosmeticstoredz.com\/wp-content\/uploads\/2026\/02\/Ajouter-un-titre-2024-08-07T150617.516.png","width":1563,"height":1563},{"@type":"BreadcrumbList","@id":"https:\/\/cosmeticstoredz.com\/produit\/cerave-lait-hydratant\/#breadcrumb","itemListElement":[{"@type":"ListItem","position":1,"name":"Accueil","item":"https:\/\/cosmeticstoredz.com\/"},{"@type":"ListItem","position":2,"name":"Boutique","item":"https:\/\/cosmeticstoredz.com\/boutique\/"},{"@type":"ListItem","position":3,"name":"CERAVE LAIT HYDRATANT"}]},{"@type":"WebSite","@id":"https:\/\/cosmeticstoredz.com\/#website","url":"https:\/\/cosmeticstoredz.com\/","name":"Cosmetic Store","description":"","publisher":{"@id":"https:\/\/cosmeticstoredz.com\/#organization"},"potentialAction":[{"@type":"SearchAction","target":{"@type":"EntryPoint","urlTemplate":"https:\/\/cosmeticstoredz.com\/?s={search_term_string}"},"query-input":{"@type":"PropertyValueSpecification","valueRequired":true,"valueName":"search_term_string"}}],"inLanguage":"ar"},{"@type":"Organization","@id":"https:\/\/cosmeticstoredz.com\/#organization","name":"Cosmetic Store","url":"https:\/\/cosmeticstoredz.com\/","logo":{"@type":"ImageObject","inLanguage":"ar","@id":"https:\/\/cosmeticstoredz.com\/#\/schema\/logo\/image\/","url":"https:\/\/cosmeticstoredz.com\/wp-content\/uploads\/2026\/02\/cropped-LOGO_CS-512x512-1-1-e1771275285345.webp","contentUrl":"https:\/\/cosmeticstoredz.com\/wp-content\/uploads\/2026\/02\/cropped-LOGO_CS-512x512-1-1-e1771275285345.webp","width":265,"height":319,"caption":"Cosmetic Store"},"image":{"@id":"https:\/\/cosmeticstoredz.com\/#\/schema\/logo\/image\/"},"sameAs":["https:\/\/www.facebook.com\/profile.php?id=61564954260683","https:\/\/www.instagram.com\/cosmetic.storedz\/"]}]}},"_links":{"self":[{"href":"https:\/\/cosmeticstoredz.com\/ar\/wp-json\/wp\/v2\/product\/1067","targetHints":{"allow":["GET"]}}],"collection":[{"href":"https:\/\/cosmeticstoredz.com\/ar\/wp-json\/wp\/v2\/product"}],"about":[{"href":"https:\/\/cosmeticstoredz.com\/ar\/wp-json\/wp\/v2\/types\/product"}],"replies":[{"embeddable":true,"href":"https:\/\/cosmeticstoredz.com\/ar\/wp-json\/wp\/v2\/comments?post=1067"}],"version-history":[{"count":1,"href":"https:\/\/cosmeticstoredz.com\/ar\/wp-json\/wp\/v2\/product\/1067\/revisions"}],"predecessor-version":[{"id":1128,"href":"https:\/\/cosmeticstoredz.com\/ar\/wp-json\/wp\/v2\/product\/1067\/revisions\/1128"}],"wp:featuredmedia":[{"embeddable":true,"href":"https:\/\/cosmeticstoredz.com\/ar\/wp-json\/wp\/v2\/media\/1127"}],"wp:attachment":[{"href":"https:\/\/cosmeticstoredz.com\/ar\/wp-json\/wp\/v2\/media?parent=1067"}],"wp:term":[{"taxonomy":"product_brand","embeddable":true,"href":"https:\/\/cosmeticstoredz.com\/ar\/wp-json\/wp\/v2\/product_brand?post=1067"},{"taxonomy":"product_cat","embeddable":true,"href":"https:\/\/cosmeticstoredz.com\/ar\/wp-json\/wp\/v2\/product_cat?post=1067"},{"taxonomy":"product_tag","embeddable":true,"href":"https:\/\/cosmeticstoredz.com\/ar\/wp-json\/wp\/v2\/product_tag?post=1067"}],"curies":[{"name":"wp","href":"https:\/\/api.w.org\/{rel}","templated":true}]}}