{"id":1038,"date":"2026-02-16T08:45:09","date_gmt":"2026-02-16T08:45:09","guid":{"rendered":"https:\/\/test.fitnessworldgym27.com\/?post_type=product&#038;p=1038"},"modified":"2026-03-30T19:26:09","modified_gmt":"2026-03-30T19:26:09","slug":"cerave-gel-moussant-anti-imperfections","status":"publish","type":"product","link":"https:\/\/cosmeticstoredz.com\/ar\/product\/cerave-gel-moussant-anti-imperfections\/","title":{"rendered":"CERAVE GEL MOUSSANT ANTI-IMPERFECTIONS"},"content":{"rendered":"<p>Nettoyant \u00e0 l&rsquo;acide salicylique qui r\u00e9duit l&rsquo;exc\u00e8s de s\u00e9bum et les imperfections.<\/p>\n<p>Le Gel Moussant Anti-Imperfections de CeraVe nettoie en profondeur, purifie et aide \u00e0 \u00e9liminer les boutons et imperfections des peaux grasses, \u00e0 imperfections et \u00e0 tendance acn\u00e9ique : jusqu&rsquo;\u00e0 29% de boutons en moins apr\u00e8s 2 semaines d&rsquo;utilisation*. Formul\u00e9 avec de l&rsquo; acide salicylique (BHA) et de l\u2019argile blanche, il exfolie, d\u00e9sobstrue les pores, r\u00e9duit l&rsquo;exc\u00e8s de s\u00e9bum et a un effet matifiant (Technologie S\u00e9bum Contr\u00f4le).<\/p>\n<p>Enrichi aux 3 c\u00e9ramides essentiels, \u00e0 l&rsquo;acide hyaluronique et \u00e0 la niacinamide, il hydrate, restaure la barri\u00e8re cutan\u00e9e, apaise et r\u00e9duit les rougeurs et inflammations.<\/p>\n<p>&nbsp;<\/p>\n<p>Ce nettoyant \u00e0 la texture gel se transforme en mousse l\u00e9g\u00e8re lors de l\u2019utilisation. Formul\u00e9 \u00e0 partir de tensio-actifs doux il nettoie en douceur et peut \u00eatre utilis\u00e9 sur le visage et le corps.<\/p>\n<p>&nbsp;<\/p>\n<p>D\u00e9velopp\u00e9e avec des dermatologues et selon une charte de formulation stricte, cette formule est respectueuse de la peau avec un pH physiologique, sans parfum, hypoallerg\u00e9nique et non-com\u00e9dog\u00e8ne.<\/p>\n<p>&nbsp;<\/p>\n<p>Ce nettoyant convient \u00e0 tous les types de peaux \u00e0 tendance acn\u00e9ique, m\u00eame les plus sensibles et pour une utilisation quotidienne chez l&rsquo;adolescent et l&rsquo;adulte.<\/p>\n<p>&nbsp;<\/p>\n<p>*Etude clinique en monoth\u00e9rapie, F&amp;H, 18-50 ans, peaux grasses, peaux acn\u00e9iques (l\u00e9g\u00e8re \u00e0 mod\u00e9r\u00e9e), 1 application par jour. Evaluation m\u00e9dicale par grade imm\u00e9diatement apr\u00e8s application, \u00e0 1 semaine, \u00e0 2 semaine et \u00e0 4 semaine apr\u00e8s utilisation du produit. N=50 patients. *Mesure &amp; \u00e9valuation clinique des l\u00e9sions inflammatoires.<\/p>","protected":false},"excerpt":{"rendered":"<p>Gel Moussant Anti-Imperfections<\/p>\n<p>POUR PEAUX \u00c0 IMPERFECTIONS ET \u00c0 TENDANCE ACN\u00c9IQUE<\/p>","protected":false},"featured_media":1125,"comment_status":"open","ping_status":"closed","template":"","meta":[],"product_brand":[52],"product_cat":[156,75,89,76],"product_tag":[125],"class_list":{"0":"post-1038","1":"product","2":"type-product","3":"status-publish","4":"has-post-thumbnail","6":"product_brand-cerave","7":"product_cat-cerave","8":"product_cat-femme","9":"product_cat-gel-nettoyant-f-gel-nettoyant-f","10":"product_cat-soin-visage-f","11":"product_tag-made-in-france","13":"first","14":"instock","15":"shipping-taxable","16":"purchasable","17":"product-type-simple"},"_links":{"self":[{"href":"https:\/\/cosmeticstoredz.com\/ar\/wp-json\/wp\/v2\/product\/1038","targetHints":{"allow":["GET"]}}],"collection":[{"href":"https:\/\/cosmeticstoredz.com\/ar\/wp-json\/wp\/v2\/product"}],"about":[{"href":"https:\/\/cosmeticstoredz.com\/ar\/wp-json\/wp\/v2\/types\/product"}],"replies":[{"embeddable":true,"href":"https:\/\/cosmeticstoredz.com\/ar\/wp-json\/wp\/v2\/comments?post=1038"}],"version-history":[{"count":1,"href":"https:\/\/cosmeticstoredz.com\/ar\/wp-json\/wp\/v2\/product\/1038\/revisions"}],"predecessor-version":[{"id":1126,"href":"https:\/\/cosmeticstoredz.com\/ar\/wp-json\/wp\/v2\/product\/1038\/revisions\/1126"}],"wp:featuredmedia":[{"embeddable":true,"href":"https:\/\/cosmeticstoredz.com\/ar\/wp-json\/wp\/v2\/media\/1125"}],"wp:attachment":[{"href":"https:\/\/cosmeticstoredz.com\/ar\/wp-json\/wp\/v2\/media?parent=1038"}],"wp:term":[{"taxonomy":"product_brand","embeddable":true,"href":"https:\/\/cosmeticstoredz.com\/ar\/wp-json\/wp\/v2\/product_brand?post=1038"},{"taxonomy":"product_cat","embeddable":true,"href":"https:\/\/cosmeticstoredz.com\/ar\/wp-json\/wp\/v2\/product_cat?post=1038"},{"taxonomy":"product_tag","embeddable":true,"href":"https:\/\/cosmeticstoredz.com\/ar\/wp-json\/wp\/v2\/product_tag?post=1038"}],"curies":[{"name":"wp","href":"https:\/\/api.w.org\/{rel}","templated":true}]}}