{"id":1035,"date":"2026-02-16T08:45:09","date_gmt":"2026-02-16T08:45:09","guid":{"rendered":"https:\/\/test.fitnessworldgym27.com\/?post_type=product&#038;p=1035"},"modified":"2026-03-30T19:26:08","modified_gmt":"2026-03-30T19:26:08","slug":"cerave-creme-lavante-hydratante","status":"publish","type":"product","link":"https:\/\/cosmeticstoredz.com\/ar\/product\/cerave-creme-lavante-hydratante\/","title":{"rendered":"CERAVE CREME LAVANTE HYDRATANTE 236ML"},"content":{"rendered":"<p>Nettoyant \u00e0 la texture cr\u00e8me qui nettoie et hydrate en douceur.<\/p>\n<p>La Cr\u00e8me Lavante Hydratante de CeraVe est un soin nettoyant qui nettoie les peaux normales \u00e0 s\u00e8ches, voire fragilis\u00e9es, pour r\u00e9duire les sensations d&rsquo;inconfort et tiraillement d\u00e8s le geste d\u2019hygi\u00e8ne. Ce nettoyant \u00e0 la texture cr\u00e8me enveloppante non moussante s&rsquo;applique sur le corps et le visage, sous la douche sur une peau mouill\u00e9e ou sur une peau humide, et convient \u00e0 toute la famille.<\/p>\n<p>Enrichie aux 3 c\u00e9ramides essentiels et \u00e0 l&rsquo; acide hyaluronique, elle hydrate en continu pendant 24 heures gr\u00e2ce \u00e0 la technologie MVE sans alt\u00e9rer la barri\u00e8re cutan\u00e9e.<\/p>\n<p>D\u00e9velopp\u00e9e avec des dermatologues et selon une charte de formulation stricte, cette formule est respectueuse de la peau avec un pH physiologique, sans parfum, hypoallerg\u00e9nique et non-com\u00e9dog\u00e8ne. Elle convient \u00e0 tous les types de peaux m\u00eames les plus fragiles. Elle est test\u00e9e et approuv\u00e9e par l&rsquo;Association Fran\u00e7aise de l&rsquo;Ecz\u00e9ma.<\/p>","protected":false},"excerpt":{"rendered":"<div class=\"pdp-heading\">\n<p>Cr\u00e8me Lavante Hydratante<\/p>\n<\/div>\n<p class=\"product-details__tagline\">POUR PEAUX NORMALES \u00c0 S\u00c8CHES<\/p>","protected":false},"featured_media":1105,"comment_status":"open","ping_status":"closed","template":"","meta":[],"product_brand":[52],"product_cat":[156,129,75,76],"product_tag":[125],"class_list":{"0":"post-1035","1":"product","2":"type-product","3":"status-publish","4":"has-post-thumbnail","6":"product_brand-cerave","7":"product_cat-cerave","8":"product_cat-creme-hydratante-fv","9":"product_cat-femme","10":"product_cat-soin-visage-f","11":"product_tag-made-in-france","13":"first","14":"outofstock","15":"shipping-taxable","16":"purchasable","17":"product-type-simple"},"_links":{"self":[{"href":"https:\/\/cosmeticstoredz.com\/ar\/wp-json\/wp\/v2\/product\/1035","targetHints":{"allow":["GET"]}}],"collection":[{"href":"https:\/\/cosmeticstoredz.com\/ar\/wp-json\/wp\/v2\/product"}],"about":[{"href":"https:\/\/cosmeticstoredz.com\/ar\/wp-json\/wp\/v2\/types\/product"}],"replies":[{"embeddable":true,"href":"https:\/\/cosmeticstoredz.com\/ar\/wp-json\/wp\/v2\/comments?post=1035"}],"version-history":[{"count":2,"href":"https:\/\/cosmeticstoredz.com\/ar\/wp-json\/wp\/v2\/product\/1035\/revisions"}],"predecessor-version":[{"id":25624,"href":"https:\/\/cosmeticstoredz.com\/ar\/wp-json\/wp\/v2\/product\/1035\/revisions\/25624"}],"wp:featuredmedia":[{"embeddable":true,"href":"https:\/\/cosmeticstoredz.com\/ar\/wp-json\/wp\/v2\/media\/1105"}],"wp:attachment":[{"href":"https:\/\/cosmeticstoredz.com\/ar\/wp-json\/wp\/v2\/media?parent=1035"}],"wp:term":[{"taxonomy":"product_brand","embeddable":true,"href":"https:\/\/cosmeticstoredz.com\/ar\/wp-json\/wp\/v2\/product_brand?post=1035"},{"taxonomy":"product_cat","embeddable":true,"href":"https:\/\/cosmeticstoredz.com\/ar\/wp-json\/wp\/v2\/product_cat?post=1035"},{"taxonomy":"product_tag","embeddable":true,"href":"https:\/\/cosmeticstoredz.com\/ar\/wp-json\/wp\/v2\/product_tag?post=1035"}],"curies":[{"name":"wp","href":"https:\/\/api.w.org\/{rel}","templated":true}]}}